{"id":10437,"date":"2019-03-15T20:04:14","date_gmt":"2019-03-15T20:04:14","guid":{"rendered":"https:\/\/denverzootemp.org\/harmony-hill-donor-event\/"},"modified":"2019-03-18T22:15:45","modified_gmt":"2019-03-18T22:15:45","slug":"bears","status":"publish","type":"page","link":"https:\/\/denverzoo.org\/es\/bears\/","title":{"rendered":"Evento de donantes de Harmony Hill"},"content":{"rendered":"<h3>\u00bfCu\u00e1ndo?<\/h3>\n<p>mi\u00e9rcoles, 1 de mayo de 2019 | 8-10 a.m.<\/p>\n<h3>D\u00f3nde<\/h3>\n<p>Zool\u00f3gico de Denver \u2013 H\u00e1bitat del oso de Harmony Hill<br \/>\n2300 Steel Street, Denver, CO 80205<\/p>\n<h1>NUESTROS MUNDOS NO EST\u00c1N TAN LEJOS<\/h1>\n<p>El Zool\u00f3gico de Denver quisiera invitarlo a echar un vistazo a nuestro nuevo h\u00e1bitat para osos<\/p>","protected":false},"excerpt":{"rendered":"<p>Cu\u00e1ndo Mi\u00e9rcoles 1 de mayo de 2019 | 8 a 10 a. m. D\u00f3nde Zool\u00f3gico de Denver: Harmony Hill Bear Habitat 2300 Steel Street, Denver, CO 80205 NUESTROS MUNDOS NO EST\u00c1N TAN LEJOS El Zool\u00f3gico de Denver quiere invitarlo a echar un vistazo a nuestro nuevo h\u00e1bitat para osos.<\/p>","protected":false},"author":40,"featured_media":0,"parent":0,"menu_order":0,"comment_status":"closed","ping_status":"closed","template":"","meta":{"_acf_changed":false,"_relevanssi_hide_post":"","_relevanssi_hide_content":"","_relevanssi_pin_for_all":"","_relevanssi_pin_keywords":"","_relevanssi_unpin_keywords":"","_relevanssi_related_keywords":"","_relevanssi_related_include_ids":"","_relevanssi_related_exclude_ids":"","_relevanssi_related_no_append":"","_relevanssi_related_not_related":"","_relevanssi_related_posts":"","_relevanssi_noindex_reason":"","footnotes":""},"class_list":["post-10437","page","type-page","status-publish","hentry"],"acf":[],"_links":{"self":[{"href":"https:\/\/denverzoo.org\/es\/wp-json\/wp\/v2\/pages\/10437","targetHints":{"allow":["GET"]}}],"collection":[{"href":"https:\/\/denverzoo.org\/es\/wp-json\/wp\/v2\/pages"}],"about":[{"href":"https:\/\/denverzoo.org\/es\/wp-json\/wp\/v2\/types\/page"}],"author":[{"embeddable":true,"href":"https:\/\/denverzoo.org\/es\/wp-json\/wp\/v2\/users\/40"}],"replies":[{"embeddable":true,"href":"https:\/\/denverzoo.org\/es\/wp-json\/wp\/v2\/comments?post=10437"}],"version-history":[{"count":0,"href":"https:\/\/denverzoo.org\/es\/wp-json\/wp\/v2\/pages\/10437\/revisions"}],"wp:attachment":[{"href":"https:\/\/denverzoo.org\/es\/wp-json\/wp\/v2\/media?parent=10437"}],"curies":[{"name":"gracias","href":"https:\/\/api.w.org\/{rel}","templated":true}]}}