{"id":10544,"date":"2019-03-27T02:39:56","date_gmt":"2019-03-27T02:39:56","guid":{"rendered":"https:\/\/denverzootemp.org\/event-policies-2\/"},"modified":"2026-03-23T10:07:48","modified_gmt":"2026-03-23T16:07:48","slug":"event-policies-2","status":"publish","type":"page","link":"https:\/\/denverzoo.org\/es\/event-policies-2\/","title":{"rendered":"Pol\u00edticas y pautas de eventos"},"content":{"rendered":"<div  class='lhl-accordion urbi-component urbi-component front_view lhl_comp_width_inherit lhl_spacing_t_09 lhl_spacing_b_09 lhl_spacing_l_00 lhl_spacing_r_00 section-background-t' ><div class=\"urbi-component-inner\">\n    <ul id=\"accordion-b3f48\" class=\"uk-accordion lhl-accordion-items\" uk-accordion data-id=\"accordion-b3f48\"><li id=\"accordion-b3f48--general-no\" class=\"lhl-accordion-item lhl_mb_40\" data-id=\"accordion-b3f48--general\"><a class=\"uk-accordion-title lhl-accordion-item-title\" href=\"#\">GENERAL<\/a><div class=\"uk-accordion-content lhl-accordion-item-content\"><ul>\n<li>Todos los eventos en Denver Zoo Conservation Alliance se llevar\u00e1n a cabo con lluvia o con sol.<\/li>\n<li>No se permiten mascotas en las instalaciones de DZCA.<\/li>\n<li>La alimentaci\u00f3n de los animales del zool\u00f3gico, incluidos los animales que deambulan libremente, est\u00e1 estrictamente prohibida.<\/li>\n<li>Est\u00e1 prohibido fumar en las instalaciones de DZCA.<\/li>\n<li>Los ni\u00f1os menores de 16 a\u00f1os deben estar supervisados en todo momento.<\/li>\n<li>Todos los invitados deben tener un boleto del evento para ingresar.<\/li>\n<li>Las demostraciones de animales y \/ o encuentros y saludos no est\u00e1n garantizados y ser\u00e1n reembolsados si no ocurren durante el evento.<\/li>\n<li>El grupo es responsable de las acciones de sus invitados.<\/li>\n<li>Por la seguridad de nuestros animales, DZCA proh\u00edbe globos, pelotas, pi\u00f1atas, brillantina y cualquier objeto que pueda volar o ser arrojado a las exhibiciones.<\/li>\n<\/ul>\n<\/div><\/li><li id=\"accordion-b3f48--payment-policy-no\" class=\"lhl-accordion-item lhl_mb_40\" data-id=\"accordion-b3f48--payment-policy\"><a class=\"uk-accordion-title lhl-accordion-item-title\" href=\"#\">POL\u00cdTICA DE PAGO<\/a><div class=\"uk-accordion-content lhl-accordion-item-content\"><ul>\n<li>Para garantizar la reserva de su evento, deber\u00e1 presentar un contrato firmado y el pago completo del alquiler dentro de las dos semanas posteriores a la recepci\u00f3n del contrato por parte de Denver Zoo Conservation Alliance. Si no se reciben el contrato firmado y el pago en dicho plazo, el espacio para el evento se pondr\u00e1 a la venta para el p\u00fablico en general.<\/li>\n<li>Cualquier cargo incurrido el d\u00eda del evento (es decir, boletos adicionales para el evento) debe pagarse dentro de las dos semanas posteriores a la fecha del evento.<\/li>\n<li>DZCA acepta la mayor\u00eda de las tarjetas de cr\u00e9dito principales y cheques de empresa.<\/li>\n<\/ul>\n<\/div><\/li><li id=\"accordion-b3f48--cancellation-policy-no\" class=\"lhl-accordion-item lhl_mb_40\" data-id=\"accordion-b3f48--cancellation-policy\"><a class=\"uk-accordion-title lhl-accordion-item-title\" href=\"#\">POL\u00cdTICA DE CANCELACI\u00d3N<\/a><div class=\"uk-accordion-content lhl-accordion-item-content\"><p>En caso de cancelaci\u00f3n, env\u00ede una notificaci\u00f3n por escrito por correo electr\u00f3nico o carta a Denver Zoo Conservation Alliance. Se aplican las condiciones de cancelaci\u00f3n, que se detallan a continuaci\u00f3n:<\/p>\n<p>Tarifa(s) de cancelaci\u00f3n:<\/p>\n<ul>\n<li>181 d\u00edas o m\u00e1s antes de la fecha del evento: 0% de dep\u00f3sito de alquiler<\/li>\n<li>61-180 d\u00edas antes de la fecha del evento: 50% de dep\u00f3sito de alquiler<\/li>\n<li>60 d\u00edas o menos antes de la fecha del evento: 100% de dep\u00f3sito de alquiler<\/li>\n<\/ul>\n<p>Si el GRUPO reprograma el evento, una parte de la tarifa de cancelaci\u00f3n y\/o del dep\u00f3sito de alquiler podr\u00e1 aplicarse a la nueva fecha del evento en DZCA, pero esto queda a la entera discreci\u00f3n de DZCA.<\/p>\n<p>Todos los eventos que se celebren en DZCA tendr\u00e1n lugar llueva o haga sol. La cancelaci\u00f3n de cualquier evento en DZCA solo se deber\u00e1 a un caso de fuerza mayor. A efectos de este acuerdo, se entiende por \u201cfuerza mayor\u201d cualquier evento que pueda incluir disturbios, huelgas laborales, cierres patronales, insurrecciones civiles, desastres naturales, actos de guerra, condiciones meteorol\u00f3gicas adversas, pandemias mundiales* o cualquier otro evento o circunstancia que escape al control razonable de DZCA.<\/p>\n<p>*Las pandemias globales se refieren a restricciones impuestas por el gobierno, que impiden que 25% o m\u00e1s invitados asistan al evento del GRUPO.<\/p>\n<\/div><\/li><li id=\"accordion-b3f48--tickets-no\" class=\"lhl-accordion-item lhl_mb_40\" data-id=\"accordion-b3f48--tickets\"><a class=\"uk-accordion-title lhl-accordion-item-title\" href=\"#\">BOLETOS<\/a><div class=\"uk-accordion-content lhl-accordion-item-content\"><ul>\n<li>Todos los invitados necesitar\u00e1n un boleto de admisi\u00f3n al evento privado para ingresar al zool\u00f3gico. Aunque los ni\u00f1os menores de dos a\u00f1os entran gratis, se requiere un boleto de entrada para ingresar al zool\u00f3gico y asistir al evento.<\/li>\n<li>Todos los invitados, incluido usted, los empleados, los asistentes y los proveedores, deben tener boletos de entrada privados al evento para ingresar al zool\u00f3gico y asistir al evento.<\/li>\n<li>Las tarifas de alquiler incluyen una asignaci\u00f3n de boletos seg\u00fan las especificaciones de su contrato y el lugar del evento.<\/li>\n<li>Las membres\u00edas no son v\u00e1lidas para la entrada a eventos privados.<\/li>\n<\/ul>\n<\/div><\/li><li id=\"accordion-b3f48--load-in-load-out-policy-no\" class=\"lhl-accordion-item lhl_mb_40\" data-id=\"accordion-b3f48--load-in-load-out-policy\"><a class=\"uk-accordion-title lhl-accordion-item-title\" href=\"#\">POL\u00cdTICA DE CARGA\/DESCARGA<\/a><div class=\"uk-accordion-content lhl-accordion-item-content\"><ul>\n<li>Es posible que haya puertas de acceso disponibles m\u00e1s cercanas al espacio del evento. La solicitud para el uso de estas puertas para fines de carga y descarga debe presentarse con anticipaci\u00f3n para su aprobaci\u00f3n.<\/li>\n<li>El cliente podr\u00e1 acceder al espacio del evento para realizar los preparativos una hora antes de la hora de inicio acordada. Se puede solicitar tiempo adicional, pero no est\u00e1 garantizado.<\/li>\n<\/ul>\n<\/div><\/li><li id=\"accordion-b3f48--outside-vendor-policy-no\" class=\"lhl-accordion-item lhl_mb_40\" data-id=\"accordion-b3f48--outside-vendor-policy\"><a class=\"uk-accordion-title lhl-accordion-item-title\" href=\"#\">POL\u00cdTICA DE VENDEDOR EXTERNO<\/a><div class=\"uk-accordion-content lhl-accordion-item-content\"><ul>\n<li>La m\u00fasica para los eventos est\u00e1 sujeta a la aprobaci\u00f3n de la Alianza para la Conservaci\u00f3n del Zool\u00f3gico de Denver.<\/li>\n<li>Para los eventos nocturnos, todas las bandas, DJs y actuaciones de entretenimiento deben realizar una prueba de sonido con el personal designado de DZCA antes de que comience el evento.<\/li>\n<li>Los proveedores tienen una hora para configurar antes de la hora de alquiler designada y una hora despu\u00e9s del final de su tiempo de alquiler. Los costos excedentes son $250.00 por hora y por miembro del personal.<\/li>\n<li>Los requisitos el\u00e9ctricos deben recibirse con una antelaci\u00f3n m\u00e1xima de dos semanas a la fecha del evento. DZCA no garantiza suministro el\u00e9ctrico adicional el d\u00eda del evento y no dispone de electricista en el lugar.<\/li>\n<li>DZCA debe aprobar todos los obsequios, regalos y premios relacionados con el evento al menos un mes antes de la fecha del evento.<\/li>\n<\/ul>\n<\/div><\/li><li id=\"accordion-b3f48--storage-no\" class=\"lhl-accordion-item lhl_mb_40\" data-id=\"accordion-b3f48--storage\"><a class=\"uk-accordion-title lhl-accordion-item-title\" href=\"#\">ALMACENAMIENTO<\/a><div class=\"uk-accordion-content lhl-accordion-item-content\"><ul>\n<li>No se proporcionan instalaciones de almacenamiento para eventos.<\/li>\n<li>Todos los art\u00edculos relacionados con los eventos deben traerse el d\u00eda del evento y retirarse inmediatamente despu\u00e9s. Cualquier art\u00edculo que permanezca despu\u00e9s del evento estar\u00e1 sujeto a un cargo de almacenamiento de $150 por d\u00eda.<\/li>\n<li>Cualquier art\u00edculo que deba enviarse a Denver Zoo Conservation Alliance en relaci\u00f3n con un evento requiere aprobaci\u00f3n previa y tendr\u00e1 un cargo de gesti\u00f3n de $50 por d\u00eda.<\/li>\n<li>Todas las entregas deben ser previamente acordadas y aprobadas por su contacto de DZCA y deben realizarse durante el horario habitual de env\u00edos, preferiblemente el mismo d\u00eda de su evento.<\/li>\n<\/ul>\n<\/div><\/li><li id=\"accordion-b3f48--parking-no\" class=\"lhl-accordion-item lhl_mb_40\" data-id=\"accordion-b3f48--parking\"><a class=\"uk-accordion-title lhl-accordion-item-title\" href=\"#\">ESTACIONAMIENTO<\/a><div class=\"uk-accordion-content lhl-accordion-item-content\"><ul>\n<li>El estacionamiento es gratuito y est\u00e1 disponible por orden de llegada. Comun\u00edquese con sus invitados para que lleguen temprano y permita tiempo adicional para estacionar, especialmente durante las horas pico, como Zoo Lights o eventos de fin de semana de verano.<\/li>\n<li>Si necesita aparcamiento para autobuses para su evento, debe notificarlo a Denver Zoo Conservation Alliance con al menos dos semanas de antelaci\u00f3n a la fecha del evento.<\/li>\n<\/ul>\n<\/div><\/li><li id=\"accordion-b3f48--promotional-use-no\" class=\"lhl-accordion-item lhl_mb_40\" data-id=\"accordion-b3f48--promotional-use\"><a class=\"uk-accordion-title lhl-accordion-item-title\" href=\"#\">USO PROMOCIONAL<\/a><div class=\"uk-accordion-content lhl-accordion-item-content\"><ul>\n<li>Cualquier uso del logotipo, las im\u00e1genes y el nombre de Denver Zoo Conservation Alliance para invitaciones o fines promocionales de su evento debe ser revisado y aprobado por nuestro Departamento de Eventos Corporativos antes de su impresi\u00f3n y distribuci\u00f3n.<\/li>\n<li>El cliente acepta no vender entradas, ni comercializar ni promocionar el evento al p\u00fablico en general con el fin de atraer, solicitar o generar asistencia a DZCA sin la autorizaci\u00f3n por escrito de DZCA. Dicha autorizaci\u00f3n podr\u00e1 ser denegada a nuestra entera discreci\u00f3n.<\/li>\n<li>Los patrocinadores del evento deber\u00e1n obtener la aprobaci\u00f3n previa de DZCA. Por favor, env\u00ede la lista de patrocinadores tres meses antes de la fecha del evento.<\/li>\n<\/ul>\n<\/div><\/li><li id=\"accordion-b3f48--catering-no\" class=\"lhl-accordion-item lhl_mb_40\" data-id=\"accordion-b3f48--catering\"><a class=\"uk-accordion-title lhl-accordion-item-title\" href=\"#\">ABASTECIMIENTO<\/a><div class=\"uk-accordion-content lhl-accordion-item-content\"><ul>\n<li>Todo el catering de alimentos y bebidas debe organizarse a trav\u00e9s de nuestro exclusivo servicio de catering en el lugar, Taste Catering. No permitimos servicios de catering externos.<\/li>\n<li>Adem\u00e1s de la tarifa de alquiler del local, se debe cumplir con un gasto m\u00ednimo en catering.<\/li>\n<li>El recuento final garantizado de invitados para el servicio de catering debe realizarse diez d\u00edas h\u00e1biles antes de la fecha de su evento.<\/li>\n<li>Si bien se permite llevar comida y bebida alcoh\u00f3lica desde el espacio privado que haya alquilado a otras \u00e1reas del zool\u00f3gico, no permitimos que se saque comida ni bebida alcoh\u00f3lica de las instalaciones del DZCA durante o despu\u00e9s de su evento.<\/li>\n<li>Taste Catering es responsable de proporcionar y gestionar todas las bebidas alcoh\u00f3licas mientras se encuentre en el campus de DZCA.<\/li>\n<\/ul>\n<\/div><\/li><\/ul>\n<\/div>\n\n<\/div>","protected":false},"excerpt":{"rendered":"","protected":false},"author":40,"featured_media":0,"parent":0,"menu_order":0,"comment_status":"closed","ping_status":"closed","template":"","meta":{"_acf_changed":false,"_relevanssi_hide_post":"","_relevanssi_hide_content":"","_relevanssi_pin_for_all":"","_relevanssi_pin_keywords":"","_relevanssi_unpin_keywords":"","_relevanssi_related_keywords":"","_relevanssi_related_include_ids":"","_relevanssi_related_exclude_ids":"","_relevanssi_related_no_append":"","_relevanssi_related_not_related":"","_relevanssi_related_posts":"","_relevanssi_noindex_reason":"","footnotes":""},"class_list":["post-10544","page","type-page","status-publish","hentry"],"acf":[],"_links":{"self":[{"href":"https:\/\/denverzoo.org\/es\/wp-json\/wp\/v2\/pages\/10544","targetHints":{"allow":["GET"]}}],"collection":[{"href":"https:\/\/denverzoo.org\/es\/wp-json\/wp\/v2\/pages"}],"about":[{"href":"https:\/\/denverzoo.org\/es\/wp-json\/wp\/v2\/types\/page"}],"author":[{"embeddable":true,"href":"https:\/\/denverzoo.org\/es\/wp-json\/wp\/v2\/users\/40"}],"replies":[{"embeddable":true,"href":"https:\/\/denverzoo.org\/es\/wp-json\/wp\/v2\/comments?post=10544"}],"version-history":[{"count":1,"href":"https:\/\/denverzoo.org\/es\/wp-json\/wp\/v2\/pages\/10544\/revisions"}],"predecessor-version":[{"id":45064,"href":"https:\/\/denverzoo.org\/es\/wp-json\/wp\/v2\/pages\/10544\/revisions\/45064"}],"wp:attachment":[{"href":"https:\/\/denverzoo.org\/es\/wp-json\/wp\/v2\/media?parent=10544"}],"curies":[{"name":"gracias","href":"https:\/\/api.w.org\/{rel}","templated":true}]}}