{"id":11464,"date":"2019-05-20T09:25:08","date_gmt":"2019-05-20T15:25:08","guid":{"rendered":"https:\/\/denverzootemp.org\/?page_id=11464"},"modified":"2020-10-19T10:59:33","modified_gmt":"2020-10-19T16:59:33","slug":"results-of-sweepstakes","status":"publish","type":"page","link":"https:\/\/denverzoo.org\/es\/results-of-sweepstakes\/","title":{"rendered":"Reglas del Sorteo de Maestros \u2013 Mayo 2019"},"content":{"rendered":"<h1>Resultados del sorteo de maestros<\/h1>\n<h2>Agosto de 2019<\/h2>\n<p>Felicitaciones a Julie Stewart, 2<sup>enver Zoo<\/sup> maestra de grado en Challenge to Excellence School, y ganadora de nuestras elecciones de verano. Los estudiantes de Julie visitaron el zool\u00f3gico el a\u00f1o pasado y participaron en nuestra <a href=\"..\/animal-academy\/\">nuevo programa Animal Academy<\/a>.<\/p>\n<p><em>\u201cUna excursi\u00f3n al zool\u00f3gico de Denver no solo es divertida sino tambi\u00e9n educativa de muchas maneras. A mis alumnos les encantan los programas a los que han asistido a lo largo de los a\u00f1os. El conocimiento que los educadores del zool\u00f3gico transmiten a mis estudiantes es muy valioso, ya que los estudiantes regresan a la escuela con ganas de aprender m\u00e1s sobre los animales y la vida en el zool\u00f3gico. \u00a1El zool\u00f3gico de Denver nunca decepciona! &quot;<\/em><\/p>\n<p><img decoding=\"async\" src=\"https:\/\/denverzoo.org\/wp-content\/uploads\/2019\/08\/JulieStewartTweet-1.png\" alt=\"Julie Stewart Tweet\" align=\"left\" \/>\u00a1Geniales dioramas! Siempre nos encanta escuchar c\u00f3mo las excursiones al zool\u00f3gico inspiran el aprendizaje en la escuela. Etiqu\u00e9tanos cuando compartas.<\/p>\n<p>Julie gan\u00f3 una experiencia con animales y un kit de adopci\u00f3n de leones para ella, y un programa educativo gratuito para su clase este a\u00f1o escolar. Hasta pronto, 2<sup>enver Zoo<\/sup> calificadores!<\/p>\n<p><strong>Esto es lo que dicen otros profesores:<\/strong><\/p>\n<p><em>\u201cLlevo a mis alumnos al Zool\u00f3gico de Denver desde hace a\u00f1os y vale cada centavo. \u00a1El programa de adaptaci\u00f3n de los animales es inmejorable! Su combinaci\u00f3n de interacciones con los animales y narraciones sobre los animales espec\u00edficos y sus adaptaciones es una forma muy conmemorativa de abordar los est\u00e1ndares cient\u00edficos\u201d.\u00a0 \u00a0 \u00a0 \u00a0 \u00a0 \u00a0 \u00a0 \u00a0 \u00a0<\/em><em>\u2013 Sarah V.<\/em><\/p>\n<p><em>\u201c\u00a1Tuvimos una experiencia incre\u00edble en el zool\u00f3gico de Denver! Asistieron a un programa genial, Animal Senses. Los ni\u00f1os aprendieron c\u00f3mo los animales usan sus sentidos y pudieron tocar animales vivos. El personal fue muy amable y servicial. Los ni\u00f1os se divirtieron mucho y definitivamente vale la pena el viaje\u201d. \u2013 Amanda R.\u00a0<\/em><\/p>\n<p><em>\u201cNos encant\u00f3 venir al zool\u00f3gico. Somos una escuela de T\u00edtulo 1 y para algunos de nuestros estudiantes, esta es la \u00fanica oportunidad que tienen de disfrutar del zool\u00f3gico. Cada vez que hemos estado all\u00ed, ha sido incre\u00edble. El personal siempre es muy servicial. Los estudiantes realmente disfrutan el tiempo en el zool\u00f3gico. Aprenden y disfrutan su tiempo all\u00ed\u201d. \u2013 Ana C.<\/em><\/p>\n<p><a href=\"..\/school-field-trips\/\">Aprende m\u00e1s<\/a> sobre los programas disponibles para la pr\u00f3xima visita de sus estudiantes al Zool\u00f3gico.<\/p>\n<p>&nbsp;<\/p>\n<p>[dz_slideshow]<\/p>","protected":false},"excerpt":{"rendered":"<p>Resultados del sorteo para maestros de agosto de 2019 \u00a1Felicitaciones a Julie Stewart, maestra de segundo grado en Challenge to Excellence School y ganadora de nuestro sorteo de verano! Los estudiantes de Julie visitaron el zool\u00f3gico el a\u00f1o pasado y participaron en nuestro nuevo programa Animal Academy. \u201cUna excursi\u00f3n al zool\u00f3gico de Denver no solo es divertida sino tambi\u00e9n educativa de muchas maneras. Mi [\u2026]<\/p>","protected":false},"author":11,"featured_media":9103,"parent":0,"menu_order":0,"comment_status":"closed","ping_status":"closed","template":"","meta":{"_acf_changed":false,"_relevanssi_hide_post":"","_relevanssi_hide_content":"","_relevanssi_pin_for_all":"","_relevanssi_pin_keywords":"","_relevanssi_unpin_keywords":"","_relevanssi_related_keywords":"","_relevanssi_related_include_ids":"","_relevanssi_related_exclude_ids":"","_relevanssi_related_no_append":"","_relevanssi_related_not_related":"","_relevanssi_related_posts":"","_relevanssi_noindex_reason":"","footnotes":""},"class_list":["post-11464","page","type-page","status-publish","has-post-thumbnail","hentry"],"acf":[],"_links":{"self":[{"href":"https:\/\/denverzoo.org\/es\/wp-json\/wp\/v2\/pages\/11464","targetHints":{"allow":["GET"]}}],"collection":[{"href":"https:\/\/denverzoo.org\/es\/wp-json\/wp\/v2\/pages"}],"about":[{"href":"https:\/\/denverzoo.org\/es\/wp-json\/wp\/v2\/types\/page"}],"author":[{"embeddable":true,"href":"https:\/\/denverzoo.org\/es\/wp-json\/wp\/v2\/users\/11"}],"replies":[{"embeddable":true,"href":"https:\/\/denverzoo.org\/es\/wp-json\/wp\/v2\/comments?post=11464"}],"version-history":[{"count":0,"href":"https:\/\/denverzoo.org\/es\/wp-json\/wp\/v2\/pages\/11464\/revisions"}],"wp:featuredmedia":[{"embeddable":true,"href":"https:\/\/denverzoo.org\/es\/wp-json\/wp\/v2\/media\/9103"}],"wp:attachment":[{"href":"https:\/\/denverzoo.org\/es\/wp-json\/wp\/v2\/media?parent=11464"}],"curies":[{"name":"gracias","href":"https:\/\/api.w.org\/{rel}","templated":true}]}}