{"id":11712,"date":"2019-05-31T13:53:11","date_gmt":"2019-05-31T19:53:11","guid":{"rendered":"https:\/\/denverzootemp.org\/?page_id=11712"},"modified":"2021-12-08T10:29:53","modified_gmt":"2021-12-08T17:29:53","slug":"animal-care","status":"publish","type":"page","link":"https:\/\/denverzoo.org\/es\/support\/animal-care\/","title":{"rendered":"Soporte | Cuidado animal"},"content":{"rendered":"<h3>\n\t\tDar al cuidado de los animales\n\t<\/h3>\n\t<p>Su donaci\u00f3n al zool\u00f3gico de Denver ayuda a respaldar nuestra misi\u00f3n de <em>Inspirar a las comunidades a salvar la vida silvestre para las generaciones futuras.<\/em> Estamos muy agradecidos por su incre\u00edble generosidad.<\/p>\n\t\t\t<a href=\"\/es\/support\/animal-care-donate-to-babies\/\" target=\"_self\" role=\"button\" rel=\"noopener\">\n\t\t\t\t\t\t\tDona ahora\n\t\t\t\t\t<\/a>\n<h1>\n\t\tAtenci\u00f3n las 24 horas\n\t<\/h1>\n<h2>\n\t\tSe necesita un pueblo para cuidar de 3.000 animales salvajes y maravillosos.\n\t<\/h2>\n\t<p>En el Zool\u00f3gico de Denver, nuestro amor por los animales bajo nuestro cuidado impulsa todo lo que hacemos. Menos de 10% de zool\u00f3gicos en los EE. UU. cumplen con los exigentes est\u00e1ndares de acreditaci\u00f3n de la Asociaci\u00f3n de Zool\u00f3gicos y Acuarios (AZA) y, como miembros de este grupo exclusivo, estamos orgullosos de establecer el est\u00e1ndar de oro para el cuidado y el bienestar de los animales salvajes en este pa\u00eds. Nuestra misi\u00f3n continua: mejorar vidas maximizando la vida diaria\u00a0<em>elecci\u00f3n,\u00a0<\/em><em>desaf\u00edo<\/em> y <em>control<\/em> para nuestra familia animal. <\/p>\n<p>Desde el gecko m\u00e1s peque\u00f1o hasta el rinoceronte m\u00e1s robusto, nuestros 3500 animales son nuestro recurso m\u00e1s preciado. Su participaci\u00f3n garantiza que los expertos dedicados de nuestro equipo de cuidado de animales tengan el apoyo que necesitan para brindar el mejor cuidado en la industria, todos los d\u00edas, y que sigamos innovando y evolucionando con cada a\u00f1o que pasa. Siga leyendo para conocer algunas de las muchas formas en que lo hace posible cuando apoya a Animal Care en el Zool\u00f3gico de Denver.\u00a0<\/p>\n<p>&nbsp;<\/p>\n<p>&nbsp;<\/p>\n<h3><\/h3>\n\t\t\t\t<img loading=\"lazy\" decoding=\"async\" src=\"https:\/\/denverzoo.org\/wp-content\/uploads\/2019\/05\/BabyRegistry_Mandrill_Large.jpg\" alt=\"Baby Registry Mandrill Large\" itemprop=\"image\" height=\"615\" width=\"2000\" title=\"Mandril de registro de beb\u00e9s grande\" onerror=\"this.style.display='none'\"  \/>\n\t\t\t\t<img loading=\"lazy\" decoding=\"async\" src=\"https:\/\/denverzoo.org\/wp-content\/uploads\/2019\/05\/BabyRegistry_Mandrill_Mobile.jpg\" alt=\"Baby Registry Mandrill Mobile\" itemprop=\"image\" height=\"800\" width=\"1000\" title=\"Baby Registry Mandrill Mobile\" onerror=\"this.style.display='none'\"  \/>\n<h1>\n\t\tBeb\u00e9s del zool\u00f3gico\n\t<\/h1>\n<h2>\n\t\tApoye la atenci\u00f3n de clase mundial para nuestros residentes m\u00e1s peque\u00f1os\n\t<\/h2>\n\t<p>Dar la bienvenida a un nuevo beb\u00e9 es una gran responsabilidad para cualquier familia. Pero cuando ese beb\u00e9 representa el futuro de una especie en peligro cr\u00edtico de extinci\u00f3n, como es el caso de <em>muchos<\/em> de los paquetes de alegr\u00eda del Zool\u00f3gico de Denver; hay mucho en juego. Caso en cuesti\u00f3n: la lista de expertos que contribuyeron al nacimiento saludable de Joona, la gran cr\u00eda de rinoceronte de un cuerno que recibimos en 2020, despu\u00e9s de 12 rondas de inseminaci\u00f3n artificial y m\u00e1s de un a\u00f1o de gestaci\u00f3n, es demasiado larga para enumerarla aqu\u00ed. Baste decir que realmente se necesita un pueblo, y estamos eternamente agradecidos por cada persona que participa. Haga clic en las pesta\u00f1as a continuaci\u00f3n para saber qu\u00e9 necesitan las futuras familias del Zool\u00f3gico de Denver... \u00a1y c\u00f3mo puede ayudar!<\/p>\n\t\t\t\t\t\t\tPrepar\u00e1ndose para el nacimiento del beb\u00e9 Grupo de apoyo Crucial First Days Baby Food Prepar\u00e1ndose para el beb\u00e9 \n\t\t\t\t\t\t\t\t\t\t\t\n<h3>Prepar\u00e1ndose para el beb\u00e9<\/h3>\n\n\t\t\t\tGrupo de apoyo al parto \n\t\t\t\t\t\t\t\t\t\t\t\n<h3>Grupo de apoyo al parto<\/h3>\n<p>A medida que se acerca la fecha, el equipo de cuidado de los animales debe monitorear de cerca a nuestras futuras mam\u00e1s ensamblando art\u00edculos esenciales para el parto, como toallas, lubricantes y m\u00e1quinas de ultrasonido. Tambi\u00e9n nos aseguramos de mimar a nuestras futuras mam\u00e1s con muchas de sus delicias favoritas.<\/p>\n\n\t\t\t\tPrimeros d\u00edas cruciales \n\t\t\t\t\t\t\t\t\t\t\t\n<h3>Primeros d\u00edas cruciales<\/h3>\n<p>Ocasionalmente, nuestros reci\u00e9n nacidos necesitan atenci\u00f3n especializada 24\/7. Nuestros planes detallados de manejo de nacimientos incluyen puntos de referencia espec\u00edficos para esas pocas semanas y meses cruciales de vida, y nuestros equipos veterinarios realizan importantes evaluaciones m\u00e9dicas. El objetivo es mantener siempre juntos a la madre y al beb\u00e9, pero cuando las intervenciones son necesarias, nuestro hospital de animales est\u00e1 listo para obrar milagros. Su donaci\u00f3n de $1,200 hace funcionar nuestra Unidad de Cuidados Intensivos por un d\u00eda entero.<\/p>\n\n\t\t\t\tComida para beb\u00e9 \n\t\t\t\t\t\t\t\t\t\t\t\n<h3>Comida para beb\u00e9<\/h3>\n<p>Si bien nuestros nuevos beb\u00e9s suelen permanecer cerca de la madre, gran parte de nuestra atenci\u00f3n neonatal requiere atenci\u00f3n especializada por parte de nuestro personal de nutrici\u00f3n. Por ejemplo, nos aseguramos de tener insectos lo suficientemente peque\u00f1os para que coman nuestros beb\u00e9s m\u00e1s peque\u00f1os; incluso hemos creado dietas para los insectos mismos, para asegurarnos de que proporcionen a nuestros beb\u00e9s del zool\u00f3gico los nutrientes que necesitan para prosperar.<\/p>\n\n<h1>\n\t\tNutrici\u00f3n\n\t<\/h1>\n<h2>\n\t\tNutrici\u00f3n especializada para 3000 personas que abarcan m\u00e1s de 500 especies \u00fanicas.\n\t<\/h2>\n\t<p>Una excelente nutrici\u00f3n animal es la base de una vida saludable y de alta calidad. Nuestro programa de nutrici\u00f3n cuidadosamente dise\u00f1ado ayuda a fomentar comportamientos naturales, promover el bienestar general y ayudar a nuestros animales a vivir vidas m\u00e1s largas y saludables. Nuestro Departamento de Nutrici\u00f3n trabaja incansablemente para crear planes diet\u00e9ticos diarios para m\u00e1s de las m\u00e1s de 500 especies que hacen del Zool\u00f3gico de Denver su hogar, incluidas comidas saludables y nutritivas que son lo m\u00e1s parecidas posible a los alimentos que consumir\u00edan en la naturaleza. Este equipo dedicado tambi\u00e9n atiende a algunas de las dietas m\u00e1s especializadas del planeta, incluido un gib\u00f3n con diabetes, un leopardo nublado con alergia a la carne y otros comedores (necesariamente) quisquillosos.<\/p>\n\t\t\t\t<img loading=\"lazy\" decoding=\"async\" src=\"https:\/\/denverzoo.org\/wp-content\/uploads\/2019\/06\/Ling_Desktop.jpg\" alt=\"Ling Birthday Desktop\" itemprop=\"image\" height=\"615\" width=\"2000\" title=\"Escritorio de cumplea\u00f1os de Ling\" onerror=\"this.style.display='none'\"  \/>\n\t\t\t\t<img loading=\"lazy\" decoding=\"async\" src=\"https:\/\/denverzoo.org\/wp-content\/uploads\/2019\/06\/Ling_Mobile.jpg\" alt=\"Ling Birthday Mobile\" itemprop=\"image\" height=\"800\" width=\"1000\" title=\"Ling cumplea\u00f1os m\u00f3vil\" onerror=\"this.style.display='none'\"  \/>\n<h1>\n\t\tNavegar\n\t<\/h1>\n<h2>\n\t\tNutrici\u00f3n fresca y natural para herb\u00edvoros de todas las formas y tama\u00f1os.\n\t<\/h2>\n\t<p>Para los herb\u00edvoros como los elefantes asi\u00e1ticos y los carpinchos, el equipo obtiene y distribuye materiales de b\u00fasqueda: las extremidades, ramitas y hojas que comen muchos de nuestros animales. Recibimos y repartimos casi 1,000 libras de material de exploraci\u00f3n cada semana para distribuirlo en todo el zool\u00f3gico. En el verano, alimentamos a nuestros animales usando ramoneo cultivado aqu\u00ed mismo en el campus, por nuestro Departamento de Horticultura.<\/p>\n\t\t\t<a href=\"\/es\/support\/donate-to-animal-care-nutrition\/\" target=\"_self\" role=\"button\" rel=\"noopener\">\n\t\t\t\t\t\t\tPrograma de alimentaci\u00f3n de exploraci\u00f3n de soporte\n\t\t\t\t\t<\/a>\n\t\t\t\t<img loading=\"lazy\" decoding=\"async\" src=\"https:\/\/denverzoo.org\/wp-content\/uploads\/2019\/05\/Carcass.jpg\" alt=\"Lion Cubs working on a Carcass\" itemprop=\"image\" height=\"400\" width=\"1070\" title=\"Cachorros de le\u00f3n trabajando en un cad\u00e1ver\" onerror=\"this.style.display='none'\"  \/>\n<h1>\n\t\tCuerpo \n\t<\/h1>\n<h2>\n\t\tUn elemento importante de la hora de comer para los carn\u00edvoros sociales como los leones y las hienas.\n\t<\/h2>\n\t<p>Para los carn\u00edvoros como nuestros leones africanos y nuestras hienas manchadas, la alimentaci\u00f3n de cad\u00e1veres brinda oportunidades fundamentales para que nuestros animales muestren comportamientos depredadores naturales. Alimentar grandes secciones o presas enteras proporciona estimulaci\u00f3n mental, ejercita los m\u00fasculos de la mand\u00edbula, mejora el tono muscular, apoya la salud digestiva, extiende el tiempo de b\u00fasqueda y ayuda a formar v\u00ednculos entre nuestros carn\u00edvoros sociales.<\/p>\n\t\t\t<a href=\"\/es\/support\/donate-to-animal-care-nutrition\/\" target=\"_self\" role=\"button\" rel=\"noopener\">\n\t\t\t\t\t\t\tApoyo al programa de alimentaci\u00f3n de canales\n\t\t\t\t\t<\/a>\n\t\t<h2>Emily Insalaco\u00a0<\/h2>\n\t\t<h4><em>\u00a0Curadora de cr\u00eda de comportamiento y embajadores de animales<\/em><\/h4>\n<p>Emily Insalaco, curadora de manejo conductual del Zool\u00f3gico de Denver, gu\u00eda a los cuidadores del zool\u00f3gico en la creaci\u00f3n de actividades y programas de capacitaci\u00f3n para apoyar la salud mental y f\u00edsica de nuestros animales con diferentes objetivos para cada especie y cada animal individual.<\/p>\n\t\t\t<a href=\"\" target=\"_self\" role=\"button\" rel=\"noopener\">\n\t\t\t\t\t\t\tHaga clic aqu\u00ed\n\t\t\t\t\t<\/a>\n\t[VIDEO-POPUP]\n<h1>\n\t\tEnriquecimiento\n\t<\/h1>\n<h2>\n\t\tProgramas especializados para involucrar las mentes y enriquecer la vida de nuestros animales.\n\t<\/h2>\n\t<p>El zool\u00f3gico de Denver es uno de los pocos zool\u00f3gicos del pa\u00eds que emplea a un especialista en cuidado de animales de tiempo completo dedicado por completo a los programas de enriquecimiento de animales. Al fomentar comportamientos naturales y saludables como cavar, rastrear, nadar, quitar el polvo, trepar, buscar comida y jugar, brindamos a nuestros animales oportunidades diarias para explorar e interactuar con sus diversos entornos, tal como lo har\u00edan en la naturaleza. Desde alimentadores de rompecabezas hasta arte de elefantes, estas actividades mejoran el bienestar mental y f\u00edsico.<\/p>\n\t\t\t<a href=\"\/es\/support\/donate-to-animal-care-enrichment\/\" target=\"_self\" role=\"button\" rel=\"noopener\">\n\t\t\t\t\t\t\tApoyar el enriquecimiento en el zool\u00f3gico de Denver\n\t\t\t\t\t<\/a>\n\t\t<h2>Convi\u00e9rtete en nuestro socio en la posibilidad<\/h2>\n\t\t<p>Cuando apoyas al Zool\u00f3gico de Denver, est\u00e1s haciendo m\u00e1s que ayudar a nuestra familia de animales a prosperar. Tambi\u00e9n se asegura de que podamos continuar siendo uno de los pilares comunitarios m\u00e1s vitales de la ciudad, brindando educaci\u00f3n e inspiraci\u00f3n diarias a los amantes de los animales de todas las edades, para que la pr\u00f3xima generaci\u00f3n pueda experimentar la maravilla del mundo natural.<\/p>\n\t\t\t<a href=\"\/es\/support\/animal-care-donate-to-babies\/\" target=\"_self\" role=\"button\" rel=\"noopener\">\n\t\t\t\t\t\t\tDona ahora\n\t\t\t\t\t<\/a>","protected":false},"excerpt":{"rendered":"","protected":false},"author":11,"featured_media":11542,"parent":22555,"menu_order":0,"comment_status":"closed","ping_status":"closed","template":"","meta":{"_acf_changed":false,"_relevanssi_hide_post":"","_relevanssi_hide_content":"","_relevanssi_pin_for_all":"","_relevanssi_pin_keywords":"","_relevanssi_unpin_keywords":"","_relevanssi_related_keywords":"","_relevanssi_related_include_ids":"","_relevanssi_related_exclude_ids":"","_relevanssi_related_no_append":"","_relevanssi_related_not_related":"","_relevanssi_related_posts":"","_relevanssi_noindex_reason":"","footnotes":""},"class_list":["post-11712","page","type-page","status-publish","has-post-thumbnail","hentry"],"acf":[],"_links":{"self":[{"href":"https:\/\/denverzoo.org\/es\/wp-json\/wp\/v2\/pages\/11712","targetHints":{"allow":["GET"]}}],"collection":[{"href":"https:\/\/denverzoo.org\/es\/wp-json\/wp\/v2\/pages"}],"about":[{"href":"https:\/\/denverzoo.org\/es\/wp-json\/wp\/v2\/types\/page"}],"author":[{"embeddable":true,"href":"https:\/\/denverzoo.org\/es\/wp-json\/wp\/v2\/users\/11"}],"replies":[{"embeddable":true,"href":"https:\/\/denverzoo.org\/es\/wp-json\/wp\/v2\/comments?post=11712"}],"version-history":[{"count":0,"href":"https:\/\/denverzoo.org\/es\/wp-json\/wp\/v2\/pages\/11712\/revisions"}],"up":[{"embeddable":true,"href":"https:\/\/denverzoo.org\/es\/wp-json\/wp\/v2\/pages\/22555"}],"wp:featuredmedia":[{"embeddable":true,"href":"https:\/\/denverzoo.org\/es\/wp-json\/wp\/v2\/media\/11542"}],"wp:attachment":[{"href":"https:\/\/denverzoo.org\/es\/wp-json\/wp\/v2\/media?parent=11712"}],"curies":[{"name":"gracias","href":"https:\/\/api.w.org\/{rel}","templated":true}]}}