{"id":11802,"date":"2019-06-04T15:48:48","date_gmt":"2019-06-04T21:48:48","guid":{"rendered":"https:\/\/denverzootemp.org\/?page_id=11802"},"modified":"2023-02-14T13:43:27","modified_gmt":"2023-02-14T20:43:27","slug":"field-conservation","status":"publish","type":"page","link":"https:\/\/denverzoo.org\/es\/support\/field-conservation\/","title":{"rendered":"Soporte | Conservaci\u00f3n de campo"},"content":{"rendered":"<h3>\n\t\tDar a la conservaci\u00f3n del campo\n\t<\/h3>\n\t<p>\u00a1Gracias por su apoyo!<\/p>\n\t\t\t<a href=\"\/es\/support\/donate-to-field-conservation\/\" target=\"_self\" role=\"button\" rel=\"noopener\">\n\t\t\t\t\t\t\tDona ahora\n\t\t\t\t\t<\/a>\n<h1>\n\t\tCambiar el mundo\n\t<\/h1>\n<h2>\n\t\tEl zool\u00f3gico de Denver est\u00e1 trabajando para salvar la vida silvestre a trav\u00e9s de cinco programas b\u00e1sicos en todo el mundo.\n\t<\/h2>\n\t<p>Incluyendo uno en nuestro propio patio trasero: nuestro programa Rocky Mountains\/Great Plains.<\/p>\n\t\t<h2>Nuestra misi\u00f3n de conservaci\u00f3n<\/h2>\n\t\t<p>Un obsequio para el Zool\u00f3gico de Denver no solo apoya a los animales bajo nuestro cuidado, sino que tambi\u00e9n avanza m\u00e1s de 20 a\u00f1os de liderazgo en conservaci\u00f3n de campo en Colorado y en todo el mundo.<\/p>\n\t\t\t<a href=\"\/es\/support\/donate-to-field-conservation\/\" target=\"_self\" role=\"button\" rel=\"noopener\">\n\t\t\t\t\t\t\tConservaci\u00f3n del campo de apoyo\n\t\t\t\t\t<\/a>\n\t[VIDEO-POPUP]\n\t\t\t\t<img loading=\"lazy\" decoding=\"async\" src=\"https:\/\/denverzoo.org\/wp-content\/uploads\/2019\/06\/Cons_Rio_Desktop.jpg\" alt=\"Conservation Rio Mora Desktop\" itemprop=\"image\" height=\"615\" width=\"2000\" title=\"Conservaci\u00f3n Rio Mora Desktop\" onerror=\"this.style.display='none'\"  \/>\n\t\t\t\t<img loading=\"lazy\" decoding=\"async\" src=\"https:\/\/denverzoo.org\/wp-content\/uploads\/2019\/06\/Cons_Rio_Mobile.jpg\" alt=\"Conservation Rio Mora Mobile\" itemprop=\"image\" height=\"800\" width=\"1000\" title=\"Conservaci\u00f3n R\u00edo Mora M\u00f3vil\" onerror=\"this.style.display='none'\"  \/>\n<h2>\n\t\tEnfoque del programa:\n\t<\/h2>\n<h1>\n\t\tR\u00edo Mora y Monta\u00f1as Rocosas \/ Grandes Llanuras\n\t<\/h1>\n\t<h4>Proyecto Front Range<\/h4>\n<p>La poblaci\u00f3n de Colorado est\u00e1 creciendo r\u00e1pidamente, y estamos aprovechando ese poder de la gente para ayudar a los administradores de recursos naturales ya los tomadores de decisiones a planificar para expandir el desarrollo y un clima cambiante. Ya sea que se trate de construir un caso para un paso elevado de vida silvestre a trav\u00e9s de una carretera de monta\u00f1a concurrida o recopilar informaci\u00f3n para estrategias que podr\u00edan ayudar a conservar pika y su h\u00e1bitat alpino, nuestros proyectos de ciencia ciudadana brindan a cientos de voluntarios una capacitaci\u00f3n valiosa y logran mucho m\u00e1s que nuestro peque\u00f1o equipo de cient\u00edficos. podr\u00eda por su cuenta.<\/p>\n<h4>Proyecto Rio Mora<\/h4>\n<p>En el norte de Nuevo M\u00e9xico, estamos trabajando para restaurar la ic\u00f3nica pradera de pasto corto del oeste para las personas y la vida silvestre que dependen de ella. Nos hemos asociado con Pueblo of Pojoaque, New Mexico Highlands University y el Servicio de Pesca y Vida Silvestre de EE. UU. para transformar un antiguo rancho de ganado en el mejor sitio de demostraci\u00f3n para que las comunidades rurales y los estudiantes estudien y practiquen t\u00e9cnicas que pueden ayudar a que su tierra y sus medios de subsistencia resistan un clima cambiante y fomentar el regreso de las especies aut\u00f3ctonas.<\/p>\n\t[VIDEO-POPUP]\n\t\t<h3>\u00c9xito de Botswana<\/h3>\n\t\t<p>El zool\u00f3gico de Denver se asoci\u00f3 para crear el primer restaurante de buitres en Botswana. Est\u00e1 contrarrestando los sitios de envenenamiento de buitres proporcionando cad\u00e1veres sanos y sin plomo a los buitres en peligro de extinci\u00f3n de Botswana.<\/p>\n\t\t\t<a href=\"\/es\/support\/donate-to-field-conservation\/\" target=\"_self\" role=\"button\" rel=\"noopener\">\n\t\t\t\t\t\t\tApoya la Conservaci\u00f3n\n\t\t\t\t\t<\/a>\n\t\t\t\t<a href=\"\/es\/support\/donate-to-field-conservation\/\" target=\"_self\" itemprop=\"url\" rel=\"noopener\">\n\t\t\t\t<img loading=\"lazy\" decoding=\"async\" src=\"https:\/\/denverzoo.org\/wp-content\/uploads\/2019\/04\/ArgaliSheep_Thumb.jpg\" alt=\"Argali Sheep Thumb\" itemprop=\"image\" height=\"400\" width=\"400\" title=\"Pulgar de oveja Argali\" onerror=\"this.style.display='none'\"  \/>\n\t\t\t\t<\/a>\n<h2><a href=\"\/es\/support\/donate-to-field-conservation\/\" target=\"_self\" rel=\"noopener\">\u00c9xito de Mongolia<\/a><\/h2>\t\t\n\t\t\t<p>Todas las zonas protegidas son \u00fanicas, pero el enfoque Ikh Nart del zool\u00f3gico de Denver de combinar una investigaci\u00f3n rigurosa con la participaci\u00f3n de la comunidad y la acci\u00f3n hol\u00edstica ofreci\u00f3 un modelo \u00fatil y adaptable.<\/p>\n\t\t\t\t<a href=\"\/es\/support\/donate-to-field-conservation\/\" target=\"_self\" itemprop=\"url\" rel=\"noopener\">\n\t\t\t\t<img loading=\"lazy\" decoding=\"async\" src=\"https:\/\/denverzoo.org\/wp-content\/uploads\/2019\/06\/Peru_Thumb.jpg\" alt=\"Peru_Thumb\" itemprop=\"image\" height=\"400\" width=\"400\" title=\"Peru_Thumb\" onerror=\"this.style.display='none'\"  \/>\n\t\t\t\t<\/a>\n<h2><a href=\"\/es\/support\/donate-to-field-conservation\/\" target=\"_self\" rel=\"noopener\">\u00c9xito en Per\u00fa<\/a><\/h2>\t\t\n\t\t\t<p>M\u00e1s de 500 ranas del lago Titicaca se han criado con \u00e9xito en la exhibici\u00f3n Discovery Tropical del Zool\u00f3gico de Denver, y nuestro trabajo ha proporcionado descendencia a otros zool\u00f3gicos para crear programas de reproducci\u00f3n similares.<\/p>\n<p>Foto de Joel Sartore<\/p>\n\t\t\t\t<a href=\"\/es\/support\/donate-to-field-conservation\/\" target=\"_self\" itemprop=\"url\" rel=\"noopener\">\n\t\t\t\t<img loading=\"lazy\" decoding=\"async\" src=\"https:\/\/denverzoo.org\/wp-content\/uploads\/2019\/06\/Vietnam_Thumb.jpg\" alt=\"Vietnam_Thumb\" itemprop=\"image\" height=\"400\" width=\"400\" title=\"Vietnam_Thumb\" onerror=\"this.style.display='none'\"  \/>\n\t\t\t\t<\/a>\n<h2><a href=\"\/es\/support\/donate-to-field-conservation\/\" target=\"_self\" rel=\"noopener\">\u00c9xito de Vietnam<\/a><\/h2>\t\t\n\t\t\t<p>Las encuestas de Tonkin Snub-Nose Monkey en 2016 demostraron que la poblaci\u00f3n del norte de Vietnam hab\u00eda <strong>m\u00e1s del doble<\/strong> de 60 personas a 125 personas en 14 a\u00f1os, lo que indica que los esfuerzos del Zool\u00f3gico de Denver y sus socios han sido altamente efectivos.<\/p>\n\t\t<h2>\u00bfQue estas esperando?<\/h2>\n\t\t<p>Tienes el poder de ayudar a nuestra comunidad a aprender, crecer y prosperar. As\u00f3ciese con el Zool\u00f3gico de Denver y seamos una fuerza para el bien.<\/p>\n\t\t\t<a href=\"\/es\/support\/donate-to-field-conservation\/\" target=\"_self\" role=\"button\" rel=\"noopener\">\n\t\t\t\t\t\t\tDona ahora\n\t\t\t\t\t<\/a>","protected":false},"excerpt":{"rendered":"","protected":false},"author":11,"featured_media":11073,"parent":22555,"menu_order":0,"comment_status":"closed","ping_status":"closed","template":"","meta":{"_acf_changed":false,"_relevanssi_hide_post":"","_relevanssi_hide_content":"","_relevanssi_pin_for_all":"","_relevanssi_pin_keywords":"","_relevanssi_unpin_keywords":"","_relevanssi_related_keywords":"","_relevanssi_related_include_ids":"","_relevanssi_related_exclude_ids":"","_relevanssi_related_no_append":"","_relevanssi_related_not_related":"","_relevanssi_related_posts":"","_relevanssi_noindex_reason":"","footnotes":""},"class_list":["post-11802","page","type-page","status-publish","has-post-thumbnail","hentry"],"acf":[],"_links":{"self":[{"href":"https:\/\/denverzoo.org\/es\/wp-json\/wp\/v2\/pages\/11802","targetHints":{"allow":["GET"]}}],"collection":[{"href":"https:\/\/denverzoo.org\/es\/wp-json\/wp\/v2\/pages"}],"about":[{"href":"https:\/\/denverzoo.org\/es\/wp-json\/wp\/v2\/types\/page"}],"author":[{"embeddable":true,"href":"https:\/\/denverzoo.org\/es\/wp-json\/wp\/v2\/users\/11"}],"replies":[{"embeddable":true,"href":"https:\/\/denverzoo.org\/es\/wp-json\/wp\/v2\/comments?post=11802"}],"version-history":[{"count":0,"href":"https:\/\/denverzoo.org\/es\/wp-json\/wp\/v2\/pages\/11802\/revisions"}],"up":[{"embeddable":true,"href":"https:\/\/denverzoo.org\/es\/wp-json\/wp\/v2\/pages\/22555"}],"wp:featuredmedia":[{"embeddable":true,"href":"https:\/\/denverzoo.org\/es\/wp-json\/wp\/v2\/media\/11073"}],"wp:attachment":[{"href":"https:\/\/denverzoo.org\/es\/wp-json\/wp\/v2\/media?parent=11802"}],"curies":[{"name":"gracias","href":"https:\/\/api.w.org\/{rel}","templated":true}]}}