{"id":11875,"date":"2019-06-11T20:45:33","date_gmt":"2019-06-12T02:45:33","guid":{"rendered":"https:\/\/denverzootemp.org\/?page_id=11875"},"modified":"2021-04-27T16:07:06","modified_gmt":"2021-04-27T22:07:06","slug":"dobby","status":"publish","type":"page","link":"https:\/\/denverzoo.org\/es\/support\/dobby\/","title":{"rendered":"Soporte | La historia de Dobby"},"content":{"rendered":"<h3>\n\t\tDar al cuidado de los animales<br \/>\n\t<\/h3>\n<p>\u00a1Apoya el cuidado animal duradero como Dobby!<\/p>\n<p>\t\t\t<a href=\"\/es\/support\/donate\/\" target=\"_self\" role=\"button\"><br \/>\n\t\t\t\t\t\t\tDona ahora<br \/>\n\t\t\t\t\t<\/a><\/p>\n<h1>\n\t\tSorprendente nacimiento de Dobby, la jirafa sorprende al zool\u00f3gico<br \/>\n\t<\/h1>\n<h2>\n\t\tDobby la jirafa naci\u00f3 prematuramente en el zool\u00f3gico de Denver.<br \/>\n\t<\/h2>\n<p>Nuestros veterinarios expertos y cari\u00f1osos fueron fundamentales para garantizar que ganara fuerza por s\u00ed solo.<\/p>\n<p>El nacimiento de Dobby tom\u00f3 al zool\u00f3gico por sorpresa. Nacido de una madre mayor que usaba m\u00e9todos anticonceptivos, el personal de cuidado de animales comenz\u00f3 a sospechar cuando la mam\u00e1 Kipele repentinamente gan\u00f3 45 kilos y Dobby naci\u00f3 solo dos d\u00edas despu\u00e9s de que una ecograf\u00eda confirmara el embarazo.<\/p>\n<p>Pesaba 73 libras y 5 pies al nacer, en lugar de los t\u00edpicos 160 libras y 6 pies de altura. Era tan peque\u00f1o que no pod\u00eda pararse y no estaba obteniendo suficientes anticuerpos. \u00a1Fue un toque y una excelente atenci\u00f3n por parte de los veterinarios y el personal de cuidado animal funcion\u00f3! Dobby mejor\u00f3 durante las pr\u00f3ximas dos semanas y no ha mirado hacia atr\u00e1s desde entonces. \u00a1Ahora es un ni\u00f1o de dos a\u00f1os de 1200 libras!<\/p>\n<p>\t\t\t\t<img loading=\"lazy\" decoding=\"async\" src=\"https:\/\/denverzoo.org\/wp-content\/uploads\/2019\/06\/Dobby_Quote_Desktop.jpg\" alt=\"Dobby Quote Desktop\" itemprop=\"image\" height=\"615\" width=\"2000\" title=\"Dobby Quote Desktop\"  \/><br \/>\n\t\t\t\t<img loading=\"lazy\" decoding=\"async\" src=\"https:\/\/denverzoo.org\/wp-content\/uploads\/2019\/06\/Dobby_Quote_Mobile.jpg\" alt=\"Dobby Quote Mobile\" itemprop=\"image\" height=\"800\" width=\"1000\" title=\"Dobby Quote Mobile\"  \/><\/p>\n<h2>\n\t\tEl Dr. Scott Larsen fue parte del equipo que transfundi\u00f3 plasma en Dobby.<br \/>\n\t<\/h2>\n<p>No estaba amamantando lo suficiente a su madre. Como Vicepresidente de Salud Animal, el Dr. Larsen dirige nuestro equipo de 10 miembros del personal veterinario y nuestro Departamento de Nutrici\u00f3n de 7 miembros. Juntos, brindan el mejor cuidado a nuestros animales, las 24 horas del d\u00eda. Nuestro nutricionista animal de tiempo completo dise\u00f1a dietas espec\u00edficas para cada especie individual y, en algunos casos, animales individuales. El zool\u00f3gico de Denver tiene m\u00e1s de 3500 bocas (y picos) para alimentar y nuestro economato ofrece frutas, verduras, carnes, mariscos y suplementos de la m\u00e1s alta calidad. El Departamento de Veterinaria brinda atenci\u00f3n proactiva y preventiva para garantizar la salud y el bienestar de los animales residentes desde el nacimiento hasta el final de la vida.<\/p>\n<h2>\u00bfQue estas esperando?<\/h2>\n<p>Tiene el poder de ayudar a nuestra comunidad a aprender, crecer y prosperar. As\u00f3ciese con el Zool\u00f3gico de Denver y seamos una fuerza para el bien.<\/p>\n<p>\t\t\t<a href=\"\/es\/support\/donate\/\" target=\"_self\" role=\"button\"><br \/>\n\t\t\t\t\t\t\tDona ahora<br \/>\n\t\t\t\t\t<\/a><\/p>","protected":false},"excerpt":{"rendered":"<p>\u00a1Dale a Animal Care Support un cuidado animal duradero como Dobby! Done ahora Sorprendente nacimiento de la jirafa Dobby sorprende al zool\u00f3gico Dobby la jirafa naci\u00f3 prematuramente en el zool\u00f3gico de Denver. Nuestros cari\u00f1osos y expertos veterinarios fueron fundamentales para garantizar que ganara fuerza por s\u00ed solo. El nacimiento de Dobby tom\u00f3 por sorpresa al zool\u00f3gico. Nacido para [\u2026]<\/p>","protected":false},"author":11,"featured_media":11709,"parent":22555,"menu_order":0,"comment_status":"closed","ping_status":"closed","template":"","meta":{"_acf_changed":false,"_relevanssi_hide_post":"","_relevanssi_hide_content":"","_relevanssi_pin_for_all":"","_relevanssi_pin_keywords":"","_relevanssi_unpin_keywords":"","_relevanssi_related_keywords":"","_relevanssi_related_include_ids":"","_relevanssi_related_exclude_ids":"","_relevanssi_related_no_append":"","_relevanssi_related_not_related":"","_relevanssi_related_posts":"","_relevanssi_noindex_reason":"","footnotes":""},"class_list":["post-11875","page","type-page","status-publish","has-post-thumbnail","hentry"],"acf":[],"_links":{"self":[{"href":"https:\/\/denverzoo.org\/es\/wp-json\/wp\/v2\/pages\/11875","targetHints":{"allow":["GET"]}}],"collection":[{"href":"https:\/\/denverzoo.org\/es\/wp-json\/wp\/v2\/pages"}],"about":[{"href":"https:\/\/denverzoo.org\/es\/wp-json\/wp\/v2\/types\/page"}],"author":[{"embeddable":true,"href":"https:\/\/denverzoo.org\/es\/wp-json\/wp\/v2\/users\/11"}],"replies":[{"embeddable":true,"href":"https:\/\/denverzoo.org\/es\/wp-json\/wp\/v2\/comments?post=11875"}],"version-history":[{"count":0,"href":"https:\/\/denverzoo.org\/es\/wp-json\/wp\/v2\/pages\/11875\/revisions"}],"up":[{"embeddable":true,"href":"https:\/\/denverzoo.org\/es\/wp-json\/wp\/v2\/pages\/22555"}],"wp:featuredmedia":[{"embeddable":true,"href":"https:\/\/denverzoo.org\/es\/wp-json\/wp\/v2\/media\/11709"}],"wp:attachment":[{"href":"https:\/\/denverzoo.org\/es\/wp-json\/wp\/v2\/media?parent=11875"}],"curies":[{"name":"gracias","href":"https:\/\/api.w.org\/{rel}","templated":true}]}}