{"id":11909,"date":"2019-06-11T21:47:59","date_gmt":"2019-06-12T03:47:59","guid":{"rendered":"https:\/\/denverzootemp.org\/?page_id=11909"},"modified":"2021-04-27T16:04:49","modified_gmt":"2021-04-27T22:04:49","slug":"aztai","status":"publish","type":"page","link":"https:\/\/denverzoo.org\/es\/support\/aztai\/","title":{"rendered":"Soporte | Aztai"},"content":{"rendered":"<h3>\n\t\tDar a la conservaci\u00f3n del campo<br \/>\n\t<\/h3>\n<p>\u00a1Apoye la conservaci\u00f3n de campo del Zool\u00f3gico de Denver para ayudar a animales como Aztai!<\/p>\n<p>\t\t\t<a href=\"\/es\/support\/donate\/\" target=\"_self\" role=\"button\"><br \/>\n\t\t\t\t\t\t\tDona ahora<br \/>\n\t\t\t\t\t<\/a><\/p>\n<h1>\n\t\tUn buitre llamado Lucky<br \/>\n\t<\/h1>\n<h2>\n\t\tUn buitre cin\u00e9reo de Mongolia tiene una conexi\u00f3n importante con Colorado.<br \/>\n\t<\/h2>\n<p>Un buitre cin\u00e9reo de Mongolia tiene una conexi\u00f3n importante con Colorado. Aztai, que significa &quot;suerte&quot; en mongol, fue descubierta por el zool\u00f3gico de Denver a los cuatro meses de edad, en el suelo, cerca de su nido roto en Mongolia, durante nuestro trabajo de conservaci\u00f3n all\u00ed en 2010. Ten\u00eda fracturas importantes en el ala izquierda.<\/p>\n<p>Ella sobrevivi\u00f3; sin embargo, su ala result\u00f3 herida de forma permanente. El personal del zool\u00f3gico de Denver cuid\u00f3 al buitre beb\u00e9 proporcion\u00e1ndole comida y refugio.<\/p>\n<p>El director del campamento, Ultzii, se encari\u00f1\u00f3 mucho con Aztai y durante el largo invierno mongol pasaba tiempo con ella, hablando con Aztai. El zool\u00f3gico de Denver sab\u00eda que un buitre que no pudiera volar no lo har\u00eda en la naturaleza y tom\u00f3 la decisi\u00f3n de llevar al polluelo a Denver. Dos inviernos despu\u00e9s, la adorable Aztai lleg\u00f3 al zool\u00f3gico de Denver en julio de 2012.<\/p>\n<p>Aztai ahora explora su jard\u00edn cada ma\u00f1ana en el Zool\u00f3gico de Denver gracias a nuestro trabajo de conservaci\u00f3n de campo en curso en Mongolia. Aztai tambi\u00e9n es un embajador de animales y ayuda a educar al mundo sobre la dif\u00edcil situaci\u00f3n de los buitres.<\/p>\n<p>\t\t\t\t<img loading=\"lazy\" decoding=\"async\" src=\"https:\/\/denverzoo.org\/wp-content\/uploads\/2019\/06\/Aztai_Quote_Desktop.jpg\" alt=\"Aztai Quote Desktop\" itemprop=\"image\" height=\"615\" width=\"2000\" title=\"Escritorio de cotizaci\u00f3n Aztai\"  \/><br \/>\n\t\t\t\t<img loading=\"lazy\" decoding=\"async\" src=\"https:\/\/denverzoo.org\/wp-content\/uploads\/2019\/06\/Aztai_Quote_Mobile.jpg\" alt=\"Aztai Quote Mobile\" itemprop=\"image\" height=\"800\" width=\"1000\" title=\"Cita Aztai M\u00f3vil\"  \/><\/p>\n<h3>Nuestros extraordinarios animales embajadores hacen lo que los libros y los dispositivos electr\u00f3nicos no pueden.<\/h3>\n<p>Permiten a los visitantes poner un rostro a sus contrapartes en la naturaleza. Ver a los animales cara a cara saca a relucir la maravilla que todos llevamos dentro.<\/p>\n<p>Los buitres negros (tambi\u00e9n conocidos como buitres negros euroasi\u00e1ticos) han sufrido la destrucci\u00f3n del h\u00e1bitat, la caza ilegal y el envenenamiento. Son carro\u00f1eros y tienen el papel muy importante de ayudar a detener la propagaci\u00f3n de enfermedades al alimentarse de animales muertos. Estos grandes buitres se encuentran entre las aves m\u00e1s pesadas del mundo, alcanzando pesos de hasta 22 libras.<\/p>\n<p>A medida que las poblaciones de buitres negros disminuyen a nivel mundial, el \u00e1rea de conservaci\u00f3n en la que trabajamos, Ikh Nart en Mongolia, ha demostrado ser un \u00e1rea de reproducci\u00f3n especialmente importante y alberga la mayor concentraci\u00f3n registrada de nidos en Mongolia. Debido a su papel fundamental en el ciclo de los nutrientes, comprender y proteger a los buitres cin\u00e9reos y sus h\u00e1bitats de reproducci\u00f3n es vital para su futuro ... y el nuestro.<\/p>\n<h2>\u00bfQue estas esperando?<\/h2>\n<p>Tiene el poder de ayudar a nuestra comunidad a aprender, crecer y prosperar. As\u00f3ciese con el Zool\u00f3gico de Denver y seamos una fuerza para el bien.<\/p>\n<p>\t\t\t<a href=\"\/es\/support\/donate\/\" target=\"_self\" role=\"button\"><br \/>\n\t\t\t\t\t\t\tDona ahora<br \/>\n\t\t\t\t\t<\/a><\/p>","protected":false},"excerpt":{"rendered":"<p>Contribuya a la conservaci\u00f3n en el campo \u00a1Apoye la conservaci\u00f3n en el campo del Zool\u00f3gico de Denver para ayudar a animales como Aztai! Done ahora Un buitre llamado Lucky Un buitre negro de Mongolia tiene una importante conexi\u00f3n con Colorado. Un buitre negro de Mongolia tiene una importante conexi\u00f3n con Colorado. Aztai, que significa \u201cafortunado\u201d en mongol, fue descubierto por el Zool\u00f3gico de Denver cuando ten\u00eda cuatro meses, [\u2026]<\/p>","protected":false},"author":11,"featured_media":11701,"parent":22555,"menu_order":0,"comment_status":"closed","ping_status":"closed","template":"","meta":{"_acf_changed":false,"_relevanssi_hide_post":"","_relevanssi_hide_content":"","_relevanssi_pin_for_all":"","_relevanssi_pin_keywords":"","_relevanssi_unpin_keywords":"","_relevanssi_related_keywords":"","_relevanssi_related_include_ids":"","_relevanssi_related_exclude_ids":"","_relevanssi_related_no_append":"","_relevanssi_related_not_related":"","_relevanssi_related_posts":"","_relevanssi_noindex_reason":"","footnotes":""},"class_list":["post-11909","page","type-page","status-publish","has-post-thumbnail","hentry"],"acf":[],"_links":{"self":[{"href":"https:\/\/denverzoo.org\/es\/wp-json\/wp\/v2\/pages\/11909","targetHints":{"allow":["GET"]}}],"collection":[{"href":"https:\/\/denverzoo.org\/es\/wp-json\/wp\/v2\/pages"}],"about":[{"href":"https:\/\/denverzoo.org\/es\/wp-json\/wp\/v2\/types\/page"}],"author":[{"embeddable":true,"href":"https:\/\/denverzoo.org\/es\/wp-json\/wp\/v2\/users\/11"}],"replies":[{"embeddable":true,"href":"https:\/\/denverzoo.org\/es\/wp-json\/wp\/v2\/comments?post=11909"}],"version-history":[{"count":0,"href":"https:\/\/denverzoo.org\/es\/wp-json\/wp\/v2\/pages\/11909\/revisions"}],"up":[{"embeddable":true,"href":"https:\/\/denverzoo.org\/es\/wp-json\/wp\/v2\/pages\/22555"}],"wp:featuredmedia":[{"embeddable":true,"href":"https:\/\/denverzoo.org\/es\/wp-json\/wp\/v2\/media\/11701"}],"wp:attachment":[{"href":"https:\/\/denverzoo.org\/es\/wp-json\/wp\/v2\/media?parent=11909"}],"curies":[{"name":"gracias","href":"https:\/\/api.w.org\/{rel}","templated":true}]}}