{"id":11925,"date":"2019-06-11T23:42:41","date_gmt":"2019-06-12T05:42:41","guid":{"rendered":"https:\/\/denverzootemp.org\/?page_id=11925"},"modified":"2024-07-03T15:46:30","modified_gmt":"2024-07-03T21:46:30","slug":"memorial","status":"publish","type":"page","link":"https:\/\/denverzoo.org\/es\/support\/memorial\/","title":{"rendered":"Soporte | Donaciones conmemorativas"},"content":{"rendered":"<div  class='lhl-section urbi-component urbi-component front_view lhl_comp_width_inherit lhl_spacing_t_09 lhl_spacing_b_09 lhl_spacing_l_00 lhl_spacing_r_00 section-background-t' ><div class=\"urbi-component-inner\">\n    <div class=\"is-layout-constrained\">\n\n<h2 class=\"wp-block-heading has-text-align-center\">Oportunidades de agradecimiento, conmemoraci\u00f3n y celebraci\u00f3n<\/h2>\n\n\n\n<h4 class=\"wp-block-heading has-text-align-center\">\u00bfAlguna vez ha querido una forma \u00fanica de honrar a las personas de su vida que m\u00e1s le importan?<\/h4>\n\n\n\n<p class=\"has-text-align-center\">\u00bfConoce a alguien a quien le apasione el zool\u00f3gico de Denver y su misi\u00f3n? Deje una impresi\u00f3n duradera cuando honre y celebre a un ser querido con una donaci\u00f3n al zool\u00f3gico de Denver. Con una donaci\u00f3n como esta, tambi\u00e9n est\u00e1 ayudando a nuestros visitantes a descubrir la pasi\u00f3n por los animales a escala local y global.<\/p>\n\n\n\n<p class=\"has-text-align-center\">Puede honrar o conmemorar a una (s) persona (s) con cualquier obsequio a la Fundaci\u00f3n Zool\u00f3gica de Denver. Adem\u00e1s, las oportunidades de nombrar est\u00e1n disponibles en todo el zool\u00f3gico durante 5 a 10 a\u00f1os, que incluyen: bancos, esculturas, carrusel de animales, jardines, esculturas, asientos de tren y otros lugares. La oferta puede ser limitada.<\/p>\n\n<\/div>\n\n<\/div>\n<\/div>\n\n\n\n\n<div  class='lhl-section urbi-component urbi-component front_view lhl_comp_width_inherit lhl_spacing_t_09 lhl_spacing_b_09 lhl_spacing_l_00 lhl_spacing_r_00 section-background-t urbi-component-bg--light-gray' ><div class=\"urbi-component-inner\">\n    <div class=\"is-layout-constrained\">\n\n<h3 class=\"wp-block-heading has-text-align-center\">CONT\u00c1CTANOS<\/h3>\n\n\n\n<p class=\"has-text-align-center\">Para mas informacion contacte<br>Josie Stewart<br>Gerente de Planificaci\u00f3n de Regalos y Regalos Importantes<br><a href=\"mailto:jstewart@denverzoo.org\">jstewart@denverzoo.org<\/a><br>720-337-1463<\/p>\n\n\n    \r\n    \r\n    <div class='urbi_button_link center'><a class=\"urbi-link lhl_button lhl_button--small lhl_button_color_default lhl_button_width_default lhl_button--block\" href=\"mailto:%20jstewart@denverzoo.org\" target=\"\" rel=\"noopener noreferrer\" >Contacta con Josie<\/a><\/div>\n\n\n<div style=\"height:14px\" aria-hidden=\"true\" class=\"wp-block-spacer\"><\/div>\n\n\n    \r\n    \r\n    <div class='urbi_button_link center'><a class=\"urbi-link lhl_button lhl_button--small lhl_button_color_default lhl_button_width_default lhl_button--block\" href=\"https:\/\/denverzoo.org\/wp-content\/uploads\/2020\/10\/Tribute-Adoption-Agreement-9.10.2020.docx\" target=\"\" rel=\"noopener noreferrer\" >Formulario de homenaje<\/a><\/div>\n<\/div>\n\n<\/div>\n<\/div>\n\n\n\n\n<div  class='lhl-section urbi-component urbi-component front_view lhl_spacing_t_10 lhl_spacing_b_09 lhl_spacing_l_00 lhl_spacing_r_00 section-background-t urbi-component-bg--white' ><div class=\"urbi-component-inner\">\n    <div class=\"is-layout-constrained\">\n\n\n\n<div  class='urbi\/tiles urbi-component urbi-component front_view lhl_spacing_t_00 lhl_spacing_b_00 lhl_spacing_l_00 lhl_spacing_r_00 section-background-t' >\n<div class=\"uk-child-width-1-3@s uk-grid-match\" uk-grid>\n    \n\n\n<div>\n\n        <div  class='urbi\/tile urbi-card urbi-card--tile urbi-card--shadow-3' >\n    <div class=\"urbi-tile-inner\">\n                <div class=\"tile-content padding-none\">\n\n\n\n<div  class='lhl-card urbi-component urbi-component front_view lhl_comp_width_inherit lhl_spacing_t_00 lhl_spacing_b_02 lhl_spacing_l_05 lhl_spacing_r_05 section-background-t  lhl_card  lhl_card_shadow_0 lhl_card_radius_0' ><div class=\"urbi-component-inner\">\n    <div class=\"acf-innerblocks-container\">\n\n\n\n<div  class='lhl-section urbi-component urbi-component front_view lhl_comp_width_wide lhl_spacing_t_00 lhl_spacing_b_00 lhl_spacing_l_00 lhl_spacing_r_00 section-background-t  bg-pattern-' ><div class=\"urbi-component-inner\">\n    <div class=\"is-layout-constrained\">\n\n<figure class=\"wp-block-image size-full\"><img loading=\"lazy\" decoding=\"async\" width=\"1280\" height=\"870\" src=\"https:\/\/denverzoo.org\/wp-content\/uploads\/2019\/06\/Memorial_Sculptures_Thumb.jpg\" alt=\"Memorial Sculptures Thumb\" class=\"wp-image-11928\" srcset=\"https:\/\/denverzoo.org\/wp-content\/uploads\/2019\/06\/Memorial_Sculptures_Thumb.jpg 1280w, https:\/\/denverzoo.org\/wp-content\/uploads\/2019\/06\/Memorial_Sculptures_Thumb-220x150.jpg 220w, https:\/\/denverzoo.org\/wp-content\/uploads\/2019\/06\/Memorial_Sculptures_Thumb-768x522.jpg 768w, https:\/\/denverzoo.org\/wp-content\/uploads\/2019\/06\/Memorial_Sculptures_Thumb-1024x696.jpg 1024w, https:\/\/denverzoo.org\/wp-content\/uploads\/2019\/06\/Memorial_Sculptures_Thumb-18x12.jpg 18w\" sizes=\"auto, (max-width: 1280px) 100vw, 1280px\" \/><\/figure>\n\n<\/div>\n\n<\/div>\n<\/div>\n\n\n<h3 class=\"wp-block-heading has-text-align-center\">Esculturas<\/h3>\n\n\n\n<h4 class=\"wp-block-heading has-text-align-center\"><strong>$5,000 + | 10 a\u00f1os<\/strong><\/h4>\n\n\n\n<p class=\"has-text-align-center\">Las esculturas de animales de acero inoxidable comienzan en la entrada principal del zool\u00f3gico de Denver y se extienden por todo el zool\u00f3gico. Los animales representados fueron dise\u00f1ados espec\u00edficamente para el zool\u00f3gico de Denver por el artista Heath Satow. Una placa de lat\u00f3n con la inscripci\u00f3n de su elecci\u00f3n se ubicar\u00e1 muy cerca de la escultura.<\/p>\n\n<\/div>\n<\/div>\n<\/div>\n<\/div>\n    <\/div>\n    <\/div><\/div>\n\n\n\n<div>\n\n        <div  class='urbi\/tile urbi-card urbi-card--tile urbi-card--shadow-3' >\n    <div class=\"urbi-tile-inner\">\n                <div class=\"tile-content padding-none\">\n\n\n\n<div  class='lhl-card urbi-component urbi-component front_view lhl_comp_width_inherit lhl_spacing_t_00 lhl_spacing_b_02 lhl_spacing_l_05 lhl_spacing_r_05 section-background-t  lhl_card  lhl_card_shadow_0 lhl_card_radius_0' ><div class=\"urbi-component-inner\">\n    <div class=\"acf-innerblocks-container\">\n\n\n\n<div  class='lhl-section urbi-component urbi-component front_view lhl_comp_width_wide lhl_spacing_t_00 lhl_spacing_b_00 lhl_spacing_l_00 lhl_spacing_r_00 section-background-t  bg-pattern-' ><div class=\"urbi-component-inner\">\n    <div class=\"is-layout-constrained\">\n\n<figure class=\"wp-block-image alignwide size-full\"><img loading=\"lazy\" decoding=\"async\" width=\"1280\" height=\"870\" src=\"https:\/\/denverzoo.org\/wp-content\/uploads\/2019\/06\/Memorial_Benches_Thumb.jpg\" alt=\"\" class=\"wp-image-11933\" srcset=\"https:\/\/denverzoo.org\/wp-content\/uploads\/2019\/06\/Memorial_Benches_Thumb.jpg 1280w, https:\/\/denverzoo.org\/wp-content\/uploads\/2019\/06\/Memorial_Benches_Thumb-220x150.jpg 220w, https:\/\/denverzoo.org\/wp-content\/uploads\/2019\/06\/Memorial_Benches_Thumb-768x522.jpg 768w, https:\/\/denverzoo.org\/wp-content\/uploads\/2019\/06\/Memorial_Benches_Thumb-1024x696.jpg 1024w, https:\/\/denverzoo.org\/wp-content\/uploads\/2019\/06\/Memorial_Benches_Thumb-18x12.jpg 18w\" sizes=\"auto, (max-width: 1280px) 100vw, 1280px\" \/><\/figure>\n\n<\/div>\n\n<\/div>\n<\/div>\n\n\n<h3 class=\"wp-block-heading has-text-align-center\">Bancos<\/h3>\n\n\n\n<h4 class=\"wp-block-heading has-text-align-center\"><strong>$10.000 | 10 a\u00f1os<\/strong><\/h4>\n\n\n\n<p class=\"has-text-align-center\">Los bancos est\u00e1n disponibles en cada \u00e1rea del zool\u00f3gico y vienen en muchos dise\u00f1os. En el banco se puede colocar una placa de lat\u00f3n con la inscripci\u00f3n de su elecci\u00f3n.<\/p>\n\n<\/div>\n<\/div>\n<\/div>\n<\/div>\n    <\/div>\n    <\/div><\/div>\n\n\n\n<div>\n\n        <div  class='urbi\/tile urbi-card urbi-card--tile urbi-card--shadow-3' >\n    <div class=\"urbi-tile-inner\">\n                <div class=\"tile-content padding-none\">\n\n\n\n<div  class='lhl-card urbi-component urbi-component front_view lhl_comp_width_inherit lhl_spacing_t_00 lhl_spacing_b_02 lhl_spacing_l_05 lhl_spacing_r_05 section-background-t  lhl_card  lhl_card_shadow_0 lhl_card_radius_0' ><div class=\"urbi-component-inner\">\n    <div class=\"acf-innerblocks-container\">\n\n\n\n<div  class='lhl-section urbi-component urbi-component front_view lhl_comp_width_wide lhl_spacing_t_00 lhl_spacing_b_00 lhl_spacing_l_00 lhl_spacing_r_00 section-background-t  bg-pattern-' ><div class=\"urbi-component-inner\">\n    <div class=\"is-layout-constrained\">\n\n<figure class=\"wp-block-image alignwide size-full\"><img loading=\"lazy\" decoding=\"async\" width=\"1280\" height=\"870\" src=\"https:\/\/denverzoo.org\/wp-content\/uploads\/2019\/06\/Memorial_AmpihitheaterSeating_Thumb.jpg\" alt=\"\" class=\"wp-image-11937\" srcset=\"https:\/\/denverzoo.org\/wp-content\/uploads\/2019\/06\/Memorial_AmpihitheaterSeating_Thumb.jpg 1280w, https:\/\/denverzoo.org\/wp-content\/uploads\/2019\/06\/Memorial_AmpihitheaterSeating_Thumb-220x150.jpg 220w, https:\/\/denverzoo.org\/wp-content\/uploads\/2019\/06\/Memorial_AmpihitheaterSeating_Thumb-768x522.jpg 768w, https:\/\/denverzoo.org\/wp-content\/uploads\/2019\/06\/Memorial_AmpihitheaterSeating_Thumb-1024x696.jpg 1024w, https:\/\/denverzoo.org\/wp-content\/uploads\/2019\/06\/Memorial_AmpihitheaterSeating_Thumb-18x12.jpg 18w\" sizes=\"auto, (max-width: 1280px) 100vw, 1280px\" \/><\/figure>\n\n<\/div>\n\n<\/div>\n<\/div>\n\n\n<h3 class=\"wp-block-heading has-text-align-center\">Asientos de anfiteatro<\/h3>\n\n\n\n<h4 class=\"wp-block-heading has-text-align-center\"><strong>$2,500 | 10 a\u00f1os<\/strong><\/h4>\n\n\n\n<p class=\"has-text-align-center\">Las gradas que rodean las majestuosas cascadas en el Anfiteatro de la Fundaci\u00f3n Familia McGrath en Toyota Elephant Passage, son un regalo incre\u00edble para el amante de los elefantes en tu vida. En las gradas se puede colocar una placa de lat\u00f3n con la inscripci\u00f3n que elijas.<\/p>\n\n<\/div>\n<\/div>\n<\/div>\n<\/div>\n    <\/div>\n    <\/div><\/div>\n\n\n<\/div>\n<\/div>\n<\/div>\n\n<\/div>\n<\/div>\n\n\n\n\n<div  class='lhl-section urbi-component urbi-component front_view lhl_spacing_t_01 lhl_spacing_b_09 lhl_spacing_l_00 lhl_spacing_r_00 section-background-t urbi-component-bg--white' ><div class=\"urbi-component-inner\">\n    <div class=\"is-layout-constrained\">\n\n\n\n<div  class='urbi\/tiles urbi-component urbi-component front_view lhl_spacing_t_00 lhl_spacing_b_00 lhl_spacing_l_00 lhl_spacing_r_00 section-background-t' >\n<div class=\"uk-child-width-1-3@s uk-grid-match\" uk-grid>\n    \n\n\n<div>\n\n        <div  class='urbi\/tile urbi-card urbi-card--tile urbi-card--shadow-3' >\n    <div class=\"urbi-tile-inner\">\n                <div class=\"tile-content padding-none\">\n\n\n\n<div  class='lhl-card urbi-component urbi-component front_view lhl_comp_width_inherit lhl_spacing_t_00 lhl_spacing_b_02 lhl_spacing_l_05 lhl_spacing_r_05 section-background-t  lhl_card  lhl_card_shadow_0 lhl_card_radius_0' ><div class=\"urbi-component-inner\">\n    <div class=\"acf-innerblocks-container\">\n\n\n\n<div  class='lhl-section urbi-component urbi-component front_view lhl_comp_width_wide lhl_spacing_t_00 lhl_spacing_b_00 lhl_spacing_l_00 lhl_spacing_r_00 section-background-t  bg-pattern-' ><div class=\"urbi-component-inner\">\n    <div class=\"is-layout-constrained\">\n\n<figure class=\"wp-block-image alignwide size-full\"><img loading=\"lazy\" decoding=\"async\" width=\"1280\" height=\"870\" src=\"https:\/\/denverzoo.org\/wp-content\/uploads\/2019\/06\/Memorial_GardensAndTrees_Thumb.jpg\" alt=\"\" class=\"wp-image-11948\" srcset=\"https:\/\/denverzoo.org\/wp-content\/uploads\/2019\/06\/Memorial_GardensAndTrees_Thumb.jpg 1280w, https:\/\/denverzoo.org\/wp-content\/uploads\/2019\/06\/Memorial_GardensAndTrees_Thumb-220x150.jpg 220w, https:\/\/denverzoo.org\/wp-content\/uploads\/2019\/06\/Memorial_GardensAndTrees_Thumb-768x522.jpg 768w, https:\/\/denverzoo.org\/wp-content\/uploads\/2019\/06\/Memorial_GardensAndTrees_Thumb-1024x696.jpg 1024w, https:\/\/denverzoo.org\/wp-content\/uploads\/2019\/06\/Memorial_GardensAndTrees_Thumb-18x12.jpg 18w\" sizes=\"auto, (max-width: 1280px) 100vw, 1280px\" \/><\/figure>\n\n<\/div>\n\n<\/div>\n<\/div>\n\n\n<h3 class=\"wp-block-heading has-text-align-center\">Jardines y \u00e1rboles<\/h3>\n\n\n\n<h4 class=\"wp-block-heading has-text-align-center\"><strong>$10.000 |  10 a\u00f1os<\/strong><\/h4>\n\n\n\n<p class=\"has-text-align-center\">Desde frondosos robles hasta macizos de flores anuales, adoptar un \u00e1rbol y un jard\u00edn vivos es una forma hermosa de honrar a un ser querido. Trabajaremos con usted para elegir su jard\u00edn y \u00e1rbol preferido. Se colocar\u00e1 una placa de piedra con la inscripci\u00f3n de su elecci\u00f3n en la base de la cama o \u00e1rbol del jard\u00edn.<\/p>\n\n<\/div>\n<\/div>\n<\/div>\n<\/div>\n    <\/div>\n    <\/div><\/div>\n\n\n\n<div>\n\n        <div  class='urbi\/tile urbi-card urbi-card--tile urbi-card--shadow-3' >\n    <div class=\"urbi-tile-inner\">\n                <div class=\"tile-content padding-none\">\n\n\n\n<div  class='lhl-card urbi-component urbi-component front_view lhl_comp_width_inherit lhl_spacing_t_00 lhl_spacing_b_02 lhl_spacing_l_05 lhl_spacing_r_05 section-background-t  lhl_card  lhl_card_shadow_0 lhl_card_radius_0' ><div class=\"urbi-component-inner\">\n    <div class=\"acf-innerblocks-container\">\n\n\n\n<div  class='lhl-section urbi-component urbi-component front_view lhl_comp_width_wide lhl_spacing_t_00 lhl_spacing_b_00 lhl_spacing_l_00 lhl_spacing_r_00 section-background-t  bg-pattern-' ><div class=\"urbi-component-inner\">\n    <div class=\"is-layout-constrained\">\n\n<figure class=\"wp-block-image size-full\"><img loading=\"lazy\" decoding=\"async\" width=\"1280\" height=\"870\" src=\"https:\/\/denverzoo.org\/wp-content\/uploads\/2019\/06\/Memorial_Train_Thumb.jpg\" alt=\"\" class=\"wp-image-11950\" srcset=\"https:\/\/denverzoo.org\/wp-content\/uploads\/2019\/06\/Memorial_Train_Thumb.jpg 1280w, https:\/\/denverzoo.org\/wp-content\/uploads\/2019\/06\/Memorial_Train_Thumb-220x150.jpg 220w, https:\/\/denverzoo.org\/wp-content\/uploads\/2019\/06\/Memorial_Train_Thumb-768x522.jpg 768w, https:\/\/denverzoo.org\/wp-content\/uploads\/2019\/06\/Memorial_Train_Thumb-1024x696.jpg 1024w, https:\/\/denverzoo.org\/wp-content\/uploads\/2019\/06\/Memorial_Train_Thumb-18x12.jpg 18w\" sizes=\"auto, (max-width: 1280px) 100vw, 1280px\" \/><\/figure>\n\n<\/div>\n\n<\/div>\n<\/div>\n\n\n<h3 class=\"wp-block-heading has-text-align-center\">Asientos de tren<\/h3>\n\n\n\n<h4 class=\"wp-block-heading has-text-align-center\"><strong>Plazas: $10.000 | 10 a\u00f1os<\/strong><br><\/h4>\n\n\n\n<h3 class=\"wp-block-heading has-text-align-center\">Entrenadores<\/h3>\n\n\n\n<h4 class=\"wp-block-heading has-text-align-center\"><strong>Autocares: $25.000 | 10 a\u00f1os<\/strong><\/h4>\n\n\n\n<p class=\"has-text-align-center\">El Ferrocarril del Zool\u00f3gico de Denver ha sido una caracter\u00edstica emblem\u00e1tica de nuestro campus durante casi cinco d\u00e9cadas. Cuenta con asientos grandes y c\u00f3modos y vagones m\u00e1s altos que ofrecen vistas de los alrededores. El tren rodea el Woodland Garden del zool\u00f3gico y pasa por el Carrusel de Conservaci\u00f3n.<\/p>\n\n\n\n<p class=\"has-text-align-center\">Cada asiento y entrenador ofrece una oportunidad para nombrar y viene con una placa de bronce personalizada.<\/p>\n\n<\/div>\n<\/div>\n<\/div>\n<\/div>\n    <\/div>\n    <\/div><\/div>\n\n\n\n<div>\n\n        <div  class='urbi\/tile urbi-card urbi-card--tile urbi-card--shadow-3' >\n    <div class=\"urbi-tile-inner\">\n                <div class=\"tile-content padding-none\">\n\n\n\n<div  class='lhl-card urbi-component urbi-component front_view lhl_comp_width_inherit lhl_spacing_t_00 lhl_spacing_b_02 lhl_spacing_l_05 lhl_spacing_r_05 section-background-t  lhl_card  lhl_card_shadow_0 lhl_card_radius_0' ><div class=\"urbi-component-inner\">\n    <div class=\"acf-innerblocks-container\">\n\n\n\n<div  class='lhl-section urbi-component urbi-component front_view lhl_comp_width_wide lhl_spacing_t_00 lhl_spacing_b_00 lhl_spacing_l_00 lhl_spacing_r_00 section-background-t  bg-pattern-' ><div class=\"urbi-component-inner\">\n    <div class=\"is-layout-constrained\">\n\n<figure class=\"wp-block-image size-full\"><img loading=\"lazy\" decoding=\"async\" width=\"1024\" height=\"678\" src=\"https:\/\/denverzoo.org\/wp-content\/uploads\/2018\/09\/Exhibits_TrainCarousel_01.jpg\" alt=\"Girl riding on Denver Zoo Carousel\" class=\"wp-image-4345\" srcset=\"https:\/\/denverzoo.org\/wp-content\/uploads\/2018\/09\/Exhibits_TrainCarousel_01.jpg 1024w, https:\/\/denverzoo.org\/wp-content\/uploads\/2018\/09\/Exhibits_TrainCarousel_01-220x146.jpg 220w, https:\/\/denverzoo.org\/wp-content\/uploads\/2018\/09\/Exhibits_TrainCarousel_01-768x509.jpg 768w, https:\/\/denverzoo.org\/wp-content\/uploads\/2018\/09\/Exhibits_TrainCarousel_01-18x12.jpg 18w\" sizes=\"auto, (max-width: 1024px) 100vw, 1024px\" \/><\/figure>\n\n<\/div>\n\n<\/div>\n<\/div>\n\n\n<h3 class=\"wp-block-heading has-text-align-center\">Carrusel<\/h3>\n\n\n\n<h4 class=\"wp-block-heading has-text-align-center\"><strong>$15.000 | 10 a\u00f1os<\/strong><\/h4>\n\n\n\n<p class=\"has-text-align-center\">En 2001, la Alianza para la Conservaci\u00f3n del Zool\u00f3gico de Denver inaugur\u00f3 el Carrusel de Conservaci\u00f3n, que presenta 48 animales tallados a mano que representan especies raras y en peligro de extinci\u00f3n en todo el mundo. Todos los animales est\u00e1n pintados a mano y acabados con ocho capas de esmalte transparente, lo que garantiza que el color y los detalles resistir\u00e1n la prueba del tiempo y el clima.<\/p>\n\n\n\n<p class=\"has-text-align-center\">Una placa personalizada con su mensaje especial colgar\u00e1 justo debajo de la informaci\u00f3n de identificaci\u00f3n del animal. La placa refleja los colores vibrantes y el dise\u00f1o del carrusel. La oferta es limitada.<\/p>\n\n<\/div>\n<\/div>\n<\/div>\n<\/div>\n    <\/div>\n    <\/div><\/div>\n\n\n<\/div>\n<\/div>\n<\/div>\n\n<\/div>\n<\/div>\n\n\n\n\n<div  class='lhl-section urbi-component urbi-component front_view lhl_spacing_t_00 lhl_spacing_b_00 lhl_spacing_l_00 lhl_spacing_r_00 section-background-t  bg-pattern-' ><div class=\"urbi-component-inner\">\n    <div class=\"is-layout-constrained\">\n\r\n\r\n<div  class='lhl-text-and-image urbi-component urbi-component front_view lhl_spacing_t_00 lhl_spacing_b_00 lhl_spacing_l_00 lhl_spacing_r_00 section-background-t' >\r\n<div class=\"urbi-component-inner\">\r\n\r\n    <div class=\"text_and_image_comp_inner lhl_grid_default lhl_grid uk-grid-match\" uk-grid>\r\n\r\n                <div class=\"lhl_grid_col lhl-text-and-image__col-img lhl_width_1_2@m\">\r\n\r\n            \r\n                \r\n                                    <div class=\"default-image-container\">\r\n                                                    <img decoding=\"async\" width=\"400\" height=\"380\" src=\"https:\/\/denverzoo.org\/wp-content\/uploads\/2024\/06\/Headshot_JosieStewart-400x380.jpg\" class=\"urbi-img img-class\" alt=\"\" loading=\"lazy\" srcset=\"https:\/\/denverzoo.org\/wp-content\/uploads\/2024\/06\/Headshot_JosieStewart-400x380.jpg 400w, https:\/\/denverzoo.org\/wp-content\/uploads\/2024\/06\/Headshot_JosieStewart-12x12.jpg 12w\" sizes=\"auto, (max-width: 400px) 100vw, 400px\" \/>                                            <\/div>\r\n                \r\n                \r\n            \r\n            \r\n                    <\/div>\r\n\r\n                <div class=\"lhl_grid_col lhl-text-and-image__col-text lhl_width_1_2@m\">\r\n            <div class=\"lhl-text-and-image__col-text-inner lhl_spacing_03\" style=\"\">\r\n                <div class=\"acf-innerblocks-container\">\n\n<h2 class=\"wp-block-heading\"><strong>Charlemos<\/strong><\/h2>\n\n\n\n<p>Cualquier donaci\u00f3n monetaria a la Fundaci\u00f3n Zool\u00f3gica de Denver puede asignarse al \u00e1rea de su elecci\u00f3n (donde m\u00e1s se necesite, cuidado de animales, conservaci\u00f3n, educaci\u00f3n o enriquecimiento). Una vez recibida la donaci\u00f3n, notificaremos a la (s) persona (s) que se hizo un obsequio en su honor o memoria.<\/p>\n\n\n\n<p>Comun\u00edquese con Josie Stewart, Gerente de planificaci\u00f3n de obsequios y principales obsequios, para obtener m\u00e1s informaci\u00f3n,&nbsp;<a href=\"mailto:jstewart@denverzoo.org\">jstewart@denverzoo.org<\/a>, 720-337-1463<\/p>\n\n\n    \r\n    \r\n    <div class='urbi_button_link'><a class=\"urbi-link lhl_button lhl_button--small lhl_button_color_default lhl_button_width_default lhl_button--block\" href=\"mailto:%20jstewart@denverzoo.org\" target=\"\" rel=\"noopener noreferrer\" >Contacta con Josie<\/a><\/div>\n<\/div>\r\n            <\/div>\r\n        <\/div>\r\n    <\/div>\r\n<\/div>\r\n<\/div>\n<\/div>\n\n<\/div>\n<\/div>","protected":false},"excerpt":{"rendered":"","protected":false},"author":11,"featured_media":11954,"parent":22555,"menu_order":0,"comment_status":"closed","ping_status":"closed","template":"","meta":{"_acf_changed":true,"_relevanssi_hide_post":"","_relevanssi_hide_content":"","_relevanssi_pin_for_all":"","_relevanssi_pin_keywords":"","_relevanssi_unpin_keywords":"","_relevanssi_related_keywords":"","_relevanssi_related_include_ids":"","_relevanssi_related_exclude_ids":"","_relevanssi_related_no_append":"","_relevanssi_related_not_related":"","_relevanssi_related_posts":"","_relevanssi_noindex_reason":"","footnotes":""},"class_list":["post-11925","page","type-page","status-publish","has-post-thumbnail","hentry"],"acf":[],"_links":{"self":[{"href":"https:\/\/denverzoo.org\/es\/wp-json\/wp\/v2\/pages\/11925","targetHints":{"allow":["GET"]}}],"collection":[{"href":"https:\/\/denverzoo.org\/es\/wp-json\/wp\/v2\/pages"}],"about":[{"href":"https:\/\/denverzoo.org\/es\/wp-json\/wp\/v2\/types\/page"}],"author":[{"embeddable":true,"href":"https:\/\/denverzoo.org\/es\/wp-json\/wp\/v2\/users\/11"}],"replies":[{"embeddable":true,"href":"https:\/\/denverzoo.org\/es\/wp-json\/wp\/v2\/comments?post=11925"}],"version-history":[{"count":0,"href":"https:\/\/denverzoo.org\/es\/wp-json\/wp\/v2\/pages\/11925\/revisions"}],"up":[{"embeddable":true,"href":"https:\/\/denverzoo.org\/es\/wp-json\/wp\/v2\/pages\/22555"}],"wp:featuredmedia":[{"embeddable":true,"href":"https:\/\/denverzoo.org\/es\/wp-json\/wp\/v2\/media\/11954"}],"wp:attachment":[{"href":"https:\/\/denverzoo.org\/es\/wp-json\/wp\/v2\/media?parent=11925"}],"curies":[{"name":"gracias","href":"https:\/\/api.w.org\/{rel}","templated":true}]}}