{"id":11963,"date":"2019-06-12T09:44:57","date_gmt":"2019-06-12T15:44:57","guid":{"rendered":"https:\/\/denverzootemp.org\/?page_id=11963"},"modified":"2022-12-07T08:33:32","modified_gmt":"2022-12-07T15:33:32","slug":"other-ways-to-give","status":"publish","type":"page","link":"https:\/\/denverzoo.org\/es\/support\/other-ways-to-give\/","title":{"rendered":"Soporte | Otras formas de dar"},"content":{"rendered":"<h3>\n\t\tApoya a Denver Zoo\n\t<\/h3>\n\t<p>\u00a1Haga una donaci\u00f3n ahora para ayudar a los animales de inmediato!<\/p>\n\t\t\t<a href=\"\/es\/support\/donate\/\" target=\"_self\" role=\"button\" rel=\"noopener\">\n\t\t\t\t\t\t\tDona ahora\n\t\t\t\t\t<\/a>\n<h1>\n\t\tRegalos principales \n\t<\/h1>\n<h2>\n\t\tJuntos, somos una fuerza de la naturaleza. \n\t<\/h2>\n\t<p>Como organizaci\u00f3n sin fines de lucro y la instituci\u00f3n cultural m\u00e1s antigua de Denver, el zool\u00f3gico depende de los fondos recaudados a trav\u00e9s del apoyo filantr\u00f3pico privado para mantener la excelencia en el cuidado de los animales, el trabajo de conservaci\u00f3n y la educaci\u00f3n para todos.<\/p>\n<p>Un regalo en efectivo es la forma m\u00e1s directa e inmediata de apoyar al Zool\u00f3gico de Denver. Al hacer una donaci\u00f3n en efectivo, se beneficiar\u00e1 de un cr\u00e9dito fiscal ben\u00e9fico mientras toma medidas positivas para los animales salvajes y los lugares salvajes. Puedes realizar tu regalo online con nuestro <a href=\"\/es\/support\/donate\/\">Formulario Donar ahora<\/a> o enviando un cheque o giro postal por correo a:<\/p>\n<h4>Fundaci\u00f3n Zool\u00f3gica de Denver<\/h4>\nA la atenci\u00f3n de: Departamento de Desarrollo<br \/>\n2300 Steele Street<br \/>\nDenver, CO 80205 [V\u00cdDEO EMERGENTE COMPLETO]\n\t\t\t\t<img loading=\"lazy\" decoding=\"async\" src=\"https:\/\/denverzoo.org\/wp-content\/uploads\/2019\/12\/CristinaSloan_headshot.jpg\" alt=\"cristina sloan\" itemprop=\"image\" height=\"400\" width=\"400\" title=\"CristinaSloan_headshot\" onerror=\"this.style.display='none'\"  \/>\n\t\t<h2>Contactar a Cristina Sloan<\/h2>\n\t\t<p>Si env\u00eda un cheque o giro postal, comun\u00edquese con Cristina Sloan, Directora de Desarrollo y Relaciones Gubernamentales, al <a href=\"mailto:csloan@denverzoo.org\">csloan@denverzoo.org<\/a> o al 720-337-1704, para compartir c\u00f3mo le gustar\u00eda que se usara su regalo.<\/p>\n\t\t\t<a href=\"mailto:csloan@denverzoo.org\" target=\"_self\" role=\"button\" rel=\"noopener\">\n\t\t\t\t\t\t\tContacta con Cristina \n\t\t\t\t\t<\/a>\n\t[VIDEO-POPUP]\n\t\t<h3>Donaci\u00f3n de coches<\/h3>\n\t\t<p>Nuestro socio Vehicles for Charity facilita la donaci\u00f3n de su autom\u00f3vil a organizaciones ben\u00e9ficas, con el zool\u00f3gico de Denver como beneficiario, y puede hacerlo todo con unos pocos clics o una llamada telef\u00f3nica r\u00e1pida.<\/p>\n\t\t\t<a href=\"\/es\/support\/car-donation\/\" target=\"_self\" role=\"button\" rel=\"noopener\">\n\t\t\t\t\t\t\tDonaci\u00f3n de coches\n\t\t\t\t\t<\/a>\n\t\t<h2>Sonrisa Amaz\u00f3nica<\/h2>\n\t\t<p>\u00bfSab\u00edas que cuando compras en Amazon, una parte de lo que gastas podr\u00eda beneficiar al zool\u00f3gico? \u00a1Visite smile.amazon.com y seleccione el zool\u00f3gico de Denver como su organizaci\u00f3n ben\u00e9fica! Cada vez que realiza un pedido, 0.5% del precio de compra respaldar\u00e1 los programas de cuidado, educaci\u00f3n y conservaci\u00f3n de animales que ama.<\/p>\n\t\t\t<a href=\"http:\/\/smile.amazon.com\" target=\"_blank\" role=\"button\" rel=\"noopener\">\n\t\t\t\t\t\t\tSonrisa Amaz\u00f3nica\n\t\t\t\t\t<\/a>\n\t[VIDEO-POPUP]\n\t\t<h2>Donaci\u00f3n de coches<\/h2>\n\t\t<p>Nuestro socio Vehicles for Charity facilita la donaci\u00f3n de su autom\u00f3vil a organizaciones ben\u00e9ficas, con el zool\u00f3gico de Denver como beneficiario, y puede hacerlo todo con unos pocos clics o una llamada telef\u00f3nica r\u00e1pida.<\/p>\n\t\t\t<a href=\"\/es\/support\/car-donation\/\" target=\"_self\" role=\"button\" rel=\"noopener\">\n\t\t\t\t\t\t\tDonaci\u00f3n de coches\n\t\t\t\t\t<\/a>\n\t[VIDEO-POPUP] [VIDEO-POPUP]\n\t\t<h3>Regalo a juego<\/h3>\n\t\t<h4><em>\u00bfTiene curiosidad por saber si puede duplicar o incluso triplicar su regalo?<\/em><\/h4>\n<p>Muchas empresas ofrecen programas de obsequios equivalentes para los empleados que realizan generosas donaciones a organizaciones sin fines de lucro como el Zool\u00f3gico de Denver. Lo que nuestros animales podr\u00edan decir es: no dejes dinero en la percha.<\/p>\n<p>Puede buscar su empresa, estar vinculado a un contacto individual o directamente a la p\u00e1gina de informaci\u00f3n de coincidencias de empleados de su empresa.<\/p>\n\t\t\t<a href=\"http:\/\/matchfinderonline.blackbaud.com\/MatchGiftInquiry.aspx?cid=21227\" target=\"_blank\" role=\"button\" rel=\"noopener\">\n\t\t\t\t\t\t\tUsar la combinaci\u00f3n de regalos\n\t\t\t\t\t<\/a>\n\t\t<h2>\u00bfQue estas esperando?<\/h2>\n\t\t<p>Tienes el poder de ayudar a nuestra comunidad a aprender, crecer y prosperar. As\u00f3ciese con el Zool\u00f3gico de Denver y seamos una fuerza para el bien.<\/p>\n\t\t\t<a href=\"\/es\/support\/donate\/\" target=\"_self\" role=\"button\" rel=\"noopener\">\n\t\t\t\t\t\t\tDona ahora\n\t\t\t\t\t<\/a>","protected":false},"excerpt":{"rendered":"","protected":false},"author":11,"featured_media":11967,"parent":22555,"menu_order":0,"comment_status":"closed","ping_status":"closed","template":"","meta":{"_acf_changed":false,"_relevanssi_hide_post":"","_relevanssi_hide_content":"","_relevanssi_pin_for_all":"","_relevanssi_pin_keywords":"","_relevanssi_unpin_keywords":"","_relevanssi_related_keywords":"","_relevanssi_related_include_ids":"","_relevanssi_related_exclude_ids":"","_relevanssi_related_no_append":"","_relevanssi_related_not_related":"","_relevanssi_related_posts":"116,121,123,538,1202,1775","_relevanssi_noindex_reason":"","footnotes":""},"class_list":["post-11963","page","type-page","status-publish","has-post-thumbnail","hentry"],"acf":[],"_links":{"self":[{"href":"https:\/\/denverzoo.org\/es\/wp-json\/wp\/v2\/pages\/11963","targetHints":{"allow":["GET"]}}],"collection":[{"href":"https:\/\/denverzoo.org\/es\/wp-json\/wp\/v2\/pages"}],"about":[{"href":"https:\/\/denverzoo.org\/es\/wp-json\/wp\/v2\/types\/page"}],"author":[{"embeddable":true,"href":"https:\/\/denverzoo.org\/es\/wp-json\/wp\/v2\/users\/11"}],"replies":[{"embeddable":true,"href":"https:\/\/denverzoo.org\/es\/wp-json\/wp\/v2\/comments?post=11963"}],"version-history":[{"count":0,"href":"https:\/\/denverzoo.org\/es\/wp-json\/wp\/v2\/pages\/11963\/revisions"}],"up":[{"embeddable":true,"href":"https:\/\/denverzoo.org\/es\/wp-json\/wp\/v2\/pages\/22555"}],"wp:featuredmedia":[{"embeddable":true,"href":"https:\/\/denverzoo.org\/es\/wp-json\/wp\/v2\/media\/11967"}],"wp:attachment":[{"href":"https:\/\/denverzoo.org\/es\/wp-json\/wp\/v2\/media?parent=11963"}],"curies":[{"name":"gracias","href":"https:\/\/api.w.org\/{rel}","templated":true}]}}