{"id":12155,"date":"2019-06-17T15:57:50","date_gmt":"2019-06-17T21:57:50","guid":{"rendered":"https:\/\/denverzootemp.org\/?page_id=12155"},"modified":"2022-01-28T13:34:31","modified_gmt":"2022-01-28T20:34:31","slug":"corporate-membership","status":"publish","type":"page","link":"https:\/\/denverzoo.org\/es\/support\/corporate-membership\/","title":{"rendered":"Soporte | Membres\u00eda corporativa"},"content":{"rendered":"<h3>\n\t\tCont\u00e1ctanos\n\t<\/h3>\n\t<p>Danny Hastings es nuestro coordinador de asociaciones corporativas y le encantar\u00eda hablar contigo.<\/p>\n\t\t\t<a href=\"mailto:Dhastings@denverzoo.org\" target=\"_self\" role=\"button\" rel=\"noopener\">\n\t\t\t\t\t\t\tP\u00f3ngase en contacto con Danny\n\t\t\t\t\t<\/a>\n<h1>\n\t\t \u00a1Las empresas tambi\u00e9n pueden ser miembros del Zool\u00f3gico de Denver! \n\t<\/h1>\n\t<p>El zool\u00f3gico de Denver ha servido para conectar generaciones con animales salvajes y lugares salvajes. A trav\u00e9s del Programa de Membres\u00eda Corporativa, le est\u00e1 mostrando a la comunidad en general que valora a sus empleados al brindar acceso y beneficios al Zool\u00f3gico de Denver y promover esa conexi\u00f3n. A trav\u00e9s de la Membres\u00eda Corporativa, las empresas pueden ofrecer a sus empleados:<\/p>\n\t[VIDEO-POPUP]\n\t\t<h3>Tarjeta de admisi\u00f3n <\/h3>\n\t\t<p>Una tarjeta de admisi\u00f3n transferible para hasta cuatro personas por visita durante todo el a\u00f1o.<\/p>\n\t\t\t<a href=\"\" target=\"_self\" role=\"button\" rel=\"noopener\">\n\t\t\t\t\t\t\tHaga clic aqu\u00ed\n\t\t\t\t\t<\/a>\n\t\t<h2>Descuentos.<\/h2>\n\t\t<p>Tienda de regalos y descuentos en alimentos y bebidas.<\/p>\n\t\t\t<a href=\"\" target=\"_self\" role=\"button\" rel=\"noopener\">\n\t\t\t\t\t\t\tHaga clic aqu\u00ed\n\t\t\t\t\t<\/a>\n\t[VIDEO-POPUP]\n\t\t\t\t<img loading=\"lazy\" decoding=\"async\" src=\"https:\/\/denverzoo.org\/wp-content\/uploads\/2019\/06\/CorporateMembership_SpecialEvents_Thumb.jpg\" alt=\"Corporate Membership Special Events Thumb\" itemprop=\"image\" height=\"400\" width=\"400\" title=\"Membres\u00eda corporativa Eventos especiales Thumb\" onerror=\"this.style.display='none'\"  \/>\n\t\t<h2>Eventos especiales<\/h2>\n\t\t<p>\u00a1La posibilidad de comprar entradas con descuento para eventos especiales como Zoo Lights!<\/p>\n\t\t\t<a href=\"\" target=\"_self\" role=\"button\" rel=\"noopener\">\n\t\t\t\t\t\t\tHaga clic aqu\u00ed\n\t\t\t\t\t<\/a>\n\t[VIDEO-POPUP]\n\t\t<h3>Reconocimiento<\/h3>\n\t\t<p>Reconocimiento en el sitio web de Socios Corporativos del Zool\u00f3gico de Denver, en el informe anual y en nuestro muro de donantes.<\/p>\n\t\t\t<a href=\"\" target=\"_self\" role=\"button\" rel=\"noopener\">\n\t\t\t\t\t\t\tHaga clic aqu\u00ed\n\t\t\t\t\t<\/a>\n\t\t<h2>M\u00e1rketing <\/h2>\n\t\t<p>Acceso a oportunidades de marketing promocional en el sitio para los 2 millones de visitantes anuales del Zool\u00f3gico de Denver.<\/p>\n\t\t\t<a href=\"\" target=\"_self\" role=\"button\" rel=\"noopener\">\n\t\t\t\t\t\t\tHaga clic aqu\u00ed\n\t\t\t\t\t<\/a>\n\t[VIDEO-POPUP]\n\t\t\t\t<img loading=\"lazy\" decoding=\"async\" src=\"https:\/\/denverzoo.org\/wp-content\/uploads\/2019\/06\/Headshot_DannyHastings.jpg\" alt=\"Headshot Danny Hastings\" itemprop=\"image\" height=\"400\" width=\"400\" title=\"Disparo en la cabeza Danny Hastings\" onerror=\"this.style.display='none'\"  \/>\n\t\t<h2>Charlemos<\/h2>\n\t\t<p>Tu apoyo nos permite continuar <strong>el cuidado excepcional de los 3.000 animales<\/strong> que llaman hogar al zool\u00f3gico de Denver. Esto asegura que nuestros hu\u00e9spedes continuar\u00e1n descubriendo la pasi\u00f3n por los animales, tanto a nivel local como global. Como miembro corporativo, est\u00e1 ayudando a respaldar nuestro trabajo para preservar, proteger y proteger la vida silvestre y sus h\u00e1bitats.\u00a0<strong>Todas las membres\u00edas corporativas comienzan en solo $2,500 y son v\u00e1lidas por un a\u00f1o completo.\u00a0<\/strong>Para obtener m\u00e1s informaci\u00f3n sobre el Programa de Membres\u00eda Corporativa del Zool\u00f3gico de Denver, comun\u00edquese con:<\/p>\n<strong>danny hastings | Gerente de Alianzas Corporativas<\/strong><br \/>\nTel. 720-337-1559 | MI.\u00a0<a href=\"mailto:dhastings@denverzoo.org\">dhastings@denverzoo.org<\/a>\n\t\t\t<a href=\"mailto:dhastings@denverzoo.org\" target=\"_self\" role=\"button\" rel=\"noopener\">\n\t\t\t\t\t\t\tP\u00f3ngase en contacto con Danny\n\t\t\t\t\t<\/a>","protected":false},"excerpt":{"rendered":"","protected":false},"author":11,"featured_media":11044,"parent":22555,"menu_order":0,"comment_status":"closed","ping_status":"closed","template":"","meta":{"_acf_changed":false,"_relevanssi_hide_post":"","_relevanssi_hide_content":"","_relevanssi_pin_for_all":"","_relevanssi_pin_keywords":"","_relevanssi_unpin_keywords":"","_relevanssi_related_keywords":"","_relevanssi_related_include_ids":"","_relevanssi_related_exclude_ids":"","_relevanssi_related_no_append":"","_relevanssi_related_not_related":"","_relevanssi_related_posts":"","_relevanssi_noindex_reason":"","footnotes":""},"class_list":["post-12155","page","type-page","status-publish","has-post-thumbnail","hentry"],"acf":[],"_links":{"self":[{"href":"https:\/\/denverzoo.org\/es\/wp-json\/wp\/v2\/pages\/12155","targetHints":{"allow":["GET"]}}],"collection":[{"href":"https:\/\/denverzoo.org\/es\/wp-json\/wp\/v2\/pages"}],"about":[{"href":"https:\/\/denverzoo.org\/es\/wp-json\/wp\/v2\/types\/page"}],"author":[{"embeddable":true,"href":"https:\/\/denverzoo.org\/es\/wp-json\/wp\/v2\/users\/11"}],"replies":[{"embeddable":true,"href":"https:\/\/denverzoo.org\/es\/wp-json\/wp\/v2\/comments?post=12155"}],"version-history":[{"count":0,"href":"https:\/\/denverzoo.org\/es\/wp-json\/wp\/v2\/pages\/12155\/revisions"}],"up":[{"embeddable":true,"href":"https:\/\/denverzoo.org\/es\/wp-json\/wp\/v2\/pages\/22555"}],"wp:featuredmedia":[{"embeddable":true,"href":"https:\/\/denverzoo.org\/es\/wp-json\/wp\/v2\/media\/11044"}],"wp:attachment":[{"href":"https:\/\/denverzoo.org\/es\/wp-json\/wp\/v2\/media?parent=12155"}],"curies":[{"name":"gracias","href":"https:\/\/api.w.org\/{rel}","templated":true}]}}