{"id":1255,"date":"2018-08-24T21:11:39","date_gmt":"2018-08-24T21:11:39","guid":{"rendered":"https:https:\/\/denverzooprod.drud.io\/?page_id=1255"},"modified":"2018-08-24T21:48:28","modified_gmt":"2018-08-24T21:48:28","slug":"demo-pagebuilder","status":"publish","type":"page","link":"https:\/\/denverzoo.org\/es\/demo-pagebuilder\/","title":{"rendered":"PageBuilder de demostraci\u00f3n"},"content":{"rendered":"<h3>Lorem ipsum<\/h3>\n<p>Lorem Ipsum<\/p>\n<h1>Lorem Ipsum<\/h1>\n<h2>Dolor Sit Amet<\/h2>\n<p>Lorem ipsum dolor sit amet, cum id erat solet. Id facer nonumes cum, ei ipsum recteque intellegat duo, cu pro eius euismod. Facer dissntias vel ut, qui ferri autem aliquando no.<\/p>\n<p><a role=\"button\" target=\"_self\"><br \/>\nHaga clic aqu\u00ed<br \/>\n<\/a><\/p>\n<h3>Dolor Sit Amet<\/h3>\n<p>Lorem ipsum dolor sit amet, cum id erat solet. Id facer nonumes cum, ei ipsum recteque intellegat duo, cu pro eius euismod. Facer dissntias vel ut, qui ferri autem aliquando no.<\/p>\n<h4>Dolor Sit Amet<\/h4>\n<h5>Lorem ipsum dolor sit amet<\/h5>\n<p>Lorem ipsum dolor sit amet, cum id erat solet. Id facer nonumes cum, ei ipsum recteque intellegat duo, cu pro eius euismod. Facer dissntias vel ut, qui ferri autem aliquando no.<\/p>\n<p><a role=\"button\" target=\"_self\"><br \/>\nHaga clic aqu\u00ed<br \/>\n<\/a><br \/>\n[VIDEO-POPUP]<\/p>\n<h3>\u00bfListo para encontrar m\u00e1s?<\/h3>\n<p>\u00a1Env\u00edenos una l\u00ednea hoy para una cotizaci\u00f3n gratis!<\/p>\n<p><a role=\"button\" target=\"_self\"><br \/>\nHaga clic aqu\u00ed<br \/>\n<\/a><\/p>","protected":false},"excerpt":{"rendered":"<p>Lorem ipsum Lorem Ipsum Lorem Ipsum Dolor Sit Amet Lorem ipsum dolor sit amet, cum id erat solet. Id facer nonumes cum, ei ipsum recteque intellegat duo, cu pro eius euismod. Facer dissentias vel ut, qui ferri autem aliquando no. Haga clic aqu\u00ed Dolor Sit Amet Lorem ipsum dolor sit amet, cum id erat solet. Identificaci\u00f3n [\u2026]<\/p>","protected":false},"author":40,"featured_media":0,"parent":0,"menu_order":0,"comment_status":"closed","ping_status":"closed","template":"","meta":{"_acf_changed":false,"_relevanssi_hide_post":"","_relevanssi_hide_content":"","_relevanssi_pin_for_all":"","_relevanssi_pin_keywords":"","_relevanssi_unpin_keywords":"","_relevanssi_related_keywords":"","_relevanssi_related_include_ids":"","_relevanssi_related_exclude_ids":"","_relevanssi_related_no_append":"","_relevanssi_related_not_related":"","_relevanssi_related_posts":"","_relevanssi_noindex_reason":"","footnotes":""},"class_list":["post-1255","page","type-page","status-publish","hentry"],"acf":[],"_links":{"self":[{"href":"https:\/\/denverzoo.org\/es\/wp-json\/wp\/v2\/pages\/1255","targetHints":{"allow":["GET"]}}],"collection":[{"href":"https:\/\/denverzoo.org\/es\/wp-json\/wp\/v2\/pages"}],"about":[{"href":"https:\/\/denverzoo.org\/es\/wp-json\/wp\/v2\/types\/page"}],"author":[{"embeddable":true,"href":"https:\/\/denverzoo.org\/es\/wp-json\/wp\/v2\/users\/40"}],"replies":[{"embeddable":true,"href":"https:\/\/denverzoo.org\/es\/wp-json\/wp\/v2\/comments?post=1255"}],"version-history":[{"count":0,"href":"https:\/\/denverzoo.org\/es\/wp-json\/wp\/v2\/pages\/1255\/revisions"}],"wp:attachment":[{"href":"https:\/\/denverzoo.org\/es\/wp-json\/wp\/v2\/media?parent=1255"}],"curies":[{"name":"gracias","href":"https:\/\/api.w.org\/{rel}","templated":true}]}}