{"id":12603,"date":"2019-07-03T10:19:43","date_gmt":"2019-07-03T16:19:43","guid":{"rendered":"https:\/\/denverzootemp.org\/?page_id=12603"},"modified":"2019-07-10T14:20:31","modified_gmt":"2019-07-10T20:20:31","slug":"ultimatedenver","status":"publish","type":"page","link":"https:\/\/denverzoo.org\/es\/ultimatedenver\/","title":{"rendered":"Sorteo de fin de semana definitivo en Denver | T\u00e9rminos y condiciones"},"content":{"rendered":"<h3>\n\t\t\u00bfPreguntas?<br \/>\n\t<\/h3>\n<p>Env\u00edanos un email a <a href=\"mailto:socialmedia@denverzoo.org\">socialmedia@denverzoo.org<\/a> con cualquier comentario o pregunta.<\/p>\n<p>\t\t\t<a href=\"mailto:socialmedia@denverzoo.org\" target=\"_self\" role=\"button\"><br \/>\n\t\t\t\t\t\t\tEnv\u00edanos un correo electr\u00f3nico<br \/>\n\t\t\t\t\t<\/a><\/p>\n<h1>\n\t\tT\u00e9rminos y condiciones<br \/>\n\t<\/h1>\n<h2>\n\t\tAviso de derechos de autor y marcas comerciales<br \/>\n\t<\/h2>\n<ol>\n<li>Esta promoci\u00f3n no est\u00e1 patrocinada, respaldada o administrada de ninguna manera por Instagram ni asociada con ella.<\/li>\n<li>No es necesario realizar ninguna compra para participar en el sorteo.<\/li>\n<li>Las participaciones solo se aceptar\u00e1n durante el per\u00edodo del sorteo a trav\u00e9s de un comentario que etiquete a tres amigos en la publicaci\u00f3n de Instagram.<\/li>\n<li>Se requiere el uso de mensajes directos de Instagram para fines de notificaci\u00f3n.<\/li>\n<li>Los premios no se pueden canjear por valor en efectivo. Si el ganador rechaza el premio, no se ofrecer\u00e1 ning\u00fan otro premio.<\/li>\n<li>El ganador ser\u00e1 seleccionado al azar y notificado por correo electr\u00f3nico por un empleado de la Fundaci\u00f3n Zool\u00f3gica de Denver dentro de los 15 d\u00edas posteriores al final del per\u00edodo del sorteo. Es posible que el ganador se publique en nuestras cuentas de redes sociales.<\/li>\n<li>En caso de que un premio sea rechazado o no sea reclamado durante una semana, se elegir\u00e1 un nuevo nombre y se contactar\u00e1 al ganador. Una vez que un premio no es reclamado \/ rechazado, el ganador anterior no puede reclamarlo m\u00e1s tarde. El proceso se repetir\u00e1 hasta que se acepte el premio.<\/li>\n<li>Las probabilidades est\u00e1n determinadas por el n\u00famero de entradas. Las entradas m\u00faltiples son nulas y solo se cuenta la primera entrada.<\/li>\n<li>Los empleados de la Fundaci\u00f3n Zool\u00f3gica de Denver y sus familias no son elegibles para este sorteo.<\/li>\n<li>Los sorteos son nulos donde est\u00e9n prohibidos.<\/li>\n<li>El premio es intransferible.<\/li>\n<li>El ganador acepta participar en la promoci\u00f3n del evento o obsequio ganado como premio; incluyendo, pero no limitado a, el uso de su nombre, fotograf\u00eda o semejanza, y testimonio sobre su experiencia en el programa.<\/li>\n<li>El ganador debe tener 18 a\u00f1os o m\u00e1s para poder optar a un premio.<\/li>\n<li>Denver Zoological Foundation no asume ninguna responsabilidad por cualquier p\u00e9rdida de propiedad, da\u00f1o o lesi\u00f3n personal que resulte de cualquier premio ganado.<\/li>\n<li>Los resultados del sorteo son definitivos: no se permiten sustituciones, cambios ni canjes en efectivo. Los nombres de los ganadores, y una copia de estas Reglas Oficiales, pueden obtenerse de la Denver Zoological Foundation enviando un sobre sellado con su direcci\u00f3n a la Denver Zoological Foundation, Attn: Learning &amp; Engagement Department, 2300 Steele St., Denver, CO 80205 .<\/li>\n<li>La Fundaci\u00f3n Zool\u00f3gica de Denver no es responsable de las entradas que no se reciban debido a problemas con el acceso a Internet.<\/li>\n<li>El sorteo est\u00e1 abierto \u00fanicamente a residentes legales de los Estados Unidos.<\/li>\n<\/ol>\n<p>&nbsp;<\/p>","protected":false},"excerpt":{"rendered":"<p>\u00bfPreguntas? Cont\u00e1ctanos a socialmedia@denverzoo.org con cualquier comentario o pregunta. T\u00e9rminos y Condiciones. Aviso de Derechos de Autor y Marca Registrada. Esta promoci\u00f3n no est\u00e1 patrocinada, avalada ni administrada por Instagram, ni asociada con ella. No es necesario realizar ninguna compra para participar. Solo se aceptar\u00e1n participaciones durante el sorteo mediante un comentario que etiquete a tres [\u2026]<\/p>","protected":false},"author":11,"featured_media":0,"parent":0,"menu_order":0,"comment_status":"closed","ping_status":"closed","template":"","meta":{"_acf_changed":false,"_relevanssi_hide_post":"","_relevanssi_hide_content":"","_relevanssi_pin_for_all":"","_relevanssi_pin_keywords":"","_relevanssi_unpin_keywords":"","_relevanssi_related_keywords":"","_relevanssi_related_include_ids":"","_relevanssi_related_exclude_ids":"","_relevanssi_related_no_append":"","_relevanssi_related_not_related":"","_relevanssi_related_posts":"","_relevanssi_noindex_reason":"","footnotes":""},"class_list":["post-12603","page","type-page","status-publish","hentry"],"acf":[],"_links":{"self":[{"href":"https:\/\/denverzoo.org\/es\/wp-json\/wp\/v2\/pages\/12603","targetHints":{"allow":["GET"]}}],"collection":[{"href":"https:\/\/denverzoo.org\/es\/wp-json\/wp\/v2\/pages"}],"about":[{"href":"https:\/\/denverzoo.org\/es\/wp-json\/wp\/v2\/types\/page"}],"author":[{"embeddable":true,"href":"https:\/\/denverzoo.org\/es\/wp-json\/wp\/v2\/users\/11"}],"replies":[{"embeddable":true,"href":"https:\/\/denverzoo.org\/es\/wp-json\/wp\/v2\/comments?post=12603"}],"version-history":[{"count":0,"href":"https:\/\/denverzoo.org\/es\/wp-json\/wp\/v2\/pages\/12603\/revisions"}],"wp:attachment":[{"href":"https:\/\/denverzoo.org\/es\/wp-json\/wp\/v2\/media?parent=12603"}],"curies":[{"name":"gracias","href":"https:\/\/api.w.org\/{rel}","templated":true}]}}