{"id":12726,"date":"2019-07-15T13:08:01","date_gmt":"2019-07-15T19:08:01","guid":{"rendered":"https:\/\/denverzootemp.org\/?page_id=12726"},"modified":"2019-08-13T15:46:41","modified_gmt":"2019-08-13T21:46:41","slug":"garden-party","status":"publish","type":"page","link":"https:\/\/denverzoo.org\/es\/garden-party\/","title":{"rendered":"Fiesta en el jard\u00edn de donantes"},"content":{"rendered":"<h3>\n\t\t\u00bfCu\u00e1ndo?<br \/>\n\t<\/h3>\n<p><b>Mi\u00e9rcoles 21 de agosto<\/b><br \/>\n5:30 - 7:30 p.m.<\/p>\n<h3>\n\t\tD\u00f3nde<br \/>\n\t<\/h3>\n<p><strong>Hogar de Cameron Wolfe y Dan Love<\/strong><br \/>\n28 Polo Field Lane<br \/>\nDenver, CO 80209<\/p>\n<h1>\n\t\t\u00bfQu\u00e9 florece en el zool\u00f3gico de Denver?<br \/>\n\t<\/h1>\n<h2>\n\t\tUna tarde entre las flores<br \/>\n\t<\/h2>\n<p>Cameron Wolfe y Dan Love lo invitan a unirse al director ejecutivo, Bert Vescolani, y conocer las pr\u00f3ximas actualizaciones de nuestras instalaciones y el futuro del zool\u00f3gico de Denver.<\/p>\n<p><em>Se servir\u00e1n entremeses y c\u00f3cteles pesados. Traje de fiesta en el jard\u00edn.<\/em><\/p>\n<\/p>\n<p>&nbsp;<\/p>","protected":false},"excerpt":{"rendered":"<p>Cu\u00e1ndo Mi\u00e9rcoles 21 de agosto 5:30 \u2013 7:30 p.m. D\u00f3nde Hogar de Cameron Wolfe y Dan Love 28 Polo Field Lane Denver, CO 80209 Qu\u00e9 est\u00e1 floreciendo en el zool\u00f3gico de Denver Una tarde entre las flores Cameron Wolfe y Dan Love lo invitan a unirse al director ejecutivo, Bert Vescolani, y aprender sobre nuestras pr\u00f3ximas actualizaciones de instalaciones y [\u2026]<\/p>","protected":false},"author":40,"featured_media":0,"parent":0,"menu_order":0,"comment_status":"closed","ping_status":"closed","template":"","meta":{"_acf_changed":false,"_relevanssi_hide_post":"","_relevanssi_hide_content":"","_relevanssi_pin_for_all":"","_relevanssi_pin_keywords":"","_relevanssi_unpin_keywords":"","_relevanssi_related_keywords":"","_relevanssi_related_include_ids":"","_relevanssi_related_exclude_ids":"","_relevanssi_related_no_append":"","_relevanssi_related_not_related":"","_relevanssi_related_posts":"","_relevanssi_noindex_reason":"","footnotes":""},"class_list":["post-12726","page","type-page","status-publish","hentry"],"acf":[],"_links":{"self":[{"href":"https:\/\/denverzoo.org\/es\/wp-json\/wp\/v2\/pages\/12726","targetHints":{"allow":["GET"]}}],"collection":[{"href":"https:\/\/denverzoo.org\/es\/wp-json\/wp\/v2\/pages"}],"about":[{"href":"https:\/\/denverzoo.org\/es\/wp-json\/wp\/v2\/types\/page"}],"author":[{"embeddable":true,"href":"https:\/\/denverzoo.org\/es\/wp-json\/wp\/v2\/users\/40"}],"replies":[{"embeddable":true,"href":"https:\/\/denverzoo.org\/es\/wp-json\/wp\/v2\/comments?post=12726"}],"version-history":[{"count":0,"href":"https:\/\/denverzoo.org\/es\/wp-json\/wp\/v2\/pages\/12726\/revisions"}],"wp:attachment":[{"href":"https:\/\/denverzoo.org\/es\/wp-json\/wp\/v2\/media?parent=12726"}],"curies":[{"name":"gracias","href":"https:\/\/api.w.org\/{rel}","templated":true}]}}