{"id":12926,"date":"2019-07-22T14:15:21","date_gmt":"2019-07-22T20:15:21","guid":{"rendered":"https:\/\/denverzootemp.org\/?page_id=12926"},"modified":"2019-07-22T14:56:16","modified_gmt":"2019-07-22T20:56:16","slug":"charlie-wright","status":"publish","type":"page","link":"https:\/\/denverzoo.org\/es\/charlie-wright\/","title":{"rendered":"Charlie Wright, del zool\u00f3gico de Denver, nombrado miembro de la junta directiva global de IMA"},"content":{"rendered":"<p>[link_to_contenthub_landing]<\/p>\n<h2><\/h2>\n<h1><\/h1>\n<p><a href=\"http:\/\/www.imanet.org\">IMA<sup>\u00ae<\/sup><\/a> (Institute of Management Accountants), una de las asociaciones m\u00e1s grandes y respetadas centrada exclusivamente en el avance de la profesi\u00f3n de contabilidad administrativa, se complace en anunciar que Charlie Wright, director financiero (CFO) del zool\u00f3gico de Denver, ha sido designado para servir como miembro de la Junta Directiva Global de IMA por un per\u00edodo de dos a\u00f1os hasta el 30 de junio de 2021.<\/p>\n<p>Compuesto por m\u00e1s de 50 miembros voluntarios de la membres\u00eda general de IMA, la Junta Directiva Global de IMA supervisa las actividades de la estrategia, los cap\u00edtulos y los comit\u00e9s de voluntarios de IMA. Como parte de sus responsabilidades como miembro de la Junta, el Sr. Wright tambi\u00e9n participar\u00e1 como miembro del Comit\u00e9 de la Junta de Gobierno de IMA.<\/p>\n<p>\u201cCon una historia de 100 a\u00f1os de innovaci\u00f3n y conocimiento de la contabilidad gerencial, IMA contin\u00faa manteniendo un papel de liderazgo en el avance de la profesi\u00f3n bajo la gu\u00eda de nuestra Junta Global, mientras satisface las necesidades de desarrollo profesional y certificaci\u00f3n de los profesionales de contabilidad y finanzas\u201d, dijo el presidente de IMA 2019-2020, Christian Cuzick, CMA. Charlie apoyar\u00e1 el desarrollo de los programas y la planificaci\u00f3n estrat\u00e9gica de IMA, mientras promueve la CMA<sup>\u00ae<\/sup> (Contador de gesti\u00f3n certificado). Lo felicito por aceptar este importante puesto de liderazgo voluntario y por ofrecer su tiempo y experiencia \u201d.<\/p>\n<p>Como tesorero y director financiero del zool\u00f3gico de Denver, Wright es responsable de todos los informes financieros internos y externos y de todas las actividades de tesorer\u00eda \/ inversi\u00f3n, tecnolog\u00eda de la informaci\u00f3n y gesti\u00f3n de riesgos. Anteriormente, fue vicepresidente senior de finanzas y administraci\u00f3n durante dos a\u00f1os en Mile High United Way. Su experiencia previa incluye m\u00e1s de 14 a\u00f1os como socio de Ernst &amp; Young.<em>.<\/em> Wright tambi\u00e9n pas\u00f3 m\u00e1s de 10 a\u00f1os como ejecutivo de nivel &quot;C&quot; en una destacada empresa privada de deportes y entretenimiento.<\/p>\n<p>Wright se uni\u00f3 a IMA en 1979 y se convirti\u00f3 en CMA en 1981. Fue miembro de la Junta Directiva y Presidente del Comit\u00e9 de Auditor\u00eda de la empresa p\u00fablica CGSI y tiene experiencia en varias juntas sin fines de lucro, incluido el servicio de 10 a\u00f1os en Mile Alta Junta de Fideicomisarios de United Way. Wright sirvi\u00f3 seis a\u00f1os en la Junta de Entrenadores de United Soccer (anteriormente NSCAA) como presidente del Comit\u00e9 de Finanzas y Auditor\u00eda. Se desempe\u00f1\u00f3 en la Major League Soccer y en las Juntas de Gobernadores de Marketing de Soccer United durante tres a\u00f1os, incluidos los Comit\u00e9s de Finanzas, Auditor\u00eda y Laboral de estas organizaciones. Wright tambi\u00e9n se desempe\u00f1\u00f3 en la Junta de Gobernadores de la Liga Nacional de Lacrosse, donde se desempe\u00f1\u00f3 por un per\u00edodo de cuatro a\u00f1os como Presidente del Comit\u00e9 de Finanzas y un per\u00edodo de un a\u00f1o como Presidente del Comit\u00e9 Ejecutivo. Actualmente tambi\u00e9n es el presidente de la Denver Pops Orchestra.<\/p>\n<p><strong>Acerca de IMA<sup>\u00ae<\/sup> (Instituto de Contadores de Gesti\u00f3n)<\/strong><br \/>\nIMA<sup>\u00ae<\/sup>, nombrado Organismo Profesional del A\u00f1o 2017 y 2018 por <em>The Accountant \/ International Accounting Bulletin<\/em>, es una de las asociaciones m\u00e1s grandes y respetadas que se centra exclusivamente en el avance de la profesi\u00f3n de contabilidad de gesti\u00f3n. Globalmente, IMA apoya la profesi\u00f3n a trav\u00e9s de la investigaci\u00f3n, el CMA<sup>\u00ae<\/sup> (Contador de gesti\u00f3n certificado), educaci\u00f3n continua, creaci\u00f3n de redes y promoci\u00f3n de las m\u00e1s altas pr\u00e1cticas comerciales \u00e9ticas. IMA tiene una red global de m\u00e1s de 125.000 miembros en 150 pa\u00edses y 300 cap\u00edtulos profesionales y estudiantiles. Con sede en Montvale, Nueva Jersey, EE. UU., IMA ofrece servicios localizados a trav\u00e9s de sus cuatro regiones globales: Am\u00e9rica, Asia \/ Pac\u00edfico, Europa y Oriente Medio \/ India. Para obtener m\u00e1s informaci\u00f3n sobre IMA, visite <u><a href=\"http:\/\/www.imanet.org\/\">www.imanet.org<\/a><\/u>.<\/p>\n<p>[dz_image_gallery_slides]<br \/>\n[contenthub_nav]<\/p>\n<h2><a title=\"Historias que te pueden gustar\" href=\"https:\/\/\/es\/https:\/\/denverzooprod.drud.io\/wp-content-hub\/\" target=\"_self\"><br \/>\nHistorias que te pueden gustar<br \/>\n<\/a><\/h2>\n<p>[historias_que_te_pueden_gustar]<\/p>","protected":false},"excerpt":{"rendered":"<p>[link_to_contenthub_landing] IMA\u00ae (Institute of Management Accountants), una de las asociaciones m\u00e1s grandes y respetadas enfocada exclusivamente en el avance de la profesi\u00f3n de contabilidad gerencial, se complace en anunciar que Charlie Wright, director financiero (CFO) del Zool\u00f3gico de Denver, ha sido designado para desempe\u00f1arse como miembro de la Junta Directiva Global de IMA por un per\u00edodo de dos a\u00f1os [\u2026]<\/p>","protected":false},"author":82,"featured_media":12931,"parent":0,"menu_order":0,"comment_status":"closed","ping_status":"closed","template":"","meta":{"_acf_changed":false,"_relevanssi_hide_post":"","_relevanssi_hide_content":"","_relevanssi_pin_for_all":"","_relevanssi_pin_keywords":"","_relevanssi_unpin_keywords":"","_relevanssi_related_keywords":"","_relevanssi_related_include_ids":"","_relevanssi_related_exclude_ids":"","_relevanssi_related_no_append":"","_relevanssi_related_not_related":"","_relevanssi_related_posts":"","_relevanssi_noindex_reason":"","footnotes":""},"class_list":["post-12926","page","type-page","status-publish","has-post-thumbnail","hentry"],"acf":[],"_links":{"self":[{"href":"https:\/\/denverzoo.org\/es\/wp-json\/wp\/v2\/pages\/12926","targetHints":{"allow":["GET"]}}],"collection":[{"href":"https:\/\/denverzoo.org\/es\/wp-json\/wp\/v2\/pages"}],"about":[{"href":"https:\/\/denverzoo.org\/es\/wp-json\/wp\/v2\/types\/page"}],"author":[{"embeddable":true,"href":"https:\/\/denverzoo.org\/es\/wp-json\/wp\/v2\/users\/82"}],"replies":[{"embeddable":true,"href":"https:\/\/denverzoo.org\/es\/wp-json\/wp\/v2\/comments?post=12926"}],"version-history":[{"count":0,"href":"https:\/\/denverzoo.org\/es\/wp-json\/wp\/v2\/pages\/12926\/revisions"}],"wp:featuredmedia":[{"embeddable":true,"href":"https:\/\/denverzoo.org\/es\/wp-json\/wp\/v2\/media\/12931"}],"wp:attachment":[{"href":"https:\/\/denverzoo.org\/es\/wp-json\/wp\/v2\/media?parent=12926"}],"curies":[{"name":"gracias","href":"https:\/\/api.w.org\/{rel}","templated":true}]}}