{"id":13055,"date":"2019-07-23T15:55:31","date_gmt":"2019-07-23T21:55:31","guid":{"rendered":"https:\/\/denverzootemp.org\/?page_id=13055"},"modified":"2021-04-28T15:10:16","modified_gmt":"2021-04-28T21:10:16","slug":"animal-care-donate-to-babies","status":"publish","type":"page","link":"https:\/\/denverzoo.org\/es\/support\/animal-care-donate-to-babies\/","title":{"rendered":"Soporte | Cuidado de animales - Done al registro de beb\u00e9s"},"content":{"rendered":"<h1>\n\t\t\u00a1Apoye la atenci\u00f3n pre y postnatal de nuestros reci\u00e9n llegados!<br \/>\n\t<\/h1>\n<h2>\n\t\tGracias por su apoyo al cuidado de los animales en todas las etapas de la vida en el Zool\u00f3gico de Denver.<br \/>\n\t<\/h2><\/p>","protected":false},"excerpt":{"rendered":"<p>\u00a1Apoye la atenci\u00f3n pre y postnatal de nuestros reci\u00e9n llegados! Gracias por su apoyo al cuidado de los animales en todas las etapas de la vida en el Zool\u00f3gico de Denver.<\/p>","protected":false},"author":11,"featured_media":11542,"parent":22555,"menu_order":0,"comment_status":"closed","ping_status":"closed","template":"","meta":{"_acf_changed":false,"_relevanssi_hide_post":"","_relevanssi_hide_content":"","_relevanssi_pin_for_all":"","_relevanssi_pin_keywords":"","_relevanssi_unpin_keywords":"","_relevanssi_related_keywords":"","_relevanssi_related_include_ids":"","_relevanssi_related_exclude_ids":"","_relevanssi_related_no_append":"","_relevanssi_related_not_related":"","_relevanssi_related_posts":"","_relevanssi_noindex_reason":"","footnotes":""},"class_list":["post-13055","page","type-page","status-publish","has-post-thumbnail","hentry"],"acf":[],"_links":{"self":[{"href":"https:\/\/denverzoo.org\/es\/wp-json\/wp\/v2\/pages\/13055","targetHints":{"allow":["GET"]}}],"collection":[{"href":"https:\/\/denverzoo.org\/es\/wp-json\/wp\/v2\/pages"}],"about":[{"href":"https:\/\/denverzoo.org\/es\/wp-json\/wp\/v2\/types\/page"}],"author":[{"embeddable":true,"href":"https:\/\/denverzoo.org\/es\/wp-json\/wp\/v2\/users\/11"}],"replies":[{"embeddable":true,"href":"https:\/\/denverzoo.org\/es\/wp-json\/wp\/v2\/comments?post=13055"}],"version-history":[{"count":0,"href":"https:\/\/denverzoo.org\/es\/wp-json\/wp\/v2\/pages\/13055\/revisions"}],"up":[{"embeddable":true,"href":"https:\/\/denverzoo.org\/es\/wp-json\/wp\/v2\/pages\/22555"}],"wp:featuredmedia":[{"embeddable":true,"href":"https:\/\/denverzoo.org\/es\/wp-json\/wp\/v2\/media\/11542"}],"wp:attachment":[{"href":"https:\/\/denverzoo.org\/es\/wp-json\/wp\/v2\/media?parent=13055"}],"curies":[{"name":"gracias","href":"https:\/\/api.w.org\/{rel}","templated":true}]}}