{"id":13286,"date":"2019-08-13T15:50:14","date_gmt":"2019-08-13T21:50:14","guid":{"rendered":"https:\/\/denverzootemp.org\/?page_id=13286"},"modified":"2019-08-13T15:50:14","modified_gmt":"2019-08-13T21:50:14","slug":"zofnass-barclay-family-nature-play-trail","status":"publish","type":"page","link":"https:\/\/denverzoo.org\/es\/zofnass-barclay-family-nature-play-trail\/","title":{"rendered":"Sendero de juego natural familiar Zofnass Barclay"},"content":{"rendered":"<p align=\"center\">\u00danete a nosotros<\/p>\n<p align=\"center\">Para la Gran Inauguraci\u00f3n del<\/p>\n<p align=\"center\">Sendero de juego natural familiar Zofnass Barclay<\/p>\n<p align=\"center\">s\u00e1bado, 21 de septiembre de 2019<\/p>\n<p align=\"center\">4:00 p. m. a 6:00 p. m.<\/p>\n<p align=\"center\">Denver Zoo<\/p>\n<p align=\"center\" data-event-added=\"1\"><span class=\"_2HwZTce1zKwQJyzgqXpmAy\" tabindex=\"0\" role=\"link\" data-markjs=\"true\">Calle Steele 2300 | Denver, CO 80205<\/span><\/p>","protected":false},"excerpt":{"rendered":"<p>\u00danase a nosotros para la gran inauguraci\u00f3n del sendero de juegos naturales de la familia Zofnass Barclay S\u00e1bado 21 de septiembre de 2019 4 - 6 p.m. Zool\u00f3gico de Denver 2300 Steele Street | Denver, CO 80205<\/p>","protected":false},"author":11,"featured_media":0,"parent":0,"menu_order":0,"comment_status":"closed","ping_status":"closed","template":"","meta":{"_acf_changed":false,"_relevanssi_hide_post":"","_relevanssi_hide_content":"","_relevanssi_pin_for_all":"","_relevanssi_pin_keywords":"","_relevanssi_unpin_keywords":"","_relevanssi_related_keywords":"","_relevanssi_related_include_ids":"","_relevanssi_related_exclude_ids":"","_relevanssi_related_no_append":"","_relevanssi_related_not_related":"","_relevanssi_related_posts":"","_relevanssi_noindex_reason":"","footnotes":""},"class_list":["post-13286","page","type-page","status-publish","hentry"],"acf":[],"_links":{"self":[{"href":"https:\/\/denverzoo.org\/es\/wp-json\/wp\/v2\/pages\/13286","targetHints":{"allow":["GET"]}}],"collection":[{"href":"https:\/\/denverzoo.org\/es\/wp-json\/wp\/v2\/pages"}],"about":[{"href":"https:\/\/denverzoo.org\/es\/wp-json\/wp\/v2\/types\/page"}],"author":[{"embeddable":true,"href":"https:\/\/denverzoo.org\/es\/wp-json\/wp\/v2\/users\/11"}],"replies":[{"embeddable":true,"href":"https:\/\/denverzoo.org\/es\/wp-json\/wp\/v2\/comments?post=13286"}],"version-history":[{"count":0,"href":"https:\/\/denverzoo.org\/es\/wp-json\/wp\/v2\/pages\/13286\/revisions"}],"wp:attachment":[{"href":"https:\/\/denverzoo.org\/es\/wp-json\/wp\/v2\/media?parent=13286"}],"curies":[{"name":"gracias","href":"https:\/\/api.w.org\/{rel}","templated":true}]}}