{"id":13304,"date":"2019-08-14T13:29:46","date_gmt":"2019-08-14T19:29:46","guid":{"rendered":"https:\/\/denverzootemp.org\/?page_id=13304"},"modified":"2021-04-27T16:08:23","modified_gmt":"2021-04-27T22:08:23","slug":"great-divide","status":"publish","type":"page","link":"https:\/\/denverzoo.org\/es\/support\/great-divide\/","title":{"rendered":"Soporte | Gran divisi\u00f3n"},"content":{"rendered":"<p>\t[dz_image_gallery_slides]<\/p>\n<h3>\n\t\tDetalles<br \/>\n\t<\/h3>\n<h3><strong>FECHA Y HORA<\/strong><\/h3>\n<p>Domingo 23 de agosto a s\u00e1bado 29 de agosto<\/p>\n<h3><strong>UBICACIONES<\/strong><\/h3>\n<h4>Ballpark Brewery y Tap Room<\/h4>\n<p>2201 Arapahoe Street \/ Denver, CO 80205<br \/>\nTel\u00e9fono \/ 303-296-9460<\/p>\n<h4>RiNo Barrel Bar &amp; Sala de envasado<\/h4>\n<p>1812 35th Street \/ Denver, CO 80216<br \/>\nTel\u00e9fono \/ 303-296-9460<\/p>\n<h1>\n\t\tBrebajes para el zool\u00f3gico<br \/>\n\t<\/h1>\n<h2>\n\t\tGreat Divide Brewing Company<br \/>\n\t<\/h2>\n<p>Visite Ballpark Tap Room de Great Divide Brewing Co. o RiNo Barrel Bar para obtener los looks de Zooski Lager de este a\u00f1o, que incluyen una lata de rinoceronte nueva M\u00c1S un vaso de pinta de edici\u00f3n limitada y un koozie con varias criaturas adorables. Ambas ubicaciones han implementado una experiencia de taberna segura, que incluye mesas distanciadas socialmente con una capacidad de aproximadamente 50%.<\/p>\n<p>Consiga una pinta de Zooski Lager en un vaso del zool\u00f3gico de Denver, O un paquete de 4 latas Zooski de 16 onzas con un koozie por solo $10, y 40% de las ganancias ayuda a apoyar nuestra misi\u00f3n de Inspirar a las comunidades para salvar la vida silvestre para las generaciones futuras. \u00bfNo puedes tomar un sorbo seguro en persona? Cualquier cristaler\u00eda restante estar\u00e1 disponible en <a href=\"https:\/\/shop.greatdivide.com\/\" target=\"_blank\" rel=\"noopener\">su tienda online<\/a>\u00a1y seguir\u00e1 apoyando al Zool\u00f3gico de Denver!<\/p>\n<p>\t\t\t\t<img loading=\"lazy\" decoding=\"async\" src=\"https:\/\/denverzoo.org\/wp-content\/uploads\/2020\/08\/ezgif.com-optimize.gif\" alt=\"Great Divide Pint Glass 2020\" itemprop=\"image\" height=\"500\" width=\"800\" title=\"Vaso de pinta Great Divide 2020\"  \/><br \/>\n\t[dz_other_events]<\/p>\n<h2>Otras formas de dar<\/h2>\n<p>Tiene el poder de ayudar a nuestra comunidad a aprender, crecer y prosperar. As\u00f3ciese con el Zool\u00f3gico de Denver y seamos una fuerza para el bien.<\/p>\n<p>\t\t\t<a href=\"\/es\/support\/animal-care-donate-to-babies\/\" target=\"_self\" role=\"button\"><br \/>\n\t\t\t\t\t\t\tDona ahora<br \/>\n\t\t\t\t\t<\/a><\/p>","protected":false},"excerpt":{"rendered":"<p>[dz_image_gallery_slides] Detalles FECHA Y HORA Domingo, 23 de agosto al s\u00e1bado 29 de agosto UBICACIONES Ballpark Brewery &amp; Tap Room 2201 Arapahoe Street \/ Denver, CO 80205 Tel\u00e9fono \/ 303-296-9460 RiNo Barrel Bar &amp; Packaging Hall 1812 35th Street \/ Denver , CO 80216 Tel\u00e9fono \/ 303-296-9460 Cervezas para el zool\u00f3gico Great Divide Brewing Company Visite Great Divide [\u2026]<\/p>","protected":false},"author":11,"featured_media":19287,"parent":22555,"menu_order":0,"comment_status":"closed","ping_status":"closed","template":"","meta":{"_acf_changed":false,"_relevanssi_hide_post":"","_relevanssi_hide_content":"","_relevanssi_pin_for_all":"","_relevanssi_pin_keywords":"","_relevanssi_unpin_keywords":"","_relevanssi_related_keywords":"","_relevanssi_related_include_ids":"","_relevanssi_related_exclude_ids":"","_relevanssi_related_no_append":"","_relevanssi_related_not_related":"","_relevanssi_related_posts":"","_relevanssi_noindex_reason":"","footnotes":""},"class_list":["post-13304","page","type-page","status-publish","has-post-thumbnail","hentry"],"acf":[],"_links":{"self":[{"href":"https:\/\/denverzoo.org\/es\/wp-json\/wp\/v2\/pages\/13304","targetHints":{"allow":["GET"]}}],"collection":[{"href":"https:\/\/denverzoo.org\/es\/wp-json\/wp\/v2\/pages"}],"about":[{"href":"https:\/\/denverzoo.org\/es\/wp-json\/wp\/v2\/types\/page"}],"author":[{"embeddable":true,"href":"https:\/\/denverzoo.org\/es\/wp-json\/wp\/v2\/users\/11"}],"replies":[{"embeddable":true,"href":"https:\/\/denverzoo.org\/es\/wp-json\/wp\/v2\/comments?post=13304"}],"version-history":[{"count":0,"href":"https:\/\/denverzoo.org\/es\/wp-json\/wp\/v2\/pages\/13304\/revisions"}],"up":[{"embeddable":true,"href":"https:\/\/denverzoo.org\/es\/wp-json\/wp\/v2\/pages\/22555"}],"wp:featuredmedia":[{"embeddable":true,"href":"https:\/\/denverzoo.org\/es\/wp-json\/wp\/v2\/media\/19287"}],"wp:attachment":[{"href":"https:\/\/denverzoo.org\/es\/wp-json\/wp\/v2\/media?parent=13304"}],"curies":[{"name":"gracias","href":"https:\/\/api.w.org\/{rel}","templated":true}]}}