{"id":13571,"date":"2019-08-30T09:23:45","date_gmt":"2019-08-30T15:23:45","guid":{"rendered":"https:\/\/denverzootemp.org\/?page_id=13571"},"modified":"2020-06-25T13:20:41","modified_gmt":"2020-06-25T19:20:41","slug":"registration-petition-protestor-policy","status":"publish","type":"page","link":"https:\/\/denverzoo.org\/es\/registration-petition-protestor-policy\/","title":{"rendered":"Pol\u00edtica de registro, petici\u00f3n y protestante"},"content":{"rendered":"<h3>Otros recursos<\/h3>\n<p><a href=\"\/es\/privacypolicy\/\">Pol\u00edtica de privacidad<\/a><\/p>\n<p><a href=\"\/es\/rules-regulations\/\">Normas y regulaciones<\/a><\/p>\n<p><a href=\"\/es\/serviceanimals\/\">Pol\u00edtica de animales de servicio<\/a><\/p>\n<p><a href=\"\/es\/terms-conditions\/\">T\u00e9rminos y condiciones<\/a><\/p>\n<p><a href=\"\/es\/weaponspolicy\/\">Pol\u00edtica de armas del Denver Zoo<\/a><\/p>\n<h1>Pol\u00edtica de registro, petici\u00f3n y protestante<\/h1>\n<p><a role=\"button\" href=\"\/wp-content\/uploads\/2019\/08\/DZF-Policy-Registration-Petition-Protestor-Fundraising.pdf\" target=\"_blank\" rel=\"noopener\"><br \/>\nDescargar PDF<br \/>\n<\/a><\/p>\n<h3>I. DEFINICIONES:<\/h3>\n<p><strong>una. &quot;Campus del zool\u00f3gico de Denver&quot;<\/strong> o <strong>&quot;instalaciones&quot;<\/strong> Significar\u00e1 los Jardines Zool\u00f3gicos de Denver ubicados en 2300 Steele St, Denver, CO 80205. El Campus del Zool\u00f3gico de Denver incluye todos los edificios, exhibiciones, estructuras y locales al aire libre en, sobre, sobre o dentro de los Jardines Zool\u00f3gicos de Denver, y tambi\u00e9n incluye todas las instalaciones de estacionamiento. y estructuras para los Jardines Zool\u00f3gicos de Denver.<br \/>\nEl campus del zool\u00f3gico de Denver es administrado y operado por Denver Zoological Foundation, Inc., una corporaci\u00f3n privada sin fines de lucro de Colorado, de conformidad con un acuerdo de cooperaci\u00f3n entre Denver Zoological Foundation, Inc. y la ciudad y el condado de Denver. El campus del Zool\u00f3gico de Denver est\u00e1 ubicado dentro de City Park, un parque designado bajo la Carta de la Ciudad de Denver, y que se administra y gestiona bajo los auspicios del Departamento de Parques y Recreaci\u00f3n de Denver y el Director Ejecutivo del Departamento de Parques y Recreaci\u00f3n de Denver.<\/p>\n<h3>II. POL\u00cdTICA<\/h3>\n<p><strong>una. DERECHOS COMERCIALES Y PROPIEDAD PRIVADA:<\/strong> La plaza, el \u00e1rea de estacionamiento principal, el estacionamiento y los terrenos del zool\u00f3gico se consideran propiedad privada del Zool\u00f3gico de Denver (<strong>se muestra en el Ap\u00e9ndice A a continuaci\u00f3n<\/strong>). El Zool\u00f3gico de Denver es una instalaci\u00f3n cultural cient\u00edfica p\u00fablica dedicada a la recreaci\u00f3n p\u00fablica y la educaci\u00f3n y para preservar, exhibir y promover el estudio y la apreciaci\u00f3n de la vida silvestre. El zool\u00f3gico puede imponer restricciones razonables sobre la hora, el lugar y la forma de uso de las instalaciones por parte del p\u00fablico. Dado que el zool\u00f3gico est\u00e1 dedicado a un uso particular, el p\u00fablico no puede ejercer su derecho a la libertad de expresi\u00f3n y reuni\u00f3n dentro de los terrenos o edificios del zool\u00f3gico de una manera que sea incompatible con el uso principal de la instalaci\u00f3n. El zool\u00f3gico puede restringir el comportamiento del p\u00fablico que sea irrazonablemente ruidoso o perturbador, o que pueda captar audiencias que no lo deseen. La conducta del p\u00fablico que, por cualquier motivo, interrumpa materialmente las actividades del zool\u00f3gico o implique un desorden sustancial o la invasi\u00f3n de los derechos de los dem\u00e1s, no est\u00e1 protegida por la Constituci\u00f3n. Si alguna persona o grupo habla en voz alta o se comporta de alguna manera que interrumpa los derechos de los dem\u00e1s, se le debe pedir a esa persona o grupo que desista y, si se niega a hacerlo, se le debe pedir que abandone los terrenos del zool\u00f3gico. Si se niegan a irse, el Departamento de Seguridad del Zool\u00f3gico de Denver se comunicar\u00e1 con el Departamento de Polic\u00eda de Denver para obtener ayuda para sacar a esa persona o grupo del zool\u00f3gico.<\/p>\n<p><strong>B. REGISTRADORES, PETICIONARIOS, PROTESTORES:<\/strong> Cualquier persona que desee registrar votantes, recolectar firmas para cualquier prop\u00f3sito o realizar una protesta pac\u00edfica, no debe hacerlo dentro de los l\u00edmites de administraci\u00f3n del zool\u00f3gico de Denver (<strong>se muestra en el Ap\u00e9ndice A a continuaci\u00f3n<\/strong>). Estas personas pueden llevar a cabo sus negocios pac\u00edficamente dentro de otras \u00e1reas de City Park siempre que no obstruyan aceras, senderos \/ senderos peatonales, carriles para bicicletas, caminos, espacios de estacionamiento o carriles para veh\u00edculos, y que cumplan con todas las dem\u00e1s disposiciones de esta pol\u00edtica. y todas las leyes aplicables.<\/p>\n<p><strong>C. REGISTRO DE VOTANTES:<\/strong> Cualquier persona que desee registrar votantes debe permanecer fuera del l\u00edmite de administraci\u00f3n del zool\u00f3gico de Denver (<strong>se muestra en el Ap\u00e9ndice A a continuaci\u00f3n<\/strong>). Los registradores de votantes no deben pararse en medio de la acera bloqueando a los visitantes del zool\u00f3gico. Los registradores de votantes no pueden acercarse a los visitantes, pero pueden responder preguntas cuando se les solicite. Los registradores de votantes no pueden tener camisetas o botones de afiliaci\u00f3n a partidos, ni logotipos, carteles o tablas con ellos.<\/p>\n<p><strong>D. PETITONADORES, INICIATIVAS DE VOTACI\u00d3N Y PROTESTORES:<\/strong> Todos los peticionarios y manifestantes deben permanecer fuera del l\u00edmite de administraci\u00f3n del zool\u00f3gico de Denver (<strong>se muestra en el Ap\u00e9ndice A a continuaci\u00f3n<\/strong>). Es posible que no tengan tablas u otros materiales de instalaci\u00f3n; si lo hacen, se considera un mitin o asamblea. Todos los m\u00edtines y asambleas DEBEN tener un permiso de la ciudad para estar en la propiedad del parque (Ordenanza de la Ciudad de Denver 55-08, C\u00f3digo Municipal Revisado de la Ciudad y Condado de Denver). Por definici\u00f3n, una asamblea incluir\u00e1 demostraciones, piquetes, discursos, marchas, vigilias y todas las dem\u00e1s formas de conducta similares que incluyan la comunicaci\u00f3n o expresi\u00f3n de ideas, opiniones o quejas, en las que participen cincuenta (50) o m\u00e1s personas. cuya conducta tiene el efecto, el prop\u00f3sito o la propensi\u00f3n de atraer a una multitud o espectadores. La asamblea tambi\u00e9n puede ser designada si el grupo contrata cualquier tipo de estructuras permanentes o temporales, incluidas, entre otras, mesas, carpas o sillas. (Ordenanza 55-08 de la ciudad de Denver, C\u00f3digo municipal revisado de la ciudad y el condado de Denver)<\/p>\n<p><strong>mi. FOLLETOS:<\/strong> La distribuci\u00f3n de folletos, volantes o cualquier material impreso, comercial o de otro tipo, est\u00e1 estrictamente prohibida dentro de los l\u00edmites de administraci\u00f3n del zool\u00f3gico de Denver (<strong>se muestra en el Ap\u00e9ndice A a continuaci\u00f3n<\/strong>) (Ordenanza #310.85 de la ciudad de Denver, Secci\u00f3n 3.1, C\u00f3digo municipal revisado de la ciudad y el condado de Denver).<\/p>\n<p><strong>F. RECAUDACI\u00d3N DE FONDOS:<\/strong> No se permite la recaudaci\u00f3n de fondos ni la solicitud de fondos dentro de los l\u00edmites de administraci\u00f3n del zool\u00f3gico de Denver (<strong>se muestra en el Ap\u00e9ndice A a continuaci\u00f3n<\/strong>).<\/p>\n<h3>III. AP\u00c9NDICE A: L\u00edmite de gesti\u00f3n del zool\u00f3gico de Denver.<\/h3>\n<p><strong>una.<\/strong> Los registradores, peticionarios y manifestantes NO pueden reunirse en ning\u00fan \u00e1rea dentro del l\u00edmite resaltado (amarillo) en la imagen de abajo. Las estrellas amarillas en la imagen representan \u00e1reas recomendadas (no obligatorias) donde los registradores, peticiones y manifestantes pueden reunirse. El resto de City Park est\u00e1 abierto al p\u00fablico en general. En ning\u00fan momento ninguna persona u objeto obstruir\u00e1 las aceras, las v\u00edas peatonales \/ pasarelas, los carriles para bicicletas, las carreteras, los espacios de estacionamiento o los carriles de conducci\u00f3n de veh\u00edculos.<\/p>\n<p><img loading=\"lazy\" decoding=\"async\" title=\"Petici\u00f3n de registro y mapa de pol\u00edticas de manifestantes\" src=\"https:\/\/denverzoo.org\/wp-content\/uploads\/2019\/08\/RegistrationPetitionAndProtestorPolicy-1.jpg\" alt=\"Registration Petition And Protestor Policy Map\" width=\"1634\" height=\"786\" \/><\/p>","protected":false},"excerpt":{"rendered":"<p>Otros recursos Pol\u00edtica de privacidad Reglas y regulaciones Pol\u00edtica de animales de servicio T\u00e9rminos y condiciones Pol\u00edtica de armas Pol\u00edtica de registro, petici\u00f3n y protestante Descargar PDF I. DEFINICIONES: a. \u201cCampus del Zool\u00f3gico de Denver\u201d o \u201ccampus\u201d significar\u00e1 el Jard\u00edn Zool\u00f3gico de Denver ubicado en 2300 Steele St, Denver, CO 80205. El Campus del Zool\u00f3gico de Denver incluye todos los edificios, exhibiciones, estructuras y locales al aire libre [\u2026]<\/p>","protected":false},"author":11,"featured_media":0,"parent":0,"menu_order":0,"comment_status":"closed","ping_status":"open","template":"","meta":{"_acf_changed":false,"_relevanssi_hide_post":"","_relevanssi_hide_content":"","_relevanssi_pin_for_all":"","_relevanssi_pin_keywords":"","_relevanssi_unpin_keywords":"","_relevanssi_related_keywords":"","_relevanssi_related_include_ids":"","_relevanssi_related_exclude_ids":"","_relevanssi_related_no_append":"","_relevanssi_related_not_related":"","_relevanssi_related_posts":"","_relevanssi_noindex_reason":"","footnotes":""},"class_list":["post-13571","page","type-page","status-publish","hentry"],"acf":[],"_links":{"self":[{"href":"https:\/\/denverzoo.org\/es\/wp-json\/wp\/v2\/pages\/13571","targetHints":{"allow":["GET"]}}],"collection":[{"href":"https:\/\/denverzoo.org\/es\/wp-json\/wp\/v2\/pages"}],"about":[{"href":"https:\/\/denverzoo.org\/es\/wp-json\/wp\/v2\/types\/page"}],"author":[{"embeddable":true,"href":"https:\/\/denverzoo.org\/es\/wp-json\/wp\/v2\/users\/11"}],"replies":[{"embeddable":true,"href":"https:\/\/denverzoo.org\/es\/wp-json\/wp\/v2\/comments?post=13571"}],"version-history":[{"count":0,"href":"https:\/\/denverzoo.org\/es\/wp-json\/wp\/v2\/pages\/13571\/revisions"}],"wp:attachment":[{"href":"https:\/\/denverzoo.org\/es\/wp-json\/wp\/v2\/media?parent=13571"}],"curies":[{"name":"gracias","href":"https:\/\/api.w.org\/{rel}","templated":true}]}}