{"id":13828,"date":"2019-09-23T14:19:31","date_gmt":"2019-09-23T20:19:31","guid":{"rendered":"https:\/\/denverzootemp.org\/?page_id=13828"},"modified":"2022-10-04T13:51:28","modified_gmt":"2022-10-04T19:51:28","slug":"vietnam","status":"publish","type":"page","link":"https:\/\/denverzoo.org\/es\/vietnam\/","title":{"rendered":"Vietnam"},"content":{"rendered":"<h5>Cr\u00e9dito de la foto: Tuong Bach<\/h5>\n<p>&nbsp;<\/p>\n<h2>\n\t\tVietnam\n\t<\/h2>\n<h1>\n\t\tNueva esperanza para el mono de nariz chata de Tonkin\n\t<\/h1>\n\t[V\u00cdDEO EMERGENTE COMPLETO]\n\t\t\t\t<img loading=\"lazy\" decoding=\"async\" src=\"https:\/\/denverzoo.org\/wp-content\/uploads\/2019\/09\/FieldConservation_Vietnam_Endangered_V1.1_JH_B-2.png\" alt=\"Field Conservation Critically Endangered\" itemprop=\"image\" height=\"137\" width=\"1080\" title=\"Conservaci\u00f3n de campo en peligro cr\u00edtico\" onerror=\"this.style.display='none'\"  \/>\n\t\t\t\t<img loading=\"lazy\" decoding=\"async\" src=\"https:\/\/denverzoo.org\/wp-content\/uploads\/2019\/09\/FieldConservation_Vietnam_LargePhotos_V2.1_JH.jpg\" alt=\"Field Conservation Vietnam Stat\" itemprop=\"image\" height=\"432\" width=\"1070\" title=\"Estado de Vietnam de conservaci\u00f3n de campo\" onerror=\"this.style.display='none'\"  \/>\n\t<h3>PUEDES AYUDAR<\/h3>\n\tSea parte de la diferencia que estamos haciendo<br \/>\nen Vietnam y en todo el mundo.\n\n\t<p><strong>GRACIAS AL TRABAJO DE DENVER ZOO Y A NUESTROS SOCIOS,<\/strong> el mono de nariz chata de Tonkin puede tener una oportunidad de pelear. Menos de 250 de estos primates en peligro cr\u00edtico est\u00e1n vivos hoy, y m\u00e1s de la mitad de ellos vive en una reserva forestal vietnamita remota. Durante casi dos d\u00e9cadas, nuestro equipo de conservaci\u00f3n de campo ha estado trabajando para proteger esta comunidad especial de monos y su h\u00e1bitat amenazado.<\/p>\n<p>Contin\u00fae leyendo para saber c\u00f3mo nuestra innovadora Rocket Stove y otros esfuerzos de conservaci\u00f3n de campo han ayudado a duplicar la poblaci\u00f3n de monos de nariz chata de Tonkin que actualmente viven en la reserva y encender el fuego de la esperanza para toda la especie.<\/p>\n\t<h3>Resultados<\/h3>\n<p>Descargue nuestro informe de resultados para conocer el impacto que ha tenido el zool\u00f3gico de Denver en Vietnam.<\/p>\n\t\t\t<a href=\"https:\/\/denverzoo.org\/wp-content\/uploads\/2022\/03\/2021-CON-025-VietnamReport_8.5x11_V2_BG_7-19-21.pdf\" target=\"_blank\" role=\"button\" rel=\"noopener\">\n\t\t\t\t\t\t\tDescargar PDF\n\t\t\t\t\t<\/a>\n\t\t\t\t<img loading=\"lazy\" decoding=\"async\" src=\"https:\/\/denverzoo.org\/wp-content\/uploads\/2021\/05\/FieldConservation_Vietnam_InlinePhotos_BG_5-3-21.jpg\" alt=\"FieldConservation_Vietnam_InlinePhotos_BG_5-3-21\" itemprop=\"image\" height=\"615\" width=\"2000\" title=\"FieldConservation_Vietnam_InlinePhotos_BG_5-3-21\" onerror=\"this.style.display='none'\"  \/>\n\t\t\t\t<img loading=\"lazy\" decoding=\"async\" src=\"https:\/\/denverzoo.org\/wp-content\/uploads\/2021\/05\/FieldConservation_Vietnam_Mobile_BG_5-3-21.jpg\" alt=\"FieldConservation_Vietnam_Mobile_BG_5-3-21\" itemprop=\"image\" height=\"800\" width=\"1000\" title=\"FieldConservation_Vietnam_Mobile_BG_5-3-21\" onerror=\"this.style.display='none'\"  \/>\n\t<h2>NUESTRO RETO:<\/h2>\n<h2>Demanda de madera<\/h2>\n\t<p><strong>EL MONO DE NARIZ RIZADA DE TONKIN <\/strong>Se pens\u00f3 que estaba extinta hasta 1989, cuando se redescubri\u00f3 un peque\u00f1o grupo. Cazada como alimento y utilizada en medicinas tradicionales, la especie ha perdido gran parte de su h\u00e1bitat natural debido a la tala y la agricultura locales. Los \u00e1rboles que componen el hogar de los monos<em> adem\u00e1s<\/em> proporcionar materiales de construcci\u00f3n y cocina para los agricultores locales, pero el equilibrio del uso de los bosques por parte de humanos y animales ya no es sostenible. Entonces, el Zool\u00f3gico de Denver se propuso reducir la dependencia humana de este recurso limitado.<\/p>\n\t\t\t\t<img loading=\"lazy\" decoding=\"async\" src=\"https:\/\/denverzoo.org\/wp-content\/uploads\/2019\/11\/FieldConservation_Vietnam_MediumPhotos_V3.1_RocketStoves.jpg\" alt=\"Field Conservation Vietnam Rocket Stove\" itemprop=\"image\" height=\"480\" width=\"1070\" title=\"Estufa de cohetes de Vietnam de conservaci\u00f3n de campo\" onerror=\"this.style.display='none'\"  \/>\n\t\t\t\t<img loading=\"lazy\" decoding=\"async\" src=\"https:\/\/denverzoo.org\/wp-content\/uploads\/2019\/11\/FieldConservation_Vietnam_MediumPhotos_V3.1_RocketStoves_MOBILE.jpg\" alt=\"Field Conservation Vietnam Rocket Stove - Mobile\" itemprop=\"image\" height=\"800\" width=\"1000\" title=\"Estufa de cohetes de Vietnam Field Conservation - M\u00f3vil\" onerror=\"this.style.display='none'\"  \/>\n\t<h2>NUESTRA SOLUCI\u00d3N:<\/h2>\n<h2>Una estufa m\u00e1s inteligente<\/h2>\n\t<strong>PARA AYUDAR A CONSERVAR LA MADERA Y PROTEGER EL H\u00c1BITAT DE LOS MONOS,\u00a0<\/strong>El zool\u00f3gico de Denver trabaj\u00f3 en estrecha colaboraci\u00f3n con nuestros socios y las familias de agricultores vietnamitas locales para fomentar el uso de una simple &quot;estufa cohete&quot;. Esta innovaci\u00f3n hace posible que estas familias cocinen sus comidas con la mitad de le\u00f1a. Hoy en d\u00eda, el uso de nuestras estufas Rocket ahorra 6.500 toneladas de madera al a\u00f1o.<br \/>\n\n\t\t\t\t<img loading=\"lazy\" decoding=\"async\" src=\"https:\/\/denverzoo.org\/wp-content\/uploads\/2019\/11\/FieldConservation_Vietnam_SideBySideStats_V3.1_PatternsPriorities.jpg\" alt=\"Field Conservation Vietnam Patterns + Priorities\" itemprop=\"image\" height=\"480\" width=\"530\" title=\"Patrones y prioridades de conservaci\u00f3n de campos en Vietnam\" onerror=\"this.style.display='none'\"  \/>\n\t\t\t\t<img loading=\"lazy\" decoding=\"async\" src=\"https:\/\/denverzoo.org\/wp-content\/uploads\/2021\/05\/FieldConservation_Vietnam_Stove_BG_5-3-21.jpg\" alt=\"FieldConservation_Vietnam_Stove_BG_5-3-21\" itemprop=\"image\" height=\"480\" width=\"530\" title=\"FieldConservation_Vietnam_Stove_BG_5-3-21\" onerror=\"this.style.display='none'\"  \/>\n\t<h2>NUESTROS GRUPOS DE INTER\u00c9S:<\/h2>\n<h2>Miembros de la comunidad<\/h2>\n\t<p><strong>LAS PERSONAS LOCALES SON LA CLAVE PARA UNA CONSERVACI\u00d3N EXITOSA<\/strong> de los monos y su hogar en el bosque. Reclutamos y capacitamos a la pr\u00f3xima generaci\u00f3n de conservacionistas de las comunidades aleda\u00f1as al bosque. Son estudiantes, constructores de estufas y cient\u00edficos ... educadores y organizadores de eventos ... y cada uno es un embajador. Con su ayuda, organizamos una variedad de eventos, campa\u00f1as y programas de concientizaci\u00f3n que contin\u00faan generando impulso cada a\u00f1o.<\/p>\nEstos incluyen celebraciones del D\u00eda del Mono, una campa\u00f1a de calendario de conservaci\u00f3n, un Programa de Apreciaci\u00f3n del Bosque para j\u00f3venes y el desarrollo de un plan de estudios de ciencias para las escuelas locales. Interactuar con la comunidad de esta manera genera actitudes positivas sobre la conservaci\u00f3n y compromisos de la poblaci\u00f3n local de todas las edades que desean tomar medidas para salvar a los monos y el bosque. En \u00faltima instancia, son las decisiones que tome la gente local las que determinar\u00e1n el destino de los monos de nariz chata de Tonkin. <br \/>\n\n\t\t\t\t<img loading=\"lazy\" decoding=\"async\" src=\"https:\/\/denverzoo.org\/wp-content\/uploads\/2021\/05\/FieldConservation_Vietnam_InlinePhotos_V3.1_JH.jpg\" alt=\"FieldConservation_Vietnam_InlinePhotos_V3.1_JH\" itemprop=\"image\" height=\"615\" width=\"2000\" title=\"FieldConservation_Vietnam_InlinePhotos_V3.1_JH\" onerror=\"this.style.display='none'\"  \/>\n\t\t\t\t<img loading=\"lazy\" decoding=\"async\" src=\"https:\/\/denverzoo.org\/wp-content\/uploads\/2021\/05\/FieldConservation_Vietnam_Increase_Mobile_V1.1.jpg\" alt=\"FieldConservation_Vietnam_Increase_Mobile_V1.1\" itemprop=\"image\" height=\"800\" width=\"1000\" title=\"FieldConservation_Vietnam_Increase_Mobile_V1.1\" onerror=\"this.style.display='none'\"  \/>\n\t<h2>NUESTRO \u00c9XITO:<\/h2>\n<h2>Poblaciones en crecimiento<\/h2>\n\t<p><strong>ESTAMOS EMOCIONADOS DE QUE LOS ESFUERZOS DEL ZOO DE DENVER<\/strong> y nuestros socios han ayudado a m\u00e1s del doble de la poblaci\u00f3n de monos de nariz chata de Tonkin en la Reserva Khau Ca desde 2002. Pero tambi\u00e9n entendemos que el \u00e9xito continuo de este programa requerir\u00e1 una gran cantidad de apoyo continuo de la comunidad, nuestros socios y el gobierno. Nuestras acciones de conservaci\u00f3n deben continuar combinando la investigaci\u00f3n cient\u00edfica pr\u00e1ctica, la participaci\u00f3n de la comunidad y el cambio de comportamiento de la poblaci\u00f3n local. El zool\u00f3gico de Denver seguir\u00e1 predicando con el ejemplo.<\/p>\n\t\t\t\t<img loading=\"lazy\" decoding=\"async\" src=\"https:\/\/denverzoo.org\/wp-content\/uploads\/2021\/05\/FieldConservation_Vietnam_SideBySideStats_BG_5-3-21.jpg\" alt=\"FieldConservation_Vietnam_SideBySideStats_BG_5-3-21\" itemprop=\"image\" height=\"480\" width=\"530\" title=\"FieldConservation_Vietnam_SideBySideStats_BG_5-3-21\" onerror=\"this.style.display='none'\"  \/>\n<h2>Baby Boom<\/h2>\t\t\n\t\t\t<p>Desde 2002, el n\u00famero de monos de nariz chata de Tonkin en el bosque de Khau Ca ha aumentado de ~ 60 a ~ 150.<\/p>\n\t\t\t\t<img loading=\"lazy\" decoding=\"async\" src=\"https:\/\/denverzoo.org\/wp-content\/uploads\/2021\/05\/FieldConservation_Vietnam_WoodStat_BG_5-3-21.jpg\" alt=\"FieldConservation_Vietnam_WoodStat_BG_5-3-21\" itemprop=\"image\" height=\"480\" width=\"530\" title=\"FieldConservation_Vietnam_WoodStat_BG_5-3-21\" onerror=\"this.style.display='none'\"  \/>\n<h2>\u00bfQu\u00e9 est\u00e1 cocinando?<\/h2>\t\t\n\t\t\t<p>Las cocinas 850 Rocket reducen las necesidades de combustible en 50% y ahorran 6.500 toneladas de madera al a\u00f1o.<\/p>\n\t\t\t\t<img loading=\"lazy\" decoding=\"async\" src=\"https:\/\/denverzoo.org\/wp-content\/uploads\/2019\/11\/FieldConservation_Vietnam_SideBySideStats_V3.1_Students.jpg\" alt=\"Field Conservation Vietnam Students\" itemprop=\"image\" height=\"480\" width=\"530\" title=\"Estudiantes de Vietnam de conservaci\u00f3n de campo\" onerror=\"this.style.display='none'\"  \/>\n<h2>L\u00edderes de pr\u00f3xima generaci\u00f3n<\/h2>\t\t\n\t\t\t<p>Involucramos a ~ 400 estudiantes + 7,000 ciudadanos por a\u00f1o con el plan de estudios + actividades de divulgaci\u00f3n.<\/p>\n\t\t\t\t<img loading=\"lazy\" decoding=\"async\" src=\"https:\/\/denverzoo.org\/wp-content\/uploads\/2022\/10\/FieldConservation_Vietnam_MediumPhotos_V4.1.jpg\" alt=\"FieldConservation_Vietnam_MediumPhotos_V4.1\" itemprop=\"image\" height=\"480\" width=\"1070\" title=\"FieldConservation_Vietnam_MediumPhotos_V4.1\" onerror=\"this.style.display='none'\"  \/>\n\t<h2>NUESTRO FUTURO:<\/h2>\n<h2>Legislaci\u00f3n + Implementaci\u00f3n<\/h2>\n\t<p><strong>ADEM\u00c1S DE LAS ACTIVIDADES COMUNITARIAS DE DENVER ZOO,<\/strong>\u00a0tambi\u00e9n estamos trabajando para influir en la conservaci\u00f3n a nivel legislativo. La Dra. Amy Harrison-Levine, nuestra Directora de Programas de Conservaci\u00f3n de Campo, est\u00e1 trabajando actualmente con agencias gubernamentales regionales y nacionales en Vietnam, as\u00ed como con otras organizaciones de conservaci\u00f3n para desarrollar un plan de acci\u00f3n de conservaci\u00f3n que priorizar\u00e1 el estudio, la protecci\u00f3n y la expansi\u00f3n de la zona norte de Vietnam. reservas forestales cr\u00edticas para la supervivencia del mono de nariz chata de Tonkin. Este plan guiar\u00e1 y apoyar\u00e1 el futuro de la conservaci\u00f3n de estos monos en peligro cr\u00edtico.\u00a0\u00a0<\/p>\n\t[VIDEO-POPUP]\n\t\t<h3>NUESTROS SOCIOS: Dedicaci\u00f3n incansable<\/h3>\n\t\t<p>El Zool\u00f3gico de Denver est\u00e1 agradecido por la s\u00f3lida red de organizaciones asociadas que contribuyen a la conservaci\u00f3n del mono de nariz chata de Tonkin, as\u00ed como por innumerables personas que trabajan en el \u00e1mbito dom\u00e9stico para lograr un cambio significativo.<\/p>\nDepartamento de Protecci\u00f3n Forestal de Ha Giang<br \/>\n<a href=\"http:\/\/newnaturefoundation.org\/khau-ca\/\" target=\"_blank\" rel=\"noopener\"><strong>Fundaci\u00f3n Nueva Naturaleza<\/strong><\/a><br \/>\n<a href=\"https:\/\/www.colorado.edu\" target=\"_blank\" rel=\"noopener\"><strong>Universidad de Colorado Boulder<\/strong><\/a><br \/>\n<a href=\"https:\/\/www.fauna-flora.org\" target=\"_blank\" rel=\"noopener\"><strong>Fauna &amp; Flora International<\/strong><\/a><br \/>\n<a href=\"https:\/\/www.thewaltdisneycompany.com\/environment\/\" target=\"_blank\" rel=\"noopener\"><strong>Fondo de conservaci\u00f3n de Disney<\/strong><\/a><br \/>\nFundaci\u00f3n Margot Marsh para la Biodiversidad\n\t\t\t<a href=\"\" target=\"_self\" role=\"button\" rel=\"noopener\">\n\t\t\t\t\t\t\tHaga clic aqu\u00ed\n\t\t\t\t\t<\/a>\n\t[dz_slideshow]","protected":false},"excerpt":{"rendered":"","protected":false},"author":11,"featured_media":11867,"parent":0,"menu_order":0,"comment_status":"closed","ping_status":"closed","template":"","meta":{"_acf_changed":false,"_relevanssi_hide_post":"","_relevanssi_hide_content":"","_relevanssi_pin_for_all":"","_relevanssi_pin_keywords":"","_relevanssi_unpin_keywords":"","_relevanssi_related_keywords":"","_relevanssi_related_include_ids":"","_relevanssi_related_exclude_ids":"","_relevanssi_related_no_append":"","_relevanssi_related_not_related":"","_relevanssi_related_posts":"","_relevanssi_noindex_reason":"","footnotes":""},"class_list":["post-13828","page","type-page","status-publish","has-post-thumbnail","hentry"],"acf":[],"_links":{"self":[{"href":"https:\/\/denverzoo.org\/es\/wp-json\/wp\/v2\/pages\/13828","targetHints":{"allow":["GET"]}}],"collection":[{"href":"https:\/\/denverzoo.org\/es\/wp-json\/wp\/v2\/pages"}],"about":[{"href":"https:\/\/denverzoo.org\/es\/wp-json\/wp\/v2\/types\/page"}],"author":[{"embeddable":true,"href":"https:\/\/denverzoo.org\/es\/wp-json\/wp\/v2\/users\/11"}],"replies":[{"embeddable":true,"href":"https:\/\/denverzoo.org\/es\/wp-json\/wp\/v2\/comments?post=13828"}],"version-history":[{"count":0,"href":"https:\/\/denverzoo.org\/es\/wp-json\/wp\/v2\/pages\/13828\/revisions"}],"wp:featuredmedia":[{"embeddable":true,"href":"https:\/\/denverzoo.org\/es\/wp-json\/wp\/v2\/media\/11867"}],"wp:attachment":[{"href":"https:\/\/denverzoo.org\/es\/wp-json\/wp\/v2\/media?parent=13828"}],"curies":[{"name":"gracias","href":"https:\/\/api.w.org\/{rel}","templated":true}]}}