{"id":1423,"date":"2018-09-04T18:15:45","date_gmt":"2018-09-04T18:15:45","guid":{"rendered":"https:\/\/denverzootemp.org\/?page_id=1423"},"modified":"2019-11-01T08:10:24","modified_gmt":"2019-11-01T14:10:24","slug":"hours-admissions","status":"publish","type":"page","link":"https:\/\/denverzoo.org\/es\/hours-admissions\/","title":{"rendered":"Horarios y Admisiones"},"content":{"rendered":"<h3>Tren y carrusel<\/h3>\n<p><strong>Viaje individual:<\/strong><br \/>\n$2 (miembros), $3 (no miembros)<\/p>\n<p><strong>Tarjeta perforada de 10 viajes:<\/strong><br \/>\n$15 (miembros), $20 (no miembros)<\/p>\n<h1>Entrada diurna<\/h1>\n<h2>Horario de invierno<\/h2>\n<p>Las puertas abren de 10 a. m. a 4 p. m. Los terrenos cierran a las 5 p. m.<\/p>\n<h2>Precios de invierno<\/h2>\n<p><strong>Adultos (Edades 12-64):<\/strong> $15<br \/>\n<strong>Personas mayores (mayores de 65 a\u00f1os):<\/strong>\u00a0$13<br \/>\n<strong>Ni\u00f1os (Edades 3-11):<\/strong>\u00a0$10<br \/>\n<strong>Ni\u00f1os de 2 a\u00f1os y menores:<\/strong>\u00a0ENTRADA GRATUITA<\/p>\n<p><a role=\"button\" href=\"https:\/\/tickets.denverzoo.org\/DateSelection.aspx?item=925\" target=\"_self\"><br \/>\nComprar entradas<br \/>\n<\/a><\/p>","protected":false},"excerpt":{"rendered":"<p>Tren y carrusel Viaje individual: $2 (miembros), $3 (no miembros) Tarjeta perforada de 10 viajes: $15 (miembros), $20 (no miembros) Admisi\u00f3n diurna Horario de invierno Puertas abiertas de 10 a. M. A 4 p. M. Precios Adultos (de 12 a 64 a\u00f1os): $15 Adultos mayores (de 65 a\u00f1os en adelante): $13 Ni\u00f1os (de 3 a 11 a\u00f1os): $10 Ni\u00f1os de 2 a\u00f1os o menos: Compra de boletos GRATIS<\/p>","protected":false},"author":40,"featured_media":0,"parent":0,"menu_order":0,"comment_status":"closed","ping_status":"closed","template":"","meta":{"_acf_changed":false,"_relevanssi_hide_post":"","_relevanssi_hide_content":"","_relevanssi_pin_for_all":"","_relevanssi_pin_keywords":"","_relevanssi_unpin_keywords":"","_relevanssi_related_keywords":"","_relevanssi_related_include_ids":"","_relevanssi_related_exclude_ids":"","_relevanssi_related_no_append":"","_relevanssi_related_not_related":"","_relevanssi_related_posts":"","_relevanssi_noindex_reason":"","footnotes":""},"class_list":["post-1423","page","type-page","status-publish","hentry"],"acf":[],"_links":{"self":[{"href":"https:\/\/denverzoo.org\/es\/wp-json\/wp\/v2\/pages\/1423","targetHints":{"allow":["GET"]}}],"collection":[{"href":"https:\/\/denverzoo.org\/es\/wp-json\/wp\/v2\/pages"}],"about":[{"href":"https:\/\/denverzoo.org\/es\/wp-json\/wp\/v2\/types\/page"}],"author":[{"embeddable":true,"href":"https:\/\/denverzoo.org\/es\/wp-json\/wp\/v2\/users\/40"}],"replies":[{"embeddable":true,"href":"https:\/\/denverzoo.org\/es\/wp-json\/wp\/v2\/comments?post=1423"}],"version-history":[{"count":0,"href":"https:\/\/denverzoo.org\/es\/wp-json\/wp\/v2\/pages\/1423\/revisions"}],"wp:attachment":[{"href":"https:\/\/denverzoo.org\/es\/wp-json\/wp\/v2\/media?parent=1423"}],"curies":[{"name":"gracias","href":"https:\/\/api.w.org\/{rel}","templated":true}]}}