{"id":14307,"date":"2019-10-04T15:43:14","date_gmt":"2019-10-04T21:43:14","guid":{"rendered":"https:\/\/denverzootemp.org\/fall-safari-schedules-2019-2\/"},"modified":"2019-12-04T12:59:08","modified_gmt":"2019-12-04T19:59:08","slug":"winter-safari-schedule-2019","status":"publish","type":"page","link":"https:\/\/denverzoo.org\/es\/winter-safari-schedule-2019\/","title":{"rendered":"Horarios del Safari de Invierno 2019"},"content":{"rendered":"<p>\t\t\t\t<a href=\"\/es\/winter-safari-schedules-2019-play-date_prek\/\" target=\"_self\" itemprop=\"url\"><br \/>\n\t\t\t\t<img loading=\"lazy\" decoding=\"async\" src=\"https:\/\/denverzoo.org\/wp-content\/uploads\/2019\/10\/400x400_website-fall-website_play_prek.jpg\" alt=\"400x400_website-fall-website_play_prek\" itemprop=\"image\" height=\"400\" width=\"400\" title=\"400x400_website-oto\u00f1o-website_play_prek\"  \/><br \/>\n\t\t\t\t<\/a><\/p>\n<h2><a href=\"\/es\/winter-safari-schedules-2019-play-date_prek\/\" target=\"_self\">Fecha de juego en el zool\u00f3gico de denver<\/a><\/h2>\n<p>Pre-K<\/p>\n<p>\t\t\t\t<a href=\"\/es\/winter-safari-schedules-2019-play-date-at-denver-zoo-k-1\/\" target=\"_self\" itemprop=\"url\"><br \/>\n\t\t\t\t<img loading=\"lazy\" decoding=\"async\" src=\"https:\/\/denverzoo.org\/wp-content\/uploads\/2019\/10\/400x400_website-fall-website_play_k1.jpg\" alt=\"400x400_website-fall-website_play_k1\" itemprop=\"image\" height=\"400\" width=\"400\" title=\"400x400_website-oto\u00f1o-website_play_k1\"  \/><br \/>\n\t\t\t\t<\/a><\/p>\n<h2><a href=\"\/es\/winter-safari-schedules-2019-play-date-at-denver-zoo-k-1\/\" target=\"_self\">fecha de juego en el zool\u00f3gico de denver<\/a><\/h2>\n<p>Kindergarten y 1er grado<\/p>\n<p>\t\t\t\t<a href=\"\/es\/winter-safari-schedules-2019-play-date-at-denver-zoo-2-3\/\" target=\"_self\" itemprop=\"url\"><br \/>\n\t\t\t\t<img loading=\"lazy\" decoding=\"async\" src=\"https:\/\/denverzoo.org\/wp-content\/uploads\/2019\/10\/400x400_website-fall-website_play_2-3.jpg\" alt=\"400x400_website-fall-website_play_2-3\" itemprop=\"image\" height=\"400\" width=\"400\" title=\"400x400_website-oto\u00f1o-website_play_2-3\"  \/><br \/>\n\t\t\t\t<\/a><\/p>\n<h2><a href=\"\/es\/winter-safari-schedules-2019-play-date-at-denver-zoo-2-3\/\" target=\"_self\">fecha de juego en el zool\u00f3gico de denver<\/a><\/h2>\n<p>2do y 3er grado<\/p>\n<p>\t\t\t\t<a href=\"\/es\/winter-safari-schedules-2019-how-to-train-your-zoo-animal-pre-k\/\" target=\"_self\" itemprop=\"url\"><br \/>\n\t\t\t\t<img loading=\"lazy\" decoding=\"async\" src=\"https:\/\/denverzoo.org\/wp-content\/uploads\/2019\/10\/400x400_website-fall-website_train_prek.jpg\" alt=\"400x400_website-fall-website_train_prek\" itemprop=\"image\" height=\"400\" width=\"400\" title=\"400x400_website-fall-website_train_prek\"  \/><br \/>\n\t\t\t\t<\/a><\/p>\n<h2><a href=\"\/es\/winter-safari-schedules-2019-how-to-train-your-zoo-animal-pre-k\/\" target=\"_self\">c\u00f3mo entrenar a tu (zool\u00f3gico) animal<\/a><\/h2>\n<p>Pre-K<\/p>\n<p>\t\t\t\t<a href=\"\/es\/winter-safari-schedules-2019-how-to-train-your-zoo-animal_k-1\/\" target=\"_self\" itemprop=\"url\"><br \/>\n\t\t\t\t<img loading=\"lazy\" decoding=\"async\" src=\"https:\/\/denverzoo.org\/wp-content\/uploads\/2019\/10\/400x400_website-fall-website_train_k1.jpg\" alt=\"400x400_website-fall-website_train_k1\" itemprop=\"image\" height=\"400\" width=\"400\" title=\"400x400_website-fall-website_train_k1\"  \/><br \/>\n\t\t\t\t<\/a><\/p>\n<h2><a href=\"\/es\/winter-safari-schedules-2019-how-to-train-your-zoo-animal_k-1\/\" target=\"_self\">C\u00d3MO ENTRENAR A TU ANIMAL (ZOO)<\/a><\/h2>\n<p>Kindergarten y 1er grado<\/p>\n<p>\t\t\t\t<a href=\"\/es\/winter-safari-schedules-2019-how-to-train-your-zoo-animal-2-3\/\" target=\"_self\" itemprop=\"url\"><br \/>\n\t\t\t\t<img loading=\"lazy\" decoding=\"async\" src=\"https:\/\/denverzoo.org\/wp-content\/uploads\/2019\/10\/400x400_website-fall-website_train_2-3.jpg\" alt=\"400x400_website-fall-website_train_2-3\" itemprop=\"image\" height=\"400\" width=\"400\" title=\"400x400_website-oto\u00f1o-website_tren_2-3\"  \/><br \/>\n\t\t\t\t<\/a><\/p>\n<h2><a href=\"\/es\/winter-safari-schedules-2019-how-to-train-your-zoo-animal-2-3\/\" target=\"_self\">c\u00f3mo entrenar a tu (zool\u00f3gico) animal<\/a><\/h2>\n<p>2do y 3er grado<\/p>\n<p>\t\t\t\t<a href=\"\/es\/winter-safari-schedules-2019-play-happy-healthy-zoo-pre-k\/\" target=\"_self\" itemprop=\"url\"><br \/>\n\t\t\t\t<img loading=\"lazy\" decoding=\"async\" src=\"https:\/\/denverzoo.org\/wp-content\/uploads\/2019\/10\/400x400_website-fall-website_happy_prek.jpg\" alt=\"400x400_website-fall-website_happy_prek\" itemprop=\"image\" height=\"400\" width=\"400\" title=\"400x400_website-fall-website_happy_prek\"  \/><br \/>\n\t\t\t\t<\/a><\/p>\n<h2><a href=\"\/es\/winter-safari-schedules-2019-play-happy-healthy-zoo-pre-k\/\" target=\"_self\">Zool\u00f3gico feliz y saludable<\/a><\/h2>\n<p>Pre-K<\/p>\n<p>\t\t\t\t<a href=\"\/es\/winter-safari-schedules-2019-happy-healthy-zoo-k1\/\" target=\"_self\" itemprop=\"url\"><br \/>\n\t\t\t\t<img loading=\"lazy\" decoding=\"async\" src=\"https:\/\/denverzoo.org\/wp-content\/uploads\/2019\/10\/400x400_website-fall-website_happy_k1.jpg\" alt=\"400x400_website-fall-website_happy_k1\" itemprop=\"image\" height=\"400\" width=\"400\" title=\"400x400_website-oto\u00f1o-website_happy_k1\"  \/><br \/>\n\t\t\t\t<\/a><\/p>\n<h2><a href=\"\/es\/winter-safari-schedules-2019-happy-healthy-zoo-k1\/\" target=\"_self\">Zool\u00f3gico feliz y saludable<\/a><\/h2>\n<p>Kindergarten-1er grado<\/p>\n<p>\t\t\t\t<a href=\"\/es\/winter-safari-schedules-2019-happy-healthy-zoo-2-3\/\" target=\"_self\" itemprop=\"url\"><br \/>\n\t\t\t\t<img loading=\"lazy\" decoding=\"async\" src=\"https:\/\/denverzoo.org\/wp-content\/uploads\/2019\/10\/400x400_website-fall-website_happy_2-3.jpg\" alt=\"400x400_website-fall-website_happy_2-3\" itemprop=\"image\" height=\"400\" width=\"400\" title=\"400x400_website-oto\u00f1o-website_feliz_2-3\"  \/><br \/>\n\t\t\t\t<\/a><\/p>\n<h2><a href=\"\/es\/winter-safari-schedules-2019-happy-healthy-zoo-2-3\/\" target=\"_self\">Zool\u00f3gico feliz y saludable<\/a><\/h2>\n<p>2do-3er grado<\/p>\n<p>\t[dz_slideshow]<\/p>","protected":false},"excerpt":{"rendered":"<p>Cita para jugar en el zool\u00f3gico de Denver Cita para jugar en preescolar en el zool\u00f3gico de Denver Cita para jugar en jard\u00edn de infantes y primer grado en el zool\u00f3gico de Denver Segundo y tercer grado C\u00f3mo entrenar a tu animal (del zool\u00f3gico) Prejard\u00edn de infantes C\u00d3MO ENTRENAR A TU ANIMAL (DEL ZOOL\u00d3GICO) Jard\u00edn de infantes y primer grado C\u00f3mo entrenar a tu animal (del zool\u00f3gico) Segundo y tercer grado Zool\u00f3gico feliz y saludable Prejard\u00edn de infantes [\u2026]<\/p>","protected":false},"author":11,"featured_media":6808,"parent":0,"menu_order":0,"comment_status":"closed","ping_status":"closed","template":"","meta":{"_acf_changed":false,"_relevanssi_hide_post":"","_relevanssi_hide_content":"","_relevanssi_pin_for_all":"","_relevanssi_pin_keywords":"","_relevanssi_unpin_keywords":"","_relevanssi_related_keywords":"","_relevanssi_related_include_ids":"","_relevanssi_related_exclude_ids":"","_relevanssi_related_no_append":"","_relevanssi_related_not_related":"","_relevanssi_related_posts":"","_relevanssi_noindex_reason":"","footnotes":""},"class_list":["post-14307","page","type-page","status-publish","has-post-thumbnail","hentry"],"acf":[],"_links":{"self":[{"href":"https:\/\/denverzoo.org\/es\/wp-json\/wp\/v2\/pages\/14307","targetHints":{"allow":["GET"]}}],"collection":[{"href":"https:\/\/denverzoo.org\/es\/wp-json\/wp\/v2\/pages"}],"about":[{"href":"https:\/\/denverzoo.org\/es\/wp-json\/wp\/v2\/types\/page"}],"author":[{"embeddable":true,"href":"https:\/\/denverzoo.org\/es\/wp-json\/wp\/v2\/users\/11"}],"replies":[{"embeddable":true,"href":"https:\/\/denverzoo.org\/es\/wp-json\/wp\/v2\/comments?post=14307"}],"version-history":[{"count":0,"href":"https:\/\/denverzoo.org\/es\/wp-json\/wp\/v2\/pages\/14307\/revisions"}],"wp:featuredmedia":[{"embeddable":true,"href":"https:\/\/denverzoo.org\/es\/wp-json\/wp\/v2\/media\/6808"}],"wp:attachment":[{"href":"https:\/\/denverzoo.org\/es\/wp-json\/wp\/v2\/media?parent=14307"}],"curies":[{"name":"gracias","href":"https:\/\/api.w.org\/{rel}","templated":true}]}}