{"id":1447,"date":"2018-09-04T19:12:39","date_gmt":"2018-09-04T19:12:39","guid":{"rendered":"https:\/\/denverzootemp.org\/?page_id=1447"},"modified":"2025-06-18T16:03:00","modified_gmt":"2025-06-18T22:03:00","slug":"app","status":"publish","type":"page","link":"https:\/\/denverzoo.org\/es\/app\/","title":{"rendered":"Aplicaci\u00f3n"},"content":{"rendered":"<div  class='lhl-section urbi-component urbi-component front_view lhl_comp_width_inherit lhl_spacing_t_09 lhl_spacing_b_09 lhl_spacing_l_00 lhl_spacing_r_00 section-background-t' ><div class=\"urbi-component-inner\">\n    <div class=\"is-layout-constrained\">\n\n<h2 class=\"wp-block-heading has-text-align-center\">Aplicaci\u00f3n movil<\/h2>\n\n\n\n<p class=\"has-text-align-center\">La aplicaci\u00f3n GRATUITA de la Alianza para la Conservaci\u00f3n del Zool\u00f3gico de Denver te facilita m\u00e1s que nunca disfrutar de la naturaleza mientras exploras nuestro hermoso campus de 80 acres. Descarga la versi\u00f3n para iOS o Android ahora, \u00a1y que comience la aventura!<\/p>\n\n\n    \r\n    \r\n    <div class='urbi_button_link center'><a class=\"urbi-link lhl_button lhl_button--small lhl_button_color_default lhl_button_width_default lhl_button--block\" href=\"https:\/\/apps.apple.com\/us\/app\/denver-zoo-mobile\/id1175927683\" target=\"\" rel=\"noopener noreferrer\" >Descarga iOS<\/a><\/div>\n\n\n<div style=\"height:15px\" aria-hidden=\"true\" class=\"wp-block-spacer\"><\/div>\n\n\n    \r\n    \r\n    <div class='urbi_button_link center'><a class=\"urbi-link lhl_button lhl_button--small lhl_button_color_default lhl_button_width_default lhl_button--block\" href=\"https:\/\/play.google.com\/store\/apps\/details?id=com.vantixsystems.denverzoomobile&#038;hl=en&#038;pli=1\" target=\"\" rel=\"noopener noreferrer\" >Descarga en Android<\/a><\/div>\n<\/div>\n\n<\/div>\n<\/div>\n\n\n\n\n<div  class='lhl-section urbi-component urbi-component front_view lhl_spacing_t_10 lhl_spacing_b_09 lhl_spacing_l_00 lhl_spacing_r_00 section-background-t urbi-component-bg--white  bg-pattern-option2' ><div class=\"urbi-component-inner\">\n    <div class=\"is-layout-constrained\">\n\n\n\n<div  class='urbi\/tiles urbi-component urbi-component front_view lhl_spacing_t_00 lhl_spacing_b_00 lhl_spacing_l_00 lhl_spacing_r_00 section-background-t' >\n<div class=\"uk-child-width-1-3@s uk-grid-match\" uk-grid>\n    \n\n\n<div>\n\n        <div  class='urbi\/tile urbi-card urbi-card--tile urbi-card--shadow-3' >\n    <div class=\"urbi-tile-inner\">\n                <div class=\"tile-content padding-none\">\n\n\n\n<div  class='lhl-card urbi-component urbi-component front_view lhl_comp_width_inherit lhl_spacing_t_05 lhl_spacing_b_02 lhl_spacing_l_05 lhl_spacing_r_05 section-background-t  lhl_card  lhl_card_shadow_0 lhl_card_radius_0' ><div class=\"urbi-component-inner\">\n    <div class=\"acf-innerblocks-container\">\n\n<h4 class=\"wp-block-heading has-text-align-center\"><strong>LLEGA AQU\u00cd MIAU<\/strong><\/h4>\n\n\n\n<p class=\"has-text-align-center\">Ahora que hemos hecho la transici\u00f3n a la emisi\u00f3n anticipada de boletos en l\u00ednea 100% con entrada programada para la admisi\u00f3n general, la aplicaci\u00f3n Denver Zoo Conservation Alliance es la forma m\u00e1s f\u00e1cil de mantenerse a la vanguardia. Compre sus boletos en l\u00ednea mucho antes de su visita. Si es miembro, simplemente cargue su tarjeta de membres\u00eda y muestre su tarjeta de membres\u00eda digital en la aplicaci\u00f3n para ingresar en cualquier momento.<\/p>\n\n<\/div>\n<\/div>\n<\/div>\n<\/div>\n    <\/div>\n    <\/div><\/div>\n\n\n\n<div>\n\n        <div  class='urbi\/tile urbi-card urbi-card--tile urbi-card--shadow-3' >\n    <div class=\"urbi-tile-inner\">\n                <div class=\"tile-content padding-none\">\n\n\n\n<div  class='lhl-card urbi-component urbi-component front_view lhl_comp_width_inherit lhl_spacing_t_05 lhl_spacing_b_02 lhl_spacing_l_05 lhl_spacing_r_05 section-background-t  lhl_card  lhl_card_shadow_0 lhl_card_radius_0' ><div class=\"urbi-component-inner\">\n    <div class=\"acf-innerblocks-container\">\n\n<h4 class=\"wp-block-heading has-text-align-center\"><strong>ENCUENTRA TUS FAVORITOS<\/strong><\/h4>\n\n\n\n<p class=\"has-text-align-center\">Ya sea que est\u00e9s loco por los capuchinos, te pongas emo por los em\u00fas, te apasionen los osos pardos o incluso est\u00e9s levemente obsesionado con CUALQUIERA de nuestros 3.000 animales salvajes y maravillosos, \u00a1deja que la aplicaci\u00f3n sea tu gu\u00eda! Con un mapa completo a tu alcance y capacidades de GPS, siempre sabr\u00e1s d\u00f3nde y c\u00f3mo encontrar a tus favoritos.<\/p>\n\n<\/div>\n<\/div>\n<\/div>\n<\/div>\n    <\/div>\n    <\/div><\/div>\n\n\n\n<div>\n\n        <div  class='urbi\/tile urbi-card urbi-card--tile urbi-card--shadow-3' >\n    <div class=\"urbi-tile-inner\">\n                <div class=\"tile-content padding-none\">\n\n\n\n<div  class='lhl-card urbi-component urbi-component front_view lhl_comp_width_inherit lhl_spacing_t_05 lhl_spacing_b_02 lhl_spacing_l_05 lhl_spacing_r_05 section-background-t  lhl_card  lhl_card_shadow_0 lhl_card_radius_0' ><div class=\"urbi-component-inner\">\n    <div class=\"acf-innerblocks-container\">\n\n<h4 class=\"wp-block-heading has-text-align-center\"><strong>FLEXIZA TUS HECHOS<\/strong><\/h4>\n\n\n\n<p class=\"has-text-align-center\">\u00bfQuieres saber m\u00e1s del animal que est\u00e1s mirando? Presiona el \u00edcono del elefante en la parte inferior de la aplicaci\u00f3n para desbloquear todo un mundo de datos sobre nuestros residentes salvajes y maravillosos, desde el cumplea\u00f1os del hipop\u00f3tamo Mahali hasta el pez favorito de Nick, el le\u00f3n marino, y mucho m\u00e1s.<\/p>\n\n<\/div>\n<\/div>\n<\/div>\n<\/div>\n    <\/div>\n    <\/div><\/div>\n\n\n<\/div>\n<\/div>\n<\/div>\n\n<\/div>\n<\/div>","protected":false},"excerpt":{"rendered":"","protected":false},"author":40,"featured_media":17999,"parent":0,"menu_order":0,"comment_status":"closed","ping_status":"closed","template":"","meta":{"_acf_changed":false,"_relevanssi_hide_post":"","_relevanssi_hide_content":"","_relevanssi_pin_for_all":"","_relevanssi_pin_keywords":"","_relevanssi_unpin_keywords":"","_relevanssi_related_keywords":"","_relevanssi_related_include_ids":"","_relevanssi_related_exclude_ids":"","_relevanssi_related_no_append":"","_relevanssi_related_not_related":"","_relevanssi_related_posts":"116,121,123,538,1202,1775","_relevanssi_noindex_reason":"","footnotes":""},"class_list":["post-1447","page","type-page","status-publish","has-post-thumbnail","hentry"],"acf":[],"_links":{"self":[{"href":"https:\/\/denverzoo.org\/es\/wp-json\/wp\/v2\/pages\/1447","targetHints":{"allow":["GET"]}}],"collection":[{"href":"https:\/\/denverzoo.org\/es\/wp-json\/wp\/v2\/pages"}],"about":[{"href":"https:\/\/denverzoo.org\/es\/wp-json\/wp\/v2\/types\/page"}],"author":[{"embeddable":true,"href":"https:\/\/denverzoo.org\/es\/wp-json\/wp\/v2\/users\/40"}],"replies":[{"embeddable":true,"href":"https:\/\/denverzoo.org\/es\/wp-json\/wp\/v2\/comments?post=1447"}],"version-history":[{"count":0,"href":"https:\/\/denverzoo.org\/es\/wp-json\/wp\/v2\/pages\/1447\/revisions"}],"wp:featuredmedia":[{"embeddable":true,"href":"https:\/\/denverzoo.org\/es\/wp-json\/wp\/v2\/media\/17999"}],"wp:attachment":[{"href":"https:\/\/denverzoo.org\/es\/wp-json\/wp\/v2\/media?parent=1447"}],"curies":[{"name":"gracias","href":"https:\/\/api.w.org\/{rel}","templated":true}]}}