{"id":14539,"date":"2019-10-11T10:21:51","date_gmt":"2019-10-11T16:21:51","guid":{"rendered":"https:\/\/denverzootemp.org\/?page_id=14539"},"modified":"2019-10-11T11:20:21","modified_gmt":"2019-10-11T17:20:21","slug":"conservation-lecture","status":"publish","type":"page","link":"https:\/\/denverzoo.org\/es\/conservation-lecture\/","title":{"rendered":"Una velada con el ecologista de vida silvestre, Dr. Moses Selebatso"},"content":{"rendered":"<h3>\n\t\tDetalles<br \/>\n\t<\/h3>\n<p><strong>FECHA Martes 12 de noviembre de 2019<\/strong><br \/>\n<strong>HORA 4 PM<\/strong><\/p>\n<p>\t<!-- Go to www.addthis.com\/dashboard to customize your tools --><br \/>\nComparte <\/p>\n<h1>\n\t\tUna velada con el ecologista de vida silvestre, Dr. Moses Selebatso<br \/>\n\t<\/h1>\n<p>El Dr. Selebatso tiene m\u00e1s de 20 a\u00f1os de experiencia en investigaci\u00f3n de vida silvestre, desarrollo comunitario y conservaci\u00f3n, predominantemente en el sur de Kalahari de Botswana. Actualmente trabaja en asociaci\u00f3n con el Zool\u00f3gico y es Gerente de Programa, Ecologista de Vida Silvestre y Gerente de Participaci\u00f3n Comunitaria de Kalahari Research and Conservation, que se esfuerza por restaurar y mantener el ecosistema de Kalahari y las poblaciones de vida silvestre ecol\u00f3gicamente viables de perros salvajes africanos, leones, buitres, gacelas y \u00f1us.<\/p>\n<\/p>\n<p>\t[dz_image_gallery_slides]<br \/>\n\t[dz_other_events]<\/p>","protected":false},"excerpt":{"rendered":"<p>Detalles FECHA Martes 12 de noviembre de 2019 HORA 16:00 Compartir Una velada con el ec\u00f3logo de vida silvestre, Dr. Moses Selebatso El Dr. Selebatso tiene m\u00e1s de 20 a\u00f1os de experiencia en investigaci\u00f3n de vida silvestre, desarrollo comunitario y conservaci\u00f3n, predominantemente en el sur del Kalahari de Botsuana. Actualmente trabaja en asociaci\u00f3n con el zool\u00f3gico y es el gerente del programa, ec\u00f3logo de vida silvestre y [\u2026]<\/p>","protected":false},"author":11,"featured_media":0,"parent":0,"menu_order":0,"comment_status":"closed","ping_status":"closed","template":"","meta":{"_acf_changed":false,"_relevanssi_hide_post":"","_relevanssi_hide_content":"","_relevanssi_pin_for_all":"","_relevanssi_pin_keywords":"","_relevanssi_unpin_keywords":"","_relevanssi_related_keywords":"","_relevanssi_related_include_ids":"","_relevanssi_related_exclude_ids":"","_relevanssi_related_no_append":"","_relevanssi_related_not_related":"","_relevanssi_related_posts":"","_relevanssi_noindex_reason":"","footnotes":""},"class_list":["post-14539","page","type-page","status-publish","hentry"],"acf":[],"_links":{"self":[{"href":"https:\/\/denverzoo.org\/es\/wp-json\/wp\/v2\/pages\/14539","targetHints":{"allow":["GET"]}}],"collection":[{"href":"https:\/\/denverzoo.org\/es\/wp-json\/wp\/v2\/pages"}],"about":[{"href":"https:\/\/denverzoo.org\/es\/wp-json\/wp\/v2\/types\/page"}],"author":[{"embeddable":true,"href":"https:\/\/denverzoo.org\/es\/wp-json\/wp\/v2\/users\/11"}],"replies":[{"embeddable":true,"href":"https:\/\/denverzoo.org\/es\/wp-json\/wp\/v2\/comments?post=14539"}],"version-history":[{"count":0,"href":"https:\/\/denverzoo.org\/es\/wp-json\/wp\/v2\/pages\/14539\/revisions"}],"wp:attachment":[{"href":"https:\/\/denverzoo.org\/es\/wp-json\/wp\/v2\/media?parent=14539"}],"curies":[{"name":"gracias","href":"https:\/\/api.w.org\/{rel}","templated":true}]}}