{"id":14865,"date":"2019-11-06T15:04:42","date_gmt":"2019-11-06T22:04:42","guid":{"rendered":"https:\/\/denverzootemp.org\/our-philosophy-2\/"},"modified":"2024-07-01T16:28:36","modified_gmt":"2024-07-01T22:28:36","slug":"nature-play","status":"publish","type":"page","link":"https:\/\/denverzoo.org\/es\/nature-play\/","title":{"rendered":"Familia Naturaleza Jugar"},"content":{"rendered":"<div  class='lhl-section urbi-component urbi-component front_view lhl_comp_width_inherit lhl_spacing_t_09 lhl_spacing_b_09 lhl_spacing_l_00 lhl_spacing_r_00 section-background-t' ><div class=\"urbi-component-inner\">\n    <div class=\"is-layout-constrained\">\n\n<p class=\"has-text-align-center\">Ven a jugar, aprender y conectarte con la naturaleza en The Zofnass Barclay Family Nature Play Trail. En este espacio, los ni\u00f1os tienen la libertad de salirse del sendero, trepar debajo de los arbustos, encontrar insectos, cavar en la tierra y sumergirse en la naturaleza. Los educadores del zool\u00f3gico juegan junto a los ni\u00f1os mientras descubren, anim\u00e1ndolos a observar, maravillarse y probar.<\/p>\n\n\n\n<p class=\"has-text-align-center\">El sendero de juegos naturales de la familia Zofnass Barclay es posible gracias a la generosidad de la Fundaci\u00f3n de la familia Zofnass Barclay.<\/p>\n\n\n\n<p class=\"has-text-align-center\"><strong>Abierto para jugar en familia<\/strong> la mayor\u00eda de las ma\u00f1anas, de domingo a s\u00e1bado. Los d\u00edas y horas var\u00edan seg\u00fan la temporada y dependen del clima.<\/p>\n\n<\/div>\n\n<\/div>\n<\/div>\n\n\n\n\n<div  class='lhl-section urbi-component urbi-component front_view lhl_comp_width_inherit lhl_spacing_t_09 lhl_spacing_b_09 lhl_spacing_l_00 lhl_spacing_r_00 section-background-3' ><div class=\"urbi-component-inner\">\n    <div class=\"is-layout-constrained\">\n\n<h4 class=\"wp-block-heading\"><strong>\u00bfQu\u00e9 es Nature Play?<\/strong><\/h4>\n\n\n\n<p>Jugar en la naturaleza es simple y es algo que la mayor\u00eda de los ni\u00f1os hacen sin siquiera pensar en ello: jugar en la naturaleza y jugar con objetos del mundo natural. Trepar a un \u00e1rbol es un juego de la naturaleza, al igual que construir un fuerte. Cavar en busca de gusanos es un juego de la naturaleza, al igual que rodar por una colina cubierta de hierba.<\/p>\n\n\n\n<p>Los juegos en la naturaleza son buenos para los ni\u00f1os. Las investigaciones sugieren que el tiempo que pasan en la naturaleza reduce el estr\u00e9s de los ni\u00f1os, desarrolla su capacidad intelectual, fomenta las habilidades sociales y el desarrollo de la empat\u00eda. \u00a1El juego en la naturaleza tambi\u00e9n es bueno para la naturaleza! Cuando animamos a los ni\u00f1os a jugar en la naturaleza, a explorarla y disfrutarla, estamos animando a la pr\u00f3xima generaci\u00f3n de defensores de la conservaci\u00f3n.<\/p>\n\n\n    \r\n    \r\n    <div class='urbi_button_link'><a class=\"urbi-link lhl_button lhl_button--small lhl_button_color_default lhl_button_width_default lhl_button--block\" href=\"https:\/\/denverzoo.org\/es\/zootales\/a-natural-connection\/\" target=\"\" rel=\"noopener noreferrer\" >Aprende m\u00e1s<\/a><\/div>\n<\/div>\n\n<\/div>\n<\/div>\n\n\n\n\n<div  class='lhl-section urbi-component urbi-component front_view lhl_comp_width_inherit lhl_spacing_t_09 lhl_spacing_b_09 lhl_spacing_l_00 lhl_spacing_r_00 section-background-1' ><div class=\"urbi-component-inner\">\n    <div class=\"is-layout-constrained\">\n\n<h4 class=\"wp-block-heading\"><strong>20 ideas para jugar con la naturaleza<\/strong><\/h4>\n\n\n\n<p>Se ha demostrado que los juegos en la naturaleza tienen poderosos beneficios tanto para el cuerpo como para el cerebro, \u00a1no solo para los ni\u00f1os, sino tambi\u00e9n para los padres! Pru\u00e9belo y salga con estas 20 sencillas actividades de juego en la naturaleza.<\/p>\n\n\n    \r\n    \r\n    <div class='urbi_button_link'><a class=\"urbi-link lhl_button lhl_button--small lhl_button_color_default lhl_button_width_default lhl_button--block\" href=\"https:\/\/denverzoo.org\/es\/zootales\/back-to-nature\/\" target=\"\" rel=\"noopener noreferrer\" >Aprende m\u00e1s<\/a><\/div>\n<\/div>\n\n<\/div>\n<\/div>\n\n\n\n\n<div  class='lhl-section urbi-component urbi-component front_view lhl_comp_width_inherit lhl_spacing_t_09 lhl_spacing_b_09 lhl_spacing_l_00 lhl_spacing_r_00 section-background-3' ><div class=\"urbi-component-inner\">\n    <div class=\"is-layout-constrained\">\n\n<h4 class=\"wp-block-heading\"><strong>Juego en la naturaleza en el Zool\u00f3gico de Denver<\/strong><\/h4>\n\n\n\n<p>\u00a1Hay muchas oportunidades para jugar en la naturaleza en el Zool\u00f3gico de Denver! Pruebe estas ideas de juegos en la naturaleza durante su visita o en su propio vecindario:<\/p>\n\n\n\n\n\n<div  class='lhl-section urbi-component urbi-component front_view lhl_spacing_t_02 lhl_spacing_b_09 lhl_spacing_l_00 lhl_spacing_r_00 section-background-t urbi-component-bg--light-gray' ><div class=\"urbi-component-inner\">\n    <div class=\"is-layout-constrained\">\n\n\n\n<div  class='urbi\/tiles urbi-component urbi-component front_view' >\n<div class=\"uk-child-width-1-2@s uk-grid-match\" uk-grid>\n    \n\n\n<div>\n\n        <div  class='urbi\/tile urbi-card urbi-card--tile urbi-card--shadow-3' >\n    <div class=\"urbi-tile-inner\">\n                <div class=\"tile-content padding-none\">\n\n\n\n<div  class='lhl-card urbi-component urbi-component front_view lhl_comp_width_inherit lhl_spacing_t_05 lhl_spacing_b_05 lhl_spacing_l_07 lhl_spacing_r_07 section-background-t  lhl_card  lhl_card_shadow_0 lhl_card_radius_0' ><div class=\"urbi-component-inner\">\n    <div class=\"acf-innerblocks-container\">\n\n<h4 class=\"wp-block-heading has-text-align-center\">Haz un collage de naturaleza:<\/h4>\n\n\n\n<p class=\"has-text-align-center\">Recoge objetos naturales como hojas ca\u00eddas, peque\u00f1as rocas, ramitas y bellotas. \u00a1Usa estos elementos especiales para hacer un collage de la naturaleza! Dise\u00f1a un patr\u00f3n, haz una carita sonriente, crea un animal o acom\u00f3dalos como quieras.<\/p>\n\n<\/div>\n<\/div>\n<\/div>\n<\/div>\n    <\/div>\n    <\/div><\/div>\n\n\n\n<div>\n\n        <div  class='urbi\/tile urbi-card urbi-card--tile urbi-card--shadow-3' >\n    <div class=\"urbi-tile-inner\">\n                <div class=\"tile-content padding-none\">\n\n\n\n<div  class='lhl-card urbi-component urbi-component front_view lhl_comp_width_inherit lhl_spacing_t_05 lhl_spacing_b_05 lhl_spacing_l_07 lhl_spacing_r_07 section-background-t  lhl_card  lhl_card_shadow_0 lhl_card_radius_0' ><div class=\"urbi-component-inner\">\n    <div class=\"acf-innerblocks-container\">\n\n<h4 class=\"wp-block-heading has-text-align-center\">Busque vida silvestre local:<\/h4>\n\n\n\n<p class=\"has-text-align-center\">Podemos encontrar vida silvestre a nuestro alrededor, \u00a1incluso aqu\u00ed en el Zool\u00f3gico de Denver! Eche un vistazo a su alrededor mientras camina por el sendero, entre los \u00e1rboles y el cielo. \u00bfVes alguna vida salvaje local? Algunos visitantes habituales son las ardillas, los gansos y los conejos. \u00bfQu\u00e9 m\u00e1s puedes encontrar?<\/p>\n\n<\/div>\n<\/div>\n<\/div>\n<\/div>\n    <\/div>\n    <\/div><\/div>\n\n\n<\/div>\n<\/div>\n\n\n\n\n<div  class='urbi\/tiles urbi-component urbi-component front_view' >\n<div class=\"uk-child-width-1-2@s uk-grid-match\" uk-grid>\n    \n\n\n<div>\n\n        <div  class='urbi\/tile urbi-card urbi-card--tile urbi-card--shadow-3' >\n    <div class=\"urbi-tile-inner\">\n                <div class=\"tile-content padding-none\">\n\n\n\n<div  class='lhl-card urbi-component urbi-component front_view lhl_comp_width_inherit lhl_spacing_t_05 lhl_spacing_b_05 lhl_spacing_l_07 lhl_spacing_r_07 section-background-t  lhl_card  lhl_card_shadow_0 lhl_card_radius_0' ><div class=\"urbi-component-inner\">\n    <div class=\"acf-innerblocks-container\">\n\n<h4 class=\"wp-block-heading has-text-align-center\">Construye un nido de p\u00e1jaro:<\/h4>\n\n\n\n<p class=\"has-text-align-center\">\u00a1El invierno es una de las mejores \u00e9pocas del a\u00f1o para avistar aves locales! Use sus habilidades de observaci\u00f3n y vea qu\u00e9 amigos de plumas puede encontrar. Use ramitas, hojas y otros objetos para construir su propio nido de p\u00e1jaros. \u00a1Puntos extra si puedes ver un nido de p\u00e1jaro real en un \u00e1rbol!<\/p>\n\n<\/div>\n<\/div>\n<\/div>\n<\/div>\n    <\/div>\n    <\/div><\/div>\n\n\n\n<div>\n\n        <div  class='urbi\/tile urbi-card urbi-card--tile urbi-card--shadow-3' >\n    <div class=\"urbi-tile-inner\">\n                <div class=\"tile-content padding-none\">\n\n\n\n<div  class='lhl-card urbi-component urbi-component front_view lhl_comp_width_inherit lhl_spacing_t_05 lhl_spacing_b_05 lhl_spacing_l_07 lhl_spacing_r_07 section-background-t  lhl_card  lhl_card_shadow_0 lhl_card_radius_0' ><div class=\"urbi-component-inner\">\n    <div class=\"acf-innerblocks-container\">\n\n<h4 class=\"wp-block-heading has-text-align-center\">Vaya a buscar colores naturales:<\/h4>\n\n\n\n<p class=\"has-text-align-center\">En tu pr\u00f3xima caminata, observa cu\u00e1ntos colores diferentes puedes encontrar. \u00bfPuedes encontrar una planta o un animal que sea verde? \u00bfAzul? \u00bfRojo? \u00bfNegro? \u00bfAmarillo? \u00bfQu\u00e9 otros colores encontraste?<\/p>\n\n<\/div>\n<\/div>\n<\/div>\n<\/div>\n    <\/div>\n    <\/div><\/div>\n\n\n<\/div>\n<\/div>\n<\/div>\n\n<\/div>\n<\/div>\n<\/div>\n\n<\/div>\n<\/div>\n\n\n\n\n<div  class='lhl-section urbi-component urbi-component front_view lhl_comp_width_inherit lhl_spacing_t_09 lhl_spacing_b_09 lhl_spacing_l_00 lhl_spacing_r_00 section-background-t' ><div class=\"urbi-component-inner\">\n    <div class=\"is-layout-constrained\">\n\n<h4 class=\"wp-block-heading\"><strong>Nutrir a los cient\u00edficos a trav\u00e9s del juego con la naturaleza<\/strong><\/h4>\n\n\n\n<p>Nurturing Scientists Through Nature Play es un programa de asociaci\u00f3n preescolar que involucra a estudiantes, maestros y familias en la exploraci\u00f3n y el juego de la naturaleza en sus escuelas, en el zool\u00f3gico y en sus comunidades.<\/p>\n\n\n\n<p>Nurturing Scientists apoya el desarrollo de habilidades cient\u00edficas apropiadas para su edad en estudiantes de preescolar a trav\u00e9s del juego y la exploraci\u00f3n de la naturaleza. Los talleres para cuidadores y maestros capacitan a padres y maestros para que sean socios activos en el aprendizaje de sus hijos.<\/p>\n\n\n\n<p>En reconocimiento al \u00e9xito del programa, la Asociaci\u00f3n de Zool\u00f3gicos y Acuarios otorg\u00f3 al programa su Premio al Logro Significativo en Educaci\u00f3n en 2018, y en 2019, Nurturing Scientists recibi\u00f3 una subvenci\u00f3n de varios a\u00f1os del Instituto de Servicios de Museos y Bibliotecas para profundizar y ampliar el \u00e9nfasis del programa en interactuar con las familias locales en la naturaleza.<\/p>\n\n<\/div>\n\n<\/div>\n<\/div>","protected":false},"excerpt":{"rendered":"","protected":false},"author":11,"featured_media":15084,"parent":0,"menu_order":0,"comment_status":"closed","ping_status":"closed","template":"","meta":{"_acf_changed":true,"_relevanssi_hide_post":"","_relevanssi_hide_content":"","_relevanssi_pin_for_all":"","_relevanssi_pin_keywords":"","_relevanssi_unpin_keywords":"","_relevanssi_related_keywords":"","_relevanssi_related_include_ids":"","_relevanssi_related_exclude_ids":"","_relevanssi_related_no_append":"","_relevanssi_related_not_related":"","_relevanssi_related_posts":"","_relevanssi_noindex_reason":"","footnotes":""},"class_list":["post-14865","page","type-page","status-publish","has-post-thumbnail","hentry"],"acf":[],"_links":{"self":[{"href":"https:\/\/denverzoo.org\/es\/wp-json\/wp\/v2\/pages\/14865","targetHints":{"allow":["GET"]}}],"collection":[{"href":"https:\/\/denverzoo.org\/es\/wp-json\/wp\/v2\/pages"}],"about":[{"href":"https:\/\/denverzoo.org\/es\/wp-json\/wp\/v2\/types\/page"}],"author":[{"embeddable":true,"href":"https:\/\/denverzoo.org\/es\/wp-json\/wp\/v2\/users\/11"}],"replies":[{"embeddable":true,"href":"https:\/\/denverzoo.org\/es\/wp-json\/wp\/v2\/comments?post=14865"}],"version-history":[{"count":0,"href":"https:\/\/denverzoo.org\/es\/wp-json\/wp\/v2\/pages\/14865\/revisions"}],"wp:featuredmedia":[{"embeddable":true,"href":"https:\/\/denverzoo.org\/es\/wp-json\/wp\/v2\/media\/15084"}],"wp:attachment":[{"href":"https:\/\/denverzoo.org\/es\/wp-json\/wp\/v2\/media?parent=14865"}],"curies":[{"name":"gracias","href":"https:\/\/api.w.org\/{rel}","templated":true}]}}