{"id":15500,"date":"2019-12-12T09:21:19","date_gmt":"2019-12-12T16:21:19","guid":{"rendered":"https:\/\/denverzootemp.org\/graduate-program-2\/"},"modified":"2019-12-19T10:39:04","modified_gmt":"2019-12-19T17:39:04","slug":"plasma-saves-animals","status":"publish","type":"page","link":"https:\/\/denverzoo.org\/es\/plasma-saves-animals\/","title":{"rendered":"Fin de a\u00f1o"},"content":{"rendered":"<p>\t\t\t\t\t\t\tEL PLASMA SALVA A LOS ELEFANTES<br \/>\n\t\t\t\t\t\t\tEL PLASMA SALVA A LOS GERENUKS<br \/>\n\t\t\t\t\t\t\tEL PLASMA SALVA A OKAPIS<br \/>\n\t\t\t\tEL PLASMA SALVA A LOS ELEFANTES<\/p>\n<p>&nbsp;<\/p>\n<p><img loading=\"lazy\" decoding=\"async\" src=\"https:\/\/denverzoo.org\/wp-content\/uploads\/2019\/12\/save_e.jpg\" alt=\"\" width=\"1000\" height=\"300\" \/><\/p>\n<p><strong>SU DONACI\u00d3N SALVA ELEFANTES\u00a0<em>como Groucho, Bodhi, Billy, Chuck + Jake<\/em><br \/>\n<\/strong><\/p>\n<p>EEHV (herpesvirus endoteliotr\u00f3pico de elefante) es una de las principales causas de muerte de elefantes asi\u00e1ticos, tanto en el cuidado humano como en la naturaleza. Esta infecci\u00f3n viral mortal suele estar latente, lo que solo se puede determinar con un an\u00e1lisis de sangre, y las transfusiones de plasma suelen ser la primera l\u00ednea de tratamiento. Groucho, nuestro elefante asi\u00e1tico de 49 a\u00f1os, amablemente nos permite recolectar muestras de plasma. Con nuestras propias instalaciones de almacenamiento y centrifugaci\u00f3n veterinaria, el Zool\u00f3gico de Denver tendr\u00eda la capacidad de procesar y almacenar plasma de manera segura y r\u00e1pida, brindando una protecci\u00f3n poderosa y esencial para nuestro querido reba\u00f1o de solteros.<\/p>\n<p><strong>Su donaci\u00f3n es esencial para financiar equipos de plasma para nuestro nuevo hospital veterinario. <\/strong><\/p>\n<p><img id=\"hzDownscaled\" \/><\/p>\n<p><img id=\"hzDownscaled\" \/><\/p>\n<p><img id=\"hzDownscaled\" \/><\/p>\n<p><img id=\"hzDownscaled\" \/><\/p>\n<p><img id=\"hzDownscaled\" \/><\/p>\n<p>\t\t\t\tEL PLASMA SALVA A LOS GERENUKS<\/p>\n<p>&nbsp;<\/p>\n<p><img loading=\"lazy\" decoding=\"async\" src=\"https:\/\/denverzoo.org\/wp-content\/uploads\/2019\/12\/save_g.jpg\" alt=\"\" width=\"1000\" height=\"300\" \/><\/p>\n<p><strong>SU DONACI\u00d3N AHORRA GERENUKS\u00a0<em>como Agnes<\/em><\/strong><\/p>\n<p>Agnes, la \u00faltima incorporaci\u00f3n a nuestro reba\u00f1o de gerenuk del sur, tuvo un comienzo un poco dif\u00edcil. Cuando naci\u00f3 en agosto pasado, ten\u00eda unos delicados 30 cent\u00edmetros de altura; incapaz de amamantar o vincularse con su madre, no estaba prosperando. Debido a que no estaba obteniendo anticuerpos cr\u00edticos de la leche materna, el equipo veterinario intervino con una transfusi\u00f3n de plasma. Afortunadamente, los mam\u00edferos pueden recibir plasma de cualquier animal de la misma especie. Debido a que recientemente hab\u00edamos tomado y separado una muestra del padre de Aggie, Echo, pudimos actuar r\u00e1pidamente, pero si tuvi\u00e9ramos un banco de plasma permanente, lo har\u00edamos <em>siempre<\/em> prep\u00e1rate para salvar vidas.<\/p>\n<p><strong>Su donaci\u00f3n es esencial para garantizar una respuesta r\u00e1pida a las necesidades m\u00e9dicas y un futuro brillante para nuestros animales. <\/strong><\/p>\n<p><img id=\"hzDownscaled\" \/><\/p>\n<p><img id=\"hzDownscaled\" \/><img id=\"hzDownscaled\" \/><\/p>\n<p><img id=\"hzDownscaled\" \/><img id=\"hzDownscaled\" \/><\/p>\n<p><img id=\"hzDownscaled\" \/><img id=\"hzDownscaled\" \/><\/p>\n<p>\t\t\t\tEL PLASMA SALVA A OKAPIS<\/p>\n<p>&nbsp;<\/p>\n<p><img loading=\"lazy\" decoding=\"async\" src=\"https:\/\/denverzoo.org\/wp-content\/uploads\/2019\/12\/save_o.jpg\" alt=\"\" width=\"1000\" height=\"300\" \/><\/p>\n<p><strong>SU DONACI\u00d3N SALVA OKAPIS\u00a0<em>como el bosque<\/em><\/strong><\/p>\n<p>Los okapis, como todos los mam\u00edferos con pezu\u00f1a, reciben TODOS sus anticuerpos cr\u00edticos dentro de las primeras 24 horas de vida, de la leche materna. Cuando naci\u00f3 Little Forest, no pod\u00eda pararse, caminar o amamantar, lo que significaba que se estaba perdiendo los nutrientes que su sistema inmunol\u00f3gico en crecimiento necesitaba para combatir las infecciones y ganarse los galones. Sin ning\u00fan plasma de Okapi a mano, nuestro equipo veterinario depend\u00eda del zool\u00f3gico y acuario Columbus, miembro de la AZA, para obtener plasma durante la noche de su banco de sangre en el lugar para una transfusi\u00f3n de emergencia al d\u00eda siguiente. La capacidad de recolectar, procesar y almacenar plasma fresco garantizar\u00eda una respuesta r\u00e1pida a nuestras propias necesidades m\u00e9dicas urgentes\u2026 y permitir\u00eda que el Zool\u00f3gico de Denver tambi\u00e9n ayudara a otras organizaciones a salvar animales.<\/p>\n<p><strong>Su donaci\u00f3n es fundamental para proporcionar a nuestros animales equipos de plasma que salvan vidas. <\/strong><\/p>\n<p><img id=\"hzDownscaled\" \/><img id=\"hzDownscaled\" \/><\/p>\n<p><img id=\"hzDownscaled\" \/><img id=\"hzDownscaled\" \/><\/p>\n<p><img id=\"hzDownscaled\" \/><\/p>","protected":false},"excerpt":{"rendered":"<p>El plasma salva a los elefantes. El plasma salva a los gerenuks. El plasma salva a los okapis. El plasma salva a los elefantes. Tu donaci\u00f3n salva a elefantes como Groucho, Bodhi, Billy, Chuck y Jake. El EEHV (herpesvirus endoteliotr\u00f3pico del elefante) es una de las principales causas de muerte de elefantes asi\u00e1ticos, tanto en cautiverio como en estado salvaje. Esta mortal infecci\u00f3n viral suele ser latente y solo puede detectarse mediante una prueba [\u2026]<\/p>","protected":false},"author":11,"featured_media":0,"parent":0,"menu_order":0,"comment_status":"closed","ping_status":"closed","template":"","meta":{"_acf_changed":false,"_relevanssi_hide_post":"","_relevanssi_hide_content":"","_relevanssi_pin_for_all":"","_relevanssi_pin_keywords":"","_relevanssi_unpin_keywords":"","_relevanssi_related_keywords":"","_relevanssi_related_include_ids":"","_relevanssi_related_exclude_ids":"","_relevanssi_related_no_append":"","_relevanssi_related_not_related":"","_relevanssi_related_posts":"","_relevanssi_noindex_reason":"","footnotes":""},"class_list":["post-15500","page","type-page","status-publish","hentry"],"acf":[],"_links":{"self":[{"href":"https:\/\/denverzoo.org\/es\/wp-json\/wp\/v2\/pages\/15500","targetHints":{"allow":["GET"]}}],"collection":[{"href":"https:\/\/denverzoo.org\/es\/wp-json\/wp\/v2\/pages"}],"about":[{"href":"https:\/\/denverzoo.org\/es\/wp-json\/wp\/v2\/types\/page"}],"author":[{"embeddable":true,"href":"https:\/\/denverzoo.org\/es\/wp-json\/wp\/v2\/users\/11"}],"replies":[{"embeddable":true,"href":"https:\/\/denverzoo.org\/es\/wp-json\/wp\/v2\/comments?post=15500"}],"version-history":[{"count":0,"href":"https:\/\/denverzoo.org\/es\/wp-json\/wp\/v2\/pages\/15500\/revisions"}],"wp:attachment":[{"href":"https:\/\/denverzoo.org\/es\/wp-json\/wp\/v2\/media?parent=15500"}],"curies":[{"name":"gracias","href":"https:\/\/api.w.org\/{rel}","templated":true}]}}