{"id":15991,"date":"2020-02-05T12:29:38","date_gmt":"2020-02-05T19:29:38","guid":{"rendered":"https:\/\/denverzootemp.org\/?page_id=15991"},"modified":"2020-04-06T13:12:54","modified_gmt":"2020-04-06T19:12:54","slug":"recycle","status":"publish","type":"page","link":"https:\/\/denverzoo.org\/es\/recycle\/","title":{"rendered":"Reciclar"},"content":{"rendered":"<p>\t\t\t\t<img loading=\"lazy\" decoding=\"async\" src=\"https:\/\/denverzoo.org\/wp-content\/uploads\/2020\/02\/Swire-logo-feature-04-03.png\" alt=\"swire logo\" itemprop=\"image\" height=\"190\" width=\"801\" title=\"Swire-logo-feature-04-03\"  \/><\/p>\n<h1>\n\t\tEl zool\u00f3gico de Denver se compromete a lograr <br \/>Residuos cero para 2025<br \/>\n\t<\/h1>\n<p>Eso significa mantener el 90% de nuestros desechos fuera de los vertederos mediante el compostaje, el reciclaje y la reutilizaci\u00f3n de materiales aqu\u00ed en el campus del zool\u00f3gico de Denver. Asociaci\u00f3n con Swire Coca-Cola, EE. UU.<sup>TM<\/sup><strong>\u00a0<\/strong>ayudar a convertir las botellas de pl\u00e1stico en telas que se utilizan para fabricar los uniformes y las bolsas reutilizables del zool\u00f3gico de Denver es solo un peque\u00f1o paso en nuestro viaje de cero residuos. Nuestra mentalidad de reducir, reutilizar y reciclar nos hace trabajar hacia un futuro de menos. Menos art\u00edculos desechables de un solo uso, menos materiales utilizados, menos contaminaci\u00f3n, menos residuos.<\/p>\n<p>\t[V\u00cdDEO EMERGENTE COMPLETO]<br \/>\n\t[VIDEO-POPUP]<\/p>\n<h3>ESTAD\u00cdSTICA #1<\/h3>\n<p>El objetivo 2025 del Zool\u00f3gico de Denver de Cero Residuos, que mantiene el 90% de los residuos producidos en el campus fuera de los vertederos.<\/p>\n<p>\t\t\t<a href=\"\" target=\"_self\" role=\"button\"><br \/>\n\t\t\t\t\t\t\tHaga clic aqu\u00ed<br \/>\n\t\t\t\t\t<\/a><\/p>\n<h2>ESTAD\u00cdSTICA #2<\/h2>\n<p>Se estima que 2,6 millones de libras de desechos se mantendr\u00e1n fuera de los vertederos cada a\u00f1o.<\/p>\n<p>\t\t\t<a href=\"\" target=\"_self\" role=\"button\"><br \/>\n\t\t\t\t\t\t\tHaga clic aqu\u00ed<br \/>\n\t\t\t\t\t<\/a><br \/>\n\t[VIDEO-POPUP]<br \/>\n\t[VIDEO-POPUP]<\/p>\n<h3>ESTAD\u00cdSTICA #3<\/h3>\n<p>En 2019, DZ logr\u00f3 una tasa de desv\u00edo de vertederos de 63%.<\/p>\n<p>\t\t\t<a href=\"\" target=\"_self\" role=\"button\"><br \/>\n\t\t\t\t\t\t\tHaga clic aqu\u00ed<br \/>\n\t\t\t\t\t<\/a><\/p>","protected":false},"excerpt":{"rendered":"<p>El Zool\u00f3gico de Denver est\u00e1 comprometido a lograr Cero Residuos para 2025. Eso significa mantener el 90% de nuestros desechos fuera de los vertederos mediante el compostaje, el reciclaje y la reutilizaci\u00f3n de materiales aqu\u00ed en el Campus del Zool\u00f3gico de Denver. Asociarse con Swire Coca-Cola, USATM para ayudar a convertir botellas de pl\u00e1stico en tela utilizada para confeccionar uniformes y bolsas reutilizables del Zool\u00f3gico de Denver es solo una [\u2026]<\/p>","protected":false},"author":40,"featured_media":0,"parent":0,"menu_order":0,"comment_status":"closed","ping_status":"closed","template":"","meta":{"_acf_changed":false,"_relevanssi_hide_post":"","_relevanssi_hide_content":"","_relevanssi_pin_for_all":"","_relevanssi_pin_keywords":"","_relevanssi_unpin_keywords":"","_relevanssi_related_keywords":"","_relevanssi_related_include_ids":"","_relevanssi_related_exclude_ids":"","_relevanssi_related_no_append":"","_relevanssi_related_not_related":"","_relevanssi_related_posts":"","_relevanssi_noindex_reason":"","footnotes":""},"class_list":["post-15991","page","type-page","status-publish","hentry"],"acf":[],"_links":{"self":[{"href":"https:\/\/denverzoo.org\/es\/wp-json\/wp\/v2\/pages\/15991","targetHints":{"allow":["GET"]}}],"collection":[{"href":"https:\/\/denverzoo.org\/es\/wp-json\/wp\/v2\/pages"}],"about":[{"href":"https:\/\/denverzoo.org\/es\/wp-json\/wp\/v2\/types\/page"}],"author":[{"embeddable":true,"href":"https:\/\/denverzoo.org\/es\/wp-json\/wp\/v2\/users\/40"}],"replies":[{"embeddable":true,"href":"https:\/\/denverzoo.org\/es\/wp-json\/wp\/v2\/comments?post=15991"}],"version-history":[{"count":0,"href":"https:\/\/denverzoo.org\/es\/wp-json\/wp\/v2\/pages\/15991\/revisions"}],"wp:attachment":[{"href":"https:\/\/denverzoo.org\/es\/wp-json\/wp\/v2\/media?parent=15991"}],"curies":[{"name":"gracias","href":"https:\/\/api.w.org\/{rel}","templated":true}]}}