{"id":16145,"date":"2020-02-14T14:18:23","date_gmt":"2020-02-14T21:18:23","guid":{"rendered":"https:\/\/denverzootemp.org\/fall-safari-schedules-2019-2\/"},"modified":"2020-02-18T11:29:22","modified_gmt":"2020-02-18T18:29:22","slug":"spring-safari-schedules","status":"publish","type":"page","link":"https:\/\/denverzoo.org\/es\/spring-safari-schedules\/","title":{"rendered":"Horarios Safari Primavera 2020"},"content":{"rendered":"<p>\t\t\t\t<a href=\"\/es\/spring-safari-schedules-2020-day1\/\" target=\"_self\" itemprop=\"url\"><br \/>\n\t\t\t\t<img loading=\"lazy\" decoding=\"async\" src=\"https:\/\/denverzoo.org\/wp-content\/uploads\/2020\/02\/400x400_website-spring-website_dayone.jpg\" alt=\"400x400_website-spring-website_dayone\" itemprop=\"image\" height=\"400\" width=\"400\" title=\"400x400_website-primavera-website_dayone\"  \/><br \/>\n\t\t\t\t<\/a><\/p>\n<h2><a href=\"\/es\/spring-safari-schedules-2020-day1\/\" target=\"_self\">24 y 31 de marzo<\/a><\/h2>\n<p>&nbsp;<\/p>\n<p>INFORMACI\u00d3N PARA TODAS LAS EDADES<\/p>\n<p>\t\t\t\t<a href=\"\/es\/spring-safari-schedules-2020-day2\/\" target=\"_self\" itemprop=\"url\"><br \/>\n\t\t\t\t<img loading=\"lazy\" decoding=\"async\" src=\"https:\/\/denverzoo.org\/wp-content\/uploads\/2020\/02\/400x400_website-spring-website_day2.jpg\" alt=\"400x400_website-spring-website_day2\" itemprop=\"image\" height=\"400\" width=\"400\" title=\"400x400_website-primavera-website_day2\"  \/><br \/>\n\t\t\t\t<\/a><\/p>\n<h2><a href=\"\/es\/spring-safari-schedules-2020-day2\/\" target=\"_self\">25 de marzo y 1 de abril<\/a><\/h2>\n<p>&nbsp;<\/p>\n<p>INFORMACI\u00d3N PARA TODAS LAS EDADES<\/p>\n<p>\t\t\t\t<a href=\"\/es\/spring-safari-schedules-2020-day3\/\" target=\"_self\" itemprop=\"url\"><br \/>\n\t\t\t\t<img loading=\"lazy\" decoding=\"async\" src=\"https:\/\/denverzoo.org\/wp-content\/uploads\/2020\/02\/400x400_website-spring-website_day3.jpg\" alt=\"400x400_website-spring-website_day3\" itemprop=\"image\" height=\"400\" width=\"400\" title=\"400x400_website-primavera-website_day3\"  \/><br \/>\n\t\t\t\t<\/a><\/p>\n<h2><a href=\"\/es\/spring-safari-schedules-2020-day3\/\" target=\"_self\">26 de marzo y 2 de abril<\/a><\/h2>\n<p>&nbsp;<\/p>\n<p>INFORMACI\u00d3N PARA TODAS LAS EDADES<\/p>\n<p>\t[dz_slideshow]<\/p>","protected":false},"excerpt":{"rendered":"<p>24 y 31 de marzo INFORMACI\u00d3N PARA TODAS LAS EDADES 25 de marzo y 1 de abril INFORMACI\u00d3N PARA TODAS LAS EDADES 26 de marzo y 2 de abril INFORMACI\u00d3N PARA TODAS LAS EDADES [dz_slideshow]<\/p>","protected":false},"author":11,"featured_media":6808,"parent":0,"menu_order":0,"comment_status":"closed","ping_status":"closed","template":"","meta":{"_acf_changed":false,"_relevanssi_hide_post":"","_relevanssi_hide_content":"","_relevanssi_pin_for_all":"","_relevanssi_pin_keywords":"","_relevanssi_unpin_keywords":"","_relevanssi_related_keywords":"","_relevanssi_related_include_ids":"","_relevanssi_related_exclude_ids":"","_relevanssi_related_no_append":"","_relevanssi_related_not_related":"","_relevanssi_related_posts":"","_relevanssi_noindex_reason":"","footnotes":""},"class_list":["post-16145","page","type-page","status-publish","has-post-thumbnail","hentry"],"acf":[],"_links":{"self":[{"href":"https:\/\/denverzoo.org\/es\/wp-json\/wp\/v2\/pages\/16145","targetHints":{"allow":["GET"]}}],"collection":[{"href":"https:\/\/denverzoo.org\/es\/wp-json\/wp\/v2\/pages"}],"about":[{"href":"https:\/\/denverzoo.org\/es\/wp-json\/wp\/v2\/types\/page"}],"author":[{"embeddable":true,"href":"https:\/\/denverzoo.org\/es\/wp-json\/wp\/v2\/users\/11"}],"replies":[{"embeddable":true,"href":"https:\/\/denverzoo.org\/es\/wp-json\/wp\/v2\/comments?post=16145"}],"version-history":[{"count":0,"href":"https:\/\/denverzoo.org\/es\/wp-json\/wp\/v2\/pages\/16145\/revisions"}],"wp:featuredmedia":[{"embeddable":true,"href":"https:\/\/denverzoo.org\/es\/wp-json\/wp\/v2\/media\/6808"}],"wp:attachment":[{"href":"https:\/\/denverzoo.org\/es\/wp-json\/wp\/v2\/media?parent=16145"}],"curies":[{"name":"gracias","href":"https:\/\/api.w.org\/{rel}","templated":true}]}}