{"id":17497,"date":"2020-04-29T07:14:55","date_gmt":"2020-04-29T13:14:55","guid":{"rendered":"https:\/\/denverzootemp.org\/student-teacher-resources-2\/"},"modified":"2023-08-24T10:04:23","modified_gmt":"2023-08-24T16:04:23","slug":"virtual-classroom","status":"publish","type":"page","link":"https:\/\/denverzoo.org\/es\/virtual-classroom\/","title":{"rendered":"Virtual Classroom"},"content":{"rendered":"<h1>\n\t\tRecursos de aprendizaje electr\u00f3nico atractivos para padres y maestros\n\t<\/h1>\n\t<p>\u00a1Transporte a estudiantes de todas las edades al mundo salvaje y maravilloso del Zool\u00f3gico de Denver! Ya sea que sea un padre que busca aprendizaje adicional en l\u00ednea o un maestro que espera ampliar su plan de estudios, nuestra Aula Virtual ofrece recursos dise\u00f1ados para llevar el aprendizaje al siguiente nivel, para grupos y situaciones de varios tama\u00f1os. Explore nuestros programas pagos y actividades en l\u00ednea gratuitas a continuaci\u00f3n para comenzar su aventura en l\u00ednea.&nbsp;<\/p>\n<h2>\n\t\tProgramas pagados en l\u00ednea para ni\u00f1os\n\t<\/h2>\n\t[VIDEO-POPUP]\n\t\t<h3>Classroom Safari<\/h3>\n\t\t<strong>Programa privado en l\u00ednea para hasta 30 participantes.<br>\nPara estudiantes de 3 a\u00f1os en adelante<\/strong>\n<p>Toma tu clase <strong>EN VIVO<\/strong> Classroom Safari con el Zool\u00f3gico de Denver, que incluye una experiencia interactiva con Animal Ambassadors y miembros expertos de nuestro equipo educativo experto. Con este inolvidable programa privado, los asistentes tendr\u00e1n la posibilidad de elegir FECHA, HORA + TEMA, as\u00ed como interactuar con nuestro equipo en tiempo real.&nbsp;<\/p>\n\t\t\t<a href=\"\/es\/virtual-classroom\/classroom-safari\/\" target=\"_self\" role=\"button\" rel=\"noopener\">\n\t\t\t\t\t\t\tAprende m\u00e1s\n\t\t\t\t\t<\/a>\n\t\t<h3>Descubrimiento salvaje<\/h3>\n\t\t<strong>Eventos p\u00fablicos en l\u00ednea para hasta 400 ni\u00f1os<\/strong><br>\n<strong>Para estudiantes en los grados K-2<\/strong>\n<p>Con esta serie de eventos en l\u00ednea emocionantes y asequibles, los padres y maestros tienen la flexibilidad de pagar $5 por estudiante para unirse a una excursi\u00f3n virtual en vivo con miembros de nuestro equipo de educaci\u00f3n experto, incluida la capacidad de interactuar a trav\u00e9s del chat. Las fechas, los horarios y el tema se determinan de antemano... \u00a1solo \u00fanase y aprenda!<\/p>\n\t\t\t<a href=\"\/es\/virtual-classroom\/wild-discovery\/\" target=\"_self\" role=\"button\" rel=\"noopener\">\n\t\t\t\t\t\t\tAprende m\u00e1s\n\t\t\t\t\t<\/a>\n\t[VIDEO-POPUP]\n<h2>\n\t\tRecursos gratuitos para estudiantes y profesores\n\t<\/h2>\n\t<h5><strong>Ayude a informar el programa de desarrollo profesional de maestros del zool\u00f3gico de Denver<\/strong><\/h5>\n<p>El Zool\u00f3gico de Denver est\u00e1 actualizando la oferta de programas y reactivando las oportunidades de desarrollo profesional docente. Es importante para nosotros que escuchemos lo que los maestros necesitan y quieren a medida que avanzamos, \u00a1por eso necesitamos su ayuda!<\/p>\n<p><em>Complete la encuesta y le enviaremos un cup\u00f3n para una entrada gratuita al zool\u00f3gico.<\/em><\/p>\n\t\t\t<a href=\"https:\/\/survey.alchemer.com\/s3\/6959785\/Teacher-Professional-Development-Survey\" target=\"_self\" role=\"button\" rel=\"noopener\">\n\t\t\t\t\t\t\tIniciar la encuesta\n\t\t\t\t\t<\/a>\n\t\t\t\t<a href=\"\/es\/virtual-classroom\/ethograms\/\" target=\"_self\" itemprop=\"url\" rel=\"noopener\">\n\t\t\t\t<img loading=\"lazy\" decoding=\"async\" src=\"https:\/\/denverzoo.org\/wp-content\/uploads\/2020\/04\/LEX-142_VirtualClassroom_Thumbnails_AnimalEthograms-_V1.1_JH.jpg\" alt=\"Joona the rhino thumbnail\" itemprop=\"image\" height=\"1024\" width=\"1024\" title=\"LEX-142_VirtualClassroom_Thumbnails_AnimalEthograms _V1.1_JH\" onerror=\"this.style.display='none'\">\n\t\t\t\t<\/a>\n<h2><a href=\"\/es\/virtual-classroom\/ethograms\/\" target=\"_self\" rel=\"noopener\">ETOGRAMAS ANIMALES<\/a><\/h2>\t\t\n\t\t\t<p>Descubra c\u00f3mo nuestro equipo de cuidado de animales utiliza etogramas para estudiar el comportamiento de la beb\u00e9 Joona. \u00a1Y luego pru\u00e9balo t\u00fa mismo!<\/p>\n\t\t\t\t<a href=\"\/es\/virtual-classroom\/animal-demos\/\" target=\"_self\" itemprop=\"url\" rel=\"noopener\">\n\t\t\t\t<img loading=\"lazy\" decoding=\"async\" src=\"https:\/\/denverzoo.org\/wp-content\/uploads\/2020\/08\/Porcupine-Feature2.jpg\" alt=\"porcupine\" itemprop=\"image\" height=\"400\" width=\"400\" title=\"Porcupine-Feature2\" onerror=\"this.style.display='none'\">\n\t\t\t\t<\/a>\n<h2><a href=\"\/es\/virtual-classroom\/animal-demos\/\" target=\"_self\" rel=\"noopener\">CONOCE A NUESTROS EMBAJADORES<\/a><\/h2>\t\t\n\t\t\t<p>Disfruta de un encuentro virtual con nuestros incre\u00edbles Animal Ambassadors.<\/p>\n\t\t\t\t<a href=\"https:\/\/www.youtube.com\/embed\/sMR1oHFM_O0\" target=\"_blank\" rel=\"noopener\" itemprop=\"url\">\n\t\t\t\t<img loading=\"lazy\" decoding=\"async\" src=\"https:\/\/denverzoo.org\/wp-content\/uploads\/2021\/02\/LEX-142_VirtualClassroom_Thumb_AquaticHabitats_V1.3_JH_02-01-21.jpg\" alt=\"Aquatic Habitats Thumbnail with James Garcia\" itemprop=\"image\" height=\"1058\" width=\"1058\" title=\"Miniatura de h\u00e1bitats acu\u00e1ticos con James Garc\u00eda\" onerror=\"this.style.display='none'\">\n\t\t\t\t<\/a>\n<h2><a href=\"https:\/\/www.youtube.com\/embed\/sMR1oHFM_O0\" target=\"_blank\" rel=\"noopener\">HABITATS ACU\u00c1TICOS<\/a><\/h2>\t\t\n\t\t\t<p>Explora asombrosos mundos submarinos con el educador del Denver Zoo, el Sr. Garc\u00eda.<\/p>","protected":false},"excerpt":{"rendered":"","protected":false},"author":11,"featured_media":17542,"parent":0,"menu_order":0,"comment_status":"closed","ping_status":"closed","template":"","meta":{"_acf_changed":false,"_relevanssi_hide_post":"","_relevanssi_hide_content":"","_relevanssi_pin_for_all":"","_relevanssi_pin_keywords":"","_relevanssi_unpin_keywords":"","_relevanssi_related_keywords":"","_relevanssi_related_include_ids":"","_relevanssi_related_exclude_ids":"","_relevanssi_related_no_append":"","_relevanssi_related_not_related":"","_relevanssi_related_posts":"","_relevanssi_noindex_reason":"","footnotes":""},"class_list":["post-17497","page","type-page","status-publish","has-post-thumbnail","hentry"],"acf":[],"_links":{"self":[{"href":"https:\/\/denverzoo.org\/es\/wp-json\/wp\/v2\/pages\/17497","targetHints":{"allow":["GET"]}}],"collection":[{"href":"https:\/\/denverzoo.org\/es\/wp-json\/wp\/v2\/pages"}],"about":[{"href":"https:\/\/denverzoo.org\/es\/wp-json\/wp\/v2\/types\/page"}],"author":[{"embeddable":true,"href":"https:\/\/denverzoo.org\/es\/wp-json\/wp\/v2\/users\/11"}],"replies":[{"embeddable":true,"href":"https:\/\/denverzoo.org\/es\/wp-json\/wp\/v2\/comments?post=17497"}],"version-history":[{"count":0,"href":"https:\/\/denverzoo.org\/es\/wp-json\/wp\/v2\/pages\/17497\/revisions"}],"wp:featuredmedia":[{"embeddable":true,"href":"https:\/\/denverzoo.org\/es\/wp-json\/wp\/v2\/media\/17542"}],"wp:attachment":[{"href":"https:\/\/denverzoo.org\/es\/wp-json\/wp\/v2\/media?parent=17497"}],"curies":[{"name":"gracias","href":"https:\/\/api.w.org\/{rel}","templated":true}]}}