{"id":17598,"date":"2020-05-04T12:14:24","date_gmt":"2020-05-04T18:14:24","guid":{"rendered":"https:\/\/denverzootemp.org\/?page_id=17598"},"modified":"2024-07-02T13:08:10","modified_gmt":"2024-07-02T19:08:10","slug":"ethograms","status":"publish","type":"page","link":"https:\/\/denverzoo.org\/es\/virtual-classroom\/ethograms\/","title":{"rendered":"Aula virtual | Etogramas de animales"},"content":{"rendered":"<div  class='lhl-section urbi-component urbi-component front_view lhl_comp_width_inherit lhl_spacing_t_09 lhl_spacing_b_09 lhl_spacing_l_00 lhl_spacing_r_00 section-background-t' ><div class=\"urbi-component-inner\">\n    <div class=\"is-layout-constrained\">\n\n<h3 class=\"wp-block-heading has-text-align-center\"><strong>Los cient\u00edficos usan muchos tipos diferentes de herramientas cuando investigan.<\/strong><\/h3>\n\n\n\n<p class=\"has-text-align-center\">Por ejemplo, al hacer observaciones, pueden usar un microscopio para ver cosas peque\u00f1as de cerca, una balanza para medir el peso o un term\u00f3metro para determinar los cambios de temperatura.<\/p>\n\n\n\n<p class=\"has-text-align-center\">En el zool\u00f3gico de Denver, el personal de cuidado de animales a veces usa una herramienta llamada etograma para ayudarlos a estudiar el comportamiento de los animales. Comprender el comportamiento de los animales es importante, por lo que los cuidadores y los veterinarios saben cu\u00e1ndo un animal est\u00e1 feliz y saludable, y reconocen los signos de cuando puede que no se sienta bien.<\/p>\n\n<\/div>\n\n<\/div>\n<\/div>\n\n\n\n\n<div  class='lhl-section urbi-component urbi-component front_view lhl_comp_width_inherit lhl_spacing_t_09 lhl_spacing_b_09 lhl_spacing_l_00 lhl_spacing_r_00 section-background-t urbi-component-bg--amber-burst' ><div class=\"urbi-component-inner\">\n    <div class=\"is-layout-constrained\">\n\n<h3 class=\"wp-block-heading has-text-align-center\"><strong>C\u00d3MO UTILIZAR UN ETOGRAMA<\/strong><\/h3>\n\n\n\n<p class=\"has-text-align-center\">Aprenda a usar un etograma de Caitlin, una educadora del zool\u00f3gico de Denver, y luego haga su PROPIA investigaci\u00f3n para obtener m\u00e1s informaci\u00f3n sobre nuestro nuevo rinoceronte de un cuerno, Joona.<\/p>\n\n<\/div>\n\n<\/div>\n<\/div>\n\n\n\n\n<div  class='lhl-section urbi-component urbi-component front_view lhl_comp_width_inherit lhl_spacing_t_09 lhl_spacing_b_09 lhl_spacing_l_00 lhl_spacing_r_00 section-background-t' ><div class=\"urbi-component-inner\">\n    <div class=\"is-layout-constrained\">\n\n<figure class=\"wp-block-embed is-type-video is-provider-youtube wp-block-embed-youtube wp-embed-aspect-16-9 wp-has-aspect-ratio\"><div class=\"wp-block-embed__wrapper\">\n<iframe loading=\"lazy\" title=\"Aula virtual | Etogramas de animales\" width=\"640\" height=\"360\" src=\"https:\/\/www.youtube.com\/embed\/nRj9FOqSMgI?feature=oembed\" frameborder=\"0\" allow=\"accelerometer; autoplay; clipboard-write; encrypted-media; gyroscope; picture-in-picture; web-share\" referrerpolicy=\"strict-origin-when-cross-origin\" allowfullscreen><\/iframe>\n<\/div><\/figure>\n\n<\/div>\n\n<\/div>\n<\/div>","protected":false},"excerpt":{"rendered":"","protected":false},"author":11,"featured_media":20189,"parent":17497,"menu_order":0,"comment_status":"closed","ping_status":"closed","template":"","meta":{"_acf_changed":true,"_relevanssi_hide_post":"","_relevanssi_hide_content":"","_relevanssi_pin_for_all":"","_relevanssi_pin_keywords":"","_relevanssi_unpin_keywords":"","_relevanssi_related_keywords":"","_relevanssi_related_include_ids":"","_relevanssi_related_exclude_ids":"","_relevanssi_related_no_append":"","_relevanssi_related_not_related":"","_relevanssi_related_posts":"538,33229,116,121,123,1202","_relevanssi_noindex_reason":"","footnotes":""},"class_list":["post-17598","page","type-page","status-publish","has-post-thumbnail","hentry"],"acf":[],"_links":{"self":[{"href":"https:\/\/denverzoo.org\/es\/wp-json\/wp\/v2\/pages\/17598","targetHints":{"allow":["GET"]}}],"collection":[{"href":"https:\/\/denverzoo.org\/es\/wp-json\/wp\/v2\/pages"}],"about":[{"href":"https:\/\/denverzoo.org\/es\/wp-json\/wp\/v2\/types\/page"}],"author":[{"embeddable":true,"href":"https:\/\/denverzoo.org\/es\/wp-json\/wp\/v2\/users\/11"}],"replies":[{"embeddable":true,"href":"https:\/\/denverzoo.org\/es\/wp-json\/wp\/v2\/comments?post=17598"}],"version-history":[{"count":0,"href":"https:\/\/denverzoo.org\/es\/wp-json\/wp\/v2\/pages\/17598\/revisions"}],"up":[{"embeddable":true,"href":"https:\/\/denverzoo.org\/es\/wp-json\/wp\/v2\/pages\/17497"}],"wp:featuredmedia":[{"embeddable":true,"href":"https:\/\/denverzoo.org\/es\/wp-json\/wp\/v2\/media\/20189"}],"wp:attachment":[{"href":"https:\/\/denverzoo.org\/es\/wp-json\/wp\/v2\/media?parent=17598"}],"curies":[{"name":"gracias","href":"https:\/\/api.w.org\/{rel}","templated":true}]}}