{"id":17780,"date":"2020-05-15T01:38:55","date_gmt":"2020-05-15T07:38:55","guid":{"rendered":"https:\/\/denverzootemp.org\/legacy-giving\/gifts-that-cost-you-nothing-now-3\/"},"modified":"2020-10-28T11:41:34","modified_gmt":"2020-10-28T17:41:34","slug":"gifts-that-reduce-your-taxes","status":"publish","type":"page","link":"https:\/\/denverzoo.org\/es\/legacy-giving\/gifts-that-reduce-your-taxes\/","title":{"rendered":"Regalos que reducen sus impuestos"},"content":{"rendered":"<h2>\n\t\tSolo se necesitan tres sencillos pasos para realizar este tipo de obsequio.<\/br>A continuaci\u00f3n, le mostramos c\u00f3mo nombrar al zool\u00f3gico de Denver como beneficiario:<br \/>\n\t<\/h2>\n<p>\t\t\t\t<img loading=\"lazy\" decoding=\"async\" src=\"https:\/\/denverzoo.org\/wp-content\/uploads\/2020\/08\/1.jpg\" alt=\"1 crane\" itemprop=\"image\" height=\"700\" width=\"700\" title=\"1\"  \/><\/p>\n<h2>Administrador de contacto<\/h2>\n<p>Comun\u00edquese o inicie sesi\u00f3n en l\u00ednea con el administrador de su plan de jubilaci\u00f3n, compa\u00f1\u00eda de seguros, banco o instituci\u00f3n financiera para obtener un formulario de cambio de beneficiario.<\/p>\n<p>\t\t\t\t<img loading=\"lazy\" decoding=\"async\" src=\"https:\/\/denverzoo.org\/wp-content\/uploads\/2020\/08\/2.jpg\" alt=\"2 mongoose\" itemprop=\"image\" height=\"700\" width=\"700\" title=\"2\"  \/><\/p>\n<h2>Decidir la cantidad<\/h2>\n<p>Decida qu\u00e9 porcentaje (1 a 100) desea que recibamos y n\u00f3mbrenos, junto con el porcentaje que eligi\u00f3, en el formulario de beneficiario. Probablemente deba incluir nuestro n\u00famero de identificaci\u00f3n fiscal donde soliciten el n\u00famero de seguro social: 84-0502539.<\/p>\n<p>\t\t\t\t<img loading=\"lazy\" decoding=\"async\" src=\"https:\/\/denverzoo.org\/wp-content\/uploads\/2020\/08\/3.jpg\" alt=\"3 flamingo\" itemprop=\"image\" height=\"700\" width=\"700\" title=\"3\"  \/><\/p>\n<h2>Formulario de devoluci\u00f3n<\/h2>\n<p>Devuelva el formulario completo al administrador de su plan, compa\u00f1\u00eda de seguros, banco o instituci\u00f3n financiera.<\/p>\n<h4>Regalos inmobiliarios<\/h4>\n<p>\u00bfQuiere hacer un gran regalo al zool\u00f3gico de Denver sin tocar su cuenta bancaria? Considere regalar bienes ra\u00edces. Un regalo tan generoso nos ayuda a continuar nuestro trabajo en los a\u00f1os venideros. Y un regalo de bienes ra\u00edces tambi\u00e9n te ayuda. Cuando nos da una propiedad que ha tenido m\u00e1s de un a\u00f1o, califica para una deducci\u00f3n caritativa del impuesto sobre la renta federal y elimina el impuesto a las ganancias de capital. Y ya no tendr\u00e1 que lidiar con los costos de mantenimiento, los impuestos a la propiedad o el seguro de esa propiedad.<\/p>\n<p>Tampoco tiene que preocuparse por vender la propiedad inmobiliaria por su cuenta. Puede escribir la propiedad directamente al zool\u00f3gico o pedirle a su abogado que agregue algunas oraciones en su testamento o acuerdo de fideicomiso.<\/p>\n<h4>Distribuci\u00f3n ben\u00e9fica calificada<\/h4>\n<p>Considere hacer una donaci\u00f3n inmediata de su IRA al Zool\u00f3gico de Denver.<\/p>\n<p><strong>As\u00ed es como funciona:<\/strong><\/p>\n<ul>\n<li>Debe tener 70\u00bd a\u00f1os o m\u00e1s.<\/li>\n<li>El obsequio debe transferirse directamente de su administrador de IRA al Zool\u00f3gico de Denver. <em>Considere usar nuestro <a href=\"https:\/\/denverzoo.org\/wp-content\/uploads\/2020\/05\/DZF_IRA_Rollover_Sample_Letter.pdf\" target=\"_blank\" rel=\"noopener\">carta de muestra<\/a>.<\/em><\/li>\n<li>El monto del obsequio puede ser de hasta $100,000 cada a\u00f1o.<\/li>\n<li>La donaci\u00f3n no se declarar\u00e1 como ingreso sujeto a impuestos.<\/li>\n<li>Su donaci\u00f3n puede satisfacer la totalidad o parte de su distribuci\u00f3n m\u00ednima requerida para el a\u00f1o si tiene m\u00e1s de 72 a\u00f1os.<\/li>\n<\/ul>\n<h5><i>* El Congreso ha renunciado a la Distribuci\u00f3n M\u00ednima Requerida anual de las Cuentas IRA en el a\u00f1o 2020 como parte de la Ley CARES en respuesta a COVID-19. Considere buscar el consejo de su asesor financiero o profesional de impuestos para comprender c\u00f3mo los cambios recientes en las leyes que rigen los planes de jubilaci\u00f3n pueden afectarlo a usted y a su donaci\u00f3n caritativa.<\/i><\/h5>\n<h4>Regalos de acciones<\/h4>\n<p>Cuando usted nos dona valores apreciados o fondos mutuos que ha retenido durante m\u00e1s de un a\u00f1o para salvar la vida silvestre, puede reducir o incluso eliminar los impuestos federales sobre las ganancias de capital sobre la transferencia. Tambi\u00e9n puede tener derecho a una deducci\u00f3n caritativa del impuesto sobre la renta federal basada en el valor justo de mercado de los valores en el momento de la transferencia.<\/p>\n<p>Los valores se utilizan con mayor frecuencia para respaldar nuestro trabajo en forma de:<\/p>\n<p><b>Una cuenta de transferencia al fallecimiento (TOD).<\/b>\u00a0Al colocar una designaci\u00f3n TOD en su cuenta de corretaje o inversi\u00f3n, esa cuenta se pagar\u00e1 a una o m\u00e1s personas u organizaciones ben\u00e9ficas despu\u00e9s de su vida.<\/p>\n<p><b>Un regalo absoluto.<\/b>\u00a0Cuando dona valores al zool\u00f3gico, recibe los mismos ahorros en impuestos sobre la renta que recibir\u00eda si nos escribiera un cheque, pero con el beneficio adicional de eliminar los impuestos sobre las ganancias de capital en la transferencia, que pueden llegar hasta el 20 por ciento.<\/p>\n<ul>\n<li><strong>Transferencias electr\u00f3nicas de acciones.\u00a0<\/strong>Si su obsequio ser\u00e1 transferido electr\u00f3nicamente por DTC, p\u00eddale a su corredor que entregue las acciones a la siguiente cuenta:\n<ul>\n<li>Charles Schwab<\/li>\n<li>Fundaci\u00f3n Zool\u00f3gica de Denver, Inc.<\/li>\n<li><strong>DTC 0164 <\/strong><\/li>\n<li><strong>Cuenta #4008-9984<\/strong><\/li>\n<li>Si usted o su corredor tienen preguntas o problemas con la transferencia, comun\u00edquese con Josie Stewart por correo electr\u00f3nico,\u00a0<a href=\"mailto:jstewart@denverzoo.org\">jstewart@denverzoo.org<\/a>\u00a0o por tel\u00e9fono, 720-337-1463.<\/li>\n<\/ul>\n<\/li>\n<\/ul>\n<p>\t\t\t\t<a href=\"https:\/\/www.youtube.com\/watch?v=ASGfYAa37AY&#038;feature=youtu.be&#038;autoplay=0\" target=\"_blank\" rel=\"noopener\"  itemprop=\"url\"><br \/>\n\t\t\t\t<img loading=\"lazy\" decoding=\"async\" src=\"https:\/\/denverzoo.org\/wp-content\/uploads\/2020\/10\/video-small-box-outline.jpg\" alt=\"The Cares Act and Giving video\" itemprop=\"image\" height=\"315\" width=\"315\" title=\"video-esquema-de-caja-peque\u00f1a\"  \/><br \/>\n\t\t\t\t<\/a><\/p>\n<h2>La Ley de Cares y Dar<\/h2>\n<p>3 cosas que debes saber sobre la ley Cares<\/p>\n<p>\t\t\t<a href=\"https:\/\/www.youtube.com\/watch?v=ASGfYAa37AY&#038;feature=youtu.be&#038;autoplay=0\" target=\"_blank\" role=\"button\" rel=\"noopener\" ><br \/>\n\t\t\t\t\t\t\tVer ahora<br \/>\n\t\t\t\t\t<\/a><\/p>\n<h2>Hannah Yaritz<\/h2>\n<p>Hannah Yaritz es una apasionada de la misi\u00f3n del zool\u00f3gico de Denver y cree que el zool\u00f3gico &quot;habla y camina, y realmente se preocupa por los animales a su cuidado, as\u00ed como por los esfuerzos de conservaci\u00f3n de animales en todo el mundo&quot;.<\/p>\n<p>\t\t\t<a href=\"https:\/\/denverzoo.org\/es\/wildlife-heritage-society-2\/#yaritz\" target=\"_self\" role=\"button\"><br \/>\n\t\t\t\t\t\t\tLeer m\u00e1s de la historia de Hannah<br \/>\n\t\t\t\t\t<\/a><br \/>\n\t[VIDEO-POPUP]<br \/>\n\t\t\t\t<img loading=\"lazy\" decoding=\"async\" src=\"https:\/\/denverzoo.org\/wp-content\/uploads\/2019\/06\/Headshot_JosieStewart.jpg\" alt=\"Headshot Josie Stewart\" itemprop=\"image\" height=\"400\" width=\"400\" title=\"Headshot_JosieStewart\"  \/><\/p>\n<h2>\u00bfNecesita ayuda? Estoy aqui para ayudar.<\/h2>\n<p><strong>Josie Stewart<br \/>\n<\/strong>Gerente de planificaci\u00f3n de regalos<br \/>\n<a href=\"mailto:jstewart@denverzoo.org\">jstewart@denverzoo.org<\/a><br \/>\n720.337.1463<\/p>\n<p>\t\t\t<a href=\"mailto:jstewart@denverzoo.org\" target=\"_self\" role=\"button\"><br \/>\n\t\t\t\t\t\t\tEnv\u00ede un correo electr\u00f3nico a Josie<br \/>\n\t\t\t\t\t<\/a><\/p>\n<h4>Esta informaci\u00f3n no pretende ser un asesoramiento legal, contable o profesional. Si necesita ayuda para planificar su donaci\u00f3n heredada, consulte a un abogado o asesor financiero para obtener asesoramiento profesional.<\/h4>","protected":false},"excerpt":{"rendered":"<p>Hacer este tipo de donaci\u00f3n solo requiere tres sencillos pasos. Para nombrar al Zool\u00f3gico de Denver como beneficiario, siga estos pasos: Contacte al administrador. Contacte o inicie sesi\u00f3n en l\u00ednea con el administrador de su plan de jubilaci\u00f3n, compa\u00f1\u00eda de seguros, banco o instituci\u00f3n financiera para obtener un formulario de cambio de beneficiario. Determine el monto. Decida qu\u00e9 porcentaje (1 a 100) desea que recibamos [\u2026]<\/p>","protected":false},"author":40,"featured_media":0,"parent":17703,"menu_order":0,"comment_status":"closed","ping_status":"closed","template":"","meta":{"_acf_changed":false,"_relevanssi_hide_post":"","_relevanssi_hide_content":"","_relevanssi_pin_for_all":"","_relevanssi_pin_keywords":"","_relevanssi_unpin_keywords":"","_relevanssi_related_keywords":"","_relevanssi_related_include_ids":"","_relevanssi_related_exclude_ids":"","_relevanssi_related_no_append":"","_relevanssi_related_not_related":"","_relevanssi_related_posts":"","_relevanssi_noindex_reason":"","footnotes":""},"class_list":["post-17780","page","type-page","status-publish","hentry"],"acf":[],"_links":{"self":[{"href":"https:\/\/denverzoo.org\/es\/wp-json\/wp\/v2\/pages\/17780","targetHints":{"allow":["GET"]}}],"collection":[{"href":"https:\/\/denverzoo.org\/es\/wp-json\/wp\/v2\/pages"}],"about":[{"href":"https:\/\/denverzoo.org\/es\/wp-json\/wp\/v2\/types\/page"}],"author":[{"embeddable":true,"href":"https:\/\/denverzoo.org\/es\/wp-json\/wp\/v2\/users\/40"}],"replies":[{"embeddable":true,"href":"https:\/\/denverzoo.org\/es\/wp-json\/wp\/v2\/comments?post=17780"}],"version-history":[{"count":0,"href":"https:\/\/denverzoo.org\/es\/wp-json\/wp\/v2\/pages\/17780\/revisions"}],"up":[{"embeddable":true,"href":"https:\/\/denverzoo.org\/es\/wp-json\/wp\/v2\/pages\/17703"}],"wp:attachment":[{"href":"https:\/\/denverzoo.org\/es\/wp-json\/wp\/v2\/media?parent=17780"}],"curies":[{"name":"gracias","href":"https:\/\/api.w.org\/{rel}","templated":true}]}}