{"id":17816,"date":"2020-05-15T15:39:57","date_gmt":"2020-05-15T21:39:57","guid":{"rendered":"https:\/\/denverzootemp.org\/?page_id=17816"},"modified":"2024-07-10T16:20:41","modified_gmt":"2024-07-10T22:20:41","slug":"eat","status":"publish","type":"page","link":"https:\/\/denverzoo.org\/es\/eat\/","title":{"rendered":"Comida y bebida"},"content":{"rendered":"<div  class='lhl-section urbi-component urbi-component front_view lhl_comp_width_compact lhl_spacing_t_11 lhl_spacing_b_05 lhl_spacing_l_00 lhl_spacing_r_00 section-background-t' ><div class=\"urbi-component-inner\">\n    <div class=\"is-layout-constrained\">\n\n<p class=\"has-text-align-center\">\u00a1PEDIDOS M\u00d3VILES AHORA DISPONIBLES!<\/p>\n\n\n\n<p class=\"has-text-align-center\">Cuando est\u00e9 disponible, complete su pedido desde su tel\u00e9fono m\u00f3vil y lo llevar\u00e1n directamente a su mesa o a la estaci\u00f3n de recogida designada.<\/p>\n\n\n\n<p class=\"has-text-align-center\">\u00a1Descargue la aplicaci\u00f3n Denver Zoo o vea los enlaces a continuaci\u00f3n para obtener m\u00e1s informaci\u00f3n sobre las ofertas de ubicaci\u00f3n!<\/p>\n\n<\/div>\n\n<\/div>\n<\/div>\n\n\r\n\r\n\r\n<div  class='urbi-two-card-block urbi-component urbi-component front_view lhl_comp_width_inherit lhl_spacing_t_09 lhl_spacing_b_09 lhl_spacing_l_00 lhl_spacing_r_00 section-background-t urbi-component-bg--light-gray' ><div class=\"urbi-component-inner\">\r\n    <div class=\"uk-child-width-1-2@s uk-grid uk-grid-match\" uk-grid>\r\n\r\n        <div class=\"uk-width-1-2@m\">\n<div class=\"urbi-card urbi-card--shadow-3 urbi-card--with-tags urbi-card--has_cta\">\n    <div class=\"uk-card-media-top urbi-card--img\">\n\n                                    <img loading=\"lazy\" decoding=\"async\" width=\"610\" height=\"360\" src=\"https:\/\/denverzoo.org\/wp-content\/uploads\/2022\/08\/CupCone-610x360.jpg\" class=\"urbi-img urbi-featured-homme-img\" alt=\"\" srcset=\"https:\/\/denverzoo.org\/wp-content\/uploads\/2022\/08\/CupCone-610x360.jpg 610w, https:\/\/denverzoo.org\/wp-content\/uploads\/2022\/08\/CupCone-18x12.jpg 18w\" sizes=\"auto, (max-width: 610px) 100vw, 610px\" \/>                    \n        \n    <\/div>\n    <div class=\"urbi-card--txt uk-text-left\">\n\n                    <h3 class=\"urbi-card__title\">\n                Copa y Cono            <\/h3>\n        \n        \n                    <div class=\"urbi-card__description\">\n                \u00a1Ahora ofrecemos caf\u00e9, cerveza y helado junto con bocadillos cl\u00e1sicos del zool\u00f3gico! Tome su bebida espresso favorita y un bocado para el desayuno de nuestro men\u00fa ampliado de cafeter\u00eda, que incluye burritos de desayuno,...            <\/div>\n        \n                    <div class=\"urbi-card__cta_container\">\n                <a class=\"urbi-link urbi-card__cta lhl_button lhl_button_type_solid lhl_button_color_default lhl_button_width_default\" href=\"https:\/\/denverzoo.org\/es\/food-and-drink\/cup-and-cone\/\" target=\"_self\" rel=\"noopener noreferrer\" >Aprende m\u00e1s<\/a>            <\/div>\n            <\/div>\n<\/div><\/div><div class=\"uk-width-1-2@m\">\n<div class=\"urbi-card urbi-card--shadow-3 urbi-card--with-tags urbi-card--has_cta\">\n    <div class=\"uk-card-media-top urbi-card--img\">\n\n                                    <img loading=\"lazy\" decoding=\"async\" width=\"610\" height=\"360\" src=\"https:\/\/denverzoo.org\/wp-content\/uploads\/2022\/08\/Samburu-610x360.jpg\" class=\"urbi-img urbi-featured-homme-img\" alt=\"\" srcset=\"https:\/\/denverzoo.org\/wp-content\/uploads\/2022\/08\/Samburu-610x360.jpg 610w, https:\/\/denverzoo.org\/wp-content\/uploads\/2022\/08\/Samburu-18x12.jpg 18w\" sizes=\"auto, (max-width: 610px) 100vw, 610px\" \/>                    \n        \n    <\/div>\n    <div class=\"urbi-card--txt uk-text-left\">\n\n                    <h3 class=\"urbi-card__title\">\n                Parrilla Samburu            <\/h3>\n        \n        \n                    <div class=\"urbi-card__description\">\n                \u00a1Pase por Samburu Grille para disfrutar de todos sus platos favoritos y de temporada del Zool\u00f3gico de Denver! Ahora ofrecemos los cl\u00e1sicos como hamburguesas, hot dogs y filetes de pollo, as\u00ed como sopas de temporada, sa...            <\/div>\n        \n                    <div class=\"urbi-card__cta_container\">\n                <a class=\"urbi-link urbi-card__cta lhl_button lhl_button_type_solid lhl_button_color_default lhl_button_width_default\" href=\"https:\/\/denverzoo.org\/es\/food-and-drink\/samburu-grille\/\" target=\"_self\" rel=\"noopener noreferrer\" >Aprende m\u00e1s<\/a>            <\/div>\n            <\/div>\n<\/div><\/div>\r\n    <\/div>\r\n<\/div>\r\n<\/div>\n\n\r\n\r\n\r\n<div  class='urbi-two-card-block urbi-component urbi-component front_view lhl_comp_width_inherit lhl_spacing_t_06 lhl_spacing_b_09 lhl_spacing_l_00 lhl_spacing_r_00 section-background-t urbi-component-bg--light-gray' ><div class=\"urbi-component-inner\">\r\n    <div class=\"uk-child-width-1-2@s uk-grid uk-grid-match\" uk-grid>\r\n\r\n        <div class=\"uk-width-1-2@m\">\n<div class=\"urbi-card urbi-card--shadow-3 urbi-card--with-tags urbi-card--has_cta\">\n    <div class=\"uk-card-media-top urbi-card--img\">\n\n                                    <img loading=\"lazy\" decoding=\"async\" width=\"610\" height=\"360\" src=\"https:\/\/denverzoo.org\/wp-content\/uploads\/2022\/08\/BrownBear-610x360.jpg\" class=\"urbi-img urbi-featured-homme-img\" alt=\"\" srcset=\"https:\/\/denverzoo.org\/wp-content\/uploads\/2022\/08\/BrownBear-610x360.jpg 610w, https:\/\/denverzoo.org\/wp-content\/uploads\/2022\/08\/BrownBear-18x12.jpg 18w\" sizes=\"auto, (max-width: 610px) 100vw, 610px\" \/>                    \n        \n    <\/div>\n    <div class=\"urbi-card--txt uk-text-left\">\n\n                    <h3 class=\"urbi-card__title\">\n                Barbacoa de oso pardo            <\/h3>\n        \n        \n                    <div class=\"urbi-card__description\">\n                \u00a1Brown Bear es tu parada para hacer barbacoa! S\u00e1ndwiches amontonados, macarrones con queso de cuatro quesos y todos los acompa\u00f1amientos tradicionales. Despu\u00e9s del almuerzo, pruebe nuestro nuevo sabor de helado de temporada, &quot;God Save the Cream...            <\/div>\n        \n                    <div class=\"urbi-card__cta_container\">\n                <a class=\"urbi-link urbi-card__cta lhl_button lhl_button_type_solid lhl_button_color_default lhl_button_width_default\" href=\"https:\/\/denverzoo.org\/es\/food-and-drink\/brown-bear-bbq\/\" target=\"_self\" rel=\"noopener noreferrer\" >Aprende m\u00e1s<\/a>            <\/div>\n            <\/div>\n<\/div><\/div><div class=\"uk-width-1-2@m\">\n<div class=\"urbi-card urbi-card--shadow-3 urbi-card--with-tags urbi-card--has_cta\">\n    <div class=\"uk-card-media-top urbi-card--img\">\n\n                                    <img loading=\"lazy\" decoding=\"async\" width=\"610\" height=\"360\" src=\"https:\/\/denverzoo.org\/wp-content\/uploads\/2024\/06\/DippinDots-610x360.webp\" class=\"urbi-img urbi-featured-homme-img\" alt=\"\" srcset=\"https:\/\/denverzoo.org\/wp-content\/uploads\/2024\/06\/DippinDots-610x360.webp 610w, https:\/\/denverzoo.org\/wp-content\/uploads\/2024\/06\/DippinDots-18x12.webp 18w\" sizes=\"auto, (max-width: 610px) 100vw, 610px\" \/>                    \n        \n    <\/div>\n    <div class=\"urbi-card--txt uk-text-left\">\n\n                    <h3 class=\"urbi-card__title\">\n                Puntos de inmersi\u00f3n            <\/h3>\n        \n        \n                    <div class=\"urbi-card__description\">\n                Disfrute de refrigerios, bebidas embotelladas y las innovadoras perlas de helado Dippin&#039; Dots. Encu\u00e9ntrelos en Primate Panorama y Giraffe Meadows.            <\/div>\n        \n                    <div class=\"urbi-card__cta_container\">\n                <a class=\"urbi-link urbi-card__cta lhl_button lhl_button_type_solid lhl_button_color_default lhl_button_width_default\" href=\"https:\/\/denverzoo.org\/es\/food-and-drink\/dippin-dots\/\" target=\"_self\" rel=\"noopener noreferrer\" >Aprende m\u00e1s<\/a>            <\/div>\n            <\/div>\n<\/div><\/div>\r\n    <\/div>\r\n<\/div>\r\n<\/div>\n\n\r\n\r\n\r\n<div  class='urbi-two-card-block urbi-component urbi-component front_view lhl_comp_width_inherit lhl_spacing_t_06 lhl_spacing_b_09 lhl_spacing_l_00 lhl_spacing_r_00 section-background-t urbi-component-bg--light-gray' ><div class=\"urbi-component-inner\">\r\n    <div class=\"uk-child-width-1-2@s uk-grid uk-grid-match\" uk-grid>\r\n\r\n        <div class=\"uk-width-1-2@m\">\n<div class=\"urbi-card urbi-card--shadow-3 urbi-card--with-tags urbi-card--has_cta\">\n    <div class=\"uk-card-media-top urbi-card--img\">\n\n                                    <img loading=\"lazy\" decoding=\"async\" width=\"610\" height=\"360\" src=\"https:\/\/denverzoo.org\/wp-content\/uploads\/2024\/06\/CafeCosta-610x360.webp\" class=\"urbi-img urbi-featured-homme-img\" alt=\"\" srcset=\"https:\/\/denverzoo.org\/wp-content\/uploads\/2024\/06\/CafeCosta-610x360.webp 610w, https:\/\/denverzoo.org\/wp-content\/uploads\/2024\/06\/CafeCosta-18x12.webp 18w\" sizes=\"auto, (max-width: 610px) 100vw, 610px\" \/>                    \n        \n    <\/div>\n    <div class=\"urbi-card--txt uk-text-left\">\n\n                    <h3 class=\"urbi-card__title\">\n                Caf\u00e9 Costa            <\/h3>\n        \n        \n                    <div class=\"urbi-card__description\">\n                \u00a1Saborea los sabores de inspiraci\u00f3n argentina de Caf\u00e9 Costa! Desde peque\u00f1os bocadillos con un toque latino hasta pizza, Dole Whip y deliciosas bebidas para adultos como Bee&#039;s Knee&#039;s Mojito, es el perfecto...            <\/div>\n        \n                    <div class=\"urbi-card__cta_container\">\n                <a class=\"urbi-link urbi-card__cta lhl_button lhl_button_type_solid lhl_button_color_default lhl_button_width_default\" href=\"https:\/\/denverzoo.org\/es\/food-and-drink\/cafe-costa\/\" target=\"_self\" rel=\"noopener noreferrer\" >Aprende m\u00e1s<\/a>            <\/div>\n            <\/div>\n<\/div><\/div><div class=\"uk-width-1-2@m\">\n<div class=\"urbi-card urbi-card--shadow-3 urbi-card--with-tags urbi-card--has_cta\">\n    <div class=\"uk-card-media-top urbi-card--img\">\n\n                                    <img loading=\"lazy\" decoding=\"async\" width=\"610\" height=\"360\" src=\"https:\/\/denverzoo.org\/wp-content\/uploads\/2022\/08\/Stingray-610x360.jpg\" class=\"urbi-img urbi-featured-homme-img\" alt=\"\" srcset=\"https:\/\/denverzoo.org\/wp-content\/uploads\/2022\/08\/Stingray-610x360.jpg 610w, https:\/\/denverzoo.org\/wp-content\/uploads\/2022\/08\/Stingray-18x12.jpg 18w\" sizes=\"auto, (max-width: 610px) 100vw, 610px\" \/>                    \n        \n    <\/div>\n    <div class=\"urbi-card--txt uk-text-left\">\n\n                    <h3 class=\"urbi-card__title\">\n                Carrito de refrigerios Stingray Cove\u2122            <\/h3>\n        \n        \n                    <div class=\"urbi-card__description\">\n                \u00a1Pase por un refrigerio r\u00e1pido mientras contempla la experiencia Stingray Cove! Pruebe nuestros respados para refrescarse en un d\u00eda caluroso, una delicia de hielo raspado con compota de frutas y deliciosos aderezos, o...            <\/div>\n        \n                    <div class=\"urbi-card__cta_container\">\n                <a class=\"urbi-link urbi-card__cta lhl_button lhl_button_type_solid lhl_button_color_default lhl_button_width_default\" href=\"https:\/\/denverzoo.org\/es\/food-and-drink\/stingray-cove-snack-cart\/\" target=\"_self\" rel=\"noopener noreferrer\" >Aprende m\u00e1s<\/a>            <\/div>\n            <\/div>\n<\/div><\/div>\r\n    <\/div>\r\n<\/div>\r\n<\/div>\n\n\r\n\r\n\r\n<div  class='urbi-two-card-block urbi-component urbi-component front_view lhl_comp_width_inherit lhl_spacing_t_06 lhl_spacing_b_09 lhl_spacing_l_00 lhl_spacing_r_00 section-background-t urbi-component-bg--light-gray' ><div class=\"urbi-component-inner\">\r\n    <div class=\"uk-child-width-1-2@s uk-grid uk-grid-match\" uk-grid>\r\n\r\n        <div class=\"uk-width-1-2@m\">\n<div class=\"urbi-card urbi-card--shadow-3 urbi-card--with-tags urbi-card--has_cta\">\n    <div class=\"uk-card-media-top urbi-card--img\">\n\n                                    <img loading=\"lazy\" decoding=\"async\" width=\"610\" height=\"360\" src=\"https:\/\/denverzoo.org\/wp-content\/uploads\/2023\/05\/Scratch-610x360.jpg\" class=\"urbi-img urbi-featured-homme-img\" alt=\"\" srcset=\"https:\/\/denverzoo.org\/wp-content\/uploads\/2023\/05\/Scratch-610x360.jpg 610w, https:\/\/denverzoo.org\/wp-content\/uploads\/2023\/05\/Scratch-18x12.jpg 18w\" sizes=\"auto, (max-width: 610px) 100vw, 610px\" \/>                    \n        \n    <\/div>\n    <div class=\"urbi-card--txt uk-text-left\">\n\n                    <h3 class=\"urbi-card__title\">\n                Rascar            <\/h3>\n        \n        \n                    <div class=\"urbi-card__description\">\n                Scratch es la parada para todo lo relacionado con el pollo caliente. Ya sea nuestro s\u00e1ndwich de pollo picante Nashville con macarrones con queso o nuestras papas fritas con pollo calientes cargadas con queso, hay algo picante (o no...            <\/div>\n        \n                    <div class=\"urbi-card__cta_container\">\n                <a class=\"urbi-link urbi-card__cta lhl_button lhl_button_type_solid lhl_button_color_default lhl_button_width_default\" href=\"https:\/\/denverzoo.org\/es\/food-and-drink\/scratch\/\" target=\"_self\" rel=\"noopener noreferrer\" >Aprende m\u00e1s<\/a>            <\/div>\n            <\/div>\n<\/div><\/div><div class=\"uk-width-1-2@m\">\n<div class=\"urbi-card urbi-card--shadow-3 urbi-card--with-tags urbi-card--has_cta\">\n    <div class=\"uk-card-media-top urbi-card--img\">\n\n                                    <img loading=\"lazy\" decoding=\"async\" width=\"610\" height=\"360\" src=\"https:\/\/denverzoo.org\/wp-content\/uploads\/2024\/06\/PuffPuff-1-2048x1392-1-610x360.webp\" class=\"urbi-img urbi-featured-homme-img\" alt=\"\" srcset=\"https:\/\/denverzoo.org\/wp-content\/uploads\/2024\/06\/PuffPuff-1-2048x1392-1-610x360.webp 610w, https:\/\/denverzoo.org\/wp-content\/uploads\/2024\/06\/PuffPuff-1-2048x1392-1-18x12.webp 18w\" sizes=\"auto, (max-width: 610px) 100vw, 610px\" \/>                    \n        \n    <\/div>\n    <div class=\"urbi-card--txt uk-text-left\">\n\n                    <h3 class=\"urbi-card__title\">\n                Mini donas de hojaldre            <\/h3>\n        \n        \n                    <div class=\"urbi-card__description\">\n                \u00bfA qui\u00e9n no le encantan las donas? Reg\u00e1lale a tus hijos (o a ti mismo) mini donas reci\u00e9n horneadas o haz todo lo posible con un helado de donas. \u00bfNo eres goloso? Tambi\u00e9n hay cerveza, bebidas embotelladas y el cl\u00e1sico Z...            <\/div>\n        \n                    <div class=\"urbi-card__cta_container\">\n                <a class=\"urbi-link urbi-card__cta lhl_button lhl_button_type_solid lhl_button_color_default lhl_button_width_default\" href=\"https:\/\/denverzoo.org\/es\/food-and-drink\/puff-puff-mini-donuts\/\" target=\"_self\" rel=\"noopener noreferrer\" >Aprende m\u00e1s<\/a>            <\/div>\n            <\/div>\n<\/div><\/div>\r\n    <\/div>\r\n<\/div>\r\n<\/div>\n\n\r\n\r\n\r\n<div  class='urbi-two-card-block urbi-component urbi-component front_view lhl_comp_width_inherit lhl_spacing_t_06 lhl_spacing_b_09 lhl_spacing_l_00 lhl_spacing_r_00 section-background-t urbi-component-bg--light-gray' ><div class=\"urbi-component-inner\">\r\n    <div class=\"uk-child-width-1-2@s uk-grid uk-grid-match\" uk-grid>\r\n\r\n        <div class=\"uk-width-1-2@m\">\n<div class=\"urbi-card urbi-card--shadow-3 urbi-card--with-tags urbi-card--has_cta\">\n    <div class=\"uk-card-media-top urbi-card--img\">\n\n                                    <img loading=\"lazy\" decoding=\"async\" width=\"610\" height=\"360\" src=\"https:\/\/denverzoo.org\/wp-content\/uploads\/2022\/08\/Kamala-610x360.jpg\" class=\"urbi-img urbi-featured-homme-img\" alt=\"\" srcset=\"https:\/\/denverzoo.org\/wp-content\/uploads\/2022\/08\/Kamala-610x360.jpg 610w, https:\/\/denverzoo.org\/wp-content\/uploads\/2022\/08\/Kamala-18x12.jpg 18w\" sizes=\"auto, (max-width: 610px) 100vw, 610px\" \/>                    \n        \n    <\/div>\n    <div class=\"urbi-card--txt uk-text-left\">\n\n                    <h3 class=\"urbi-card__title\">\n                Kamala Caf\u00e9            <\/h3>\n        \n        \n                    <div class=\"urbi-card__description\">\n                Visite Kamala Caf\u00e9 en Toyota Elephant Passage para disfrutar de cocina fresca de inspiraci\u00f3n asi\u00e1tica, que incluye rollitos de primavera y tazones de arroz con pollo a la naranja. Tambi\u00e9n es el lugar perfecto para comprar un regalo fresco...            <\/div>\n        \n                    <div class=\"urbi-card__cta_container\">\n                <a class=\"urbi-link urbi-card__cta lhl_button lhl_button_type_solid lhl_button_color_default lhl_button_width_default\" href=\"https:\/\/denverzoo.org\/es\/food-and-drink\/kamala-cafe\/\" target=\"_self\" rel=\"noopener noreferrer\" >Aprende m\u00e1s<\/a>            <\/div>\n            <\/div>\n<\/div><\/div><div class=\"uk-width-1-2@m\">\n<div class=\"urbi-card urbi-card--shadow-3 urbi-card--with-tags urbi-card--has_cta\">\n    <div class=\"uk-card-media-top urbi-card--img\">\n\n                                    <img loading=\"lazy\" decoding=\"async\" width=\"610\" height=\"360\" src=\"https:\/\/denverzoo.org\/wp-content\/uploads\/2022\/08\/KamalaSnacks-610x360.jpg\" class=\"urbi-img urbi-featured-homme-img\" alt=\"\" srcset=\"https:\/\/denverzoo.org\/wp-content\/uploads\/2022\/08\/KamalaSnacks-610x360.jpg 610w, https:\/\/denverzoo.org\/wp-content\/uploads\/2022\/08\/KamalaSnacks-18x12.jpg 18w\" sizes=\"auto, (max-width: 610px) 100vw, 610px\" \/>                    \n        \n    <\/div>\n    <div class=\"urbi-card--txt uk-text-left\">\n\n                    <h3 class=\"urbi-card__title\">\n                Carrito de snacks y sorbos Kamala            <\/h3>\n        \n        \n                    <div class=\"urbi-card__description\">\n                Ubicado junto al anfiteatro familiar McGrath, Kamala Snacks &amp; Sips ofrece pretzels b\u00e1varos, bocadillos y Dippin&#039; Dots, cerveza de barril y bebidas embotelladas.            <\/div>\n        \n                    <div class=\"urbi-card__cta_container\">\n                <a class=\"urbi-link urbi-card__cta lhl_button lhl_button_type_solid lhl_button_color_default lhl_button_width_default\" href=\"https:\/\/denverzoo.org\/es\/food-and-drink\/kamala-snacks-sips-cart\/\" target=\"_self\" rel=\"noopener noreferrer\" >Aprende m\u00e1s<\/a>            <\/div>\n            <\/div>\n<\/div><\/div>\r\n    <\/div>\r\n<\/div>\r\n<\/div>","protected":false},"excerpt":{"rendered":"","protected":false},"author":11,"featured_media":17924,"parent":0,"menu_order":0,"comment_status":"closed","ping_status":"closed","template":"","meta":{"_acf_changed":false,"_relevanssi_hide_post":"","_relevanssi_hide_content":"","_relevanssi_pin_for_all":"","_relevanssi_pin_keywords":"","_relevanssi_unpin_keywords":"","_relevanssi_related_keywords":"","_relevanssi_related_include_ids":"","_relevanssi_related_exclude_ids":"","_relevanssi_related_no_append":"","_relevanssi_related_not_related":"","_relevanssi_related_posts":"","_relevanssi_noindex_reason":"","footnotes":""},"class_list":["post-17816","page","type-page","status-publish","has-post-thumbnail","hentry"],"acf":[],"_links":{"self":[{"href":"https:\/\/denverzoo.org\/es\/wp-json\/wp\/v2\/pages\/17816","targetHints":{"allow":["GET"]}}],"collection":[{"href":"https:\/\/denverzoo.org\/es\/wp-json\/wp\/v2\/pages"}],"about":[{"href":"https:\/\/denverzoo.org\/es\/wp-json\/wp\/v2\/types\/page"}],"author":[{"embeddable":true,"href":"https:\/\/denverzoo.org\/es\/wp-json\/wp\/v2\/users\/11"}],"replies":[{"embeddable":true,"href":"https:\/\/denverzoo.org\/es\/wp-json\/wp\/v2\/comments?post=17816"}],"version-history":[{"count":0,"href":"https:\/\/denverzoo.org\/es\/wp-json\/wp\/v2\/pages\/17816\/revisions"}],"wp:featuredmedia":[{"embeddable":true,"href":"https:\/\/denverzoo.org\/es\/wp-json\/wp\/v2\/media\/17924"}],"wp:attachment":[{"href":"https:\/\/denverzoo.org\/es\/wp-json\/wp\/v2\/media?parent=17816"}],"curies":[{"name":"gracias","href":"https:\/\/api.w.org\/{rel}","templated":true}]}}