{"id":17881,"date":"2020-05-18T13:14:20","date_gmt":"2020-05-18T19:14:20","guid":{"rendered":"https:\/\/denverzootemp.org\/?page_id=17881"},"modified":"2021-03-03T10:40:56","modified_gmt":"2021-03-03T17:40:56","slug":"zoo-challenge","status":"publish","type":"page","link":"https:\/\/denverzoo.org\/es\/virtual-classroom\/zoo-challenge\/","title":{"rendered":"Aula virtual | Desaf\u00edo del zool\u00f3gico"},"content":{"rendered":"<h3>Maestros:<\/h3>\n<p><strong>\u00bfSe pregunta c\u00f3mo incorporar esto en una lecci\u00f3n virtual?<\/strong><\/p>\n<h4>Resumen del programa:<\/h4>\n<p>Se necesita una comunidad de personas que trabajen juntas para cuidar a los animales en el zool\u00f3gico de Denver y en la naturaleza, pero, a veces, surgen desaf\u00edos. Los estudiantes de secundaria explorar\u00e1n posibles soluciones a los desaf\u00edos que enfrenta el personal del Zool\u00f3gico de Denver para cuidar y salvar la vida silvestre.<\/p>\n<h4>Pregunta de orientaci\u00f3n:<\/h4>\n<p>\u00bfC\u00f3mo puede la ciencia ayudarnos a aprender sobre el mundo natural?<\/p>\n<h4>Los resultados esperados:<\/h4>\n<p>Los alumnos:<\/p>\n<ul>\n<li>Si\u00e9ntase inspirado para explorar soluciones para un desaf\u00edo de cuidado de animales en el zool\u00f3gico de Denver.<\/li>\n<li>Aprender: usar la ciencia para resolver problemas implica hacer observaciones, hacer preguntas y dise\u00f1ar posibles soluciones.<\/li>\n<li>Actuar: utilizar la ciencia para resolver problemas en un desaf\u00edo de cuidado de animales en el zool\u00f3gico de Denver.<\/li>\n<\/ul>\n<h4>Experiencias previstas:<\/h4>\n<p>Los alumnos:<\/p>\n<ul>\n<li>Haz observaciones.<\/li>\n<li>Hacer preguntas.<\/li>\n<li>Practica estrategias de resoluci\u00f3n de problemas.<\/li>\n<li>Identificar posibles soluciones.<\/li>\n<\/ul>\n<h1>Desaf\u00edo del zool\u00f3gico<\/h1>\n<p>Se necesita una comunidad de personas que trabajen juntas para cuidar a los animales en el zool\u00f3gico de Denver y en la naturaleza. Los cuidadores, veterinarios, nutricionistas, horticultores, dise\u00f1adores de exhibiciones, conservacionistas, cient\u00edficos y educadores trabajan para salvar la vida silvestre. Pero a veces nos enfrentamos a desaf\u00edos.<\/p>\n<h3>Primero<\/h3>\n<p>Mire el video de introducci\u00f3n para aprender algunos consejos y trucos para encontrar una soluci\u00f3n de Conor, un educador del zool\u00f3gico de Denver. \u00c9l te presentar\u00e1 c\u00f3mo puedes usar la ciencia para resolver desaf\u00edos al:<\/p>\n<ul>\n<li>Haciendo observaciones.<\/li>\n<li>Haciendo preguntas.<\/li>\n<li>Practicar estrategias de resoluci\u00f3n de problemas.<\/li>\n<li>Identificar posibles soluciones.<\/li>\n<\/ul>\n<p><iframe loading=\"lazy\" src=\"https:\/\/www.youtube.com\/embed\/3hXeR8XN2k0\" width=\"560\" height=\"315\" frameborder=\"0\" allowfullscreen=\"allowfullscreen\"><\/iframe><\/p>\n<h3>pr\u00f3ximo<\/h3>\n<p>A continuaci\u00f3n, elija un video del desaf\u00edo del zool\u00f3gico para escuchar al personal del zool\u00f3gico de Denver sobre un desaf\u00edo del mundo real al que se enfrentan para cuidar y salvar la vida silvestre.<\/p>\n<h4>\u00bfPuedes encontrar una soluci\u00f3n a un desaf\u00edo real en un zool\u00f3gico?<\/h4>\n<p>[VIDEO-POPUP]<\/p>\n<h3>\u00bfC\u00f3mo deber\u00edamos dise\u00f1ar el nuevo recinto kea?<\/h3>\n<p><a role=\"button\" target=\"_self\"><br \/>\nHaga clic aqu\u00ed<br \/>\n<\/a><\/p>\n<h2>\u00bfC\u00f3mo podemos rastrear a los sapos boreales?<\/h2>\n<p><a role=\"button\" target=\"_self\"><br \/>\nHaga clic aqu\u00ed<br \/>\n<\/a><br \/>\n[VIDEO-POPUP]<br \/>\n[VIDEO-POPUP]<\/p>\n<h3>\u00bfC\u00f3mo introducimos el kudu y el c\u00e1lao en el mismo h\u00e1bitat del zool\u00f3gico?<\/h3>\n<p><a role=\"button\" target=\"_self\"><br \/>\nHaga clic aqu\u00ed<br \/>\n<\/a><\/p>\n<h2>\u00bfC\u00f3mo presentar un sapo vientre de fuego en los programas?<\/h2>\n<p><a role=\"button\" target=\"_self\"><br \/>\nHaga clic aqu\u00ed<br \/>\n<\/a><br \/>\n[VIDEO-POPUP]<\/p>\n<h2>Comparta su soluci\u00f3n<\/h2>\n<p>Comparte tu soluci\u00f3n con tu profesor, compa\u00f1eros de clase o familia. Si desea compartirlo con el zool\u00f3gico de Denver, puede enviarnos un correo electr\u00f3nico a\u00a0<a href=\"mailto:DZeducation@denverzoo.org\" target=\"_blank\" rel=\"noreferrer noopener\">DZeducation@denverzoo.org<\/a>.<\/p>\n<p><a role=\"button\" href=\"mailto:DZeducation@denverzoo.org\" target=\"_self\"><br \/>\nCompartir con el zool\u00f3gico de Denver<br \/>\n<\/a><br \/>\n<img loading=\"lazy\" decoding=\"async\" title=\"Icono de documento de arte lineal del zool\u00f3gico de Denver naranja\" src=\"https:\/\/denverzoo.org\/wp-content\/uploads\/2020\/05\/LEX-142_VirtualClassroom_Icon_V1.1_JH.jpg\" alt=\"Denver Zoo line art document icon orange\" width=\"174\" height=\"238\" \/><\/p>\n<h2>\u00bfC\u00f3mo vamos?<\/h2>\n<p>Cu\u00e9ntenos sobre su experiencia con el Aula Virtual del Zool\u00f3gico de Denver.<\/p>\n<p><a role=\"button\" href=\"https:\/\/forms.office.com\/Pages\/ResponsePage.aspx?id=nM1RULOe40GAAwUXZukDfE3aAVkYPr1KoENuhG2LoFpUMU8yQjRFSUozRTdIQzJBV0lOVTFLMjlJTi4u\" target=\"_blank\" rel=\"noopener\"><br \/>\nRealizar encuesta<br \/>\n<\/a><\/p>\n<h2>M\u00e1s lecciones virtuales:<\/h2>\n<p>[mostrar_botones_personalizados]<\/p>\n<h2>Lecciones en vivo<\/h2>\n<p><strong>Programas virtuales interactivos<\/strong><\/p>\n<p>\u00a1Con\u00e9ctese con los educadores y animales del zool\u00f3gico de Denver EN VIVO desde los h\u00e1bitats alrededor del zool\u00f3gico!<\/p>\n<p><a role=\"button\" href=\"\/es\/virtual-classroom\/live-lessons\/\" target=\"_self\"><br \/>\nAprende m\u00e1s<br \/>\n<\/a><\/p>","protected":false},"excerpt":{"rendered":"<p>Maestros: \u00bfSe preguntan c\u00f3mo incorporar esto en una lecci\u00f3n virtual? Resumen del programa: Se necesita una comunidad de personas que trabajen juntas para cuidar a los animales en el Zool\u00f3gico de Denver y en su h\u00e1bitat natural, pero, a veces, surgen desaf\u00edos. Los estudiantes de secundaria explorar\u00e1n posibles soluciones a los desaf\u00edos que enfrenta el personal del Zool\u00f3gico de Denver para cuidar y salvar [\u2026]<\/p>","protected":false},"author":11,"featured_media":17898,"parent":17497,"menu_order":0,"comment_status":"closed","ping_status":"closed","template":"","meta":{"_acf_changed":false,"_relevanssi_hide_post":"","_relevanssi_hide_content":"","_relevanssi_pin_for_all":"","_relevanssi_pin_keywords":"","_relevanssi_unpin_keywords":"","_relevanssi_related_keywords":"","_relevanssi_related_include_ids":"","_relevanssi_related_exclude_ids":"","_relevanssi_related_no_append":"","_relevanssi_related_not_related":"","_relevanssi_related_posts":"","_relevanssi_noindex_reason":"","footnotes":""},"class_list":["post-17881","page","type-page","status-publish","has-post-thumbnail","hentry"],"acf":[],"_links":{"self":[{"href":"https:\/\/denverzoo.org\/es\/wp-json\/wp\/v2\/pages\/17881","targetHints":{"allow":["GET"]}}],"collection":[{"href":"https:\/\/denverzoo.org\/es\/wp-json\/wp\/v2\/pages"}],"about":[{"href":"https:\/\/denverzoo.org\/es\/wp-json\/wp\/v2\/types\/page"}],"author":[{"embeddable":true,"href":"https:\/\/denverzoo.org\/es\/wp-json\/wp\/v2\/users\/11"}],"replies":[{"embeddable":true,"href":"https:\/\/denverzoo.org\/es\/wp-json\/wp\/v2\/comments?post=17881"}],"version-history":[{"count":0,"href":"https:\/\/denverzoo.org\/es\/wp-json\/wp\/v2\/pages\/17881\/revisions"}],"up":[{"embeddable":true,"href":"https:\/\/denverzoo.org\/es\/wp-json\/wp\/v2\/pages\/17497"}],"wp:featuredmedia":[{"embeddable":true,"href":"https:\/\/denverzoo.org\/es\/wp-json\/wp\/v2\/media\/17898"}],"wp:attachment":[{"href":"https:\/\/denverzoo.org\/es\/wp-json\/wp\/v2\/media?parent=17881"}],"curies":[{"name":"gracias","href":"https:\/\/api.w.org\/{rel}","templated":true}]}}