{"id":1804,"date":"2018-09-07T19:14:52","date_gmt":"2018-09-07T19:14:52","guid":{"rendered":"https:\/\/denverzootemp.org\/?page_id=1804"},"modified":"2023-02-13T13:45:50","modified_gmt":"2023-02-13T20:45:50","slug":"our-philosophy","status":"publish","type":"page","link":"https:\/\/denverzoo.org\/es\/our-philosophy\/","title":{"rendered":"Nuestra Filosof\u00eda"},"content":{"rendered":"<h3>\n\t\tCreemos\n\t<\/h3>\n\t<ul>\n<li>Las experiencias emocionales son las que impulsan al cerebro a estar activo y a crear recuerdos.<\/li>\n<li>Las personas aprenden mejor cuando exploran problemas y soluciones del mundo real.<\/li>\n<li>Las personas se dedican a la ciencia cuando se gu\u00edan por su propia curiosidad, intereses y preguntas.<\/li>\n<li>Cuando el aprendizaje es significativo, la gente se unir\u00e1 a nosotros para apoyar nuestra misi\u00f3n.<\/li>\n<\/ul>\n<h1>\n\t\tCreamos maravilla y eso cambia el mundo\n\t<\/h1>\n<h2>\n\t\tAcerca del Departamento de Aprendizaje y Compromiso\n\t<\/h2>\n\t<p>Los resultados de aprendizaje a largo plazo del Zool\u00f3gico de Denver son para nuestra audiencia 1) que se consideren pensadores y aprendices cient\u00edficos y ambientales, y 2) que sean campeones de la vida silvestre.<\/p>\n<p>Desde la primera infancia hasta los estudiantes adultos, nuestros programas se basan en experiencias apropiadas para su edad que conectan a todos los estudiantes con el mundo natural a trav\u00e9s del cultivo de la empat\u00eda y la exploraci\u00f3n aut\u00f3noma que genera conocimiento y, en \u00faltima instancia, empodera a los estudiantes para que act\u00faen en favor de la vida silvestre.<\/p>\n<p>Denver Zoo se compromete a garantizar que los estudiantes de nuestra comunidad y de todo Colorado tengan acceso a experiencias de educaci\u00f3n cient\u00edfica transformadoras, independientemente de sus circunstancias econ\u00f3micas. Creemos que todos los estudiantes de nuestra comunidad merecen la oportunidad de aprovechar su curiosidad natural, participar en experiencias de aprendizaje impresionantes y desarrollar sus cient\u00edficos internos.<\/p>\n\t[VIDEO-POPUP]\n\t\t<h3>Virtual Classroom<\/h3>\n\t\t<h3>Recursos para estudiantes y profesores<\/h3>\n<p>\u00a1Involucre a su cient\u00edfico interior en el Aula Virtual del Zool\u00f3gico de Denver! Los estudiantes se vuelven locos por las actividades de ciencias de la vida del mundo real con los animales y el personal del Zool\u00f3gico de Denver.<\/p>\n\t\t\t<a href=\"\/es\/virtual-classroom\/\" target=\"_self\" role=\"button\" rel=\"noopener\">\n\t\t\t\t\t\t\tIr al Virtual Classroom\n\t\t\t\t\t<\/a>\n\t\t<h3>Excursiones escolares<\/h3>\n\t\t<h3>\u00a1La escuela est\u00e1 de regreso este a\u00f1o en el Zool\u00f3gico de Denver!<\/h3>\n<p>Estamos muy emocionados de dar la bienvenida a los estudiantes para que disfruten de m\u00e1s de la programaci\u00f3n que amas. En el sitio o en l\u00ednea, su grupo se volver\u00e1 SALVAJE para un programa escolar del Zool\u00f3gico de Denver. Programaci\u00f3n y excursiones autoguiadas de primavera ahora disponibles.<\/p>\n\t\t\t<a href=\"https:\/\/denverzoo.org\/es\/school-field-trips\/\" target=\"_self\" role=\"button\" rel=\"noopener\">\n\t\t\t\t\t\t\tM\u00c1S INFORMACI\u00d3N\n\t\t\t\t\t<\/a>\n\t\t\t\t<img loading=\"lazy\" decoding=\"async\" src=\"https:\/\/denverzoo.org\/wp-content\/uploads\/2022\/01\/secretsciencedays.jpg\" alt=\"secretsciencedays\" itemprop=\"image\" height=\"870\" width=\"1280\" title=\"secretos de la ciencia\" onerror=\"this.style.display='none'\">","protected":false},"excerpt":{"rendered":"","protected":false},"author":40,"featured_media":0,"parent":0,"menu_order":0,"comment_status":"closed","ping_status":"closed","template":"","meta":{"_acf_changed":false,"_relevanssi_hide_post":"","_relevanssi_hide_content":"","_relevanssi_pin_for_all":"","_relevanssi_pin_keywords":"","_relevanssi_unpin_keywords":"","_relevanssi_related_keywords":"","_relevanssi_related_include_ids":"","_relevanssi_related_exclude_ids":"","_relevanssi_related_no_append":"","_relevanssi_related_not_related":"","_relevanssi_related_posts":"","_relevanssi_noindex_reason":"","footnotes":""},"class_list":["post-1804","page","type-page","status-publish","hentry"],"acf":[],"_links":{"self":[{"href":"https:\/\/denverzoo.org\/es\/wp-json\/wp\/v2\/pages\/1804","targetHints":{"allow":["GET"]}}],"collection":[{"href":"https:\/\/denverzoo.org\/es\/wp-json\/wp\/v2\/pages"}],"about":[{"href":"https:\/\/denverzoo.org\/es\/wp-json\/wp\/v2\/types\/page"}],"author":[{"embeddable":true,"href":"https:\/\/denverzoo.org\/es\/wp-json\/wp\/v2\/users\/40"}],"replies":[{"embeddable":true,"href":"https:\/\/denverzoo.org\/es\/wp-json\/wp\/v2\/comments?post=1804"}],"version-history":[{"count":0,"href":"https:\/\/denverzoo.org\/es\/wp-json\/wp\/v2\/pages\/1804\/revisions"}],"wp:attachment":[{"href":"https:\/\/denverzoo.org\/es\/wp-json\/wp\/v2\/media?parent=1804"}],"curies":[{"name":"gracias","href":"https:\/\/api.w.org\/{rel}","templated":true}]}}