{"id":1806,"date":"2018-09-07T19:15:10","date_gmt":"2018-09-07T19:15:10","guid":{"rendered":"https:\/\/denverzootemp.org\/?page_id=1806"},"modified":"2023-08-14T08:21:25","modified_gmt":"2023-08-14T14:21:25","slug":"school-field-trips","status":"publish","type":"page","link":"https:\/\/denverzoo.org\/es\/school-field-trips\/","title":{"rendered":"Programas escolares y excursiones"},"content":{"rendered":"<a href=\"https:\/\/denverzoo.org\/es\/conservation-learning-zone\/\" target=\"_self\" itemprop=\"url\" rel=\"noopener\">\n\t\t\t\t<img loading=\"lazy\" decoding=\"async\" src=\"https:\/\/denverzoo.org\/wp-content\/uploads\/2023\/03\/conservation-350x350.png\" alt=\"conservation\" itemprop=\"image\" height=\"350\" width=\"350\" title=\"conservaci\u00f3n\" onerror=\"this.style.display='none'\"  \/>\n\t\t\t\t<\/a>\n<h2><a href=\"https:\/\/denverzoo.org\/es\/conservation-learning-zone\/\" target=\"_self\" rel=\"noopener\">ZONA DE APRENDIZAJE DE LA CONSERVACI\u00d3N<\/a><\/h2>\t\t\n\t\t\t<strong>GRADOS K-5<\/strong><br \/>\nMejore sus excursiones de mayo con este NUEVO programa interactivo dise\u00f1ado para inspirar la colaboraci\u00f3n, la conexi\u00f3n y la conservaci\u00f3n\n\t\t\t\t<a href=\"https:\/\/denverzoo.org\/es\/good-neighbors-planting-for-wildlife\/\" target=\"_self\" itemprop=\"url\" rel=\"noopener\">\n\t\t\t\t<img loading=\"lazy\" decoding=\"async\" src=\"https:\/\/denverzoo.org\/wp-content\/uploads\/2023\/03\/horticulture.png\" alt=\"horticulture\" itemprop=\"image\" height=\"400\" width=\"400\" title=\"horticultura\" onerror=\"this.style.display='none'\"  \/>\n\t\t\t\t<\/a>\n<h2><a href=\"https:\/\/denverzoo.org\/es\/good-neighbors-planting-for-wildlife\/\" target=\"_self\" rel=\"noopener\">Buenos vecinos: plantar para la vida silvestre<\/a><\/h2>\t\t\n\t\t\t<p><b><i>Nuestro Campus o el tuyo<\/i><\/b><\/p>\n<p>\u00a1Cultive la pr\u00f3xima generaci\u00f3n de conservacionistas locales y capacite a los estudiantes para que se apropien del cuidado de la vida silvestre en SU comunidad!\u00a0<\/p>\n\t\t\t\t<a href=\"https:\/\/denverzoo.org\/es\/good-neighbors-its-for-the-birds\/\" target=\"_self\" itemprop=\"url\" rel=\"noopener\">\n\t\t\t\t<img loading=\"lazy\" decoding=\"async\" src=\"https:\/\/denverzoo.org\/wp-content\/uploads\/2023\/03\/birdyy.png\" alt=\"birdyy\" itemprop=\"image\" height=\"400\" width=\"400\" title=\"pajarito\" onerror=\"this.style.display='none'\"  \/>\n\t\t\t\t<\/a>\n<h2><a href=\"https:\/\/denverzoo.org\/es\/good-neighbors-its-for-the-birds\/\" target=\"_self\" rel=\"noopener\">Buenos vecinos: es por los p\u00e1jaros<\/a><\/h2>\t\t\n\t\t\t<p><em><strong>Nuestro Campus o el tuyo<\/strong><\/em><em><strong>\u00a0<\/strong><\/em><br \/>\u00a0Sumerja a sus estudiantes en el viaje de la migraci\u00f3n navegando por las situaciones que enfrentan las aves, \u00a1justo en el patio de su escuela o vecindario!<\/p>\n\t\t\t\t<a href=\"https:\/\/denverzoo.org\/es\/teacher-professional-development\/\" target=\"_self\" itemprop=\"url\" rel=\"noopener\">\n\t\t\t\t<img loading=\"lazy\" decoding=\"async\" src=\"https:\/\/denverzoo.org\/wp-content\/uploads\/2023\/03\/TeacherLearningProgram-550x550.png\" alt=\"TeacherLearningProgram\" itemprop=\"image\" height=\"550\" width=\"550\" title=\"ProfesorAprendizajePrograma\" onerror=\"this.style.display='none'\"  \/>\n\t\t\t\t<\/a>\n<h2><a href=\"https:\/\/denverzoo.org\/es\/teacher-professional-development\/\" target=\"_self\" rel=\"noopener\">DESARROLLO PROFESIONAL DOCENTE<\/a><\/h2>\t\t\n\t\t\t<p>El Zool\u00f3gico de Denver est\u00e1 lanzando tres nuevos cursos de Desarrollo Profesional para Maestros dise\u00f1ados para inspirarte en la conservaci\u00f3n... para que est\u00e9s listo para involucrar a tus estudiantes en el oto\u00f1o.<\/p>\n\t\t\t\t<a href=\"\/es\/self-guided-school-field-trips\/\" target=\"_self\" itemprop=\"url\" rel=\"noopener\">\n\t\t\t\t<img loading=\"lazy\" decoding=\"async\" src=\"https:\/\/denverzoo.org\/wp-content\/uploads\/2021\/08\/ChildrensActivityMaps_Thumb.jpg\" alt=\"ChildrensActivityMaps_Thumb\" itemprop=\"image\" height=\"400\" width=\"400\" title=\"ChildrensActivityMaps_Thumb\" onerror=\"this.style.display='none'\"  \/>\n\t\t\t\t<\/a>\n<h2><a href=\"\/es\/self-guided-school-field-trips\/\" target=\"_self\" rel=\"noopener\">VIAJES DE CAMPO AUTOGUIADOS:\u00a0<\/a><\/h2>\t\t\n\t\t\t<p>&nbsp;<\/p>\n<strong>TODOS LOS GRADOS<\/strong><br \/>\nExplore el zool\u00f3gico por su cuenta, sin un programa facilitado. \u00a1GRATIS para grupos que visiten de lunes a viernes!\n\t\t\t\t<a href=\"https:\/\/denverzoo.org\/es\/summer-camp-field-trips\/\" target=\"_self\" itemprop=\"url\" rel=\"noopener\">\n\t\t\t\t<img loading=\"lazy\" decoding=\"async\" src=\"https:\/\/denverzoo.org\/wp-content\/uploads\/2021\/09\/SecretScienceDays_13_MKT_GREULICH_19-550x550.jpg\" alt=\"Self-guided school field trips hero\" itemprop=\"image\" height=\"550\" width=\"550\" title=\"H\u00e9roe de excursiones escolares autoguiadas\" onerror=\"this.style.display='none'\"  \/>\n\t\t\t\t<\/a>\n<h2><a href=\"https:\/\/denverzoo.org\/es\/summer-camp-field-trips\/\" target=\"_self\" rel=\"noopener\">VIAJES DE CAMPAMENTO DE VERANO<\/a><\/h2>\t\t\n\t\t\t<p>\u00bfPlanea llevar a su grupo de campamento al Zool\u00f3gico de Denver este verano? Convierta su excursi\u00f3n en una experiencia verdaderamente salvaje con el Equipo de aprendizaje sobre conservaci\u00f3n. \u00a1Campistas felices garantizados!<\/p>\n\t\t\t\t<a href=\"\/es\/animal-academy\/\" target=\"_self\" itemprop=\"url\" rel=\"noopener\">\n\t\t\t\t<img loading=\"lazy\" decoding=\"async\" src=\"https:\/\/denverzoo.org\/wp-content\/uploads\/2018\/09\/Animal-Academy-Thumbnail.jpg\" alt=\"kids leaning about predators at the zoo\" itemprop=\"image\" height=\"400\" width=\"400\" title=\"Animal-Academy-Miniatura\" onerror=\"this.style.display='none'\"  \/>\n\t\t\t\t<\/a>\n<h2><a href=\"\/es\/animal-academy\/\" target=\"_self\" rel=\"noopener\">ACADEMIA ANIMAL<\/a><\/h2>\t\t\n\t\t\t<p><strong>GRADOS K-3<\/strong><\/p>\n<p>Sus cient\u00edficos en formaci\u00f3n aplicar\u00e1n el pensamiento cr\u00edtico y las habilidades cient\u00edficas para completar misiones emocionantes.\u00a0 <strong>\u00a1Programas At-Zoo y At-School disponibles!<\/strong><\/p>\n\t\t\t\t<a href=\"\/es\/secret-science-days\/\" target=\"_self\" itemprop=\"url\" rel=\"noopener\">\n\t\t\t\t<img loading=\"lazy\" decoding=\"async\" src=\"https:\/\/denverzoo.org\/wp-content\/uploads\/2021\/12\/SecretScienceDaysTile-1.jpg\" alt=\"SecretScienceDaysTile\" itemprop=\"image\" height=\"400\" width=\"400\" title=\"SecretoCienciaD\u00edas\" onerror=\"this.style.display='none'\"  \/>\n\t\t\t\t<\/a>\n<h2><a href=\"\/es\/secret-science-days\/\" target=\"_self\" rel=\"noopener\">D\u00cdAS DE CIENCIAS SECRETAS<\/a><\/h2>\t\t\n\t\t\t<p><strong>GRADOS K-5<\/strong><\/p>\n<p>\u00a1Descubra la ciencia secreta que nuestros dedicados profesionales del cuidado de los animales usan todos los d\u00edas mientras cuidan a nuestros 3000 residentes salvajes!<\/p>\n\t\t\t\t<a href=\"https:\/\/denverzoo.org\/es\/virtual-classroom\/\" target=\"_self\" itemprop=\"url\" rel=\"noopener\">\n\t\t\t\t<img loading=\"lazy\" decoding=\"async\" src=\"https:\/\/denverzoo.org\/wp-content\/uploads\/2021\/12\/VirtualPrograms_HolidayGiftGuide-350x350.jpg\" alt=\"VirtualPrograms_HolidayGiftGuide\" itemprop=\"image\" height=\"350\" width=\"350\" title=\"VirtualPrograms_HolidayGiftGuide\" onerror=\"this.style.display='none'\"  \/>\n\t\t\t\t<\/a>\n<h2><a href=\"https:\/\/denverzoo.org\/es\/virtual-classroom\/\" target=\"_self\" rel=\"noopener\">AULA VIRTUAL<\/a><\/h2>\t\t\n\t\t\t<p>Ya sea padre o maestro, nuestro Aula virtual ofrece recursos atractivos dise\u00f1ados para llevar el aprendizaje al siguiente nivel. Para varios tama\u00f1os de grupos y situaciones.<\/p>","protected":false},"excerpt":{"rendered":"","protected":false},"author":40,"featured_media":0,"parent":0,"menu_order":0,"comment_status":"closed","ping_status":"closed","template":"","meta":{"_acf_changed":false,"_relevanssi_hide_post":"","_relevanssi_hide_content":"","_relevanssi_pin_for_all":"","_relevanssi_pin_keywords":"","_relevanssi_unpin_keywords":"","_relevanssi_related_keywords":"","_relevanssi_related_include_ids":"","_relevanssi_related_exclude_ids":"","_relevanssi_related_no_append":"","_relevanssi_related_not_related":"","_relevanssi_related_posts":"","_relevanssi_noindex_reason":"","footnotes":""},"class_list":["post-1806","page","type-page","status-publish","hentry"],"acf":[],"_links":{"self":[{"href":"https:\/\/denverzoo.org\/es\/wp-json\/wp\/v2\/pages\/1806","targetHints":{"allow":["GET"]}}],"collection":[{"href":"https:\/\/denverzoo.org\/es\/wp-json\/wp\/v2\/pages"}],"about":[{"href":"https:\/\/denverzoo.org\/es\/wp-json\/wp\/v2\/types\/page"}],"author":[{"embeddable":true,"href":"https:\/\/denverzoo.org\/es\/wp-json\/wp\/v2\/users\/40"}],"replies":[{"embeddable":true,"href":"https:\/\/denverzoo.org\/es\/wp-json\/wp\/v2\/comments?post=1806"}],"version-history":[{"count":0,"href":"https:\/\/denverzoo.org\/es\/wp-json\/wp\/v2\/pages\/1806\/revisions"}],"wp:attachment":[{"href":"https:\/\/denverzoo.org\/es\/wp-json\/wp\/v2\/media?parent=1806"}],"curies":[{"name":"gracias","href":"https:\/\/api.w.org\/{rel}","templated":true}]}}