{"id":1816,"date":"2018-09-07T19:16:46","date_gmt":"2018-09-07T19:16:46","guid":{"rendered":"https:\/\/denverzootemp.org\/?page_id=1816"},"modified":"2024-07-10T16:50:20","modified_gmt":"2024-07-10T22:50:20","slug":"access-to-awe","status":"publish","type":"page","link":"https:\/\/denverzoo.org\/es\/access-to-awe\/","title":{"rendered":"Acceso a Awe"},"content":{"rendered":"<div  class='lhl-section urbi-component urbi-component front_view lhl_comp_width_inherit lhl_spacing_t_09 lhl_spacing_b_09 lhl_spacing_l_00 lhl_spacing_r_00 section-background-t' ><div class=\"urbi-component-inner\">\n    <div class=\"is-layout-constrained\">\n\n<p class=\"has-text-align-center\">M\u00e1s de 450,000 j\u00f3venes se han beneficiado de las becas del zool\u00f3gico de Denver con m\u00e1s de $2,000,000 en premios a familias y escuelas que de otra manera no podr\u00edan experimentar los programas del zool\u00f3gico.<\/p>\n\n<\/div>\n\n<\/div>\n<\/div>\n\n\r\n<div  class='lhl-tabs urbi-component urbi-component front_view lhl_comp_width_inherit lhl_spacing_t_03 lhl_spacing_b_09 lhl_spacing_l_00 lhl_spacing_r_00 section-background-t lhlcomp_tabs urbi_component urbi-component lhl_ptb_60 lhl_ptb_120_@l' >\r\n<div class=\"\">\r\n    <div class=\"urbi-component-inner\">\r\n\r\n                    <ul class=\"uk-tab lhlcomp_tabs__tabs\" data-uk-tab=\"connect:#lhlcomp_tabs__block_f3450371e2d1aa19e94aaa1b8b7ed7a3\">\r\n\r\n            <\/ul>\r\n                <ul id=\"lhlcomp_tabs__block_f3450371e2d1aa19e94aaa1b8b7ed7a3\" class=\"uk-switcher uk-margin lhlcomp_tabs__content\">\r\n                        \n\r\n<li class='lhlcomp_tabs__content_li' data-content=\"program-information\" id=\"-program-information\" tabindex=\"0\">\r\n            <ul class=\"phantom_tabs\">\r\n            <li id=\"lhlcomp_tabs__block_21180d3e00cf3e38a85bcacdb6ee529c\" class=\"lhlcomp_tabs__nav_li\">\r\n                <a href=\"\" class=\"urbi_tabs_tab_link\" data-id=\"program-information\">Informaci\u00f3n del programa<\/a>\r\n            <\/li>\r\n        <\/ul>\r\n    \r\n    <div class=\"lhlcomp_tab__inner\">\r\n                <div class=\"acf-innerblocks-container\">\n\n<h3 class=\"wp-block-heading\">Informaci\u00f3n del programa<\/h3>\n\n\n\n<h5 class=\"wp-block-heading\">Califique para el Fondo de Becas del Zool\u00f3gico de Denver<\/h5>\n\n\n\n<p>Para calificar para una beca, debe cumplir con uno de los siguientes criterios:<\/p>\n\n\n\n<ol class=\"wp-block-list\">\n<li><strong>Escuelas publicas<\/strong> \u2013La proporci\u00f3n de almuerzos gratuitos y reducidos federales publicada por el Departamento de Educaci\u00f3n de Colorado es igual o superior a 35%.<\/li>\n\n\n\n<li><strong>Escuelas privadas e independientes<\/strong> \u2013El porcentaje de estudiantes con beca es igual o superior a 35%.<\/li>\n\n\n\n<li><strong>Individuos, familias o grupos de aprendizaje<\/strong> - La base principal de las becas para individuos \/ familias es la participaci\u00f3n en programas de asistencia del gobierno y el nivel de ingresos del hogar, en combinaci\u00f3n con una declaraci\u00f3n que describa la necesidad.<\/li>\n\n\n\n<li><strong>Organizaciones comunitarias sin fines de lucro<\/strong> - utilizar el apoyo financiero federal, o si la audiencia demostrada de una organizaci\u00f3n comunitaria local incluye ni\u00f1os de escuelas particulares, se pueden usar los porcentajes de participantes de comidas gratis \/ reducidas de esas escuelas. Dichas organizaciones pueden incluir bibliotecas, centros de recreaci\u00f3n y organizaciones extracurriculares.<\/li>\n<\/ol>\n\n\n\n<h4 class=\"wp-block-heading\">\u00bfPara qu\u00e9 se puede utilizar la beca?<\/h4>\n\n\n\n<p>Programas de educaci\u00f3n virtual y en el zool\u00f3gico y programas de extensi\u00f3n comunitaria de Zoo to You<\/p>\n\n\n\n<h4 class=\"wp-block-heading\">Ayude a apoyar las becas del zool\u00f3gico de Denver<\/h4>\n\n\n\n<p>Nuestra comunidad se beneficia cuando la gente se entusiasma con la educaci\u00f3n y la conservaci\u00f3n. Las familias se benefician al compartir experiencias de aprendizaje y pasar tiempo juntas en un entorno din\u00e1mico. \u00a1El acceso a Awe lo hace posible!<\/p>\n\n\n\n<p><a href=\"\/es\/support\/donate\/\">Apoye la Alianza para la Conservaci\u00f3n del Zool\u00f3gico de Denver<\/a> Acceso al fondo de becas Awe<br><\/p>\n\n\n\n<p>Corporaciones o fundaciones que deseen apoyar el Fondo de becas Access to Awe del Zool\u00f3gico de Denver, env\u00ede un correo electr\u00f3nico <a href=\"mailto:corporatepartnerships@denverzoo.org\" target=\"_blank\" rel=\"noreferrer noopener\">corporatepartnerships@denverzoo.org<\/a>.<\/p>\n\n<\/div>\r\n    <\/div>\r\n<\/li>\n\n\r\n<li class='lhlcomp_tabs__content_li' data-content=\"how-to-apply\" id=\"-how-to-apply\" tabindex=\"0\">\r\n            <ul class=\"phantom_tabs\">\r\n            <li id=\"lhlcomp_tabs__block_d2b1898e50bcea498933cb5164a211a8\" class=\"lhlcomp_tabs__nav_li\">\r\n                <a href=\"\" class=\"urbi_tabs_tab_link\" data-id=\"how-to-apply\">C\u00f3mo aplicar<\/a>\r\n            <\/li>\r\n        <\/ul>\r\n    \r\n    <div class=\"lhlcomp_tab__inner\">\r\n                <div class=\"acf-innerblocks-container\">\n\n<h3 class=\"wp-block-heading\">C\u00f3mo aplicar<\/h3>\n\n\n\n<p>Siga los enlaces REG\u00cdSTRESE AHORA o SOLICITE AHORA en p\u00e1ginas espec\u00edficas del programa para completar su solicitud de Access to Awe.<\/p>\n\n\n\n<h5 class=\"wp-block-heading\">Detalles<\/h5>\n\n\n\n<ol class=\"wp-block-list\">\n<li>No hay ning\u00fan costo para solicitar la beca, pero planea pagar un porcentaje de las tarifas del programa regular; no se otorgan 100% de las tarifas<\/li>\n\n\n\n<li>El Zool\u00f3gico de Denver tiene una cantidad limitada de fondos para becas disponibles cada a\u00f1o. Las becas no est\u00e1n garantizadas: una vez que se hayan asignado todos los fondos de la beca, los solicitantes pueden diferirse para el a\u00f1o siguiente cuando los fondos renovados est\u00e9n disponibles.<\/li>\n\n\n\n<li>Las becas para excursiones autoguiadas solo se otorgan para visitas programadas de septiembre a marzo.<\/li>\n\n\n\n<li>Consulte las p\u00e1ginas del programa para obtener informaci\u00f3n detallada sobre las fechas l\u00edmite y las restricciones espec\u00edficas del programa. La mayor\u00eda de los programas requieren registro y solicitud de beca dos o tres semanas antes de la fecha del programa.<\/li>\n\n\n\n<li>El Zool\u00f3gico de Denver se reserva el derecho de solicitar documentaci\u00f3n de respaldo como parte del proceso de registro.<\/li>\n<\/ol>\n\n<\/div>\r\n    <\/div>\r\n<\/li>\n\r\n        <\/ul>\r\n\r\n    <\/div>\r\n<\/div>\r\n\r\n<\/div>\r\n    <script>\r\n        jQuery(\".phantom_tabs li\").each(function() {\r\n            jQuery(this).closest(\".urbi-component-inner\").find('.lhlcomp_tabs__tabs').append(this);\r\n        });\r\n    <\/script>","protected":false},"excerpt":{"rendered":"","protected":false},"author":40,"featured_media":0,"parent":0,"menu_order":0,"comment_status":"closed","ping_status":"closed","template":"","meta":{"_acf_changed":false,"_relevanssi_hide_post":"","_relevanssi_hide_content":"","_relevanssi_pin_for_all":"","_relevanssi_pin_keywords":"","_relevanssi_unpin_keywords":"","_relevanssi_related_keywords":"","_relevanssi_related_include_ids":"","_relevanssi_related_exclude_ids":"","_relevanssi_related_no_append":"","_relevanssi_related_not_related":"","_relevanssi_related_posts":"","_relevanssi_noindex_reason":"","footnotes":"[]"},"class_list":["post-1816","page","type-page","status-publish","hentry"],"acf":[],"_links":{"self":[{"href":"https:\/\/denverzoo.org\/es\/wp-json\/wp\/v2\/pages\/1816","targetHints":{"allow":["GET"]}}],"collection":[{"href":"https:\/\/denverzoo.org\/es\/wp-json\/wp\/v2\/pages"}],"about":[{"href":"https:\/\/denverzoo.org\/es\/wp-json\/wp\/v2\/types\/page"}],"author":[{"embeddable":true,"href":"https:\/\/denverzoo.org\/es\/wp-json\/wp\/v2\/users\/40"}],"replies":[{"embeddable":true,"href":"https:\/\/denverzoo.org\/es\/wp-json\/wp\/v2\/comments?post=1816"}],"version-history":[{"count":0,"href":"https:\/\/denverzoo.org\/es\/wp-json\/wp\/v2\/pages\/1816\/revisions"}],"wp:attachment":[{"href":"https:\/\/denverzoo.org\/es\/wp-json\/wp\/v2\/media?parent=1816"}],"curies":[{"name":"gracias","href":"https:\/\/api.w.org\/{rel}","templated":true}]}}