{"id":1822,"date":"2018-09-07T19:17:43","date_gmt":"2018-09-07T19:17:43","guid":{"rendered":"https:\/\/denverzootemp.org\/?page_id=1822"},"modified":"2026-02-27T10:50:45","modified_gmt":"2026-02-27T17:50:45","slug":"what-we-do","status":"publish","type":"page","link":"https:\/\/denverzoo.org\/es\/what-we-do\/","title":{"rendered":"Qu\u00e9 hacemos"},"content":{"rendered":"<div  class='lhl-section urbi-component urbi-component front_view lhl_comp_width_inherit lhl_spacing_t_09 lhl_spacing_b_09 lhl_spacing_l_00 lhl_spacing_r_00 section-background-t' ><div class=\"urbi-component-inner\">\n    <div class=\"is-layout-constrained\">\n\n<p class=\"has-text-align-center\">En el Zool\u00f3gico de Denver, nuestro amor por los animales bajo nuestro cuidado impulsa todo lo que hacemos. Menos de 10% de zool\u00f3gicos en los EE. UU. cumplen con los exigentes est\u00e1ndares de acreditaci\u00f3n de la Asociaci\u00f3n de Zool\u00f3gicos y Acuarios (AZA) y, como miembros de este grupo exclusivo, estamos orgullosos de establecer el est\u00e1ndar de oro para el cuidado y bienestar de los animales salvajes en este pa\u00eds. Nuestra misi\u00f3n continua es mejorar vidas maximizando las opciones, los desaf\u00edos y el control diarios de nuestra familia animal. \u00a1Siga leyendo para obtener m\u00e1s informaci\u00f3n!&nbsp;<\/p>\n\n\n\n\n\n<div  class='lhl-section urbi-component urbi-component front_view lhl_spacing_t_06 lhl_spacing_b_02 lhl_spacing_l_00 lhl_spacing_r_00 section-background-3 urbi-component-bg--white' ><div class=\"urbi-component-inner\">\n    <div class=\"is-layout-constrained\">\n\n\n\n<div  class='urbi\/tiles urbi-component urbi-component front_view' >\n<div class=\"uk-child-width-1-2@s uk-grid-match\" uk-grid>\n    \n\n\n<div>\n\n        <div  class='urbi\/tile urbi-card urbi-card--tile urbi-card--shadow-3' >\n    <div class=\"urbi-tile-inner\">\n                <div class=\"tile-content padding-none\">\n\n\n\n<div  class='lhl-card urbi-component urbi-component front_view lhl_comp_width_inherit lhl_spacing_t_00 lhl_spacing_b_05 lhl_spacing_l_05 lhl_spacing_r_05 section-background-t  lhl_card  lhl_card_shadow_0 lhl_card_radius_0' ><div class=\"urbi-component-inner\">\n    <div class=\"acf-innerblocks-container\">\n\n\n\n<div  class='lhl-section urbi-component urbi-component front_view lhl_comp_width_wide lhl_spacing_t_00 lhl_spacing_b_00 lhl_spacing_l_00 lhl_spacing_r_00 section-background-t  bg-pattern-' ><div class=\"urbi-component-inner\">\n    <div class=\"is-layout-constrained\">\n\n<figure class=\"wp-block-image alignwide size-full\"><img loading=\"lazy\" decoding=\"async\" width=\"2000\" height=\"1000\" src=\"https:\/\/denverzoo.org\/wp-content\/uploads\/2025\/06\/ZooPride_Hero_2000x1000.jpg\" alt=\"\" class=\"wp-image-42161\" srcset=\"https:\/\/denverzoo.org\/wp-content\/uploads\/2025\/06\/ZooPride_Hero_2000x1000.jpg 2000w, https:\/\/denverzoo.org\/wp-content\/uploads\/2025\/06\/ZooPride_Hero_2000x1000-220x110.jpg 220w, https:\/\/denverzoo.org\/wp-content\/uploads\/2025\/06\/ZooPride_Hero_2000x1000-1024x512.jpg 1024w, https:\/\/denverzoo.org\/wp-content\/uploads\/2025\/06\/ZooPride_Hero_2000x1000-768x384.jpg 768w, https:\/\/denverzoo.org\/wp-content\/uploads\/2025\/06\/ZooPride_Hero_2000x1000-50x25.jpg 50w, https:\/\/denverzoo.org\/wp-content\/uploads\/2025\/06\/ZooPride_Hero_2000x1000-1600x800.jpg 1600w, https:\/\/denverzoo.org\/wp-content\/uploads\/2025\/06\/ZooPride_Hero_2000x1000-1536x768.jpg 1536w, https:\/\/denverzoo.org\/wp-content\/uploads\/2025\/06\/ZooPride_Hero_2000x1000-18x9.jpg 18w\" sizes=\"auto, (max-width: 2000px) 100vw, 2000px\" \/><\/figure>\n\n<\/div>\n\n<\/div>\n<\/div>\n\n\n<h3 class=\"wp-block-heading\">Socios en protecci\u00f3n<\/h3>\n\n\n\n<p>A trav\u00e9s de la Asociaci\u00f3n de Zool\u00f3gicos y Acuarios (AZA), la Alianza para la Conservaci\u00f3n del Zool\u00f3gico de Denver colabora activamente con otros zool\u00f3gicos y acuarios de todo el mundo para promover la concienciaci\u00f3n sobre las amenazas a la biodiversidad a nivel mundial mediante la educaci\u00f3n. Muchos de nuestros especialistas en cuidado animal y voluntarios tambi\u00e9n son miembros de la Rocky Mountain AAZK (la secci\u00f3n local de la Asociaci\u00f3n Americana de Cuidadores de Zool\u00f3gicos en el \u00e1rea de Denver), lo que garantiza que mantengamos nuestro liderazgo en la industria mediante la formaci\u00f3n continua. <\/p>\n\n\n    \r\n    \r\n    <div class='urbi_button_link'><a class=\"urbi-link lhl_button lhl_button--small lhl_button_color_default lhl_button_width_default lhl_button--block\" href=\"http:\/\/rmaazk\/\" target=\"_blank\" rel=\"noopener noreferrer\" >Obtenga m\u00e1s informaci\u00f3n sobre RMAAZK<\/a><\/div>\n<\/div>\n<\/div>\n<\/div>\n<\/div>\n    <\/div>\n    <\/div><\/div>\n\n\n\n<div>\n\n        <div  class='urbi\/tile urbi-card urbi-card--tile urbi-card--shadow-3' >\n    <div class=\"urbi-tile-inner\">\n                <div class=\"tile-content padding-none\">\n\n\n\n<div  class='lhl-card urbi-component urbi-component front_view lhl_comp_width_inherit lhl_spacing_t_00 lhl_spacing_b_05 lhl_spacing_l_05 lhl_spacing_r_05 section-background-t  lhl_card  lhl_card_shadow_0 lhl_card_radius_0' ><div class=\"urbi-component-inner\">\n    <div class=\"acf-innerblocks-container\">\n\n<figure class=\"wp-block-image alignwide size-full\"><img loading=\"lazy\" decoding=\"async\" width=\"2000\" height=\"1000\" src=\"https:\/\/denverzoo.org\/wp-content\/uploads\/2023\/06\/Orangutan_Hero_Nutrition.jpg\" alt=\"\" class=\"wp-image-34055\" srcset=\"https:\/\/denverzoo.org\/wp-content\/uploads\/2023\/06\/Orangutan_Hero_Nutrition.jpg 2000w, https:\/\/denverzoo.org\/wp-content\/uploads\/2023\/06\/Orangutan_Hero_Nutrition-220x110.jpg 220w, https:\/\/denverzoo.org\/wp-content\/uploads\/2023\/06\/Orangutan_Hero_Nutrition-768x384.jpg 768w, https:\/\/denverzoo.org\/wp-content\/uploads\/2023\/06\/Orangutan_Hero_Nutrition-1024x512.jpg 1024w, https:\/\/denverzoo.org\/wp-content\/uploads\/2023\/06\/Orangutan_Hero_Nutrition-1536x768.jpg 1536w, https:\/\/denverzoo.org\/wp-content\/uploads\/2023\/06\/Orangutan_Hero_Nutrition-18x9.jpg 18w\" sizes=\"auto, (max-width: 2000px) 100vw, 2000px\" \/><\/figure>\n\n\n\n<h3 class=\"wp-block-heading\">Nutrici\u00f3n<\/h3>\n\n\n\n<p>Nuestro programa de nutrici\u00f3n cuidadosamente elaborado ayuda a fomentar comportamientos naturales, promover el bienestar general y ayudar a nuestros animales a vivir vidas m\u00e1s largas y saludables. Nuestro Departamento de Nutrici\u00f3n trabaja incansablemente para crear planes de dieta diarios para m\u00e1s de 450 especies que hacen del Zool\u00f3gico de Denver su hogar, incluidas comidas saludables y nutritivas que se acerquen lo m\u00e1s posible a los alimentos que consumir\u00edan en la naturaleza. Este dedicado equipo tambi\u00e9n atiende algunas de las dietas m\u00e1s especializadas del planeta, incluido un gib\u00f3n con diabetes, un leopardo nublado con alergia a la carne y otros (necesariamente) quisquillosos con la comida.&nbsp;<\/p>\n\n<\/div>\n<\/div>\n<\/div>\n<\/div>\n    <\/div>\n    <\/div><\/div>\n\n\n<\/div>\n<\/div>\n<\/div>\n\n<\/div>\n<\/div>\n\n\n\n\n<div  class='lhl-section urbi-component urbi-component front_view lhl_spacing_t_01 lhl_spacing_b_09 lhl_spacing_l_00 lhl_spacing_r_00 section-background-3 urbi-component-bg--white' ><div class=\"urbi-component-inner\">\n    <div class=\"is-layout-constrained\">\n\n\n\n<div  class='urbi\/tiles urbi-component urbi-component front_view' >\n<div class=\"uk-child-width-1-2@s uk-grid-match\" uk-grid>\n    \n\n\n<div>\n\n        <div  class='urbi\/tile urbi-card urbi-card--tile urbi-card--shadow-3' >\n    <div class=\"urbi-tile-inner\">\n                <div class=\"tile-content padding-none\">\n\n\n\n<div  class='lhl-card urbi-component urbi-component front_view lhl_comp_width_inherit lhl_spacing_t_00 lhl_spacing_b_05 lhl_spacing_l_05 lhl_spacing_r_05 section-background-t  lhl_card  lhl_card_shadow_0 lhl_card_radius_0' ><div class=\"urbi-component-inner\">\n    <div class=\"acf-innerblocks-container\">\n\n\n\n<div  class='lhl-section urbi-component urbi-component front_view lhl_comp_width_wide lhl_spacing_t_00 lhl_spacing_b_00 lhl_spacing_l_00 lhl_spacing_r_00 section-background-t  bg-pattern-' ><div class=\"urbi-component-inner\">\n    <div class=\"is-layout-constrained\">\n\n<figure class=\"wp-block-image alignwide size-full\"><img loading=\"lazy\" decoding=\"async\" width=\"6200\" height=\"4032\" src=\"https:\/\/denverzoo.org\/wp-content\/uploads\/2024\/07\/ChloJo_Popsicle-Enrichment-Edited_Horizontal.png\" alt=\"\" class=\"wp-image-37552\" srcset=\"https:\/\/denverzoo.org\/wp-content\/uploads\/2024\/07\/ChloJo_Popsicle-Enrichment-Edited_Horizontal.png 6200w, https:\/\/denverzoo.org\/wp-content\/uploads\/2024\/07\/ChloJo_Popsicle-Enrichment-Edited_Horizontal-220x143.png 220w, https:\/\/denverzoo.org\/wp-content\/uploads\/2024\/07\/ChloJo_Popsicle-Enrichment-Edited_Horizontal-1024x666.png 1024w, https:\/\/denverzoo.org\/wp-content\/uploads\/2024\/07\/ChloJo_Popsicle-Enrichment-Edited_Horizontal-768x499.png 768w, https:\/\/denverzoo.org\/wp-content\/uploads\/2024\/07\/ChloJo_Popsicle-Enrichment-Edited_Horizontal-50x33.png 50w, https:\/\/denverzoo.org\/wp-content\/uploads\/2024\/07\/ChloJo_Popsicle-Enrichment-Edited_Horizontal-1600x1041.png 1600w, https:\/\/denverzoo.org\/wp-content\/uploads\/2024\/07\/ChloJo_Popsicle-Enrichment-Edited_Horizontal-1536x999.png 1536w, https:\/\/denverzoo.org\/wp-content\/uploads\/2024\/07\/ChloJo_Popsicle-Enrichment-Edited_Horizontal-2048x1332.png 2048w, https:\/\/denverzoo.org\/wp-content\/uploads\/2024\/07\/ChloJo_Popsicle-Enrichment-Edited_Horizontal-18x12.png 18w\" sizes=\"auto, (max-width: 6200px) 100vw, 6200px\" \/><\/figure>\n\n<\/div>\n\n<\/div>\n<\/div>\n\n\n<h3 class=\"wp-block-heading\">Enriquecimiento<\/h3>\n\n\n\n<p>El Zool\u00f3gico de Denver es uno de los pocos zool\u00f3gicos del pa\u00eds que emplea a un especialista en cuidado de animales a tiempo completo y totalmente dedicado a programas de enriquecimiento animal. Al fomentar comportamientos naturales y saludables como cavar, rastrear, nadar, quitar el polvo, escalar, buscar comida y jugar, brindamos a nuestros animales oportunidades diarias para explorar e interactuar con sus diversos entornos, como lo har\u00edan en la naturaleza. Desde comederos de rompecabezas hasta arte con elefantes, estas actividades mejoran el bienestar f\u00edsico y mental.&nbsp;<\/p>\n\n<\/div>\n<\/div>\n<\/div>\n<\/div>\n    <\/div>\n    <\/div><\/div>\n\n\n\n<div>\n\n        <div  class='urbi\/tile urbi-card urbi-card--tile urbi-card--shadow-3' >\n    <div class=\"urbi-tile-inner\">\n                <div class=\"tile-content padding-none\">\n\n\n\n<div  class='lhl-card urbi-component urbi-component front_view lhl_comp_width_inherit lhl_spacing_t_00 lhl_spacing_b_05 lhl_spacing_l_05 lhl_spacing_r_05 section-background-t  lhl_card  lhl_card_shadow_0 lhl_card_radius_0' ><div class=\"urbi-component-inner\">\n    <div class=\"acf-innerblocks-container\">\n\n<figure class=\"wp-block-image alignwide size-full\"><img loading=\"lazy\" decoding=\"async\" width=\"2048\" height=\"1365\" src=\"https:\/\/denverzoo.org\/wp-content\/uploads\/2025\/12\/Lowland-Gorilla-Gunther-Kal-Vet-Hospital-DAilyn-Souder-251210-4.jpg\" alt=\"\" class=\"wp-image-44058\" srcset=\"https:\/\/denverzoo.org\/wp-content\/uploads\/2025\/12\/Lowland-Gorilla-Gunther-Kal-Vet-Hospital-DAilyn-Souder-251210-4.jpg 2048w, https:\/\/denverzoo.org\/wp-content\/uploads\/2025\/12\/Lowland-Gorilla-Gunther-Kal-Vet-Hospital-DAilyn-Souder-251210-4-220x147.jpg 220w, https:\/\/denverzoo.org\/wp-content\/uploads\/2025\/12\/Lowland-Gorilla-Gunther-Kal-Vet-Hospital-DAilyn-Souder-251210-4-1024x683.jpg 1024w, https:\/\/denverzoo.org\/wp-content\/uploads\/2025\/12\/Lowland-Gorilla-Gunther-Kal-Vet-Hospital-DAilyn-Souder-251210-4-768x512.jpg 768w, https:\/\/denverzoo.org\/wp-content\/uploads\/2025\/12\/Lowland-Gorilla-Gunther-Kal-Vet-Hospital-DAilyn-Souder-251210-4-50x33.jpg 50w, https:\/\/denverzoo.org\/wp-content\/uploads\/2025\/12\/Lowland-Gorilla-Gunther-Kal-Vet-Hospital-DAilyn-Souder-251210-4-1600x1066.jpg 1600w, https:\/\/denverzoo.org\/wp-content\/uploads\/2025\/12\/Lowland-Gorilla-Gunther-Kal-Vet-Hospital-DAilyn-Souder-251210-4-1536x1024.jpg 1536w, https:\/\/denverzoo.org\/wp-content\/uploads\/2025\/12\/Lowland-Gorilla-Gunther-Kal-Vet-Hospital-DAilyn-Souder-251210-4-18x12.jpg 18w, https:\/\/denverzoo.org\/wp-content\/uploads\/2025\/12\/Lowland-Gorilla-Gunther-Kal-Vet-Hospital-DAilyn-Souder-251210-4-298x199.jpg 298w\" sizes=\"auto, (max-width: 2048px) 100vw, 2048px\" \/><\/figure>\n\n\n\n<h3 class=\"wp-block-heading\">Cuidado veterinario<\/h3>\n\n\n\n<p>El programa veterinario del Zool\u00f3gico de Denver ha liderado la industria desde 1982, cuando nuestro hospital para animales original abri\u00f3 sus puertas por primera vez. Hoy en d\u00eda, nuestro equipo de expertos incluye cuatro de los \u00fanicos 275 veterinarios zool\u00f3gicos certificados del mundo. En 2020, abrimos el vanguardista Helen and Arthur E. Johnson Animal Hospital, una instalaci\u00f3n de 22,000 pies cuadrados que nos brinda avances espectaculares en diagn\u00f3stico y tratamiento, as\u00ed como innumerables oportunidades para continuar nuestra b\u00fasqueda de la excelencia en la atenci\u00f3n proactiva. y cuidado integral de los animales.&nbsp;<\/p>\n\n<\/div>\n<\/div>\n<\/div>\n<\/div>\n    <\/div>\n    <\/div><\/div>\n\n\n<\/div>\n<\/div>\n<\/div>\n\n<\/div>\n<\/div>\n<\/div>\n\n<\/div>\n<\/div>","protected":false},"excerpt":{"rendered":"","protected":false},"author":40,"featured_media":0,"parent":0,"menu_order":0,"comment_status":"closed","ping_status":"closed","template":"","meta":{"_acf_changed":false,"_relevanssi_hide_post":"","_relevanssi_hide_content":"","_relevanssi_pin_for_all":"","_relevanssi_pin_keywords":"","_relevanssi_unpin_keywords":"","_relevanssi_related_keywords":"","_relevanssi_related_include_ids":"","_relevanssi_related_exclude_ids":"","_relevanssi_related_no_append":"","_relevanssi_related_not_related":"","_relevanssi_related_posts":"116,121,123,538,1202,1775","_relevanssi_noindex_reason":"","footnotes":""},"class_list":["post-1822","page","type-page","status-publish","hentry"],"acf":[],"_links":{"self":[{"href":"https:\/\/denverzoo.org\/es\/wp-json\/wp\/v2\/pages\/1822","targetHints":{"allow":["GET"]}}],"collection":[{"href":"https:\/\/denverzoo.org\/es\/wp-json\/wp\/v2\/pages"}],"about":[{"href":"https:\/\/denverzoo.org\/es\/wp-json\/wp\/v2\/types\/page"}],"author":[{"embeddable":true,"href":"https:\/\/denverzoo.org\/es\/wp-json\/wp\/v2\/users\/40"}],"replies":[{"embeddable":true,"href":"https:\/\/denverzoo.org\/es\/wp-json\/wp\/v2\/comments?post=1822"}],"version-history":[{"count":0,"href":"https:\/\/denverzoo.org\/es\/wp-json\/wp\/v2\/pages\/1822\/revisions"}],"wp:attachment":[{"href":"https:\/\/denverzoo.org\/es\/wp-json\/wp\/v2\/media?parent=1822"}],"curies":[{"name":"gracias","href":"https:\/\/api.w.org\/{rel}","templated":true}]}}