{"id":1838,"date":"2018-09-07T19:20:42","date_gmt":"2018-09-07T19:20:42","guid":{"rendered":"https:\/\/denverzootemp.org\/?page_id=1838"},"modified":"2020-05-20T13:31:20","modified_gmt":"2020-05-20T19:31:20","slug":"teen-programs","status":"publish","type":"page","link":"https:\/\/denverzoo.org\/es\/teen-programs\/","title":{"rendered":"Programas para adolescentes"},"content":{"rendered":"<br \/>\n<h2>PROGRAMA DE VOLUNTARIADO ADOLESCENTE<\/h2>\n<p><strong>Seguimos trabajando para evaluar y dise\u00f1ar estrategias para nuevas direcciones para nuestro p\u00fablico adolescente. Dicho esto, no estamos reclutando abiertamente para el programa de voluntariado para adolescentes para el verano de 2020 en este momento. <\/strong><\/p>\n<p><strong>Le recomendamos que utilice el enlace &quot;Stay Connected&quot; para recibir la informaci\u00f3n m\u00e1s actualizada sobre la programaci\u00f3n para adolescentes del Zool\u00f3gico de Denver. <\/strong><\/p>\n<p><strong>\u00a1Gracias por su inter\u00e9s y apoyo al Zool\u00f3gico de Denver! Esperamos compartir actualizaciones en un futuro pr\u00f3ximo.<\/strong><\/p>\n<p>\t\t\t<a href=\"https:\/\/denverzoo.org\/es\/teen-interest-form\/\" target=\"_self\" role=\"button\"><br \/>\n\t\t\t\t\t\t\tMantente conectado<br \/>\n\t\t\t\t\t<\/a><br \/>\n\t[mostrar_botones_personalizados]<br \/>\n\t[dz_slideshow]<\/p>","protected":false},"excerpt":{"rendered":"<p>PROGRAMA DE VOLUNTARIADO ADOLESCENTE Continuamos trabajando para evaluar y dise\u00f1ar estrategias para nuevas direcciones para nuestro p\u00fablico adolescente. Dicho esto, no estamos reclutando abiertamente para el programa de voluntariado para adolescentes para el verano de 2020 en este momento. Le recomendamos que utilice el enlace &quot;Mant\u00e9ngase conectado&quot; para recibir la informaci\u00f3n m\u00e1s actualizada [\u2026]<\/p>","protected":false},"author":40,"featured_media":0,"parent":0,"menu_order":0,"comment_status":"closed","ping_status":"closed","template":"","meta":{"_acf_changed":false,"_relevanssi_hide_post":"","_relevanssi_hide_content":"","_relevanssi_pin_for_all":"","_relevanssi_pin_keywords":"","_relevanssi_unpin_keywords":"","_relevanssi_related_keywords":"","_relevanssi_related_include_ids":"","_relevanssi_related_exclude_ids":"","_relevanssi_related_no_append":"","_relevanssi_related_not_related":"","_relevanssi_related_posts":"","_relevanssi_noindex_reason":"","footnotes":""},"class_list":["post-1838","page","type-page","status-publish","hentry"],"acf":[],"_links":{"self":[{"href":"https:\/\/denverzoo.org\/es\/wp-json\/wp\/v2\/pages\/1838","targetHints":{"allow":["GET"]}}],"collection":[{"href":"https:\/\/denverzoo.org\/es\/wp-json\/wp\/v2\/pages"}],"about":[{"href":"https:\/\/denverzoo.org\/es\/wp-json\/wp\/v2\/types\/page"}],"author":[{"embeddable":true,"href":"https:\/\/denverzoo.org\/es\/wp-json\/wp\/v2\/users\/40"}],"replies":[{"embeddable":true,"href":"https:\/\/denverzoo.org\/es\/wp-json\/wp\/v2\/comments?post=1838"}],"version-history":[{"count":0,"href":"https:\/\/denverzoo.org\/es\/wp-json\/wp\/v2\/pages\/1838\/revisions"}],"wp:attachment":[{"href":"https:\/\/denverzoo.org\/es\/wp-json\/wp\/v2\/media?parent=1838"}],"curies":[{"name":"gracias","href":"https:\/\/api.w.org\/{rel}","templated":true}]}}