{"id":1841,"date":"2018-09-07T19:22:09","date_gmt":"2018-09-07T19:22:09","guid":{"rendered":"https:\/\/denverzootemp.org\/?page_id=1841"},"modified":"2024-09-10T10:41:59","modified_gmt":"2024-09-10T16:41:59","slug":"history","status":"publish","type":"page","link":"https:\/\/denverzoo.org\/es\/history\/","title":{"rendered":"Historia"},"content":{"rendered":"<div  class='lhl-section urbi-component urbi-component front_view lhl_comp_width_inherit lhl_spacing_t_09 lhl_spacing_b_09 lhl_spacing_l_00 lhl_spacing_r_00 section-background-t' ><div class=\"urbi-component-inner\">\n    <div class=\"is-layout-constrained\">\n\n<h3 class=\"wp-block-heading has-text-align-center\"><strong>Nuestra l\u00ednea de tiempo<\/strong><\/h3>\n\n\n\n<p class=\"has-text-align-center\">Todo comenz\u00f3 hace m\u00e1s de un siglo con un regalo especial al alcalde de Denver: un cachorro de oso negro que vino a vivir en City Park.\u00a0<\/p>\n\n\n\n\n\n<div  class='lhl-section urbi-component urbi-component front_view lhl_spacing_t_01 lhl_spacing_b_09 lhl_spacing_l_00 lhl_spacing_r_00 section-background-t urbi-component-bg--white' ><div class=\"urbi-component-inner\">\n    <div class=\"is-layout-constrained\">\n\n\n\n<div  class='urbi\/tiles urbi-component urbi-component front_view lhl_spacing_t_00 lhl_spacing_b_00 lhl_spacing_l_00 lhl_spacing_r_00 section-background-t' >\n<div class=\"uk-child-width-1-3@s uk-grid-match\" uk-grid>\n    \n\n\n<div>\n\n        <div  class='urbi\/tile urbi-card urbi-card--tile urbi-card--shadow-3' >\n    <div class=\"urbi-tile-inner\">\n                <div class=\"tile-content padding-none\">\n\n\n\n<div  class='lhl-card urbi-component urbi-component front_view lhl_comp_width_inherit lhl_spacing_t_05 lhl_spacing_b_02 lhl_spacing_l_05 lhl_spacing_r_05 section-background-t  lhl_card  lhl_card_shadow_0 lhl_card_radius_0' ><div class=\"urbi-component-inner\">\n    <div class=\"acf-innerblocks-container\">\n\n<h3 class=\"wp-block-heading has-text-align-left\"><strong>Los primeros a\u00f1os<\/strong><\/h3>\n\n\n\n<h4 class=\"wp-block-heading has-text-align-left\">Un regalo especial<\/h4>\n\n\n\n<p>Los primeros visitantes del creciente zool\u00f3gico disfrutaron observando animales como monos, alces, bisontes y p\u00e1jaros. Con la apertura de Bear Mountain en 1918, el Zool\u00f3gico de Denver se convirti\u00f3 en la primera instituci\u00f3n estadounidense en beneficiarse del revolucionario concepto de zool\u00f3gico de Carl Hagenbeck, donde las personas deber\u00edan ver a los animales a la altura de los ojos en h\u00e1bitats naturales sin rejas ni vallas. Esta innovadora exhibici\u00f3n presenta formaciones rocosas artificiales producidas con moldes de yeso de acantilados naturales cerca de Morrison, Colorado, y ahora est\u00e1 en el Registro Nacional de Lugares Hist\u00f3ricos.\u00a0<\/p>\n\n<\/div>\n<\/div>\n<\/div>\n<\/div>\n    <\/div>\n    <\/div><\/div>\n\n\n\n<div>\n\n        <div  class='urbi\/tile urbi-card urbi-card--tile urbi-card--shadow-3' >\n    <div class=\"urbi-tile-inner\">\n                <div class=\"tile-content padding-none\">\n\n\n\n<div  class='lhl-card urbi-component urbi-component front_view lhl_comp_width_inherit lhl_spacing_t_05 lhl_spacing_b_02 lhl_spacing_l_05 lhl_spacing_r_05 section-background-t  lhl_card  lhl_card_shadow_0 lhl_card_radius_0' ><div class=\"urbi-component-inner\">\n    <div class=\"acf-innerblocks-container\">\n\n<h3 class=\"wp-block-heading has-text-align-left\"><strong>Los a\u00f1os intermedios<\/strong><\/h3>\n\n\n\n<h4 class=\"wp-block-heading has-text-align-left\">Los ciudadanos de Denver apoyan el creciente zool\u00f3gico<\/h4>\n\n\n\n<p>Desde la d\u00e9cada de 1920 hasta finales de la de 1950, el Zool\u00f3gico de Denver sigui\u00f3 creciendo. En 1936, Monkey Island se a\u00f1adi\u00f3 al zool\u00f3gico con el apoyo de fondos federales. En 1950, los ciudadanos de Denver apoyaron al zool\u00f3gico mediante contribuciones para traer el primer elefante, Cookie, a las instalaciones. Vivi\u00f3 durante casi una d\u00e9cada en City Park Pump House antes de que se completara el nuevo edificio Pachyderm en 1959.&nbsp;<\/p>\n\n\n\n<p>En 1956, la Fundaci\u00f3n Zool\u00f3gica de Denver firm\u00f3 un acuerdo con la ciudad y el condado de Denver para supervisar la administraci\u00f3n, gesti\u00f3n y desarrollo del Zool\u00f3gico de Denver. En 1959, se public\u00f3 el primer Plan Maestro del Zool\u00f3gico y proporcion\u00f3 un mapa para futuras mejoras en el Zool\u00f3gico de Denver. La inauguraci\u00f3n de Feline House en 1964 anunci\u00f3 un nuevo comienzo para el futuro del Zool\u00f3gico de Denver y fue la nueva exhibici\u00f3n m\u00e1s espectacular inaugurada desde Bear Mountain en 1918.&nbsp;<\/p>\n\n<\/div>\n<\/div>\n<\/div>\n<\/div>\n    <\/div>\n    <\/div><\/div>\n\n\n\n<div>\n\n        <div  class='urbi\/tile urbi-card urbi-card--tile urbi-card--shadow-3' >\n    <div class=\"urbi-tile-inner\">\n                <div class=\"tile-content padding-none\">\n\n\n\n<div  class='lhl-card urbi-component urbi-component front_view lhl_comp_width_inherit lhl_spacing_t_05 lhl_spacing_b_02 lhl_spacing_l_05 lhl_spacing_r_05 section-background-t  lhl_card  lhl_card_shadow_0 lhl_card_radius_0' ><div class=\"urbi-component-inner\">\n    <div class=\"acf-innerblocks-container\">\n\n<h3 class=\"wp-block-heading has-text-align-left\"><strong>Un plan para el futuro<\/strong><\/h3>\n\n\n\n<h4 class=\"wp-block-heading has-text-align-left\">El primer plan maestro gu\u00eda el zool\u00f3gico<\/h4>\n\n\n\n<p>Guiado por el Plan Maestro, el Zool\u00f3gico de Denver continu\u00f3 prosperando con nuevas formas creativas de conectar a los visitantes del Zool\u00f3gico con los diversos animales que lo llaman hogar. En 1975, Bird World se inaugur\u00f3 con gran fanfarria cuando los visitantes pudieron sentir la niebla de la selva tropical, ver cascadas de monta\u00f1a y costas arenosas en un aviario al aire libre con docenas de especies de aves.&nbsp;<\/p>\n\n\n\n<p>Northern Shores trajo las maravillas de la vida acu\u00e1tica a Denver en 1987, brindando a los visitantes del zool\u00f3gico un punto de vista submarino para observar la elegante belleza de focas, leones marinos y osos polares. La pieza final del Plan Maestro de 1959 se implement\u00f3 en 1993 con la incorporaci\u00f3n de Tropical Discovery, una experiencia inmersiva que rodea a los visitantes con un mundo de selvas h\u00famedas y arrecifes de coral. Tropical Discovery es el hogar de cientos de peces, anfibios, invertebrados y reptiles, llenando un vac\u00edo visible en la colecci\u00f3n del zool\u00f3gico.&nbsp;<\/p>\n\n<\/div>\n<\/div>\n<\/div>\n<\/div>\n    <\/div>\n    <\/div><\/div>\n\n\n<\/div>\n<\/div>\n\n\n\n\n<div  class='urbi\/tiles urbi-component urbi-component front_view lhl_spacing_t_00 lhl_spacing_b_00 lhl_spacing_l_00 lhl_spacing_r_00 section-background-t' >\n<div class=\"uk-child-width-1-3@s uk-grid-match\" uk-grid>\n    \n\n\n<div>\n\n        <div  class='urbi\/tile urbi-card urbi-card--tile urbi-card--shadow-3' >\n    <div class=\"urbi-tile-inner\">\n                <div class=\"tile-content padding-none\">\n\n\n\n<div  class='lhl-card urbi-component urbi-component front_view lhl_comp_width_inherit lhl_spacing_t_05 lhl_spacing_b_02 lhl_spacing_l_05 lhl_spacing_r_05 section-background-t  lhl_card  lhl_card_shadow_0 lhl_card_radius_0' ><div class=\"urbi-component-inner\">\n    <div class=\"acf-innerblocks-container\">\n\n<h3 class=\"wp-block-heading has-text-align-left\"><strong>Centro de puertas<\/strong><\/h3>\n\n\n\n<h4 class=\"wp-block-heading has-text-align-left\">Compromiso con la educaci\u00f3n y la conservaci\u00f3n<\/h4>\n\n\n\n<p>Con una asociaci\u00f3n de la Gates Family Foundation y la Divisi\u00f3n de Vida Silvestre de Colorado, el Zool\u00f3gico de Denver pudo crear el Centro Educativo para la Conservaci\u00f3n de la Vida Silvestre Gates. Este edificio es la base para la variedad de programas educativos en el lugar y de extensi\u00f3n del Zool\u00f3gico para personas de todas las edades, presentados por un grupo dedicado de personal y voluntarios apasionados por la misi\u00f3n del Zool\u00f3gico. El Centro Gates tambi\u00e9n alberga el Departamento de Biolog\u00eda de la Conservaci\u00f3n del Zool\u00f3gico de Denver. Creado en 1996, este equipo supervisa proyectos cr\u00edticos en todo el mundo.\u00a0<\/p>\n\n<\/div>\n<\/div>\n<\/div>\n<\/div>\n    <\/div>\n    <\/div><\/div>\n\n\n\n<div>\n\n        <div  class='urbi\/tile urbi-card urbi-card--tile urbi-card--shadow-3' >\n    <div class=\"urbi-tile-inner\">\n                <div class=\"tile-content padding-none\">\n\n\n\n<div  class='lhl-card urbi-component urbi-component front_view lhl_comp_width_inherit lhl_spacing_t_05 lhl_spacing_b_02 lhl_spacing_l_05 lhl_spacing_r_05 section-background-t  lhl_card  lhl_card_shadow_0 lhl_card_radius_0' ><div class=\"urbi-component-inner\">\n    <div class=\"acf-innerblocks-container\">\n\n<h3 class=\"wp-block-heading has-text-align-left\"><strong>L\u00edderes en manejo animal<\/strong><\/h3>\n\n\n\n<h4 class=\"wp-block-heading has-text-align-left\">Un plan para el pr\u00f3ximo milenio<\/h4>\n\n\n\n<p>El Zool\u00f3gico de Denver cre\u00f3 un nuevo Plan Maestro para guiar el desarrollo continuo de las instalaciones hasta el comienzo del nuevo milenio, manteniendo el impulso de las mejoras implementadas a partir del Plan Maestro de 1959. El Plan Maestro Millennium supervis\u00f3 el desarrollo de Primate Panorama con dos fases, una en 1996 y otra en 2002, una nueva entrada principal que da la bienvenida a los visitantes inmediatamente al galardonado Predator Ridge en 2004 y al Toyota Elephant Passage en 2012. Estas mejoras al Zool\u00f3gico de Denver ha afirmado su lugar como l\u00edder en dise\u00f1o de h\u00e1bitat y experiencia de visitantes. El concepto de h\u00e1bitat rotacional introducido en Predator Ridge ha sido imitado en exhibiciones en todo el mundo y fue mejorado para Toyota Elephant Passage. Este concepto permite ver diferentes especies en diferentes momentos al rotar a los animales a trav\u00e9s de m\u00faltiples h\u00e1bitats. Esto estimula sus mentes, ampl\u00eda sus experiencias y brinda importantes oportunidades de ejercicio.&nbsp;<\/p>\n\n<\/div>\n<\/div>\n<\/div>\n<\/div>\n    <\/div>\n    <\/div><\/div>\n\n\n\n<div>\n\n        <div  class='urbi\/tile urbi-card urbi-card--tile urbi-card--shadow-3' >\n    <div class=\"urbi-tile-inner\">\n                <div class=\"tile-content padding-none\">\n\n\n\n<div  class='lhl-card urbi-component urbi-component front_view lhl_comp_width_inherit lhl_spacing_t_05 lhl_spacing_b_02 lhl_spacing_l_05 lhl_spacing_r_05 section-background-t  lhl_card  lhl_card_shadow_0 lhl_card_radius_0' ><div class=\"urbi-component-inner\">\n    <div class=\"acf-innerblocks-container\">\n\n<h3 class=\"wp-block-heading has-text-align-left\"><strong>Un compromiso con el futuro<\/strong><\/h3>\n\n\n\n<h4 class=\"wp-block-heading has-text-align-left\">Visi\u00f3n de excelencia del zool\u00f3gico de Denver<\/h4>\n\n\n\n<p>El Zool\u00f3gico de Denver se encuentra actualmente en el desarrollo de un Plan Maestro actualizado, que continuar\u00e1 mejorando el cuidado de nuestros animales y brindando a nuestros visitantes excelentes experiencias en cada visita. Esperamos que nuestros hu\u00e9spedes se sientan inspirados para conectarse con los animales y apoyar nuestra misi\u00f3n de <em>Inspirar a las comunidades a salvar la vida silvestre para las generaciones futuras<\/em>. Est\u00e9 atento a m\u00e1s detalles sobre esta nueva e interesante gu\u00eda para el futuro del Zool\u00f3gico de Denver, pr\u00f3ximamente.\u00a0<\/p>\n\n<\/div>\n<\/div>\n<\/div>\n<\/div>\n    <\/div>\n    <\/div><\/div>\n\n\n<\/div>\n<\/div>\n<\/div>\n\n<\/div>\n<\/div>\n<\/div>\n\n<\/div>\n<\/div>\n\n\n\n\n<div  class='lhl-section urbi-component urbi-component front_view lhl_comp_width_inherit lhl_spacing_t_07 lhl_spacing_b_07 lhl_spacing_l_00 lhl_spacing_r_00 section-background-3 urbi-component-bg--light-gray' ><div class=\"urbi-component-inner\">\n    <div class=\"is-layout-constrained\">\n\n<h3 class=\"wp-block-heading\"><strong>Un hito que lleva m\u00e1s de un siglo en gestaci\u00f3n<\/strong><\/h3>\n\n\n\n<p>En 2021, el Zool\u00f3gico de Denver celebr\u00f3 125 a\u00f1os de funcionamiento. \u00a1Eso no es poca cosa! Agradecemos a nuestros invitados, miembros, l\u00edderes de la ciudad, personal y Junta de Gobernadores que nos han ayudado a crecer hasta convertirnos en el zool\u00f3gico de clase mundial que conocemos hoy.\u00a0\u00a0<\/p>\n\n<\/div>\n\n<\/div>\n<\/div>\n\n\n\n\n<div  class='lhl-section urbi-component urbi-component front_view lhl_comp_width_inherit lhl_spacing_t_09 lhl_spacing_b_09 lhl_spacing_l_00 lhl_spacing_r_00 section-background-t' ><div class=\"urbi-component-inner\">\n    <div class=\"is-layout-constrained\">\n\n<h3 class=\"wp-block-heading\"><strong>Experiencia Colorado<\/strong><\/h3>\n\n\n\n<h4 class=\"wp-block-heading\">Un documental de PBS de las Monta\u00f1as Rocosas<\/h4>\n\n\n\n<p>Este documental cuenta la historia del Zool\u00f3gico de Denver, desde una peque\u00f1a colecci\u00f3n de animales enjaulados en 1896 hasta nuestra transformaci\u00f3n en una instituci\u00f3n reconocida mundialmente. Sea testigo de m\u00e1s de un siglo de evoluci\u00f3n del Zool\u00f3gico de Denver, tanto en ciencia como en dise\u00f1o, hasta convertirse en la instituci\u00f3n que conocemos hoy.\u00a0<\/p>\n\n\n\n<div class=\"pbs-viral-player-wrapper\" style=\"position: relative; padding-top: calc(56.25% + 43px);\"><iframe src=\"https:\/\/player.pbs.org\/viralplayer\/3054279334\/\" allowfullscreen style=\"position: absolute; top: 0; width: 100%; height: 100%; border: 0;\"><\/iframe><\/div>\n\n<\/div>\n\n<\/div>\n<\/div>\n\n\n\n\n<div  class='lhl-section urbi-component urbi-component front_view lhl_comp_width_inherit lhl_spacing_t_09 lhl_spacing_b_09 lhl_spacing_l_00 lhl_spacing_r_00 section-background-t urbi-component-bg--light-gray' ><div class=\"urbi-component-inner\">\n    <div class=\"is-layout-constrained\">\n\n<h3 class=\"wp-block-heading\"><strong>SOY DENVER: Zool\u00f3gico de Denver<\/strong><\/h3>\n\n\n\n<h4 class=\"wp-block-heading\">Un legado de 125 a\u00f1os que comenz\u00f3 con un oso<\/h4>\n\n\n\n<p>El zool\u00f3gico de Denver fue presentado por \u201cI Am Denver\u201d, el proyecto de narraci\u00f3n en video de la ciudad de Denver. Desde nuestros humildes comienzos de un oso hasta nuestra constante innovaci\u00f3n en el desarrollo del h\u00e1bitat y el bienestar animal, esta pieza cubre la evoluci\u00f3n de 125 a\u00f1os del zool\u00f3gico desde la atracci\u00f3n de entretenimiento hasta el l\u00edder indiscutible de la conservaci\u00f3n.\u00a0<\/p>\n\n\n\n<iframe loading=\"lazy\" width=\"100%\" height=\"600\" src=\"https:\/\/www.youtube.com\/embed\/AZ-MlfLyZQo\" title=\"Reproductor de video de YouTube\" frameborder=\"0\" allow=\"accelerometer; autoplay; clipboard-write; encrypted-media; gyroscope; picture-in-picture\" allowfullscreen><\/iframe>\n\n<\/div>\n\n<\/div>\n<\/div>\n\n\n\n\n<div  class='lhl-section urbi-component urbi-component front_view lhl_comp_width_inherit lhl_spacing_t_09 lhl_spacing_b_09 lhl_spacing_l_00 lhl_spacing_r_00 section-background-t' ><div class=\"urbi-component-inner\">\n    <div class=\"is-layout-constrained\">\n\n<h3 class=\"wp-block-heading\"><strong>Una fuerza de la naturaleza<\/strong><\/h3>\n\n\n\n<h4 class=\"wp-block-heading\">125<sup>th<\/sup> Gala de Aniversario<\/h4>\n\n\n\n<p>En septiembre de 2021, el Zool\u00f3gico de Denver organiz\u00f3 la Gala Fuerza de la Naturaleza, que celebra nuestra colorida historia y un par de familias muy generosas que, durante generaciones, nos han apoyado y ayudado a construir nuestros h\u00e1bitats m\u00e1s interesantes.\u00a0<\/p>\n\n\n\n<iframe loading=\"lazy\" width=\"100%\" height=\"400\" src=\"https:\/\/brandfolder.com\/denverzoo\/attachments\/embed\/n8hzxrrwwz9xwkkrgh5t8m\" title=\"Reproductor de video de YouTube\" frameborder=\"0\" allow=\"accelerometer; autoplay; clipboard-write; encrypted-media; gyroscope; picture-in-picture\" allowfullscreen><\/iframe>\n\n<\/div>\n\n<\/div>\n<\/div>","protected":false},"excerpt":{"rendered":"","protected":false},"author":40,"featured_media":0,"parent":0,"menu_order":0,"comment_status":"closed","ping_status":"closed","template":"","meta":{"_acf_changed":false,"_relevanssi_hide_post":"","_relevanssi_hide_content":"","_relevanssi_pin_for_all":"","_relevanssi_pin_keywords":"","_relevanssi_unpin_keywords":"","_relevanssi_related_keywords":"","_relevanssi_related_include_ids":"","_relevanssi_related_exclude_ids":"","_relevanssi_related_no_append":"","_relevanssi_related_not_related":"","_relevanssi_related_posts":"","_relevanssi_noindex_reason":"","footnotes":""},"class_list":["post-1841","page","type-page","status-publish","hentry"],"acf":[],"_links":{"self":[{"href":"https:\/\/denverzoo.org\/es\/wp-json\/wp\/v2\/pages\/1841","targetHints":{"allow":["GET"]}}],"collection":[{"href":"https:\/\/denverzoo.org\/es\/wp-json\/wp\/v2\/pages"}],"about":[{"href":"https:\/\/denverzoo.org\/es\/wp-json\/wp\/v2\/types\/page"}],"author":[{"embeddable":true,"href":"https:\/\/denverzoo.org\/es\/wp-json\/wp\/v2\/users\/40"}],"replies":[{"embeddable":true,"href":"https:\/\/denverzoo.org\/es\/wp-json\/wp\/v2\/comments?post=1841"}],"version-history":[{"count":0,"href":"https:\/\/denverzoo.org\/es\/wp-json\/wp\/v2\/pages\/1841\/revisions"}],"wp:attachment":[{"href":"https:\/\/denverzoo.org\/es\/wp-json\/wp\/v2\/media?parent=1841"}],"curies":[{"name":"gracias","href":"https:\/\/api.w.org\/{rel}","templated":true}]}}