{"id":18630,"date":"2020-06-19T10:22:53","date_gmt":"2020-06-19T16:22:53","guid":{"rendered":"https:\/\/denverzootemp.org\/?page_id=18630"},"modified":"2024-09-05T19:37:52","modified_gmt":"2024-09-06T01:37:52","slug":"car-donation","status":"publish","type":"page","link":"https:\/\/denverzoo.org\/es\/car-donation\/","title":{"rendered":"Donaci\u00f3n de coches"},"content":{"rendered":"<div  class='lhl-section urbi-component urbi-component front_view lhl_comp_width_inherit lhl_spacing_t_09 lhl_spacing_b_09 lhl_spacing_l_00 lhl_spacing_r_00 section-background-t' ><div class=\"urbi-component-inner\">\n    <div class=\"is-layout-constrained\">\n\n<h3 class=\"wp-block-heading has-text-align-center\">\u00bfTiene un veh\u00edculo que est\u00e1 acumulando polvo y se pregunta sobre la donaci\u00f3n de autom\u00f3viles en Colorado?<\/h3>\n\n\n\n<p class=\"has-text-align-center\">Nuestro socio Vehicles for Charity facilita la donaci\u00f3n de su autom\u00f3vil a una organizaci\u00f3n ben\u00e9fica, con Denver Zoo Conservation Alliance como beneficiario, y puede hacerlo con unos pocos clics o una r\u00e1pida llamada telef\u00f3nica. No solo obtendr\u00e1 una deducci\u00f3n de impuestos con la donaci\u00f3n de su autom\u00f3vil, sino que tambi\u00e9n podr\u00e1 sentirse bien al saber que su autom\u00f3vil recibir\u00e1 el cari\u00f1o que se merece... y nuestros animales recibir\u00e1n el cuidado de primera clase que necesitan.<\/p>\n\n\n\n<p class=\"has-text-align-center\"><img loading=\"lazy\" decoding=\"async\" width=\"220\" height=\"83\" srcset=\"https:\/\/denverzoostage.wpengine.com\/wp-content\/uploads\/2020\/06\/logo-1-220x83.png 220w, https:\/\/denverzoostage.wpengine.com\/wp-content\/uploads\/2020\/06\/logo-1.png 240w\" src=\"https:\/\/denverzoostage.wpengine.com\/wp-content\/uploads\/2020\/06\/logo-1-220x83.png\" alt=\"Vehicles For Charity Logo\"><\/p>\n\n\n    \r\n    \r\n    <div class='urbi_button_link center'><a class=\"urbi-link lhl_button lhl_button--small lhl_button_color_default lhl_button_width_default lhl_button--block\" href=\"https:\/\/www.vehiclesforcharity.org\/Donate\/DZOO.html\" target=\"\" rel=\"noopener noreferrer\" >Dona tu coche<\/a><\/div>\n\n\n<h4 class=\"wp-block-heading has-text-align-center\"><strong>\u00bfLISTO PARA DONAR?<\/strong><\/h4>\n\n\n\n<p class=\"has-text-align-center\">Hacer clic&nbsp;<a href=\"https:\/\/www.vehiclesforcharity.org\/Donate\/DZOO.html\">aqu\u00ed<\/a>&nbsp;o llame al 1-866-628-2277 para comenzar.<\/p>\n\n<\/div>\n\n<\/div>\n<\/div>\n\n\n\n<div  class='lhl-accordion urbi-component urbi-component front_view lhl_comp_width_inherit lhl_spacing_t_09 lhl_spacing_b_09 lhl_spacing_l_00 lhl_spacing_r_00 section-background-t' ><div class=\"urbi-component-inner\">\n    <h2 class='lhl-accordion-tile lhl_mb_60 lhl-text-left'><span class='stylized_heading'>Preguntas frecuentes sobre donaci\u00f3n de veh\u00edculos:<\/span><\/h2><ul id=\"accordion-342f2\" class=\"uk-accordion lhl-accordion-items\" uk-accordion data-id=\"accordion-342f2\"><li id=\"accordion-342f2--what-kind-of-vehicle-donations-are-accepted-no\" class=\"lhl-accordion-item lhl_mb_40\" data-id=\"accordion-342f2--what-kind-of-vehicle-donations-are-accepted\"><a class=\"uk-accordion-title lhl-accordion-item-title\" href=\"#\">\u00bfQu\u00e9 tipo de donaciones de veh\u00edculos se aceptan?<\/a><div class=\"uk-accordion-content lhl-accordion-item-content\"><p>Puede donar todo tipo de veh\u00edculos: autom\u00f3viles, camiones, motocicletas, botes, veh\u00edculos recreativos, caravanas y m\u00e1s.<\/p>\n<\/div><\/li><li id=\"accordion-342f2--will-somebody-come-pick-up-my-vehicle-donation-no\" class=\"lhl-accordion-item lhl_mb_40\" data-id=\"accordion-342f2--will-somebody-come-pick-up-my-vehicle-donation\"><a class=\"uk-accordion-title lhl-accordion-item-title\" href=\"#\">\u00bfAlguien vendr\u00e1 a recoger la donaci\u00f3n de mi veh\u00edculo?<\/a><div class=\"uk-accordion-content lhl-accordion-item-content\"><p>\u00a1S\u00ed! Vehicles for Charity programar\u00e1 una gr\u00faa para que vaya a su casa u oficina a recoger su veh\u00edculo de forma gratuita.<\/p>\n<\/div><\/li><li id=\"accordion-342f2--what-do-i-need-for-a-car-donation-in-colorado-no\" class=\"lhl-accordion-item lhl_mb_40\" data-id=\"accordion-342f2--what-do-i-need-for-a-car-donation-in-colorado\"><a class=\"uk-accordion-title lhl-accordion-item-title\" href=\"#\">\u00bfQu\u00e9 necesito para la donaci\u00f3n de un autom\u00f3vil en Colorado?<\/a><div class=\"uk-accordion-content lhl-accordion-item-content\"><p>Se necesitan tres cosas para donar su autom\u00f3vil:<\/p>\n<p>Un t\u00edtulo claro, lo que significa un t\u00edtulo con su nombre en la secci\u00f3n del propietario, sin una asignaci\u00f3n o transferencia a otra persona. Todos los grav\u00e1menes deben liberarse antes de donar el veh\u00edculo.<br \/>\nLas llaves de su auto.<\/p>\n<p>Cuando llame o complete nuestro formulario en l\u00ednea, tenga a mano el t\u00edtulo y el kilometraje actual.<\/p>\n<p>CONSEJO \u00daTIL: no olvide comunicarse con el Departamento de Veh\u00edculos Motorizados de su estado para averiguar c\u00f3mo notificarles adecuadamente que ha vendido el veh\u00edculo y transferido la responsabilidad.<\/p>\n<\/div><\/li><li id=\"accordion-342f2--can-you-get-a-tax-deduction-with-your-car-donation-no\" class=\"lhl-accordion-item lhl_mb_40\" data-id=\"accordion-342f2--can-you-get-a-tax-deduction-with-your-car-donation\"><a class=\"uk-accordion-title lhl-accordion-item-title\" href=\"#\">\u00bfPuede obtener una deducci\u00f3n de impuestos con la donaci\u00f3n de su autom\u00f3vil?<\/a><div class=\"uk-accordion-content lhl-accordion-item-content\"><p>\u00a1S\u00ed! Con la donaci\u00f3n de un veh\u00edculo, el IRS le permite reclamar una deducci\u00f3n fiscal de:<\/p>\n<p>El valor de su veh\u00edculo, hasta $500; o<br \/>\nLa cantidad por la que vendemos su veh\u00edculo, si es m\u00e1s de $500.<\/p>\n<p>Consulte a un asesor fiscal para determinar su beneficio fiscal por la donaci\u00f3n de su veh\u00edculo.<\/p>\n<\/div><\/li><li id=\"accordion-342f2--how-long-will-my-vehicle-donation-take-no\" class=\"lhl-accordion-item lhl_mb_40\" data-id=\"accordion-342f2--how-long-will-my-vehicle-donation-take\"><a class=\"uk-accordion-title lhl-accordion-item-title\" href=\"#\">\u00bfCu\u00e1nto tiempo tomar\u00e1 la donaci\u00f3n de mi veh\u00edculo?<\/a><div class=\"uk-accordion-content lhl-accordion-item-content\"><p>El proceso es bastante simple y, por lo general, se puede completar en 5 a 10 d\u00edas.<\/p>\n<\/div><\/li><li id=\"accordion-342f2--how-much-is-my-car-donation-worth-and-how-much-of-that-will-be-donated-to-denver-zoo-conservation-alliance-no\" class=\"lhl-accordion-item lhl_mb_40\" data-id=\"accordion-342f2--how-much-is-my-car-donation-worth-and-how-much-of-that-will-be-donated-to-denver-zoo-conservation-alliance\"><a class=\"uk-accordion-title lhl-accordion-item-title\" href=\"#\">\u00bfCu\u00e1nto vale la donaci\u00f3n de mi autom\u00f3vil y cu\u00e1nto de ese monto se donar\u00e1 a Denver Zoo Conservation Alliance?<\/a><div class=\"uk-accordion-content lhl-accordion-item-content\"><p>No sabremos el valor de su autom\u00f3vil hasta que pasemos por el proceso. La donaci\u00f3n del zool\u00f3gico de Denver se basa en % del valor del autom\u00f3vil.<\/p>\n<\/div><\/li><\/ul>\n<\/div>\n\n<\/div>","protected":false},"excerpt":{"rendered":"","protected":false},"author":11,"featured_media":18642,"parent":0,"menu_order":0,"comment_status":"closed","ping_status":"closed","template":"","meta":{"_acf_changed":false,"_relevanssi_hide_post":"","_relevanssi_hide_content":"","_relevanssi_pin_for_all":"","_relevanssi_pin_keywords":"","_relevanssi_unpin_keywords":"","_relevanssi_related_keywords":"","_relevanssi_related_include_ids":"","_relevanssi_related_exclude_ids":"","_relevanssi_related_no_append":"","_relevanssi_related_not_related":"","_relevanssi_related_posts":"33110,116,121,123,538,1202","_relevanssi_noindex_reason":"","footnotes":""},"class_list":["post-18630","page","type-page","status-publish","has-post-thumbnail","hentry"],"acf":[],"_links":{"self":[{"href":"https:\/\/denverzoo.org\/es\/wp-json\/wp\/v2\/pages\/18630","targetHints":{"allow":["GET"]}}],"collection":[{"href":"https:\/\/denverzoo.org\/es\/wp-json\/wp\/v2\/pages"}],"about":[{"href":"https:\/\/denverzoo.org\/es\/wp-json\/wp\/v2\/types\/page"}],"author":[{"embeddable":true,"href":"https:\/\/denverzoo.org\/es\/wp-json\/wp\/v2\/users\/11"}],"replies":[{"embeddable":true,"href":"https:\/\/denverzoo.org\/es\/wp-json\/wp\/v2\/comments?post=18630"}],"version-history":[{"count":0,"href":"https:\/\/denverzoo.org\/es\/wp-json\/wp\/v2\/pages\/18630\/revisions"}],"wp:featuredmedia":[{"embeddable":true,"href":"https:\/\/denverzoo.org\/es\/wp-json\/wp\/v2\/media\/18642"}],"wp:attachment":[{"href":"https:\/\/denverzoo.org\/es\/wp-json\/wp\/v2\/media?parent=18630"}],"curies":[{"name":"gracias","href":"https:\/\/api.w.org\/{rel}","templated":true}]}}