{"id":19942,"date":"2020-09-29T00:12:03","date_gmt":"2020-09-29T06:12:03","guid":{"rendered":"https:\/\/denverzootemp.org\/?page_id=19942"},"modified":"2022-08-26T12:35:54","modified_gmt":"2022-08-26T18:35:54","slug":"corporate-partners-products","status":"publish","type":"page","link":"https:\/\/denverzoo.org\/es\/corporate-partners-products\/","title":{"rendered":"Productos de socios corporativos"},"content":{"rendered":"<h2>LA LOCURA DE BIGSBY <br \/>\u00a1Uvas sabrosas, grandes simios y m\u00e1s! <\/h2>\n\t\t<p>Pase por la sala de degustaci\u00f3n de Bigsby&#039;s Folly Craft Winery para probar y llevarse a casa uno de los tres varietales de marca compartida que presentan a los amados residentes del zool\u00f3gico de Denver. El Gold Sau-VINH-gnon Blanc de Gibbon presenta al gran simio favorito de todos; Slow Jam Cabernet presenta a Charlotte la perezosa; y Swift Kick Ros\u00e9 of Grenache destaca a Swift el flamenco. El Zool\u00f3gico de Denver recibe $10 de cada botella comprada.\u00a0\u00a0<\/p>\n\t\t\t<a href=\"https:\/\/www.bigsbysfolly.com\/Wines\/All-Wines\" target=\"_blank\" role=\"button\" rel=\"noopener\">\n\t\t\t\t\t\t\tCOMPRA AHORA\n\t\t\t\t\t<\/a>\n\t\t\t\t<img loading=\"lazy\" decoding=\"async\" src=\"https:\/\/denverzoo.org\/wp-content\/uploads\/2022\/08\/Bigbsy.jpg\" alt=\"Bigbsy\" itemprop=\"image\" height=\"430\" width=\"430\" title=\"grande\" onerror=\"this.style.display='none'\"  \/>\n\t\t\t\t<img loading=\"lazy\" decoding=\"async\" src=\"https:\/\/denverzoo.org\/wp-content\/uploads\/2022\/08\/STEM.jpg\" alt=\"STEM\" itemprop=\"image\" height=\"800\" width=\"2001\" title=\"PROVENIR\" onerror=\"this.style.display='none'\"  \/>\n\t\t\t\t<img loading=\"lazy\" decoding=\"async\" src=\"https:\/\/denverzoo.org\/wp-content\/uploads\/2022\/08\/STEM2.jpg\" alt=\"STEM2\" itemprop=\"image\" height=\"800\" width=\"1000\" title=\"STEM2\" onerror=\"this.style.display='none'\"  \/>\n<h2>\n\t\tSidras de tallo\n\t<\/h2>\n<h4>\n\t\tFlockstar: Summer Sippin&#039; en su m\u00e1xima expresi\u00f3n\n\t<\/h4>\n\t<p>Stem Siders, socio desde hace mucho tiempo, contin\u00faa dando una ventaja al zool\u00f3gico de Denver con Flockstar Cider, una mezcla fresca y veraniega de manzana, pepino, hibisco y sand\u00eda. Cada refrescante paquete de cuatro del vertido rosa brillante, que est\u00e1 disponible en su tienda de comestibles o licorer\u00eda local, le devuelve $1 al zool\u00f3gico.<\/p>\n\t\t\t\t<img loading=\"lazy\" decoding=\"async\" src=\"https:\/\/denverzoo.org\/wp-content\/uploads\/2022\/08\/goodr.jpg\" alt=\"goodr\" itemprop=\"image\" height=\"500\" width=\"2001\" title=\"goodr\" onerror=\"this.style.display='none'\"  \/>\n\t\t<h2>goodr<\/h2>\n\t\t\n<p>Nuestra asociaci\u00f3n con la marca local de anteojos de diversi\u00f3n goodr ha resultado en tres pares AGOTADOS de gafas de marca compartida en honor a tres queridas especies del zool\u00f3gico de Denver: Party Like a Flockstar (flamenco), I&#039;m Bringing Silverback (gorila) y All I Do is Penguin Win Win Win (ping\u00fcino). Con tres colaboraciones en nuestro haber y aproximadamente 497 especies adicionales esperando su d\u00eda en la sombra, o m\u00e1s bien, su d\u00eda EN las sombras, \u00a1est\u00e9n atentos para m\u00e1s novedades!<\/p>\n\t\t\t<a href=\"https:\/\/goodr.com\/products\/im-bringing-silverback\" target=\"_blank\" role=\"button\" rel=\"noopener\">\n\t\t\t\t\t\t\tAprende m\u00e1s\n\t\t\t\t\t<\/a>\n\t\t\t\t<img loading=\"lazy\" decoding=\"async\" src=\"https:\/\/denverzoo.org\/wp-content\/uploads\/2020\/09\/greatdivide-zooskican-extended3.jpg\" alt=\"3 cans of Great Divide Zooski cans\" itemprop=\"image\" height=\"806\" width=\"2001\" title=\"greatdivide-zooskican-extended3\" onerror=\"this.style.display='none'\"  \/>\n\t\t\t\t<img loading=\"lazy\" decoding=\"async\" src=\"https:\/\/denverzoo.org\/wp-content\/uploads\/2020\/09\/greatdivide-zooskican-mobile.jpg\" alt=\"3 cans of Great Divide Zooski cans\" itemprop=\"image\" height=\"800\" width=\"1000\" title=\"greatdivide-zooskican-mobile\" onerror=\"this.style.display='none'\"  \/>\n\t\t\t\t<img loading=\"lazy\" decoding=\"async\" src=\"https:\/\/denverzoo.org\/wp-content\/uploads\/2020\/09\/greatdivide-zooskigraphic.jpg\" alt=\"geometric rhino head\" itemprop=\"image\" height=\"1055\" width=\"1055\" title=\"greatdivide-zooskigraphic\" onerror=\"this.style.display='none'\"  \/>\n\t\t<h2>GRAN DIVISI\u00d3N<br \/>Zooski: cervezas para el zool\u00f3gico<\/h2>\n\t\t<p>Visite Ballpark Tap Room de Great Divide Brewing Co. o RiNo Barrel Bar para obtener los looks de Zooski Lager de este a\u00f1o, que incluyen una nueva lata de rinoceronte y koozie con varias criaturas lindas. Ambas ubicaciones han implementado una experiencia de taberna segura, que incluye mesas distanciadas socialmente con una capacidad de aproximadamente 50%. Un 40% completo de las ganancias de Zooski ayudan a apoyar nuestra misi\u00f3n.<\/p>\n\t\t\t<a href=\"https:\/\/denverzoo.org\/es\/support\/great-divide\/\" target=\"_self\" role=\"button\" rel=\"noopener\">\n\t\t\t\t\t\t\tAprende m\u00e1s\n\t\t\t\t\t<\/a>\n\t\t<h2>PROXIMAMENTE<br \/>GRAN DIVISI\u00d3N<\/h2>\n\t\t<p>Vasos de pinta de edici\u00f3n limitada<\/p>\n<p>\u00a1Levante una copa por una gran causa con Great Divide Brewing Company, ya sea en l\u00ednea o en persona! Nuestros dos primeros vasos de pinta de edici\u00f3n limitada, con leones africanos y perezosos de tres dedos, se agotaron r\u00e1pidamente. Est\u00e9n atentos para nuestra pr\u00f3xima colaboraci\u00f3n, \u00a1y aseg\u00farese de hacerla r\u00e1pidamente antes de que se vayan!<\/p>\n\t\t\t<a href=\"https:\/\/denverzoo.org\/es\/support\/great-divide\/\" target=\"_self\" role=\"button\" rel=\"noopener\">\n\t\t\t\t\t\t\tMarcarlo\n\t\t\t\t\t<\/a>\n\t\t\t\t<img loading=\"lazy\" decoding=\"async\" src=\"https:\/\/denverzoo.org\/wp-content\/uploads\/2020\/09\/GreatDivide_Glass_Spinning2.gif\" alt=\"Great Divide spinning pint glass\" itemprop=\"image\" height=\"430\" width=\"430\" title=\"GreatDivide_Glass_Spinning2\" onerror=\"this.style.display='none'\"  \/>\n\t\t\t\t<img loading=\"lazy\" decoding=\"async\" src=\"https:\/\/denverzoo.org\/wp-content\/uploads\/2020\/09\/codacoffee-4pack.jpg\" alt=\"Coda Coffee Packages\" itemprop=\"image\" height=\"724\" width=\"733\" title=\"codacoffee-4pack\" onerror=\"this.style.display='none'\"  \/>\n\t\t<h2>CAF\u00c9 CODA <br \/>El zumbido que devuelve<\/h2>\n\t\t<p>\u00a1Su bebida diaria se retribuye con una taza especial del zool\u00f3gico de Denver, M\u00c1S cuatro mezclas nuevas en honor a algunos de nuestros animales favoritos! Una parte de su compra beneficia al orgullo del Zool\u00f3gico de Denver con una taza de estos.<\/p>\n\t\t\t<a href=\"https:\/\/www.codacoffee.com\/denverzoo\" target=\"_blank\" role=\"button\" rel=\"noopener\">\n\t\t\t\t\t\t\tCOMPRA AHORA\n\t\t\t\t\t<\/a>\n\t\t<h2>Windows de por vida<\/h2>\n\t\t<p>Las temporadas de Colorado son dif\u00edciles. Lifetime Windows hace que su hogar sea m\u00e1s resistente con l\u00edneas de ventanas, revestimientos y puertas de fabricaci\u00f3n estadounidense de bajo consumo que resisten las estaciones de Colorado. Sus productos se fabrican pensando en la sostenibilidad y la reducci\u00f3n de residuos. Solicite una cotizaci\u00f3n y Lifetime har\u00e1 una donaci\u00f3n al zool\u00f3gico de Denver.<\/p>\n\t\t\t<a href=\"https:\/\/lifetimewindowscolorado.com\/request-a-quote-denver-zoo\/?utm_source=zoo_partnership&#038;utm_medium=website&#038;utm_campaign=2021_promotion&#038;utm_content=zoo\" target=\"_blank\" role=\"button\" rel=\"noopener\">\n\t\t\t\t\t\t\tSolicitar presupuesto\n\t\t\t\t\t<\/a>\n\t[VIDEO-POPUP]\n\t\t\t\t<img loading=\"lazy\" decoding=\"async\" src=\"https:\/\/denverzoo.org\/wp-content\/uploads\/2021\/11\/Untitled-1.png\" alt=\"Untitled-1\" itemprop=\"image\" height=\"950\" width=\"1900\" title=\"Sin t\u00edtulo-1\" onerror=\"this.style.display='none'\"  \/>\n<h2>\n\t\tESQU\u00cdES MEIER\n\t<\/h2>\n<h4>\n\t\tHaz que la temporada de p\u00f3lvora sea f\u00e1cil, tigre\n\t<\/h4>\n\t<p>\u00a1Aseg\u00farate de acabar con las pistas este a\u00f1o con un poco de ayuda de nuestro guapo tigre de Amur, Yuri y Meier Skis! Las ganancias de esta colaboraci\u00f3n benefician al Zool\u00f3gico de Denver.<\/p>\n\t\t\t<a href=\"https:\/\/meierskis.com\/collections\/denver-zoo\/products\/denver-zoo-tiger-custom-ski\" target=\"_blank\" role=\"button\" rel=\"noopener\">\n\t\t\t\t\t\t\tCompra ahora\n\t\t\t\t\t<\/a>\n\t[VIDEO-POPUP]\n\t\t<h3>Sidras de tallo<\/h3>\n\t\t<p>Cristaler\u00eda de edici\u00f3n limitada<\/p>\n<p>Jirafas, rinocerontes y leones, \u00a1Dios m\u00edo! Nos ENCANTA colaborar con Stem Ciders en cristaler\u00eda de edici\u00f3n limitada con una variedad de amados animales del Zool\u00f3gico de Denver. \u00bfPor qu\u00e9? \u00a1Cada vez, vuelan (y se arrastran, gatean, galopan y se deslizan) fuera de los estantes! S\u00edganos en Facebook para la pr\u00f3xima colaboraci\u00f3n, para que pueda tomar su propio vaso en RiNo Taproom o Acreage Restaurant, con una parte de las ganancias a beneficio del Zool\u00f3gico de Denver.<\/p>\n<h3><em>VENDIDO<\/em><\/h3>\n\t\t\t<a href=\"https:\/\/www.facebook.com\/events\/333361444702728\/\" target=\"_blank\" role=\"button\" rel=\"noopener\">\n\t\t\t\t\t\t\tAprende m\u00e1s\n\t\t\t\t\t<\/a>","protected":false},"excerpt":{"rendered":"","protected":false},"author":40,"featured_media":21247,"parent":0,"menu_order":0,"comment_status":"closed","ping_status":"closed","template":"","meta":{"_acf_changed":false,"_relevanssi_hide_post":"","_relevanssi_hide_content":"","_relevanssi_pin_for_all":"","_relevanssi_pin_keywords":"","_relevanssi_unpin_keywords":"","_relevanssi_related_keywords":"","_relevanssi_related_include_ids":"","_relevanssi_related_exclude_ids":"","_relevanssi_related_no_append":"","_relevanssi_related_not_related":"","_relevanssi_related_posts":"","_relevanssi_noindex_reason":"","footnotes":""},"class_list":["post-19942","page","type-page","status-publish","has-post-thumbnail","hentry"],"acf":[],"_links":{"self":[{"href":"https:\/\/denverzoo.org\/es\/wp-json\/wp\/v2\/pages\/19942","targetHints":{"allow":["GET"]}}],"collection":[{"href":"https:\/\/denverzoo.org\/es\/wp-json\/wp\/v2\/pages"}],"about":[{"href":"https:\/\/denverzoo.org\/es\/wp-json\/wp\/v2\/types\/page"}],"author":[{"embeddable":true,"href":"https:\/\/denverzoo.org\/es\/wp-json\/wp\/v2\/users\/40"}],"replies":[{"embeddable":true,"href":"https:\/\/denverzoo.org\/es\/wp-json\/wp\/v2\/comments?post=19942"}],"version-history":[{"count":0,"href":"https:\/\/denverzoo.org\/es\/wp-json\/wp\/v2\/pages\/19942\/revisions"}],"wp:featuredmedia":[{"embeddable":true,"href":"https:\/\/denverzoo.org\/es\/wp-json\/wp\/v2\/media\/21247"}],"wp:attachment":[{"href":"https:\/\/denverzoo.org\/es\/wp-json\/wp\/v2\/media?parent=19942"}],"curies":[{"name":"gracias","href":"https:\/\/api.w.org\/{rel}","templated":true}]}}