{"id":20225,"date":"2020-10-12T14:15:39","date_gmt":"2020-10-12T20:15:39","guid":{"rendered":"https:\/\/denverzootemp.org\/discounted-tickets-2\/"},"modified":"2025-12-30T11:59:34","modified_gmt":"2025-12-30T18:59:34","slug":"free-days","status":"publish","type":"page","link":"https:\/\/denverzoo.org\/es\/free-days\/","title":{"rendered":"D\u00edas libres comunitarios"},"content":{"rendered":"<div  class='lhl-section urbi-component urbi-component front_view lhl_comp_width_inherit lhl_spacing_t_05 lhl_spacing_b_10 lhl_spacing_l_00 lhl_spacing_r_00 section-background-t' ><div class=\"urbi-component-inner\">\n    <div class=\"is-layout-constrained\">\n\n<p><\/p>\n\n\n\n<h2 class=\"wp-block-heading has-text-align-center\"><strong><strong>D\u00edas libres comunitarios<\/strong><\/strong><\/h2>\n\n\n\n<p class=\"has-text-align-center\">Ofrecemos siete d\u00edas gratuitos para la comunidad durante todo el a\u00f1o para cualquier persona de nuestra comunidad. Para brindar la mejor experiencia a todos nuestros hu\u00e9spedes, ofrecemos una cantidad limitada de boletos para cada d\u00eda gratuito, disponibles por orden de llegada. \u00a1Siga los pasos a continuaci\u00f3n para obtener sus boletos para el d\u00eda gratuito!<\/p>\n\n<\/div>\n\n<\/div>\n<\/div>\n\n\n\n\n<div  class='lhl-section urbi-component urbi-component front_view lhl_spacing_t_10 lhl_spacing_b_09 lhl_spacing_l_00 lhl_spacing_r_00 section-background-t urbi-component-bg--white  bg-pattern-option2' ><div class=\"urbi-component-inner\">\n    <div class=\"is-layout-constrained\">\n\n\n\n<div  class='urbi\/tiles urbi-component urbi-component front_view lhl_spacing_t_00 lhl_spacing_b_00 lhl_spacing_l_00 lhl_spacing_r_00 section-background-t' >\n<div class=\"uk-child-width-1-3@s uk-grid-match\" uk-grid>\n    \n\n\n<div>\n\n        <div  class='urbi\/tile urbi-card urbi-card--tile urbi-card--shadow-3' >\n    <div class=\"urbi-tile-inner\">\n                    <div class=\"tile-title\" style=\"background-color: #194F91\">\n                <h3 class=\"tile-title__text lhl_mb_0 uk-text-uppercase uk-text-center\" style=\"color: white\">2026 d\u00edas gratis<\/h3>\n            <\/div>\n                <div class=\"tile-content padding-none\">\n\n\n\n<div  class='lhl-card urbi-component urbi-component front_view lhl_comp_width_inherit lhl_spacing_t_05 lhl_spacing_b_02 lhl_spacing_l_05 lhl_spacing_r_05 section-background-t  lhl_card  lhl_card_shadow_0 lhl_card_radius_0' ><div class=\"urbi-component-inner\">\n    <div class=\"acf-innerblocks-container\">\n\n<p>Los boletos de d\u00eda gratis solo est\u00e1n disponibles en l\u00ednea. No se aceptar\u00e1n visitas sin cita previa en los d\u00edas libres.<\/p>\n\n\n\n<p><strong>2026 D\u00edas gratis:<\/strong><\/p>\n\n\n\n<p><strong>\u2022 Viernes 9 de enero<\/strong><br><strong>(entradas a la venta el 2 de enero)<\/strong><\/p>\n\n\n\n<p><strong>\u2022 Domingo 25 de enero<\/strong><br><strong>(entradas a la venta el 11 de enero)<\/strong><\/p>\n\n\n\n<p><strong>\u2022 Domingo 22 de febrero (entradas a la venta el 8 de febrero)<\/strong><\/p>\n\n\n\n<p><strong>\u2022 Domingo 19 de abril (entradas a la venta el 5 de abril)<\/strong><\/p>\n\n\n\n<p><strong>\u2022 Mi\u00e9rcoles 11 de noviembre (entradas a la venta el 28 de octubre)<\/strong><\/p>\n\n\n\n<p><strong>\u2022 S\u00e1bado 14 de noviembre (entradas a la venta el 31 de octubre)<\/strong><\/p>\n\n\n\n<p><strong>\u2022 Domingo 22 de noviembre (entradas a la venta el 8 de noviembre)<\/strong><\/p>\n\n\n    \r\n    \r\n    <div class='urbi_button_link center'><a class=\"urbi-link lhl_button lhl_button--small lhl_button_color_default lhl_button_width_default lhl_button--block\" href=\"https:\/\/my.denverzoo.org\/68842\" target=\"_blank\" rel=\"noopener noreferrer\" >Obt\u00e9n Boletos<\/a><\/div>\n<\/div>\n<\/div>\n<\/div>\n<\/div>\n    <\/div>\n    <\/div><\/div>\n\n\n\n<div>\n\n        <div  class='urbi\/tile urbi-card urbi-card--tile urbi-card--shadow-3' >\n    <div class=\"urbi-tile-inner\">\n                    <div class=\"tile-title\" style=\"background-color: #51941C\">\n                <h3 class=\"tile-title__text lhl_mb_0 uk-text-uppercase uk-text-center\" style=\"color: white\">Entradas de d\u00eda gratis<\/h3>\n            <\/div>\n                <div class=\"tile-content padding-none\">\n\n\n\n<div  class='lhl-card urbi-component urbi-component front_view lhl_comp_width_inherit lhl_spacing_t_05 lhl_spacing_b_02 lhl_spacing_l_05 lhl_spacing_r_05 section-background-t  lhl_card  lhl_card_shadow_0 lhl_card_radius_0' ><div class=\"urbi-component-inner\">\n    <div class=\"acf-innerblocks-container\">\n\n<p>C\u00f3mo conseguir entradas para los d\u00edas gratuitos para la comunidad:<\/p>\n\n\n\n<p><strong>Paso 1: <\/strong>Consulte la lista a la izquierda para conocer la fecha en que se publicar\u00e1n los boletos para el pr\u00f3ximo d\u00eda libre.&nbsp;<\/p>\n\n\n\n<p><strong>Paso 2:<\/strong> En la fecha que figura a continuaci\u00f3n, visite esta p\u00e1gina para registrarse y obtener sus boletos del D\u00eda Gratis. Los boletos se otorgan por orden de llegada. Tenga en cuenta que los boletos no estar\u00e1n disponibles en el sitio y no se permitir\u00e1n personas sin cita previa.<\/p>\n\n\n\n<p><strong>Paso 3:<\/strong> Recibir\u00e1s una confirmaci\u00f3n por correo electr\u00f3nico una vez que hayas reservado tus entradas.<\/p>\n\n\n\n<p><strong>Etapa 4:<\/strong> \u00a1En tu d\u00eda libre designado, trae tus entradas digitales al zool\u00f3gico y disfruta de un gran d\u00eda!<\/p>\n\n<\/div>\n<\/div>\n<\/div>\n<\/div>\n    <\/div>\n    <\/div><\/div>\n\n\n\n<div>\n\n        <div  class='urbi\/tile urbi-card urbi-card--tile urbi-card--shadow-3' >\n    <div class=\"urbi-tile-inner\">\n                    <div class=\"tile-title\" style=\"background-color: #194F91\">\n                <h3 class=\"tile-title__text lhl_mb_0 uk-text-uppercase uk-text-center\" style=\"color: white\">La letra peque\u00f1a<\/h3>\n            <\/div>\n                <div class=\"tile-content padding-none\">\n\n\n\n<div  class='lhl-card urbi-component urbi-component front_view lhl_comp_width_inherit lhl_spacing_t_05 lhl_spacing_b_02 lhl_spacing_l_05 lhl_spacing_r_05 section-background-t  lhl_card  lhl_card_shadow_0 lhl_card_radius_0' ><div class=\"urbi-component-inner\">\n    <div class=\"acf-innerblocks-container\">\n\n<p>Puede reservar hasta cinco boletos para cada D\u00eda Gratis seg\u00fan la cantidad que necesite para su grupo. L\u00edmite de una inscripci\u00f3n por persona, por d\u00eda gratis.&nbsp;<\/p>\n\n\n\n<p>Las entradas est\u00e1n disponibles SOLO EN L\u00cdNEA. No habr\u00e1 entradas disponibles en la entrada del Zool\u00f3gico.&nbsp;<\/p>\n\n\n\n<p>Todos los invitados deben tener un boleto con horario para ingresar, incluidos los ni\u00f1os de dos a\u00f1os o menos. Los boletos son v\u00e1lidos \u00fanicamente para el d\u00eda gratuito espec\u00edfico y la hora de ingreso que haya reservado.<\/p>\n\n<\/div>\n<\/div>\n<\/div>\n<\/div>\n    <\/div>\n    <\/div><\/div>\n\n\n<\/div>\n<\/div>\n\n\n\n\n<div  class='lhl-section urbi-component urbi-component front_view lhl_comp_width_inherit lhl_spacing_t_10 lhl_spacing_b_00 lhl_spacing_l_00 lhl_spacing_r_00 section-background-t' ><div class=\"urbi-component-inner\">\n    <div class=\"is-layout-constrained\">\n\n\n\n<div  class='lhl-card urbi-component urbi-component front_view lhl_comp_width_narrow lhl_spacing_t_09 lhl_spacing_b_09 lhl_spacing_l_00 lhl_spacing_r_00 section-background-t urbi-component-bg--white  lhl_card  lhl_card_shadow_3 lhl_card_radius_0' ><div class=\"urbi-component-inner\">\n    <div class=\"acf-innerblocks-container\">\n\n<h2 class=\"wp-block-heading has-text-align-center\">Nota para los miembros de DZCA<\/h2>\n\n\n\n<h4 class=\"wp-block-heading has-text-align-center\">\u00a1Siempre eres bienvenido!<\/h4>\n\n\n\n<p class=\"has-text-align-center\">Si planea visitarnos en un d\u00eda gratuito, simplemente traiga su tarjeta de membres\u00eda digital y ser\u00e1 bienvenido como siempre. \u00a1Esperamos verlo y le agradecemos su continuo apoyo!<\/p>\n\n<\/div>\n<\/div>\n<\/div>\n\n\n<p><\/p>\n\n<\/div>\n\n<\/div>\n<\/div>\n<\/div>\n\n<\/div>\n<\/div>","protected":false},"excerpt":{"rendered":"","protected":false},"author":57,"featured_media":0,"parent":0,"menu_order":0,"comment_status":"closed","ping_status":"closed","template":"","meta":{"_acf_changed":false,"_relevanssi_hide_post":"","_relevanssi_hide_content":"","_relevanssi_pin_for_all":"","_relevanssi_pin_keywords":"","_relevanssi_unpin_keywords":"","_relevanssi_related_keywords":"","_relevanssi_related_include_ids":"","_relevanssi_related_exclude_ids":"","_relevanssi_related_no_append":"","_relevanssi_related_not_related":"","_relevanssi_related_posts":"33078,121,116,123,538,27218","_relevanssi_noindex_reason":"","footnotes":""},"class_list":["post-20225","page","type-page","status-publish","hentry"],"acf":[],"_links":{"self":[{"href":"https:\/\/denverzoo.org\/es\/wp-json\/wp\/v2\/pages\/20225","targetHints":{"allow":["GET"]}}],"collection":[{"href":"https:\/\/denverzoo.org\/es\/wp-json\/wp\/v2\/pages"}],"about":[{"href":"https:\/\/denverzoo.org\/es\/wp-json\/wp\/v2\/types\/page"}],"author":[{"embeddable":true,"href":"https:\/\/denverzoo.org\/es\/wp-json\/wp\/v2\/users\/57"}],"replies":[{"embeddable":true,"href":"https:\/\/denverzoo.org\/es\/wp-json\/wp\/v2\/comments?post=20225"}],"version-history":[{"count":0,"href":"https:\/\/denverzoo.org\/es\/wp-json\/wp\/v2\/pages\/20225\/revisions"}],"wp:attachment":[{"href":"https:\/\/denverzoo.org\/es\/wp-json\/wp\/v2\/media?parent=20225"}],"curies":[{"name":"gracias","href":"https:\/\/api.w.org\/{rel}","templated":true}]}}