{"id":21088,"date":"2020-12-10T13:29:23","date_gmt":"2020-12-10T20:29:23","guid":{"rendered":"https:\/\/denverzootemp.org\/?page_id=21088"},"modified":"2023-08-31T08:57:03","modified_gmt":"2023-08-31T14:57:03","slug":"vendor-opportunities","status":"publish","type":"page","link":"https:\/\/denverzoo.org\/es\/vendor-opportunities\/","title":{"rendered":"Oportunidades para proveedores"},"content":{"rendered":"<p>El zool\u00f3gico de Denver se uni\u00f3 al sistema de compras electr\u00f3nicas de las Monta\u00f1as Rocosas, operado por BidNet Direct. M\u00e1s de 300 agencias locales en Colorado y Wyoming utilizan el sistema de compras electr\u00f3nicas de Rocky Mountain para publicar oportunidades de licitaci\u00f3n y llegar de manera eficiente a una comunidad de proveedores interesados en asociarse con entidades del sector p\u00fablico.<\/p>\n<p><a href=\"https:\/\/www.bidnetdirect.com\/colorado\/denverzoo\">Oportunidades de licitaci\u00f3n para el Zool\u00f3gico de Denver<\/a> se puede ver en la p\u00e1gina dedicada del zool\u00f3gico de Denver como parte del sistema de compras electr\u00f3nicas de Rocky Mountain.<\/p>\n<p>Los proveedores interesados en presentar ofertas al Zool\u00f3gico de Denver deben registrarse en l\u00ednea con BidNet Direct utilizando el enlace anterior. Hay una opci\u00f3n gratuita de registro de proveedores que le permite ver las solicitudes publicadas por el Zool\u00f3gico de Denver, descargar cualquier documentaci\u00f3n y enviar ofertas. Las opciones adicionales de registro basadas en tarifas permiten notificaciones autom\u00e1ticas de nuevas oportunidades de oferta y otras funciones adicionales. El Zool\u00f3gico de Denver no respalda ning\u00fan producto o servicio ofrecido por BidNet Direct. Los proveedores no est\u00e1n obligados a pagar ninguna tarifa de registro para participar en nuestras oportunidades de licitaci\u00f3n.<\/p>\n<p>\u00a1Gracias por su inter\u00e9s en asociarse con el Zool\u00f3gico de Denver!<\/p>\n<h2>\n\t\tOPORTUNIDADES CORRIENTES\n\t<\/h2>\n\t\t\t<a href=\"#currentopenings\" target=\"_self\" role=\"button\" rel=\"noopener\">\n\t\t\t\t\t\t\tVER OPORTUNIDADES ACTUALES\n\t\t\t\t\t<\/a>\n<h2>\n\t\tOPORTUNIDADES CORRIENTES\n\t<\/h2>\n<h2>\n\t\tRFP 2023-643 \u2013 Reparaciones estructurales de garajes de estacionamiento\n\t<\/h2>\n\t<p>El Zool\u00f3gico de Denver invita a los postores a presentar propuestas para reparaciones estructurales al estacionamiento subterr\u00e1neo de varios niveles del Zool\u00f3gico de Denver. Las juntas de expansi\u00f3n y juntas de construcci\u00f3n en varios lugares de cada nivel de la estructura del estacionamiento est\u00e1n fallando y\/o muestran signos de deterioro. Tambi\u00e9n hay 3 columnas que muestran signos de deterioro con varillas expuestas que necesitan ser reparadas. Para garantizar la longevidad funcional de la estructura del estacionamiento, ser\u00e1 necesario reparar y\/o reemplazar las juntas, paredes y columnas afectadas. El objetivo de estas reparaciones es extender la vida \u00fatil de la estructura del estacionamiento.<\/p>\n\t\t\t<a href=\"https:\/\/www.bidnetdirect.com\/colorado\/denverzoo\" target=\"_self\" role=\"button\" rel=\"noopener\">\n\t\t\t\t\t\t\tVer esta RFP en BidNet\n\t\t\t\t\t<\/a>\n\t[dz_image_gallery_slides]","protected":false},"excerpt":{"rendered":"","protected":false},"author":11,"featured_media":23950,"parent":0,"menu_order":0,"comment_status":"closed","ping_status":"closed","template":"","meta":{"_acf_changed":false,"_relevanssi_hide_post":"","_relevanssi_hide_content":"","_relevanssi_pin_for_all":"","_relevanssi_pin_keywords":"","_relevanssi_unpin_keywords":"","_relevanssi_related_keywords":"","_relevanssi_related_include_ids":"","_relevanssi_related_exclude_ids":"","_relevanssi_related_no_append":"","_relevanssi_related_not_related":"","_relevanssi_related_posts":"","_relevanssi_noindex_reason":"","footnotes":""},"class_list":["post-21088","page","type-page","status-publish","has-post-thumbnail","hentry"],"acf":[],"_links":{"self":[{"href":"https:\/\/denverzoo.org\/es\/wp-json\/wp\/v2\/pages\/21088","targetHints":{"allow":["GET"]}}],"collection":[{"href":"https:\/\/denverzoo.org\/es\/wp-json\/wp\/v2\/pages"}],"about":[{"href":"https:\/\/denverzoo.org\/es\/wp-json\/wp\/v2\/types\/page"}],"author":[{"embeddable":true,"href":"https:\/\/denverzoo.org\/es\/wp-json\/wp\/v2\/users\/11"}],"replies":[{"embeddable":true,"href":"https:\/\/denverzoo.org\/es\/wp-json\/wp\/v2\/comments?post=21088"}],"version-history":[{"count":0,"href":"https:\/\/denverzoo.org\/es\/wp-json\/wp\/v2\/pages\/21088\/revisions"}],"wp:featuredmedia":[{"embeddable":true,"href":"https:\/\/denverzoo.org\/es\/wp-json\/wp\/v2\/media\/23950"}],"wp:attachment":[{"href":"https:\/\/denverzoo.org\/es\/wp-json\/wp\/v2\/media?parent=21088"}],"curies":[{"name":"gracias","href":"https:\/\/api.w.org\/{rel}","templated":true}]}}