{"id":21143,"date":"2020-12-16T16:31:17","date_gmt":"2020-12-16T23:31:17","guid":{"rendered":"https:\/\/denverzootemp.org\/?page_id=21143"},"modified":"2020-12-31T09:22:44","modified_gmt":"2020-12-31T16:22:44","slug":"vendor-questions","status":"publish","type":"page","link":"https:\/\/denverzoo.org\/es\/vendor-questions\/","title":{"rendered":"Oportunidades para proveedores | Preguntas"},"content":{"rendered":"<h3>\n\t\tPresentar una propuesta<br \/>\n\t<\/h3>\n<p>Las propuestas deben presentarse electr\u00f3nicamente el martes 5 de enero de 2021, 1:00 p.m. MST.<\/p>\n<p>\t\t\t<a href=\"\/es\/vendor-opportunities\/\" target=\"_self\" role=\"button\"><br \/>\n\t\t\t\t\t\t\tAprende m\u00e1s<br \/>\n\t\t\t\t\t<\/a><\/p>\n<h1>\n\t\tPreguntas de CM \/ GC<br \/>\n\t<\/h1>\n<ol>\n<li><strong>Por favor, confirme que cuando se adjudique este proyecto, solo habr\u00e1 un GC y un arquitecto seleccionados para la RFP.<\/strong>\n<p>Habr\u00e1 una lista corta de GC y una lista corta de empresas de servicios de dise\u00f1o seleccionadas para recibir la RFP. Se pedir\u00e1 a las empresas preseleccionadas que creen equipos de Dise\u00f1o \/ Construcci\u00f3n para responder a la RFP. Se adjudicar\u00e1 el contrato a un equipo de Dise\u00f1o \/ Construcci\u00f3n y la intenci\u00f3n es contratar los primeros tres (3) proyectos, como m\u00ednimo.<\/li>\n<li><strong>\u00bfSer\u00eda aceptable proporcionar la copia impresa de la propuesta electr\u00f3nica el d\u00eda siguiente a la fecha de vencimiento de la RFQ, el 6 de enero?<\/strong>\n<p>El zool\u00f3gico se complace en recibir copias impresas de las calificaciones hasta el mi\u00e9rcoles 6 de enero de 2021, 1p MST.<\/li>\n<li><strong>Buscando informaci\u00f3n sobre el cronograma potencial de los otros proyectos potenciales enumerados en la RFQ para Felines II, Brown Bear, Central Ranges y Australia 1 y 2.<\/strong>\n<p>Todos los proyectos se completar\u00e1n en los pr\u00f3ximos 7 a\u00f1os, a la espera de la confirmaci\u00f3n de la financiaci\u00f3n.<\/li>\n<\/ol>\n<h1>\n\t\tPreguntas sobre servicios de dise\u00f1o<br \/>\n\t<\/h1>\n<ol>\n<li><strong>\u00bfEl dise\u00f1o \/ planificaci\u00f3n interpretativa, la interactividad y los gr\u00e1ficos de exhibici\u00f3n ser\u00e1n parte de este IDIQ, bajo un IDIQ \/ contrato separado, o ser\u00e1n proporcionados por otros medios (como en la empresa)?<\/strong>\n<p>Las empresas de planificaci\u00f3n interpretativa y dise\u00f1o de exposiciones pueden presentar sus calificaciones en este momento. A\u00fan no se han determinado las necesidades exactas en estas \u00e1reas, sin embargo, al zool\u00f3gico le gustar\u00eda entender a los equipos a los efectos de la preselecci\u00f3n.<\/li>\n<li><strong>\u00bfDeben las respuestas de A \/ E RFQ incluir subconsultores para dise\u00f1o \/ planificaci\u00f3n interpretativa, interactividad y gr\u00e1ficos de exhibici\u00f3n?<\/strong>\n<p>S\u00ed, si es posible, pero no se requiere espec\u00edficamente. Las empresas de dise\u00f1o y planificaci\u00f3n interpretativa pueden presentar sus calificaciones.<\/li>\n<li><strong>\u00bfSe prev\u00e9 que las sesiones de trabajo D \/ B del 18 de febrero sean virtuales o presenciales?<\/strong>\n<p>Virtual.<\/li>\n<li><strong>\u00bfLos CM \/ GC y AA preseleccionados ser\u00e1n agrupados en equipos D \/ B por el Zool\u00f3gico de Denver, o los CM \/ GC y AA crear\u00e1n equipos de su propia elecci\u00f3n de la lista corta cuando se publique?<\/strong>\n<p>El zool\u00f3gico proporcionar\u00e1 sugerencias sobre emparejamientos para los equipos con los contactos preseleccionados, sin embargo, no impedir\u00e1 que los equipos elijan emparejamientos por su propia decisi\u00f3n. Tenga en cuenta que el zool\u00f3gico no respalda acuerdos exclusivos para fines de creaci\u00f3n de equipos y se reserva el derecho de desarrollar y formar el equipo que mejor se adapte a sus necesidades para completar con \u00e9xito los proyectos.<\/li>\n<li><strong>La RFQ A \/ E enumera la fecha de vencimiento de la propuesta para CM \/ GC como el 5 de enero. \u00bfAsumiremos que las propuestas de A \/ E vencen el mismo d\u00eda?<\/strong>\n<p>S\u00ed, las copias digitales de las calificaciones de A \/ E deben entregarse el mismo d\u00eda: martes 5 de enero de 2021. El zool\u00f3gico se complace en recibir copias impresas de las calificaciones hasta el mi\u00e9rcoles 6 de enero de 2021, hora est\u00e1ndar del Pac\u00edfico.<\/li>\n<li><strong>\u00bfPodr\u00eda publicar la lista de titulares de planes para los servicios de AE?<\/strong>\n<p>La lista de titulares de planes para los servicios de AE se ha enviado por correo electr\u00f3nico a los contactos de RFQ.<\/li>\n<li><strong>\u00bfEl zool\u00f3gico adquirir\u00e1 servicios de prueba de materiales e ingenier\u00eda geot\u00e9cnica por separado o tendremos que incorporar equipos de A \/ E para proporcionarlos?<\/strong>\n<p>El zool\u00f3gico a\u00fan no lo ha determinado. Las empresas que brindan estos servicios pueden presentar calificaciones.<\/li>\n<\/ol>","protected":false},"excerpt":{"rendered":"<p>Presentar una propuesta. Las propuestas deben presentarse electr\u00f3nicamente el martes 5 de enero de 2021 a la 1 p. m., hora est\u00e1ndar de las Monta\u00f1as Rocosas. M\u00e1s informaci\u00f3n. Preguntas sobre CM\/GC. Confirme que, cuando se adjudique este proyecto, solo se seleccionar\u00e1 un GC y un arquitecto para la convocatoria. Se seleccionar\u00e1 una lista corta de GC y una lista corta de empresas de servicios de dise\u00f1o para recibir [\u2026]<\/p>","protected":false},"author":11,"featured_media":0,"parent":0,"menu_order":0,"comment_status":"closed","ping_status":"closed","template":"","meta":{"_acf_changed":false,"_relevanssi_hide_post":"","_relevanssi_hide_content":"","_relevanssi_pin_for_all":"","_relevanssi_pin_keywords":"","_relevanssi_unpin_keywords":"","_relevanssi_related_keywords":"","_relevanssi_related_include_ids":"","_relevanssi_related_exclude_ids":"","_relevanssi_related_no_append":"","_relevanssi_related_not_related":"","_relevanssi_related_posts":"","_relevanssi_noindex_reason":"","footnotes":""},"class_list":["post-21143","page","type-page","status-publish","hentry"],"acf":[],"_links":{"self":[{"href":"https:\/\/denverzoo.org\/es\/wp-json\/wp\/v2\/pages\/21143","targetHints":{"allow":["GET"]}}],"collection":[{"href":"https:\/\/denverzoo.org\/es\/wp-json\/wp\/v2\/pages"}],"about":[{"href":"https:\/\/denverzoo.org\/es\/wp-json\/wp\/v2\/types\/page"}],"author":[{"embeddable":true,"href":"https:\/\/denverzoo.org\/es\/wp-json\/wp\/v2\/users\/11"}],"replies":[{"embeddable":true,"href":"https:\/\/denverzoo.org\/es\/wp-json\/wp\/v2\/comments?post=21143"}],"version-history":[{"count":0,"href":"https:\/\/denverzoo.org\/es\/wp-json\/wp\/v2\/pages\/21143\/revisions"}],"wp:attachment":[{"href":"https:\/\/denverzoo.org\/es\/wp-json\/wp\/v2\/media?parent=21143"}],"curies":[{"name":"gracias","href":"https:\/\/api.w.org\/{rel}","templated":true}]}}