{"id":21328,"date":"2021-01-27T09:59:34","date_gmt":"2021-01-27T16:59:34","guid":{"rendered":"https:\/\/denverzootemp.org\/?page_id=21328"},"modified":"2022-08-18T13:36:37","modified_gmt":"2022-08-18T19:36:37","slug":"wild-discovery","status":"publish","type":"page","link":"https:\/\/denverzoo.org\/es\/virtual-classroom\/wild-discovery\/","title":{"rendered":"Aula virtual | Descubrimiento salvaje"},"content":{"rendered":"<h3>\n\t\tCosto\n\t<\/h3>\n\t<h4>Costos de Wild Discovery:<\/h4>\n<p><strong>$5 <\/strong>por participante, por evento<\/p>\n<h3>\n\t\tAcceso a becas Awe\n\t<\/h3>\n\t\n<h1>\n\t\tDescubrimiento salvaje\n\t<\/h1>\n<h2>\n\t\tProgramas virtuales asequibles sin l\u00edmites de capacidad\n\t<\/h2>\n\t<p>Ideales para grupos grandes, peque\u00f1os y estudiantes individuales, nuestros atractivos y asequibles eventos Wild Discovery brindan a los participantes la oportunidad de unirse en todo Colorado y m\u00e1s all\u00e1 para estudiar la vida silvestre y la conservaci\u00f3n con expertos en educaci\u00f3n del Zool\u00f3gico de Denver.<\/p>\n<h2>\n\t\tInformaci\u00f3n del programa\n\t<\/h2>\n\t<h3>Elemental<\/h3>\n<h4>Academia de animales (grados K-2)<\/h4>\n<p>\u00a1\u00danete a la Academia de animales ficticia como nuevos reclutas y gana tu insignia de Spots and Stripes! \u00bfTu misi\u00f3n? \u00a1Explore las adaptaciones de los animales haciendo observaciones, haciendo preguntas y encontrando conexiones!<\/p>\n<h6><\/h6>\n<h4>\u00bfInteresado en la programaci\u00f3n de Wild Discovery? Cont\u00e1ctenos para configurar una asamblea virtual personalizada en <a href=\"mailto:DZEducation@denverzoo.org\">DZeducation@denverzoo.org<\/a><\/h4>\n<p>&nbsp;<\/p>\n<h2>\n\t\tInformaci\u00f3n log\u00edstica importante\n\t<\/h2>\n\t<ul>\n<li>Sin l\u00edmites de capacidad<\/li>\n<li data-leveltext=\"\uf0b7\" data-font=\"Symbol\" data-listid=\"1\" aria-setsize=\"-1\" data-aria-posinset=\"5\" data-aria-level=\"1\">Los participantes se unen a un evento que se ofrece en fechas y horarios seleccionados, establecidos con anticipaci\u00f3n<\/li>\n<li>Interact\u00fae con el contenido y otros participantes a trav\u00e9s de la funci\u00f3n de chat\u00a0<\/li>\n<li>Abierto a todos los participantes apropiados para su edad de cualquier grupo o entorno de aprendizaje<\/li>\n<li data-leveltext=\"\uf0b7\" data-font=\"Symbol\" data-listid=\"1\" aria-setsize=\"-1\" data-aria-posinset=\"5\" data-aria-level=\"1\">La log\u00edstica de Wild Discovery, incluida la informaci\u00f3n de inicio de sesi\u00f3n, se enviar\u00e1 a la semana del programa del registrante\u00a0<\/li>\n<li data-leveltext=\"\uf0b7\" data-font=\"Symbol\" data-listid=\"1\" aria-setsize=\"-1\" data-aria-posinset=\"6\" data-aria-level=\"1\">Los participantes registrados deben proporcionar un representante adulto para ayudar activamente con el manejo del comportamiento de los participantes, moderar la tecnolog\u00eda y monitorear la discusi\u00f3n del chat.<\/li>\n<\/ul>\n\t\t<h2>Experiencias para estudiantes de todos los niveles<\/h2>\n\t\t<p>\u00bfBusca una experiencia m\u00e1s \u00edntima que ofrezca una interacci\u00f3n personal con los educadores expertos y los animales maravillosos del Zool\u00f3gico de Denver? Reserve un Classroom Safari para hasta 30 participantes. Maestros, tambi\u00e9n ofrecemos un plan de estudios intensivo de Conservation Challenge con s\u00f3lidos recursos de aprendizaje.<\/p>\n\t\t\t<a href=\"\/es\/virtual-classroom\/\" target=\"_self\" role=\"button\" rel=\"noopener\">\n\t\t\t\t\t\t\tM\u00e1s lecciones virtuales\n\t\t\t\t\t<\/a>\n\t\t\t\t<img loading=\"lazy\" decoding=\"async\" src=\"https:\/\/denverzoo.org\/wp-content\/uploads\/2020\/05\/LEX-142_VirtualClassroom_Icon_V1.1_JH.jpg\" alt=\"Denver Zoo line art document icon orange\" itemprop=\"image\" height=\"238\" width=\"174\" title=\"Icono de documento de arte lineal del zool\u00f3gico de Denver naranja\" onerror=\"this.style.display='none'\"  \/>\n\t\t<h2>\u00a1Valoramos sus comentarios!<\/h2>\n\t\t<p>\u00bfC\u00f3mo vamos? Haga clic en el bot\u00f3n a continuaci\u00f3n para completar una breve encuesta sobre su experiencia con las ofertas de Aula Virtual del Zool\u00f3gico de Denver. Su aporte nos ayudar\u00e1 a hacer que el programa sea a\u00fan m\u00e1s emocionante y atractivo para educadores y estudiantes por igual.<\/p>\n\t\t\t<a href=\"https:\/\/forms.office.com\/Pages\/ResponsePage.aspx?id=nM1RULOe40GAAwUXZukDfE3aAVkYPr1KoENuhG2LoFpUMU8yQjRFSUozRTdIQzJBV0lOVTFLMjlJTi4u\" target=\"_blank\" role=\"button\" rel=\"noopener\">\n\t\t\t\t\t\t\tRealizar encuesta\n\t\t\t\t\t<\/a>","protected":false},"excerpt":{"rendered":"","protected":false},"author":82,"featured_media":21794,"parent":17497,"menu_order":0,"comment_status":"closed","ping_status":"closed","template":"","meta":{"_acf_changed":false,"_relevanssi_hide_post":"","_relevanssi_hide_content":"","_relevanssi_pin_for_all":"","_relevanssi_pin_keywords":"","_relevanssi_unpin_keywords":"","_relevanssi_related_keywords":"","_relevanssi_related_include_ids":"","_relevanssi_related_exclude_ids":"","_relevanssi_related_no_append":"","_relevanssi_related_not_related":"","_relevanssi_related_posts":"","_relevanssi_noindex_reason":"","footnotes":""},"class_list":["post-21328","page","type-page","status-publish","has-post-thumbnail","hentry"],"acf":[],"_links":{"self":[{"href":"https:\/\/denverzoo.org\/es\/wp-json\/wp\/v2\/pages\/21328","targetHints":{"allow":["GET"]}}],"collection":[{"href":"https:\/\/denverzoo.org\/es\/wp-json\/wp\/v2\/pages"}],"about":[{"href":"https:\/\/denverzoo.org\/es\/wp-json\/wp\/v2\/types\/page"}],"author":[{"embeddable":true,"href":"https:\/\/denverzoo.org\/es\/wp-json\/wp\/v2\/users\/82"}],"replies":[{"embeddable":true,"href":"https:\/\/denverzoo.org\/es\/wp-json\/wp\/v2\/comments?post=21328"}],"version-history":[{"count":0,"href":"https:\/\/denverzoo.org\/es\/wp-json\/wp\/v2\/pages\/21328\/revisions"}],"up":[{"embeddable":true,"href":"https:\/\/denverzoo.org\/es\/wp-json\/wp\/v2\/pages\/17497"}],"wp:featuredmedia":[{"embeddable":true,"href":"https:\/\/denverzoo.org\/es\/wp-json\/wp\/v2\/media\/21794"}],"wp:attachment":[{"href":"https:\/\/denverzoo.org\/es\/wp-json\/wp\/v2\/media?parent=21328"}],"curies":[{"name":"gracias","href":"https:\/\/api.w.org\/{rel}","templated":true}]}}