{"id":22275,"date":"2021-03-30T15:14:39","date_gmt":"2021-03-30T21:14:39","guid":{"rendered":"https:\/\/denverzootemp.org\/nature-play-3\/"},"modified":"2023-02-22T11:26:37","modified_gmt":"2023-02-22T18:26:37","slug":"juegos-naturales","status":"publish","type":"page","link":"https:\/\/denverzoo.org\/es\/juegos-naturales\/","title":{"rendered":"Juego de la naturaleza"},"content":{"rendered":"<a href=\"\/es\/nature-play\/\" target=\"_self\" role=\"button\" rel=\"noopener\">\n\t\t\t\t\t\t\tHaga clic aqu\u00ed para leer esto en ingl\u00e9s\n\t\t\t\t\t<\/a>\n<h1>\n\t\tEL DENVER ZOO LOS ESPERA PARA JUGAR \n\t<\/h1>\n\t<p>Los invitamos a jugar, aprender y conectarse con la naturaleza en el Zofnass Barclay Family Nature Play Trail. En este lugar, los ni\u00f1os tienen la libertad de salirse del sendero, trepar por los arbustos, buscar insectos, cavar en la tierra y sumergirse plenamente en la naturaleza. Los educadores del zool\u00f3gico acompa\u00f1an el juego de los ni\u00f1os a medida que descubren y los alientan a observar, maravillarse y probar.\u00a0<\/p>\n<p>Zofnass Barclay Family Nature Play Trail es un espacio posible gracias a la generosidad de la Fundaci\u00f3n Zofnass Barclay Family.\u00a0<\/p>\n\n<ul>\n<li data-leveltext=\"\uf0a7\" data-font=\"Wingdings\" data-listid=\"12\" aria-setsize=\"-1\" data-aria-posinset=\"1\" data-aria-level=\"3\">\nAbierto martes y selectos s\u00e1bados por la ma\u00f1ana. Los d\u00edas y horas var\u00edan seg\u00fan la temporada y depende del clima.\n<\/li>\n<\/ul>\n<p>\u00a0<\/p>\n\t\t\t\t<img loading=\"lazy\" decoding=\"async\" src=\"https:\/\/denverzoo.org\/wp-content\/uploads\/2019\/11\/172-20170210_114716.jpg\" alt=\"172-20170210_114716\" itemprop=\"image\" height=\"1210\" width=\"1210\" title=\"172-20170210_114716\" onerror=\"this.style.display='none'\"  \/>\n\t[VIDEO-POPUP]\n\t\t<h3>20 Ideas de Juegos Naturales <\/h3>\n\t\t<p>Se ha demostrado que los juegos naturales tienen enormes beneficios para el cuerpo y la mente, no solo para los ni\u00f1os, sino tambi\u00e9n para los padres. Los invitamos a probar y salir al aire libre con estas 20 actividades f\u00e1ciles con juegos naturales.\u00a0<\/p>\n\t\t\t<a href=\"https:\/\/denverzoo.org\/es\/zootales\/20-ideas-de-jeugos-naturales\/\" target=\"_self\" role=\"button\" rel=\"noopener\">\n\t\t\t\t\t\t\tAprende m\u00e1s\n\t\t\t\t\t<\/a>\n<h3>\n\t\tLos programas de juegos en la naturaleza del zool\u00f3gico de Denver est\u00e1n dise\u00f1ados para:\n\t<\/h3>\n\t<ul>\n<li>Fomentar el inter\u00e9s y la pasi\u00f3n de un ni\u00f1o por la naturaleza.<\/li>\n<li>Reducir las barreras al juego con la naturaleza<\/li>\n<li>Fomentar la exploraci\u00f3n de la naturaleza a trav\u00e9s de oportunidades para el juego no estructurado y el descubrimiento guiado.<\/li>\n<li>Inspirar a los maestros y cuidadores a ser socios activos en la exploraci\u00f3n de la naturaleza por parte de los ni\u00f1os.<\/li>\n<\/ul>\n<h1>\n\t\t\u00bfQu\u00e9 es Nature Play?\n\t<\/h1>\n\t<p>Nature Play es simple y es algo que la mayor\u00eda de los ni\u00f1os hacen sin siquiera pensar en ello. Jugar en la naturaleza y jugar con elementos del mundo natural. Trepar a un \u00e1rbol es un juego de la naturaleza, y tambi\u00e9n lo es construir un fuerte. Cavar en busca de gusanos es un juego de la naturaleza, y tambi\u00e9n lo es rodar por una colina cubierta de hierba.<\/p>\n<p>El juego con la naturaleza es bueno para los ni\u00f1os. Las investigaciones sugieren que el tiempo que se pasa en la naturaleza reduce el estr\u00e9s de los ni\u00f1os, desarrolla la capacidad intelectual, fomenta las habilidades sociales y el desarrollo de la empat\u00eda. \u00a1El juego con la naturaleza tambi\u00e9n es bueno para la naturaleza! Cuando animamos a los ni\u00f1os a jugar en la naturaleza, a explorarla y disfrutarla, estamos animando a la pr\u00f3xima generaci\u00f3n de administradores de la conservaci\u00f3n.<\/p>\n\t\t\t<a href=\"https:\/\/denverzoo.org\/es\/zootales\/a-natural-connection\/\" target=\"_self\" role=\"button\" rel=\"noopener\">\n\t\t\t\t\t\t\tImportancia del juego con la naturaleza\n\t\t\t\t\t<\/a>\n<h1>\n\t\tNutrir a los cient\u00edficos\n\t<\/h1>\n\t<h3><em>A trav\u00e9s del juego de la naturaleza<\/em><\/h3>\n\t<p><em>Nutrir a los cient\u00edficos a trav\u00e9s del juego con la naturaleza<\/em> es un programa de asociaci\u00f3n preescolar que involucra a los estudiantes, maestros y familias en la exploraci\u00f3n y el juego de la naturaleza, en sus escuelas, en el zool\u00f3gico y en sus comunidades.<\/p>\n<p><em>Nutrir a los cient\u00edficos<\/em> apoya el desarrollo de habilidades cient\u00edficas apropiadas para su edad en los estudiantes de preescolar a trav\u00e9s del juego y la exploraci\u00f3n de la naturaleza. Los talleres para maestros y cuidadores capacitan a los padres y maestros para que sean socios activos en el aprendizaje de sus hijos.<\/p>\n<p>En reconocimiento al \u00e9xito del programa, la Asociaci\u00f3n de Zool\u00f3gicos y Acuarios otorg\u00f3 al programa su Premio al Logro Significativo en Educaci\u00f3n en 2018 y en 2019 <em>Nutrir a los cient\u00edficos<\/em> recibi\u00f3 una subvenci\u00f3n de varios a\u00f1os del Instituto de Servicios de Museos y Bibliotecas para profundizar y expandir el \u00e9nfasis del programa en la participaci\u00f3n de las familias locales en la naturaleza.<\/p>\n\t\t\t\t<img loading=\"lazy\" decoding=\"async\" src=\"https:\/\/denverzoo.org\/wp-content\/uploads\/2019\/11\/NP_footer.jpg\" alt=\"NP_footer\" itemprop=\"image\" height=\"838\" width=\"2000\" title=\"NP_footer\" onerror=\"this.style.display='none'\"  \/>\n\t\t\t<a href=\"https:\/\/denverzoo.org\/es\/school-field-trips\/\" target=\"_self\" role=\"button\" rel=\"noopener\">\n\t\t\t\t\t\t\tProgramas de senderos de juegos naturales\n\t\t\t\t\t<\/a>\n\t[dz_slideshow]","protected":false},"excerpt":{"rendered":"","protected":false},"author":57,"featured_media":15084,"parent":0,"menu_order":0,"comment_status":"closed","ping_status":"closed","template":"","meta":{"_acf_changed":false,"_relevanssi_hide_post":"","_relevanssi_hide_content":"","_relevanssi_pin_for_all":"","_relevanssi_pin_keywords":"","_relevanssi_unpin_keywords":"","_relevanssi_related_keywords":"","_relevanssi_related_include_ids":"","_relevanssi_related_exclude_ids":"","_relevanssi_related_no_append":"","_relevanssi_related_not_related":"","_relevanssi_related_posts":"","_relevanssi_noindex_reason":"","footnotes":""},"class_list":["post-22275","page","type-page","status-publish","has-post-thumbnail","hentry"],"acf":[],"_links":{"self":[{"href":"https:\/\/denverzoo.org\/es\/wp-json\/wp\/v2\/pages\/22275","targetHints":{"allow":["GET"]}}],"collection":[{"href":"https:\/\/denverzoo.org\/es\/wp-json\/wp\/v2\/pages"}],"about":[{"href":"https:\/\/denverzoo.org\/es\/wp-json\/wp\/v2\/types\/page"}],"author":[{"embeddable":true,"href":"https:\/\/denverzoo.org\/es\/wp-json\/wp\/v2\/users\/57"}],"replies":[{"embeddable":true,"href":"https:\/\/denverzoo.org\/es\/wp-json\/wp\/v2\/comments?post=22275"}],"version-history":[{"count":0,"href":"https:\/\/denverzoo.org\/es\/wp-json\/wp\/v2\/pages\/22275\/revisions"}],"wp:featuredmedia":[{"embeddable":true,"href":"https:\/\/denverzoo.org\/es\/wp-json\/wp\/v2\/media\/15084"}],"wp:attachment":[{"href":"https:\/\/denverzoo.org\/es\/wp-json\/wp\/v2\/media?parent=22275"}],"curies":[{"name":"gracias","href":"https:\/\/api.w.org\/{rel}","templated":true}]}}