{"id":22555,"date":"2021-04-27T15:55:28","date_gmt":"2021-04-27T21:55:28","guid":{"rendered":"https:\/\/denverzoo.org\/?page_id=22555"},"modified":"2025-12-10T11:45:02","modified_gmt":"2025-12-10T18:45:02","slug":"support","status":"publish","type":"page","link":"https:\/\/denverzoo.org\/es\/support\/","title":{"rendered":"Tu amabilidad potencia nuestra pasi\u00f3n"},"content":{"rendered":"<div  class='lhl-section urbi-component urbi-component front_view lhl_comp_width_narrow lhl_spacing_t_07 lhl_spacing_b_07 lhl_spacing_l_00 lhl_spacing_r_00 section-background-t' ><div class=\"urbi-component-inner\">\n    <div class=\"is-layout-constrained\">\n\n<p class=\"has-text-align-center\">Como organizaci\u00f3n conservacionista sin fines de lucro de Colorado, Denver Zoo Conservation Alliance depende de nuestra generosa comunidad de donantes para ayudarnos a financiar el cuidado de primer nivel que brindamos a nuestros m\u00e1s de 2500 animales y proteger a sus contrapartes salvajes en todo el mundo. Ya sea que done en l\u00ednea en Colorado Gives Day o elija ayudar a animales en peligro de extinci\u00f3n con una donaci\u00f3n mensual recurrente, su apoyo es la fuerza impulsora detr\u00e1s de todo lo que hacemos, \u00a1y estamos muy agradecidos por usted!<\/p>\n\n\n\n<p><\/p>\n\n\n\n<div style=\"height:40px\" aria-hidden=\"true\" class=\"wp-block-spacer\"><\/div>\n\n\n\n<div class=\"wp-block-columns is-layout-flex wp-container-core-columns-is-layout-28f84493 wp-block-columns-is-layout-flex\">\n<div class=\"wp-block-column is-layout-flow wp-block-column-is-layout-flow\">    \r\n    \r\n    <div class='urbi_button_link center'><a class=\"urbi-link lhl_button lhl_button--small lhl_button_color_default lhl_button_width_default lhl_button--block\" href=\"https:\/\/support.denverzoo.org\/general\" target=\"\" rel=\"noopener noreferrer\" >Dona donde m\u00e1s se necesita<\/a><\/div><\/div>\n\n\n\n<div class=\"wp-block-column is-layout-flow wp-block-column-is-layout-flow\">    \r\n    \r\n    <div class='urbi_button_link center'><a class=\"urbi-link lhl_button lhl_button--small lhl_button_color_default lhl_button_width_default lhl_button--block\" href=\"https:\/\/denverzoo.org\/es\/support\/donate\/\" target=\"\" rel=\"noopener noreferrer\" >Dona seg\u00fan tu pasi\u00f3n<\/a><\/div><\/div>\n<\/div>\n\n\n\n<p class=\"has-text-align-center\" style=\"font-size:12px\"><em>Alianza para la Conservaci\u00f3n del Zool\u00f3gico de Denver EIN #84-0502539<\/em><\/p>\n\n<\/div>\n\n<\/div>\n<\/div>\n\n\n\n\n<div  class='lhl-section urbi-component urbi-component front_view lhl_comp_width_inherit lhl_spacing_t_09 lhl_spacing_b_09 lhl_spacing_l_00 lhl_spacing_r_00 section-background-t  bg-pattern-option1' ><div class=\"urbi-component-inner\">\n    <div class=\"is-layout-constrained\">\n\r\n\r\n\r\n<div  class='urbi-two-card-block urbi-component urbi-component front_view lhl_comp_width_inherit lhl_spacing_t_00 lhl_spacing_b_00 lhl_spacing_l_00 lhl_spacing_r_00 section-background-t' ><div class=\"urbi-component-inner\">\r\n    <div class=\"uk-child-width-1-2@s uk-grid uk-grid-match\" uk-grid>\r\n\r\n        <div class=\"uk-width-1-2@m\">\n<div class=\"urbi-card urbi-card--shadow-3 urbi-card--with-tags urbi-card--has_cta\">\n    <div class=\"uk-card-media-top urbi-card--img\">\n\n                                    <img loading=\"lazy\" decoding=\"async\" width=\"610\" height=\"360\" src=\"https:\/\/denverzoo.org\/wp-content\/uploads\/2020\/11\/Lion-Brothers-610x360.jpg\" class=\"urbi-img urbi-featured-homme-img\" alt=\"\" srcset=\"https:\/\/denverzoo.org\/wp-content\/uploads\/2020\/11\/Lion-Brothers-610x360.jpg 610w, https:\/\/denverzoo.org\/wp-content\/uploads\/2020\/11\/Lion-Brothers-18x12.jpg 18w\" sizes=\"auto, (max-width: 610px) 100vw, 610px\" \/>                    \n        \n    <\/div>\n    <div class=\"urbi-card--txt uk-text-center\">\n\n                    <h3 class=\"urbi-card__title\">\n                Sociedad de donaci\u00f3n del orgullo del zool\u00f3gico            <\/h3>\n        \n        \n                    <div class=\"urbi-card__description\">\n                Convi\u00e9rtete en una aut\u00e9ntica realeza del zool\u00f3gico al unirte a este grupo de fil\u00e1ntropos apasionados (\u00a1y divertidos!).            <\/div>\n        \n                    <div class=\"urbi-card__cta_container\">\n                <a class=\"urbi-link urbi-card__cta lhl_button lhl_button_type_solid lhl_button_color_default lhl_button_width_default\" href=\"\/es\/zoo-pride\/\" target=\"_self\" rel=\"noopener noreferrer\" >Aprende m\u00e1s<\/a>            <\/div>\n            <\/div>\n<\/div><\/div><div class=\"uk-width-1-2@m\">\n<div class=\"urbi-card urbi-card--shadow-3 urbi-card--with-tags urbi-card--has_cta\">\n    <div class=\"uk-card-media-top urbi-card--img\">\n\n                                    <img loading=\"lazy\" decoding=\"async\" width=\"610\" height=\"360\" src=\"https:\/\/denverzoo.org\/wp-content\/uploads\/2023\/05\/primate-610x360.jpg\" class=\"urbi-img urbi-featured-homme-img\" alt=\"\" \/>                    \n        \n    <\/div>\n    <div class=\"urbi-card--txt uk-text-center\">\n\n                    <h3 class=\"urbi-card__title\">\n                Donaciones corporativas            <\/h3>\n        \n        \n                    <div class=\"urbi-card__description\">\n                Recompense a su equipo alineando su empresa con una querida organizaci\u00f3n sin fines de lucro de Colorado.            <\/div>\n        \n                    <div class=\"urbi-card__cta_container\">\n                <a class=\"urbi-link urbi-card__cta lhl_button lhl_button_type_solid lhl_button_color_default lhl_button_width_default\" href=\"\/es\/corporate-giving\/\" target=\"_self\" rel=\"noopener noreferrer\" >Aprende m\u00e1s<\/a>            <\/div>\n            <\/div>\n<\/div><\/div><div class=\"uk-width-1-2@m\">\n<div class=\"urbi-card urbi-card--shadow-3 urbi-card--with-tags urbi-card--has_cta\">\n    <div class=\"uk-card-media-top urbi-card--img\">\n\n                                    <img loading=\"lazy\" decoding=\"async\" width=\"610\" height=\"360\" src=\"https:\/\/denverzoo.org\/wp-content\/uploads\/2023\/05\/FlamingoHeart-610x360.jpg\" class=\"urbi-img urbi-featured-homme-img\" alt=\"\" \/>                    \n        \n    <\/div>\n    <div class=\"urbi-card--txt uk-text-center\">\n\n                    <h3 class=\"urbi-card__title\">\n                Donaciones conmemorativas            <\/h3>\n        \n        \n                    <div class=\"urbi-card__description\">\n                Celebre a un ser querido y apoye la misi\u00f3n del Zool\u00f3gico de Denver con un monumento que marca la diferencia.            <\/div>\n        \n                    <div class=\"urbi-card__cta_container\">\n                <a class=\"urbi-link urbi-card__cta lhl_button lhl_button_type_solid lhl_button_color_default lhl_button_width_default\" href=\"\/es\/support\/memorial\/\" target=\"_self\" rel=\"noopener noreferrer\" >Aprende m\u00e1s<\/a>            <\/div>\n            <\/div>\n<\/div><\/div><div class=\"uk-width-1-2@m\">\n<div class=\"urbi-card urbi-card--shadow-3 urbi-card--with-tags urbi-card--has_cta\">\n    <div class=\"uk-card-media-top urbi-card--img\">\n\n                                    <img loading=\"lazy\" decoding=\"async\" width=\"610\" height=\"360\" src=\"https:\/\/denverzoo.org\/wp-content\/uploads\/2023\/05\/SlothBaby-610x360.jpg\" class=\"urbi-img urbi-featured-homme-img\" alt=\"\" \/>                    \n        \n    <\/div>\n    <div class=\"urbi-card--txt uk-text-center\">\n\n                    <h3 class=\"urbi-card__title\">\n                Donaci\u00f3n de legado            <\/h3>\n        \n        \n                    <div class=\"urbi-card__description\">\n                Incluya el Zool\u00f3gico de Denver en su testamento o planes heredados para ayudarnos a salvar la vida silvestre para las generaciones futuras.            <\/div>\n        \n                    <div class=\"urbi-card__cta_container\">\n                <a class=\"urbi-link urbi-card__cta lhl_button lhl_button_type_solid lhl_button_color_default lhl_button_width_default\" href=\"https:\/\/denverzoo.planmylegacy.org\/\" target=\"_self\" rel=\"noopener noreferrer\" >Aprende m\u00e1s<\/a>            <\/div>\n            <\/div>\n<\/div><\/div>\r\n    <\/div>\r\n<\/div>\r\n<\/div>\n<\/div>\n\n<\/div>\n<\/div>\n\n\n\n\n<div  class='lhl-section urbi-component urbi-component front_view lhl_comp_width_inherit lhl_spacing_t_09 lhl_spacing_b_09 lhl_spacing_l_00 lhl_spacing_r_00 section-background-t urbi-component-bg--light-gray' ><div class=\"urbi-component-inner\">\n    <div class=\"is-layout-constrained\">\n\r\n\r\n<div  class='lhl-text-and-image urbi-component urbi-component front_view lhl_spacing_t_00 lhl_spacing_b_00 lhl_spacing_l_00 lhl_spacing_r_00 section-background-t' >\r\n<div class=\"urbi-component-inner\">\r\n\r\n    <div class=\"text_and_image_comp_inner lhl_grid_default lhl_grid uk-grid-match\" uk-grid>\r\n\r\n                <div class=\"lhl_grid_col lhl-text-and-image__col-img lhl_width_1_2@m\">\r\n\r\n            \r\n                \r\n                                    <div class=\"default-image-container\">\r\n                                                    <img decoding=\"async\" width=\"610\" height=\"380\" src=\"https:\/\/denverzoo.org\/wp-content\/uploads\/2024\/10\/Callout-610x380.png\" class=\"urbi-img img-class\" alt=\"\" loading=\"lazy\" srcset=\"https:\/\/denverzoo.org\/wp-content\/uploads\/2024\/10\/Callout-610x380.png 610w, https:\/\/denverzoo.org\/wp-content\/uploads\/2024\/10\/Callout-50x32.png 50w, https:\/\/denverzoo.org\/wp-content\/uploads\/2024\/10\/Callout-18x12.png 18w\" sizes=\"auto, (max-width: 610px) 100vw, 610px\" \/>                                            <\/div>\r\n                \r\n                \r\n            \r\n            \r\n                    <\/div>\r\n\r\n                <div class=\"lhl_grid_col lhl-text-and-image__col-text lhl_width_1_2@m\">\r\n            <div class=\"lhl-text-and-image__col-text-inner lhl_spacing_03\" style=\"\">\r\n                <div class=\"acf-innerblocks-container\">\n\n<h3 class=\"wp-block-heading\"><strong>Adopta un animal<\/strong><\/h3>\n\n\n\n<p>Haz un amigo peludo y apoya a Denver Zoo Conservation Alliance.<\/p>\n\n\n    \r\n    \r\n    <div class='urbi_button_link'><a class=\"urbi-link lhl_button lhl_button--small lhl_button_color_default lhl_button_width_default lhl_button--block\" href=\"https:\/\/shop.denverzoo.org\/shop-by-collection\/adoption-kits\" target=\"\" rel=\"noopener noreferrer\" >Aprende m\u00e1s<\/a><\/div>\n<\/div>\r\n            <\/div>\r\n        <\/div>\r\n    <\/div>\r\n<\/div>\r\n<\/div>\n<\/div>\n\n<\/div>\n<\/div>\n\n\n\n\n<div  class='lhl-section urbi-component urbi-component front_view lhl_comp_width_inherit lhl_spacing_t_09 lhl_spacing_b_09 lhl_spacing_l_00 lhl_spacing_r_00 section-background-t urbi-component-bg--white' ><div class=\"urbi-component-inner\">\n    <div class=\"is-layout-constrained\">\n\r\n\r\n<div  class='lhl-text-and-image urbi-component urbi-component front_view lhl_spacing_t_00 lhl_spacing_b_00 lhl_spacing_l_00 lhl_spacing_r_00 section-background-t' >\r\n<div class=\"urbi-component-inner\">\r\n\r\n    <div class=\"text_and_image_comp_inner lhl_grid_reverse lhl_grid uk-grid-match\" uk-grid>\r\n\r\n                <div class=\"lhl_grid_col lhl-text-and-image__col-img lhl_width_1_2@m\">\r\n\r\n            \r\n                \r\n                                    <div class=\"default-image-container\">\r\n                                                    <img decoding=\"async\" width=\"610\" height=\"380\" src=\"https:\/\/denverzoo.org\/wp-content\/uploads\/2025\/10\/CarDonation_Feature-610x380.jpg\" class=\"urbi-img img-class\" alt=\"\" loading=\"lazy\" \/>                                            <\/div>\r\n                \r\n                \r\n            \r\n            \r\n                    <\/div>\r\n\r\n                <div class=\"lhl_grid_col lhl-text-and-image__col-text lhl_width_1_2@m\">\r\n            <div class=\"lhl-text-and-image__col-text-inner lhl_spacing_03\" style=\"\">\r\n                <div class=\"acf-innerblocks-container\">\n\n<h3 class=\"wp-block-heading\"><strong>\u00bfTiene un veh\u00edculo que est\u00e1 acumulando polvo y se pregunta sobre la donaci\u00f3n de autom\u00f3viles en Colorado?<\/strong><\/h3>\n\n\n\n<p>Nuestro socio Vehicles for Charity hace que sea f\u00e1cil donar su autom\u00f3vil a una organizaci\u00f3n ben\u00e9fica, con Denver Zoo Conservation Alliance como beneficiario, y puede hacerlo todo con unos pocos clics o una r\u00e1pida llamada telef\u00f3nica.<\/p>\n\n\n    \r\n    \r\n    <div class='urbi_button_link'><a class=\"urbi-link lhl_button lhl_button--small lhl_button_color_default lhl_button_width_default lhl_button--block\" href=\"\/es\/car-donation\/\" target=\"\" rel=\"noopener noreferrer\" >Aprende m\u00e1s<\/a><\/div>\n<\/div>\r\n            <\/div>\r\n        <\/div>\r\n    <\/div>\r\n<\/div>\r\n<\/div>\n<\/div>\n\n<\/div>\n<\/div>\n\n\n\n\n<div  class='lhl-section urbi-component urbi-component front_view lhl_comp_width_inherit lhl_spacing_t_09 lhl_spacing_b_09 lhl_spacing_l_00 lhl_spacing_r_00 section-background-t urbi-component-bg--light-gray' ><div class=\"urbi-component-inner\">\n    <div class=\"is-layout-constrained\">\n\r\n\r\n<div  class='lhl-text-and-image urbi-component urbi-component front_view lhl_spacing_t_00 lhl_spacing_b_00 lhl_spacing_l_00 lhl_spacing_r_00 section-background-t' >\r\n<div class=\"urbi-component-inner\">\r\n\r\n    <div class=\"text_and_image_comp_inner lhl_grid_default lhl_grid uk-grid-match\" uk-grid>\r\n\r\n                <div class=\"lhl_grid_col lhl-text-and-image__col-img lhl_width_1_2@m\">\r\n\r\n            \r\n                \r\n                                    <div class=\"default-image-container\">\r\n                                                    <img decoding=\"async\" width=\"610\" height=\"380\" src=\"https:\/\/denverzoo.org\/wp-content\/uploads\/2025\/09\/25-PHL-357_Birthday-Fundraiser-Promotion_Landing-Page_Bday-Tile-1-610x380.png\" class=\"urbi-img img-class\" alt=\"\" loading=\"lazy\" \/>                                            <\/div>\r\n                \r\n                \r\n            \r\n            \r\n                    <\/div>\r\n\r\n                <div class=\"lhl_grid_col lhl-text-and-image__col-text lhl_width_1_2@m\">\r\n            <div class=\"lhl-text-and-image__col-text-inner lhl_spacing_00\" style=\"\">\r\n                <div class=\"acf-innerblocks-container\">\n\n<h2 class=\"wp-block-heading\">Celebra tu cumplea\u00f1os y apoya a DZCA&nbsp;<\/h2>\n\n\n\n<p style=\"margin-top:var(--wp--preset--spacing--60);margin-right:0;margin-bottom:var(--wp--preset--spacing--60);margin-left:0\">Si prefieres dar en lugar de recibir, \u00a1comparte tu amor de cumplea\u00f1os con una recaudaci\u00f3n de fondos en Facebook!<\/p>\n\n\n    \r\n    \r\n    <div class='urbi_button_link'><a class=\"urbi-link lhl_button lhl_button--small lhl_button_color_default lhl_button_width_default lhl_button--block\" href=\"https:\/\/denverzoo.org\/es\/birthday-fundraiser\/\" target=\"\" rel=\"noopener noreferrer\" >Aprende m\u00e1s<\/a><\/div>\n<\/div>\r\n            <\/div>\r\n        <\/div>\r\n    <\/div>\r\n<\/div>\r\n<\/div>\n<\/div>\n\n<\/div>\n<\/div>\n\n\n\n\n<div  class='lhl-section urbi-component urbi-component front_view lhl_comp_width_inherit lhl_spacing_t_09 lhl_spacing_b_09 lhl_spacing_l_00 lhl_spacing_r_00 section-background-t urbi-component-bg--midnight-harbor' ><div class=\"urbi-component-inner\">\n    <div class=\"is-layout-constrained\">\n\r\n\r\n<div  class='lhl-text-and-image urbi-component urbi-component front_view lhl_spacing_t_00 lhl_spacing_b_00 lhl_spacing_l_00 lhl_spacing_r_00 section-background-t' >\r\n<div class=\"urbi-component-inner\">\r\n\r\n    <div class=\"text_and_image_comp_inner lhl_grid_reverse lhl_grid uk-grid-match\" uk-grid>\r\n\r\n                <div class=\"lhl_grid_col lhl-text-and-image__col-img lhl_width_1_2@m\">\r\n\r\n            \r\n                \r\n                                    <div class=\"default-image-container\">\r\n                                                    <img decoding=\"async\" width=\"406\" height=\"380\" src=\"https:\/\/denverzoo.org\/wp-content\/uploads\/2020\/12\/AfricanPenguin_Exhibit_Birds_Borellis_210915_007-scaled.jpg\" class=\"urbi-img img-class\" alt=\"\" loading=\"lazy\" srcset=\"https:\/\/denverzoo.org\/wp-content\/uploads\/2020\/12\/AfricanPenguin_Exhibit_Birds_Borellis_210915_007-scaled.jpg 2560w, https:\/\/denverzoo.org\/wp-content\/uploads\/2020\/12\/AfricanPenguin_Exhibit_Birds_Borellis_210915_007-220x206.jpg 220w, https:\/\/denverzoo.org\/wp-content\/uploads\/2020\/12\/AfricanPenguin_Exhibit_Birds_Borellis_210915_007-768x718.jpg 768w, https:\/\/denverzoo.org\/wp-content\/uploads\/2020\/12\/AfricanPenguin_Exhibit_Birds_Borellis_210915_007-1024x958.jpg 1024w, https:\/\/denverzoo.org\/wp-content\/uploads\/2020\/12\/AfricanPenguin_Exhibit_Birds_Borellis_210915_007-1536x1436.jpg 1536w, https:\/\/denverzoo.org\/wp-content\/uploads\/2020\/12\/AfricanPenguin_Exhibit_Birds_Borellis_210915_007-2048x1915.jpg 2048w, https:\/\/denverzoo.org\/wp-content\/uploads\/2020\/12\/AfricanPenguin_Exhibit_Birds_Borellis_210915_007-13x12.jpg 13w\" sizes=\"auto, (max-width: 406px) 100vw, 406px\" \/>                                            <\/div>\r\n                \r\n                \r\n            \r\n            \r\n                    <\/div>\r\n\r\n                <div class=\"lhl_grid_col lhl-text-and-image__col-text lhl_width_1_2@m\">\r\n            <div class=\"lhl-text-and-image__col-text-inner lhl_spacing_03\" style=\"\">\r\n                <div class=\"acf-innerblocks-container\">\n\n<h2 class=\"wp-block-heading\"><strong>P\u00f3ngase en contacto con nuestro equipo de filantrop\u00eda<\/strong><\/h2>\n\n\n\n<p>Si has aterrizado aqu\u00ed, \u00a1eres nuestra clase de personas! P\u00f3ngase en contacto con un miembro del equipo de Filantrop\u00eda de DZCA y creemos algo significativo juntos.<\/p>\n\n\n    \r\n    \r\n    <div class='urbi_button_link'><a class=\"urbi-link lhl_button lhl_button--small lhl_button_color_default lhl_button_width_default lhl_button--block\" href=\"\/es\/support\/contact\/\" target=\"\" rel=\"noopener noreferrer\" >Cont\u00e1ctanos<\/a><\/div>\n<\/div>\r\n            <\/div>\r\n        <\/div>\r\n    <\/div>\r\n<\/div>\r\n<\/div>\n<\/div>\n\n<\/div>\n<\/div>","protected":false},"excerpt":{"rendered":"","protected":false},"author":11,"featured_media":34192,"parent":0,"menu_order":0,"comment_status":"closed","ping_status":"closed","template":"","meta":{"_acf_changed":false,"_relevanssi_hide_post":"","_relevanssi_hide_content":"","_relevanssi_pin_for_all":"","_relevanssi_pin_keywords":"","_relevanssi_unpin_keywords":"","_relevanssi_related_keywords":"","_relevanssi_related_include_ids":"","_relevanssi_related_exclude_ids":"","_relevanssi_related_no_append":"","_relevanssi_related_not_related":"","_relevanssi_related_posts":"116,121,123,538,1202,1775","_relevanssi_noindex_reason":"","footnotes":""},"class_list":["post-22555","page","type-page","status-publish","has-post-thumbnail","hentry"],"acf":[],"_links":{"self":[{"href":"https:\/\/denverzoo.org\/es\/wp-json\/wp\/v2\/pages\/22555","targetHints":{"allow":["GET"]}}],"collection":[{"href":"https:\/\/denverzoo.org\/es\/wp-json\/wp\/v2\/pages"}],"about":[{"href":"https:\/\/denverzoo.org\/es\/wp-json\/wp\/v2\/types\/page"}],"author":[{"embeddable":true,"href":"https:\/\/denverzoo.org\/es\/wp-json\/wp\/v2\/users\/11"}],"replies":[{"embeddable":true,"href":"https:\/\/denverzoo.org\/es\/wp-json\/wp\/v2\/comments?post=22555"}],"version-history":[{"count":0,"href":"https:\/\/denverzoo.org\/es\/wp-json\/wp\/v2\/pages\/22555\/revisions"}],"wp:featuredmedia":[{"embeddable":true,"href":"https:\/\/denverzoo.org\/es\/wp-json\/wp\/v2\/media\/34192"}],"wp:attachment":[{"href":"https:\/\/denverzoo.org\/es\/wp-json\/wp\/v2\/media?parent=22555"}],"curies":[{"name":"gracias","href":"https:\/\/api.w.org\/{rel}","templated":true}]}}