{"id":22722,"date":"2021-05-03T20:23:36","date_gmt":"2021-05-04T02:23:36","guid":{"rendered":"https:\/\/denverzoo.org\/?page_id=22722"},"modified":"2021-10-18T09:58:16","modified_gmt":"2021-10-18T15:58:16","slug":"rmpbs","status":"publish","type":"page","link":"https:\/\/denverzoo.org\/es\/rmpbs\/","title":{"rendered":"PBS de las Monta\u00f1as Rocosas"},"content":{"rendered":"<h3>\n\t\tHistoria\n\t<\/h3>\n\t<p>El zool\u00f3gico de Denver tiene una gran historia. Desde nuestros inicios hasta la celebraci\u00f3n de nuestro 125 aniversario.<\/p>\n\t\t\t<a href=\"\/es\/history\/\" target=\"_self\" role=\"button\" rel=\"noopener\">\n\t\t\t\t\t\t\tHistoria del zool\u00f3gico de Denver\n\t\t\t\t\t<\/a>\n\t\t\t<a href=\"https:\/\/125.denverzoo.org\" target=\"_self\" role=\"button\" rel=\"noopener\">\n\t\t\t\t\t\t\t125 Historias de Amor\n\t\t\t\t\t<\/a>\n<h1>\n\t\tExperiencia Colorado\n\t<\/h1>\n<h2>\n\t\tDocumental de Rocky Mountain PBS\n\t<\/h2>\n\t<p>El zool\u00f3gico de Denver ser\u00e1 el tema de la pr\u00f3xima &quot;Experiencia de Colorado&quot; en Rocky Mountain PBS. Se estren\u00f3 el jueves 15 de abril de 2021 a las 7 p. m. MST. <\/p>\n<p>El documental cuenta la historia del zool\u00f3gico de Denver. Comenzando como una peque\u00f1a colecci\u00f3n de animales enjaulados en 1896, hasta nuestra transformaci\u00f3n en una instituci\u00f3n reconocida mundialmente. Sea testigo de un siglo de la evoluci\u00f3n del Zool\u00f3gico de Denver tanto en ciencia como en dise\u00f1o para convertirse en la instituci\u00f3n que conocemos hoy.<\/p>\n\t<iframe src=\"https:\/\/player.pbs.org\/viralplayer\/3054279334\/\" allowfullscreen=\"\"><\/iframe>","protected":false},"excerpt":{"rendered":"","protected":false},"author":11,"featured_media":22725,"parent":0,"menu_order":0,"comment_status":"closed","ping_status":"closed","template":"","meta":{"_acf_changed":false,"_relevanssi_hide_post":"","_relevanssi_hide_content":"","_relevanssi_pin_for_all":"","_relevanssi_pin_keywords":"","_relevanssi_unpin_keywords":"","_relevanssi_related_keywords":"","_relevanssi_related_include_ids":"","_relevanssi_related_exclude_ids":"","_relevanssi_related_no_append":"","_relevanssi_related_not_related":"","_relevanssi_related_posts":"","_relevanssi_noindex_reason":"","footnotes":""},"class_list":["post-22722","page","type-page","status-publish","has-post-thumbnail","hentry"],"acf":[],"_links":{"self":[{"href":"https:\/\/denverzoo.org\/es\/wp-json\/wp\/v2\/pages\/22722","targetHints":{"allow":["GET"]}}],"collection":[{"href":"https:\/\/denverzoo.org\/es\/wp-json\/wp\/v2\/pages"}],"about":[{"href":"https:\/\/denverzoo.org\/es\/wp-json\/wp\/v2\/types\/page"}],"author":[{"embeddable":true,"href":"https:\/\/denverzoo.org\/es\/wp-json\/wp\/v2\/users\/11"}],"replies":[{"embeddable":true,"href":"https:\/\/denverzoo.org\/es\/wp-json\/wp\/v2\/comments?post=22722"}],"version-history":[{"count":0,"href":"https:\/\/denverzoo.org\/es\/wp-json\/wp\/v2\/pages\/22722\/revisions"}],"wp:featuredmedia":[{"embeddable":true,"href":"https:\/\/denverzoo.org\/es\/wp-json\/wp\/v2\/media\/22725"}],"wp:attachment":[{"href":"https:\/\/denverzoo.org\/es\/wp-json\/wp\/v2\/media?parent=22722"}],"curies":[{"name":"gracias","href":"https:\/\/api.w.org\/{rel}","templated":true}]}}