{"id":2351,"date":"2018-09-10T19:23:31","date_gmt":"2018-09-10T19:23:31","guid":{"rendered":"https:\/\/denverzootemp.org\/?page_id=2351"},"modified":"2026-02-04T15:13:32","modified_gmt":"2026-02-04T22:13:32","slug":"zoo-to-you","status":"publish","type":"page","link":"https:\/\/denverzoo.org\/es\/zoo-to-you\/","title":{"rendered":"Zoo to You"},"content":{"rendered":"<div  class='lhl-section urbi-component urbi-component front_view lhl_comp_width_inherit lhl_spacing_t_09 lhl_spacing_b_09 lhl_spacing_l_00 lhl_spacing_r_00 section-background-t' ><div class=\"urbi-component-inner\">\n    <div class=\"is-layout-constrained\">\n\n<h3 class=\"wp-block-heading has-text-align-center\"><strong>Zoo to You: informaci\u00f3n del programa<\/strong>norte<\/h3>\n\n\n\n<p class=\"has-text-align-center\">Navegue por la barra lateral hacia la izquierda para explorar nuestros programas Zoo to You*, que brindan experiencias de aprendizaje WILD en la escuela facilitadas por educadores del zool\u00f3gico.<br><br>*<em>Los programas Zoo to You pueden estar disponibles para escuelas fuera del <a href=\"https:\/\/b2249291.smushcdn.com\/2249291\/wp-content\/uploads\/2019\/09\/SCFD-Seven-Counties_color.jpg?lossy=1&amp;strip=1&amp;webp=1\">\u00c1rea metropolitana de Denver de siete condados del SCFD<\/a> de forma limitada.<br>Por favor cont\u00e1ctenos al <a href=\"mailto:dzeducation@denverzoo.org\">dzeducation@denverzoo.org<\/a> para confirmar disponibilidad y costos de viaje adicionales. <\/em><\/p>\n\n<\/div>\n\n<\/div>\n<\/div>\n\n\n\n\n<div  class='lhl-section urbi-component urbi-component front_view lhl_comp_width_inherit lhl_spacing_t_00 lhl_spacing_b_00 lhl_spacing_l_00 lhl_spacing_r_00 section-background-t' ><div class=\"urbi-component-inner\">\n    <div class=\"is-layout-constrained\">\n\r\n<div  class='lhl-tabs urbi-component urbi-component front_view lhl_comp_width_inherit lhl_spacing_t_00 lhl_spacing_b_00 lhl_spacing_l_00 lhl_spacing_r_00 section-background-t lhlcomp_tabs urbi_component urbi-component lhl_ptb_60 lhl_ptb_120_@l' >\r\n<div class=\"\">\r\n    <div class=\"urbi-component-inner\">\r\n\r\n                    <ul class=\"uk-tab lhlcomp_tabs__tabs\" data-uk-tab=\"connect:#lhlcomp_tabs__block_21f7365f24be37878751faf1cbb7132e\">\r\n\r\n            <\/ul>\r\n                <ul id=\"lhlcomp_tabs__block_21f7365f24be37878751faf1cbb7132e\" class=\"uk-switcher uk-margin lhlcomp_tabs__content\">\r\n                        \n\r\n<li class='lhlcomp_tabs__content_li' data-content=\"4-8-good-neighbors-to-wildlife\" id=\"-4-8-good-neighbors-to-wildlife\" tabindex=\"0\">\r\n            <ul class=\"phantom_tabs\">\r\n            <li id=\"lhlcomp_tabs__block_68a8df293ef71bdb9d69f78820f8ad7a\" class=\"lhlcomp_tabs__nav_li\">\r\n                <a href=\"\" class=\"urbi_tabs_tab_link\" data-id=\"4-8-good-neighbors-to-wildlife\">4-8 Buenos vecinos de la vida silvestre<\/a>\r\n            <\/li>\r\n        <\/ul>\r\n    \r\n    <div class=\"lhlcomp_tab__inner\">\r\n                <div class=\"acf-innerblocks-container\">\n\n<h2 class=\"wp-block-heading\"><strong>Buenos vecinos para la vida silvestre: <\/strong> hazlo florecer<\/h2>\n\n\n\n<p class=\"has-meadow-glow-color has-text-color has-link-color wp-elements-ed98a34ba781aebf5e629d1cbe0e18fa\"><strong><em><strong>Los estudiantes lo disfrutaron todo. Les encant\u00f3 conocer al animal y jugar al juego de las plantas nativas. Les encant\u00f3 especialmente la actividad de conservaci\u00f3n y ensuciarse las manos.<\/strong> -Maestro<\/em><\/strong><\/p>\n\n\n\n<h6 class=\"wp-block-heading\"><em>Los programas Good Neighbors to Wildlife ayudan a los estudiantes a descubrir qu\u00e9 especies locales necesitan para sobrevivir, aprender t\u00e9cnicas para ayudar y elaborar un plan para impactar positivamente la vida silvestre en su comunidad. <\/em><\/h6>\n\n\n\n<h4 class=\"wp-block-heading\"><strong>Hazlo florecer (plantas nativas + animales)<\/strong><\/h4>\n\n\n\n<p>En Buenos Vecinos de la Vida Silvestre: Haz que Florezca, los estudiantes se convierten en expertos en h\u00e1bitats mientras aprenden qu\u00e9 necesitan los animales locales para sobrevivir y c\u00f3mo brindar ayuda. Profundizar\u00e1n en la importante conexi\u00f3n entre las plantas y los animales nativos, y luego actuar\u00e1n con un proyecto divertido y pr\u00e1ctico que ayudar\u00e1 a restaurar una pradera en el \u00e1rea de Denver. \u00a1Ayudar a la vida silvestre nunca ha sido tan emocionante ni tan cercano!<\/p>\n\n\n\n<p class=\"has-h-4-font-size\"><strong><em>\u00a1Contin\u00faa el aprendizaje m\u00e1s all\u00e1 de tu sal\u00f3n de clases!<\/em><\/strong><\/p>\n\n\n\n<p>\u00a1Good Neighbors to Wildlife tambi\u00e9n est\u00e1 disponible en el zool\u00f3gico! Reserva nuestro <strong>Hazlo seguro<\/strong> en d\u00edas seleccionados de octubre, noviembre y de marzo a mayo para estudiantes de 5.\u00ba a 12.\u00ba grado. Consulte la informaci\u00f3n del programa en nuestra <a href=\"\/es\/conservation-learning-zone\/\">P\u00e1gina de Aprende en el Zool\u00f3gico<\/a>.<\/p>\n\n\n\n<p><strong>FECHAS + HORARIOS<\/strong><br>Fechas seleccionadas disponibles de diciembre a febrero. \u00a1Haga clic en el bot\u00f3n azul a continuaci\u00f3n para ver las fechas disponibles e inscribirse!<strong> <\/strong><\/p>\n\n\n\n<p><strong>COSTO<\/strong><br>\u00a1GRATIS! Todos los programas Buenos vecinos de la vida silvestre: Haz que florezca en el a\u00f1o escolar 2025-2026 son gratuitos para las escuelas en el <a href=\"https:\/\/b2249291.smushcdn.com\/2249291\/wp-content\/uploads\/2019\/09\/SCFD-Seven-Counties_color.jpg?lossy=1&amp;strip=1&amp;webp=1\">\u00c1rea metropolitana de Denver de siete condados del SCFD<\/a>, posible gracias a las generosas donaciones a nuestro Fondo de Becas Access to Awe. Las escuelas fuera de esta zona pueden participar de forma limitada y pueden contactarnos en <a href=\"mailto:dzeducation@denverzoo.org\">dzeducation@denverzoo.org<\/a> para confirmar disponibilidad y costos de viaje adicionales.<\/p>\n\n\n\n<p><strong>REGISTRO<\/strong><br>Haga clic en el bot\u00f3n de abajo para ver las fechas disponibles e inscribirse. Cuando se le solicite iniciar sesi\u00f3n, cree una cuenta de DZCA con el correo electr\u00f3nico de su escuela. Esta debe ser independiente de otras afiliaciones que pueda tener con DZCA. <br><br>La inscripci\u00f3n cierra 21 d\u00edas antes de la fecha del programa.<\/p>\n\n\n    \r\n    \r\n    <div class='urbi_button_link'><a class=\"urbi-link lhl_button lhl_button--small lhl_button_color_default lhl_button_width_default lhl_button--block\" href=\"https:\/\/my.denverzoo.org\/c\/schoolbooking?perfNo=55515\" target=\"_blank\" rel=\"noopener noreferrer\" >Reg\u00edstrate ahora<\/a><\/div>\n\n\n\n<div  class='lhl-accordion urbi-component urbi-component front_view lhl_comp_width_inherit lhl_spacing_t_09 lhl_spacing_b_09 lhl_spacing_l_00 lhl_spacing_r_00 section-background-t' ><div class=\"urbi-component-inner\">\n    <ul id=\"accordion-19c39\" class=\"uk-accordion lhl-accordion-items\" uk-accordion data-id=\"accordion-19c39\"><li id=\"accordion-19c39--programming-no\" class=\"lhl-accordion-item lhl_mb_40\" data-id=\"accordion-19c39--programming\"><a class=\"uk-accordion-title lhl-accordion-item-title\" href=\"#\">Programaci\u00f3n<\/a><div class=\"uk-accordion-content lhl-accordion-item-content\"><p>Sus estudiantes conocer\u00e1n un animal, participar\u00e1n en un desaf\u00edo educativo relacionado con el tema del programa y participar\u00e1n en una actividad de conservaci\u00f3n significativa.<\/p>\n<p>Este programa de 45 minutos tiene capacidad para un m\u00e1ximo de 30 estudiantes por sesi\u00f3n. Se requiere un m\u00ednimo de dos sesiones para los programas presenciales, y se pueden reservar hasta cuatro sesiones en la escuela. Las sesiones deben realizarse consecutivamente, con un descanso m\u00e1ximo de 15 minutos entre ellas, excepto durante el almuerzo.<\/p>\n<p>Comun\u00edquese con nosotros a dzeducation@denverzoo.org si tiene m\u00e1s preguntas.<\/p>\n<\/div><\/li><li id=\"accordion-19c39--reschedule-cancelation-no\" class=\"lhl-accordion-item lhl_mb_40\" data-id=\"accordion-19c39--reschedule-cancelation\"><a class=\"uk-accordion-title lhl-accordion-item-title\" href=\"#\">Reprogramar + Cancelaci\u00f3n<\/a><div class=\"uk-accordion-content lhl-accordion-item-content\"><p>El cupo en nuestros programas gratuitos es limitado. Para dejar espacio a otros miembros de la comunidad escolar, le rogamos que asista a los programas en los que se inscriba y nos informe con al menos tres semanas de anticipaci\u00f3n sobre cualquier cambio o cancelaci\u00f3n. El cambio de fecha est\u00e1 sujeto a disponibilidad y podr\u00eda generar un cargo administrativo m\u00ednimo.<\/p>\n<p>&nbsp;<\/p>\n<p><em>Para cancelar o transferir un programa, comun\u00edquese con\u00a0<\/em><a href=\"mailto:guestcare@denverzoo.org\"><em>guestcare@denverzoo.org<\/em><\/a><em>.<\/em><\/p>\n<\/div><\/li><\/ul>\n<\/div>\n\n<\/div>\n<\/div>\r\n    <\/div>\r\n<\/li>\n\n\r\n<li class='lhlcomp_tabs__content_li' data-content=\"nature-in-the-neighborhood\" id=\"-nature-in-the-neighborhood\" tabindex=\"0\">\r\n            <ul class=\"phantom_tabs\">\r\n            <li id=\"lhlcomp_tabs__block_fa714b4e1186ce767a1040d2434f5c4a\" class=\"lhlcomp_tabs__nav_li\">\r\n                <a href=\"\" class=\"urbi_tabs_tab_link\" data-id=\"nature-in-the-neighborhood\">Naturaleza en el barrio<\/a>\r\n            <\/li>\r\n        <\/ul>\r\n    \r\n    <div class=\"lhlcomp_tab__inner\">\r\n                <div class=\"acf-innerblocks-container\">\n\n<h2 class=\"wp-block-heading\"><strong>Pr\u00f3ximamente: Naturaleza en el barrio<\/strong><\/h2>\n\n\n\n<p>\u00a1Buenas noticias! Estamos desarrollando un nuevo programa &quot;Zoo to You&quot;, dise\u00f1ado para conectar a los estudiantes m\u00e1s j\u00f3venes con la naturaleza, llevando las maravillas de la vida silvestre directamente a su comunidad.<br><br>Vuelve con frecuencia para obtener actualizaciones, adelantos y detalles de inscripci\u00f3n mientras nos preparamos para lanzar esta emocionante aventura educativa. Juntos, inspiramos a la pr\u00f3xima generaci\u00f3n de conservacionistas, \u00a1un barrio a la vez!<\/p>\n\n<\/div>\r\n    <\/div>\r\n<\/li>\n\r\n        <\/ul>\r\n\r\n    <\/div>\r\n<\/div>\r\n\r\n<\/div>\r\n    <script>\r\n        jQuery(\".phantom_tabs li\").each(function() {\r\n            jQuery(this).closest(\".urbi-component-inner\").find('.lhlcomp_tabs__tabs').append(this);\r\n        });\r\n    <\/script>\r\n\n<\/div>\n\n<\/div>\n<\/div>\n\n\n\n\n<div  class='lhl-section urbi-component urbi-component front_view lhl_comp_width_inherit lhl_spacing_t_09 lhl_spacing_b_09 lhl_spacing_l_00 lhl_spacing_r_00 section-background-t urbi-component-bg--midnight-harbor  bg-pattern-option5' ><div class=\"urbi-component-inner\">\n    <div class=\"is-layout-constrained\">\n\n<p><\/p>\n\n\n\r\n\r\n<div  class='lhl-slideshow-gallery urbi-component urbi-component front_view lhl_comp_width_inherit lhl_spacing_t_00 lhl_spacing_b_00 lhl_spacing_l_00 lhl_spacing_r_00 section-background-t' ><div class=\"\">\r\n    <div class=\"urbi-component-inner\">\r\n\r\n        <div style=\"--swiper-navigation-color: #fff; --swiper-pagination-color: #fff\" class=\"swiper swiper-69d058e8762c7mySwiper2 urbi-swiper-gallery-show\">\r\n            <div class=\"swiper-wrapper swiper-wrapper--main\">\r\n                                    \r\n                        <div class=\"swiper-slide\">\r\n                            <img loading=\"lazy\" decoding=\"async\" width=\"952\" height=\"510\" src=\"https:\/\/denverzoo.org\/wp-content\/uploads\/2025\/01\/February-FNC-Newsletter_Page_2_Image_0003-952x510.jpg\" class=\"urbi-img img-class\" alt=\"\" \/>                        <\/div>\r\n\r\n                    \r\n                        <div class=\"swiper-slide\">\r\n                            <img loading=\"lazy\" decoding=\"async\" width=\"952\" height=\"510\" src=\"https:\/\/denverzoo.org\/wp-content\/uploads\/2025\/08\/DZCA-Celebrate-Colorado-8-2-24-952x510.jpg\" class=\"urbi-img img-class\" alt=\"\" \/>                        <\/div>\r\n\r\n                    \r\n                        <div class=\"swiper-slide\">\r\n                            <img loading=\"lazy\" decoding=\"async\" width=\"651\" height=\"510\" src=\"https:\/\/denverzoo.org\/wp-content\/uploads\/2025\/01\/February-FNC-Newsletter_Page_1_Image_0003-651x510.jpg\" class=\"urbi-img img-class\" alt=\"\" \/>                        <\/div>\r\n\r\n                                                <\/div>\r\n\r\n        <\/div>\r\n\r\n                    <div class=\"lhl-slideshow-gallery__navholder\">\r\n                <div thumbsslider=\"\" class=\"swiper swiper-69d058e8762c7mySwiper urbi-swiper-gallery-thumb\">\r\n                    <div class=\"swiper-wrapper\">\r\n                                                    \r\n                                <div class=\"swiper-slide\">\r\n                                    <img loading=\"lazy\" decoding=\"async\" width=\"145\" height=\"132\" src=\"https:\/\/denverzoo.org\/wp-content\/uploads\/2025\/01\/February-FNC-Newsletter_Page_2_Image_0003-145x132.jpg\" class=\"urbi-img img-class\" alt=\"\" \/>                                <\/div>\r\n\r\n                            \r\n                                <div class=\"swiper-slide\">\r\n                                    <img loading=\"lazy\" decoding=\"async\" width=\"145\" height=\"132\" src=\"https:\/\/denverzoo.org\/wp-content\/uploads\/2025\/08\/DZCA-Celebrate-Colorado-8-2-24-145x132.jpg\" class=\"urbi-img img-class\" alt=\"\" \/>                                <\/div>\r\n\r\n                            \r\n                                <div class=\"swiper-slide\">\r\n                                    <img loading=\"lazy\" decoding=\"async\" width=\"145\" height=\"132\" src=\"https:\/\/denverzoo.org\/wp-content\/uploads\/2025\/01\/February-FNC-Newsletter_Page_1_Image_0003-145x132.jpg\" class=\"urbi-img img-class\" alt=\"\" srcset=\"https:\/\/denverzoo.org\/wp-content\/uploads\/2025\/01\/February-FNC-Newsletter_Page_1_Image_0003-145x132.jpg 145w, https:\/\/denverzoo.org\/wp-content\/uploads\/2025\/01\/February-FNC-Newsletter_Page_1_Image_0003-12x12.jpg 12w\" sizes=\"auto, (max-width: 145px) 100vw, 145px\" \/>                                <\/div>\r\n\r\n                                                    \r\n                    <\/div>\r\n\r\n                <\/div>\r\n                <div class=\"swiper-button-next\"><\/div>\r\n                <div class=\"swiper-button-prev\"><\/div>\r\n            <\/div>\r\n        \r\n    <\/div>\r\n<\/div>\r\n<\/div>\r\n\r\n    <script>\r\n        var swiper = new Swiper(\".swiper-69d058e8762c7mySwiper\", {\r\n            loop: true,\r\n            spaceBetween: 28,\r\n            slidesPerView: 5,\r\n            freeMode: true,\r\n            watchSlidesProgress: true,\r\n            breakpoints: {\r\n                \/\/ when window width is >= 320px\r\n                220: {\r\n                    slidesPerView: 2,\r\n                    spaceBetween: 20,\r\n                },\r\n                620: {\r\n                    slidesPerView: 3,\r\n                    spaceBetween: 20,\r\n                },\r\n                \/\/ when window width is >= 480px\r\n                800: {\r\n                    slidesPerView: 4,\r\n                    spaceBetween: 20,\r\n                },\r\n                \/\/ when window width is >= 900px\r\n                900: {\r\n                    slidesPerView: 5,\r\n                    spaceBetween: 28,\r\n                }\r\n            },\r\n        });\r\n        var swiper2 = new Swiper(\".swiper-69d058e8762c7mySwiper2\", {\r\n            loop: true,\r\n            spaceBetween: 10,\r\n            navigation: {\r\n                nextEl: \".swiper-button-next\",\r\n                prevEl: \".swiper-button-prev\",\r\n            },\r\n            thumbs: {\r\n                swiper: swiper,\r\n            },\r\n        });\r\n    <\/script>\r\n\n<\/div>\n\n<\/div>\n<\/div>\n\n\r\n\r\n\r\n<div  class='lhl-three-card-block urbi-component urbi-component front_view lhl_comp_width_inherit lhl_spacing_t_09 lhl_spacing_b_09 lhl_spacing_l_00 lhl_spacing_r_00 section-background-t urbi-component-bg--light-gray' ><div class=\"urbi-component-inner\">\r\n    <div class=\"uk-child-width-expand@s uk-grid-match\" uk-grid>\r\n\r\n                        <div class='three_by_one__item uk-width-1-1 uk-width-1-3@m'>\r\n                    <div class='three_by_one__item-inner'>\r\n\r\n                        \n<div class=\"urbi-card urbi-card--shadow-3 urbi-card--featured urbi-card--has_cta\">\n    <div class=\"uk-card-media-top urbi-card--img\">\n\n        \n    <\/div>\n    <div class=\"urbi-card--txt\">\n        <div class=\"urbi-card__date-meta\">\n                    <\/div>\n        <h3 class=\"urbi-card__title\">\n            Zoo to You        <\/h3>\n        <div class=\"urbi-card__description\">\n            Nuestros programas \u201cZoo to You\u201d brindan experiencias SALVAJES de aprendizaje en la escuela facilitadas por Educadores del Zool\u00f3gico de Denver.        <\/div>\n                    <a class=\"urbi-link urbi-card__cta lhl_button lhl_button_type_solid lhl_button_color_default lhl_button_width_default\" href=\"\/es\/animal-academy\/\" target=\"_self\" rel=\"noopener noreferrer\" title=\"Aprende m\u00e1s\" aria-label=\"Aprende m\u00e1s\" >Aprende m\u00e1s<\/a>            <\/div>\n<\/div>                    <\/div>\r\n                <\/div>\r\n                        <div class='three_by_one__item uk-width-1-1 uk-width-1-3@m'>\r\n                    <div class='three_by_one__item-inner'>\r\n\r\n                        \n<div class=\"urbi-card urbi-card--shadow-3 urbi-card--featured urbi-card--has_cta\">\n    <div class=\"uk-card-media-top urbi-card--img\">\n\n        \n    <\/div>\n    <div class=\"urbi-card--txt\">\n        <div class=\"urbi-card__date-meta\">\n                    <\/div>\n        <h3 class=\"urbi-card__title\">\n            Recursos        <\/h3>\n        <div class=\"urbi-card__description\">\n            \u00a1Actividades cient\u00edficas y preguntas frecuentes sobre carreras para fan\u00e1ticos curiosos de las criaturas! Aprenda con el Zool\u00f3gico de Denver desde cualquier lugar con recursos gratuitos a su alcance.        <\/div>\n                    <a class=\"urbi-link urbi-card__cta lhl_button lhl_button_type_solid lhl_button_color_default lhl_button_width_default\" href=\"\/es\/teacher-resources\/\" target=\"_self\" rel=\"noopener noreferrer\" title=\"Aprende m\u00e1s\" aria-label=\"Aprende m\u00e1s\" >Aprende m\u00e1s<\/a>            <\/div>\n<\/div>                    <\/div>\r\n                <\/div>\r\n                        <div class='three_by_one__item uk-width-1-1 uk-width-1-3@m'>\r\n                    <div class='three_by_one__item-inner'>\r\n\r\n                        \n<div class=\"urbi-card urbi-card--shadow-3 urbi-card--featured urbi-card--has_cta\">\n    <div class=\"uk-card-media-top urbi-card--img\">\n\n        \n    <\/div>\n    <div class=\"urbi-card--txt\">\n        <div class=\"urbi-card__date-meta\">\n                    <\/div>\n        <h3 class=\"urbi-card__title\">\n            Desarrollo docente        <\/h3>\n        <div class=\"urbi-card__description\">\n            \u00a1Reg\u00e1late la experiencia docente M\u00c1S SALVAJE y aut\u00e9ntica de Denver y sal con nuevas ideas y recursos para llevar a tu sal\u00f3n de clases!        <\/div>\n                    <a class=\"urbi-link urbi-card__cta lhl_button lhl_button_type_solid lhl_button_color_default lhl_button_width_default\" href=\"\/es\/camp-conservation\/\" target=\"_self\" rel=\"noopener noreferrer\" title=\"Aprende m\u00e1s\" aria-label=\"Aprende m\u00e1s\" >Aprende m\u00e1s<\/a>            <\/div>\n<\/div>                    <\/div>\r\n                <\/div>\r\n            <\/div>\r\n<\/div>\r\n<\/div>","protected":false},"excerpt":{"rendered":"","protected":false},"author":40,"featured_media":0,"parent":0,"menu_order":0,"comment_status":"closed","ping_status":"closed","template":"","meta":{"_acf_changed":false,"_relevanssi_hide_post":"","_relevanssi_hide_content":"","_relevanssi_pin_for_all":"","_relevanssi_pin_keywords":"","_relevanssi_unpin_keywords":"","_relevanssi_related_keywords":"","_relevanssi_related_include_ids":"","_relevanssi_related_exclude_ids":"","_relevanssi_related_no_append":"","_relevanssi_related_not_related":"","_relevanssi_related_posts":"538,33229,116,121,123,1202","_relevanssi_noindex_reason":"","footnotes":""},"class_list":["post-2351","page","type-page","status-publish","hentry"],"acf":[],"_links":{"self":[{"href":"https:\/\/denverzoo.org\/es\/wp-json\/wp\/v2\/pages\/2351","targetHints":{"allow":["GET"]}}],"collection":[{"href":"https:\/\/denverzoo.org\/es\/wp-json\/wp\/v2\/pages"}],"about":[{"href":"https:\/\/denverzoo.org\/es\/wp-json\/wp\/v2\/types\/page"}],"author":[{"embeddable":true,"href":"https:\/\/denverzoo.org\/es\/wp-json\/wp\/v2\/users\/40"}],"replies":[{"embeddable":true,"href":"https:\/\/denverzoo.org\/es\/wp-json\/wp\/v2\/comments?post=2351"}],"version-history":[{"count":1,"href":"https:\/\/denverzoo.org\/es\/wp-json\/wp\/v2\/pages\/2351\/revisions"}],"predecessor-version":[{"id":44572,"href":"https:\/\/denverzoo.org\/es\/wp-json\/wp\/v2\/pages\/2351\/revisions\/44572"}],"wp:attachment":[{"href":"https:\/\/denverzoo.org\/es\/wp-json\/wp\/v2\/media?parent=2351"}],"curies":[{"name":"gracias","href":"https:\/\/api.w.org\/{rel}","templated":true}]}}