{"id":2385,"date":"2018-09-10T19:34:40","date_gmt":"2018-09-10T19:34:40","guid":{"rendered":"https:\/\/denverzootemp.org\/animal-academy-2\/"},"modified":"2019-09-27T10:12:50","modified_gmt":"2019-09-27T16:12:50","slug":"ed-venture-treks","status":"publish","type":"page","link":"https:\/\/denverzoo.org\/es\/ed-venture-treks\/","title":{"rendered":"Caminatas ed-venture"},"content":{"rendered":"<h3>\n\t\tFECHAS Y HORARIOS<br \/>\n\t<\/h3>\n<ul>\n<li>Disponible de lunes a viernes, de septiembre a mayo<\/li>\n<li>El horario de inicio del programa es a las 10:00 a. M. Y a las 11:30 a. M.<\/li>\n<\/ul>\n<h3>\n\t\tCosto<br \/>\n\t<\/h3>\n<p><strong> Abril - mayo (pico):<\/strong> $8 por alumno<br \/>\n<strong>Septiembre \u2013 Marzo:<\/strong> $7 por alumno<\/p>\n<p>\t\t\t<a href=\"https:\/\/tickets.denverzoo.org\/selection.aspx?item=2563\" target=\"_self\" role=\"button\"><br \/>\n\t\t\t\t\t\t\tReg\u00edstrate ahora<br \/>\n\t\t\t\t\t<\/a><\/p>\n<h3>\n\t\tACCESO A LAS BECAS AWE<br \/>\n\t<\/h3>\n<p>Becas disponibles, aplicar <a href=\"https:\/\/tickets.denverzoo.org\/selection.aspx?item=2563\">durante el registro<\/a>. Puede encontrar m\u00e1s informaci\u00f3n sobre el acceso a las becas Awe aqu\u00ed.<\/p>\n<p>\t\t\t<a href=\"\/es\/access-to-awe\/\" target=\"_self\" role=\"button\"><br \/>\n\t\t\t\t\t\t\tAprende m\u00e1s<br \/>\n\t\t\t\t\t<\/a><\/p>\n<h1>\n\t\tInformaci\u00f3n del programa<br \/>\n\t<\/h1>\n<h2>\n\t\t3ro - 5to grados<br \/>\n\t<\/h2>\n<p>Los educadores del zool\u00f3gico gu\u00edan a los estudiantes en un recorrido por la exhibici\u00f3n, incorporando investigaciones pr\u00e1cticas, observaciones de animales de cerca y descubrimiento guiado que respalda el desarrollo de habilidades cient\u00edficas.<\/p>\n<h3>Animales alrededor del mundo<\/h3>\n<h4>3ro - 4to grado<\/h4>\n<p><strong>1 hora; 35 estudiantes m\u00e1ximo, 15 estudiantes m\u00ednimo<\/strong><br \/>\nViaja por Asia tropical mientras descubres c\u00f3mo los animales influyen en la cultura y contribuyen a la singularidad de una regi\u00f3n. <em>Apoya Estudios Sociales de Tercer Grado de CAS 2.2<\/em><\/p>\n<h3>Un viaje por los tr\u00f3picos<\/h3>\n<h4>4to - 5to grado<\/h4>\n<p><strong>1 hora; 35 estudiantes m\u00e1ximo, 15 estudiantes m\u00ednimo<\/strong><br \/>\nInvestigue en qu\u00e9 se parecen y se diferencian los ecosistemas tropicales asi\u00e1ticos de otros ecosistemas de todo el mundo, incluidos los de Colorado. <em>Apoya CAS Ciencias 2.1 y 2.3 de cuarto grado<\/em><\/p>\n<h3>INFORMACI\u00d3N ADICIONAL<\/h3>\n<h4>Pol\u00edtica y costo de los acompa\u00f1antes<\/h4>\n<p>Se requiere el cumplimiento de la pol\u00edtica de acompa\u00f1antes para seguir siendo elegible para las tarifas con descuento para grupos escolares.<\/p>\n<ul>\n<li>Cada grupo escolar que visite el Zool\u00f3gico de Denver debe tener al menos un adulto por cada diez estudiantes, independientemente de la edad de los estudiantes. A las escuelas que no traigan al menos un adulto por cada diez estudiantes se les cobrar\u00e1 el precio total de admisi\u00f3n.<\/li>\n<li>Tenga en cuenta que para Ed-Venture Treks, hay una proporci\u00f3n m\u00e1xima de un maestro \/ acompa\u00f1ante por cada diez estudiantes que pueden asistir al programa, para mantener el tama\u00f1o de los grupos manejable mientras recorremos. Pedimos a los adultos adicionales que disfruten del zool\u00f3gico por su cuenta y se re\u00fanan con el grupo despu\u00e9s del recorrido.<\/li>\n<li>Los proveedores con necesidades especiales son admitidos gratis. Los maestros y el personal de la escuela son admitidos sin cargo. <strong>Los dem\u00e1s acompa\u00f1antes pagan una tarifa de descuento de $5.00 cada uno.<\/strong><\/li>\n<li>Solo aceptamos UN pago para todo el grupo.<\/li>\n<li>Todos los acompa\u00f1antes deben ingresar al zool\u00f3gico al mismo tiempo que el grupo. Los que lleguen tarde deber\u00e1n pagar el precio total de la entrada o utilizar sus membres\u00edas al zool\u00f3gico.<\/li>\n<\/ul>\n<h3>Pol\u00edtica de reprogramaci\u00f3n y cancelaci\u00f3n<\/h3>\n<p>Cualquier programa educativo que deba cambiarse despu\u00e9s de haber sido programado est\u00e1 sujeto a las siguientes tarifas:<\/p>\n<p><strong>Tarifa de reprogramaci\u00f3n: <\/strong><\/p>\n<ul>\n<li>Menos de 14 d\u00edas h\u00e1biles a partir de la fecha programada del programa: tarifa de transferencia de $25.00 Y 50% del costo total del programa.<\/li>\n<li>M\u00e1s de 14 d\u00edas h\u00e1biles a partir de la fecha del programa programado: tarifa de transferencia $25.00.<\/li>\n<\/ul>\n<p><strong>Tarifa de cancelaci\u00f3n:<\/strong><\/p>\n<ul>\n<li>Menos de 14 d\u00edas h\u00e1biles a partir de la fecha programada del programa: 50% del costo total del programa.<\/li>\n<li>M\u00e1s de 14 d\u00edas h\u00e1biles a partir de la fecha programada del programa: sin cargo.<\/li>\n<\/ul>\n<p>Por favor contactar <a href=\"mailto:registration@denverzoo.org\">registration@denverzoo.org<\/a> para cancelar o reprogramar un programa al menos dos semanas antes de su visita programada. No podemos garantizar que la reprogramaci\u00f3n sea posible.<\/p>\n<h5>* Tenga en cuenta: el acceso a los fondos de becas Awe no se puede aplicar a tarifas de cancelaci\u00f3n o tarifas de transferencia.<\/h5>\n<p>\t[dz_slideshow]<\/p>","protected":false},"excerpt":{"rendered":"<p>FECHAS Y HORARIOS Disponible de lunes a viernes, de septiembre a mayo. Los horarios de inicio del programa son las 10:00 a. m. y las 11:30 a. m. Costo Abril \u2013 mayo (pico): $8 por estudiante Septiembre \u2013 marzo: $7 por estudiante reg\u00edstrese ahora ACCESO A BECAS AWE Becas disponibles, solicite durante el registro. Puede encontrar m\u00e1s informaci\u00f3n sobre las becas Access to Awe aqu\u00ed. Aprender [\u2026]<\/p>","protected":false},"author":40,"featured_media":0,"parent":0,"menu_order":0,"comment_status":"closed","ping_status":"closed","template":"","meta":{"_acf_changed":false,"_relevanssi_hide_post":"","_relevanssi_hide_content":"","_relevanssi_pin_for_all":"","_relevanssi_pin_keywords":"","_relevanssi_unpin_keywords":"","_relevanssi_related_keywords":"","_relevanssi_related_include_ids":"","_relevanssi_related_exclude_ids":"","_relevanssi_related_no_append":"","_relevanssi_related_not_related":"","_relevanssi_related_posts":"","_relevanssi_noindex_reason":"","footnotes":""},"class_list":["post-2385","page","type-page","status-publish","hentry"],"acf":[],"_links":{"self":[{"href":"https:\/\/denverzoo.org\/es\/wp-json\/wp\/v2\/pages\/2385","targetHints":{"allow":["GET"]}}],"collection":[{"href":"https:\/\/denverzoo.org\/es\/wp-json\/wp\/v2\/pages"}],"about":[{"href":"https:\/\/denverzoo.org\/es\/wp-json\/wp\/v2\/types\/page"}],"author":[{"embeddable":true,"href":"https:\/\/denverzoo.org\/es\/wp-json\/wp\/v2\/users\/40"}],"replies":[{"embeddable":true,"href":"https:\/\/denverzoo.org\/es\/wp-json\/wp\/v2\/comments?post=2385"}],"version-history":[{"count":0,"href":"https:\/\/denverzoo.org\/es\/wp-json\/wp\/v2\/pages\/2385\/revisions"}],"wp:attachment":[{"href":"https:\/\/denverzoo.org\/es\/wp-json\/wp\/v2\/media?parent=2385"}],"curies":[{"name":"gracias","href":"https:\/\/api.w.org\/{rel}","templated":true}]}}