{"id":23962,"date":"2021-08-12T10:46:17","date_gmt":"2021-08-12T16:46:17","guid":{"rendered":"https:\/\/denverzoo.org\/?page_id=23962"},"modified":"2021-08-20T11:03:01","modified_gmt":"2021-08-20T17:03:01","slug":"scfd-cultural-performances","status":"publish","type":"page","link":"https:\/\/denverzoo.org\/es\/scfd-cultural-performances\/","title":{"rendered":"Actuaciones culturales de SCFD"},"content":{"rendered":"<h2>Detalles<\/h2>\n<h3>FECHA<\/h3>\n14 de agosto, 15 de agosto, 20 de agosto, 26 de agosto\n<h3>HORA<\/h3>\n9:00 a. m. a 7:00 p. m. (var\u00eda seg\u00fan el evento)\n<h3>Siglos<\/h3>\nTodas las edades *Incluido en la entrada regular*\n<h1><\/h1>\nA lo largo de nuestra historia, hemos tenido la suerte de asociarnos con muchos de los artistas, individuos y organizaciones que hacen de Denver una de las ciudades m\u00e1s creativas y coloridas del pa\u00eds. Para celebrar nuestro 125.\u00b0 aniversario, hemos invitado a nuestros <a href=\"https:\/\/scfd.org\/\">Distrito de Instalaciones Cient\u00edficas y Culturales<\/a> (SCFD) compa\u00f1eros para colaborar para presentaciones en el sitio durante julio y agosto. Estas actuaciones brindar\u00e1n a las organizaciones de SCFD un lugar \u00fanico para ejercer sus respectivos oficios y conectarse con nuevas audiencias, y mejorar la experiencia de nuestros invitados y miembros. Las organizaciones SCFD participantes incluyen (en orden de aparici\u00f3n en el zool\u00f3gico):\n\n<strong>14 de agosto \u2013 Orquesta de C\u00e1mara de Augustana<\/strong>\n\n<strong>Localizaci\u00f3n:<\/strong> Wildlife Plaza\n\n<strong>Hora de actuaci\u00f3n:<\/strong> 10:00 h La Orquesta de C\u00e1mara Stratus presenta un concierto para toda la familia: \u201cSplash, Slither, Stomp &amp; Soar into Arts\u201d. Prep\u00e1rese para emprender un viaje mientras presenta a sus peque\u00f1os la m\u00fasica cl\u00e1sica en un ambiente divertido y acogedor. Escuchar\u00e1 m\u00fasica como Carnival of the Animals, Flight of the Bumblebee, la Sinfon\u00eda n.\u00ba 82 de Haydn \u201cThe Bear\u201d y otras, interpretadas por m\u00fasicos de Stratus.\n\n&nbsp;\n\n<strong>15 de agosto: Demostraci\u00f3n del Festival del Barco Drag\u00f3n<\/strong>\n\n<strong>Localizaci\u00f3n:<\/strong> El Toyota Elephant Passage Meadow Colorado Dragon Boat Festival estar\u00e1 presente para brindarles a los visitantes del zool\u00f3gico una experiencia interactiva con demostraciones de remo, presentaciones en vivo y m\u00e1s. Los visitantes tendr\u00e1n la oportunidad de probar un aparato de remo y familiarizarse con el antiguo deporte chino de las carreras de botes drag\u00f3n.\n\n<strong>20 de agosto \u2013 Ballet de Colorado<\/strong>\n\n<strong>Localizaci\u00f3n:<\/strong> Wildlife Plaza\n\n<strong>Hora de actuaci\u00f3n:<\/strong>&nbsp;De 18:00 a 19:00 horas, Colorado Ballet presenta una velada de danza din\u00e1mica que contar\u00e1 con dos obras contempor\u00e1neas originales coreografiadas por nuestros artistas. \u00danase a nosotros y experimente el trabajo reflexivo de Sean Omandam. <i>S\u00ed, se trata de eso.<\/i> y la alegre pieza de Sara Thomas <i>Ac\u00e9ptalo o b\u00f3rralo<\/i>, interpretada con apasionada precisi\u00f3n por artistas del Colorado Ballet.\n\n<strong>26 de agosto \u2013 Cleo Parker Robinson&nbsp;<\/strong>\n\n<strong>Localizaci\u00f3n:<\/strong> Wildlife Plaza\n\n<strong>Hora de actuaci\u00f3n:<\/strong> 5:30 \u2013 7 pm Los artistas de la internacionalmente famosa Cleo Parker Robinson Dance compartir\u00e1n \u201cYemanja\u201d de su variado repertorio basado en las tradiciones de la di\u00e1spora. \u00a1Esta exuberante actuaci\u00f3n celebra la alegr\u00eda que nuestra relaci\u00f3n con los oc\u00e9anos del mundo puede brindarnos a todos! [dz_other_events]","protected":false},"excerpt":{"rendered":"","protected":false},"author":57,"featured_media":23452,"parent":0,"menu_order":0,"comment_status":"closed","ping_status":"closed","template":"","meta":{"_acf_changed":false,"_relevanssi_hide_post":"","_relevanssi_hide_content":"","_relevanssi_pin_for_all":"","_relevanssi_pin_keywords":"","_relevanssi_unpin_keywords":"","_relevanssi_related_keywords":"","_relevanssi_related_include_ids":"","_relevanssi_related_exclude_ids":"","_relevanssi_related_no_append":"","_relevanssi_related_not_related":"","_relevanssi_related_posts":"","_relevanssi_noindex_reason":"","footnotes":""},"class_list":["post-23962","page","type-page","status-publish","has-post-thumbnail","hentry"],"acf":[],"_links":{"self":[{"href":"https:\/\/denverzoo.org\/es\/wp-json\/wp\/v2\/pages\/23962","targetHints":{"allow":["GET"]}}],"collection":[{"href":"https:\/\/denverzoo.org\/es\/wp-json\/wp\/v2\/pages"}],"about":[{"href":"https:\/\/denverzoo.org\/es\/wp-json\/wp\/v2\/types\/page"}],"author":[{"embeddable":true,"href":"https:\/\/denverzoo.org\/es\/wp-json\/wp\/v2\/users\/57"}],"replies":[{"embeddable":true,"href":"https:\/\/denverzoo.org\/es\/wp-json\/wp\/v2\/comments?post=23962"}],"version-history":[{"count":0,"href":"https:\/\/denverzoo.org\/es\/wp-json\/wp\/v2\/pages\/23962\/revisions"}],"wp:featuredmedia":[{"embeddable":true,"href":"https:\/\/denverzoo.org\/es\/wp-json\/wp\/v2\/media\/23452"}],"wp:attachment":[{"href":"https:\/\/denverzoo.org\/es\/wp-json\/wp\/v2\/media?parent=23962"}],"curies":[{"name":"gracias","href":"https:\/\/api.w.org\/{rel}","templated":true}]}}